{"id":16754,"date":"2025-12-12T11:11:51","date_gmt":"2025-12-12T10:11:51","guid":{"rendered":"https:\/\/poseidonrx.com\/boldenone-10ml-250mg-boldenone-undecynate-prime\/"},"modified":"2026-04-08T21:20:22","modified_gmt":"2026-04-08T19:20:22","slug":"boldenone-10ml-250mg-boldenone-undecynate-prime","status":"publish","type":"product","link":"https:\/\/poseidonrx.com\/cs\/boldenone-10ml-250mg-boldenone-undecynate-prime\/","title":{"rendered":"Boldenone 10ml\/250mg Boldenone Undecynate &#8211; Prime"},"content":{"rendered":"<p><b>Boldenon 10ml\/250mg \u2013 Prime<\/b><\/p>\n<h2>P\u0159ehled produktu<\/h2>\n<ul>\n<li><b>L\u00e9\u010div\u00e1 l\u00e1tka:<\/b> Boldenon-undecylen\u00e1t (250 mg na 10ml lahvi\u010dku)<\/li>\n<li><b>Forma:<\/b> Injek\u010dn\u00ed roztok, p\u0159ipraven\u00fd k pou\u017eit\u00ed se steriln\u00ed jehlou<\/li>\n<li><b>V\u00fdrobce:<\/b> Prime<\/li>\n<li><b>Indikace:<\/b> Veterin\u00e1rn\u00ed a schv\u00e1len\u00e9 terapeutick\u00e9 aplikace u lid\u00ed; \u0161iroce pou\u017e\u00edvan\u00e9 sportovci pro svalovou hypertrofii a zv\u00fd\u0161en\u00ed s\u00edly<\/li>\n<\/ul>\n<h2>Kl\u00ed\u010dov\u00e9 vlastnosti<\/h2>\n<ul>\n<li><b>Anabolick\u00e1 \u00fa\u010dinnost:<\/b> Vysok\u00e1 anabolick\u00e1 aktivita se st\u0159edn\u00edmi androgenn\u00edmi \u00fa\u010dinky<\/li>\n<li><b>\u017d\u00e1dn\u00e9 estrogenn\u00ed vedlej\u0161\u00ed \u00fa\u010dinky:<\/b> Neochucen\u00e1 struktura zabra\u0148uje p\u0159em\u011bn\u011b na estrogen<\/li>\n<li><b>Zv\u00fd\u0161en\u00ed tvorby \u010derven\u00fdch krvinek:<\/b> Zvy\u0161uje erytropo\u00e9zu a zlep\u0161uje dod\u00e1vku kysl\u00edku do tk\u00e1n\u00ed<\/li>\n<li><b>V\u00fdkon kloub\u016f:<\/b> Podporuje zdrav\u00ed kloub\u016f b\u011bhem intenzivn\u00edho tr\u00e9ninku<\/li>\n<li><b>V\u0161estrann\u00e9 d\u00e1vkov\u00e1n\u00ed:<\/b> Vhodn\u00e9 pro za\u010d\u00e1te\u010dn\u00edky i pokro\u010dil\u00e9 u\u017eivatele; vhodn\u00e9 i pro sportovkyn\u011b s ni\u017e\u0161\u00edmi d\u00e1vkami<\/li>\n<\/ul>\n<h2>Pokyny pro administraci<\/h2>\n<ul>\n<li>Aplikujte subkut\u00e1nn\u011b nebo intramuskul\u00e1rn\u011b pomoc\u00ed jehly o pr\u016fm\u011bru 25 G.<\/li>\n<li>Typick\u00e9 d\u00e1vkovac\u00ed sch\u00e9ma:<br \/>\n<table border=\"1\" cellpadding=\"4\">\n<tbody>\n<tr>\n<th>\u00darove\u0148 zku\u0161enost\u00ed<\/th>\n<th>T\u00fddenn\u00ed d\u00e1vka (mg)<\/th>\n<\/tr>\n<tr>\n<td>Za\u010d\u00e1te\u010dn\u00edci<\/td>\n<td>400\u2013500 mg<\/td>\n<\/tr>\n<tr>\n<td>Zku\u0161en\u00fd<\/td>\n<td>A\u017e 800 mg<\/td>\n<\/tr>\n<tr>\n<td>Sportovkyn\u011b<\/td>\n<td>Maxim\u00e1ln\u011b 100 mg<\/td>\n<\/tr>\n<\/tbody>\n<\/table>\n<\/li>\n<li>D\u00e9lka kurzu: 2\u20133 m\u011bs\u00edce, v z\u00e1vislosti na tr\u00e9ninkov\u00fdch c\u00edlech a individu\u00e1ln\u00ed reakci<\/li>\n<li>B\u011b\u017en\u011b se pou\u017e\u00edv\u00e1 v kombinaci s jin\u00fdmi AAS, jako je testosteron s dlouhodob\u00fdm \u00fa\u010dinkem, trenbolon, metandienon, oxymetholon nebo deka pro n\u00e1r\u016fst hmoty; alternativn\u011b se pou\u017e\u00edv\u00e1 v \u0159ezac\u00edch cyklech s l\u00e1tkami, jako je stanozolol nebo winstrol.<\/li>\n<\/ul>\n<h2>Terapie po cyklu (PCT)<\/h2>\n<ul>\n<li>Za\u010dn\u011bte s PCT 14\u201316 t\u00fddn\u016f po posledn\u00ed injekci, aby se obnovila p\u0159irozen\u00e1 hormon\u00e1ln\u00ed rovnov\u00e1ha.<\/li>\n<li>Mo\u017enosti zahrnuj\u00ed:<br \/>\n<table border=\"1\" cellpadding=\"4\">\n<tbody>\n<tr>\n<th>L\u00e9ky<\/th>\n<th>Doba trv\u00e1n\u00ed d\u00e1vkov\u00e1n\u00ed<\/th>\n<\/tr>\n<tr>\n<td>Tamoxifen (Nolvadex)<\/td>\n<td>2\u20133 t\u00fddny<\/td>\n<\/tr>\n<tr>\n<td>Clomid (klomifen)<\/td>\n<td>2\u20133 t\u00fddny<\/td>\n<\/tr>\n<\/tbody>\n<\/table>\n<\/li>\n<\/ul>\n<h2>Ne\u017e\u00e1douc\u00ed \u00fa\u010dinky a bezpe\u010dnostn\u00ed opat\u0159en\u00ed<\/h2>\n<ul>\n<li>Potenci\u00e1ln\u00ed androgenn\u00ed \u00fa\u010dinky: akn\u00e9, vypad\u00e1v\u00e1n\u00ed vlas\u016f, zv\u00fd\u0161en\u00fd r\u016fst ochlupen\u00ed<\/li>\n<li>Dopad na kardiovaskul\u00e1rn\u00ed syst\u00e9m: pravideln\u011b sledujte krevn\u00ed tlak a lipidov\u00fd profil<\/li>\n<li>Funkce jater: a\u010dkoli je m\u00e9n\u011b hepatotoxick\u00e1 ne\u017e mnoho peror\u00e1ln\u00edch steroid\u016f, doporu\u010duj\u00ed se rutinn\u00ed jatern\u00ed testy<\/li>\n<li>Emo\u010dn\u00ed zm\u011bny: mohou se objevit v\u00fdkyvy n\u00e1lad nebo podr\u00e1\u017ed\u011bnost; udr\u017eujte otev\u0159enou komunikaci se zdravotn\u00edkem<\/li>\n<li>Kontraindikace: t\u011bhotenstv\u00ed, kojen\u00ed, nekontrolovan\u00e1 hypertenze, ji\u017e existuj\u00edc\u00ed onemocn\u011bn\u00ed jater<\/li>\n<\/ul>\n<h2>Dostupnost<\/h2>\n<p>Produkt lze zakoupit prost\u0159ednictv\u00edm PoseidonRX, internetov\u00e9 l\u00e9k\u00e1rny, kter\u00e1 dod\u00e1v\u00e1 vysoce kvalitn\u00ed AAS od renomovan\u00fdch v\u00fdrobc\u016f.<\/p>\n","protected":false},"excerpt":{"rendered":"<p>Prime Boldenone 10ml\/250mg \u2013 Undecynate poskytuje silnou anabolickou s\u00edlu bez estrogenn\u00edch vedlej\u0161\u00edch \u00fa\u010dink\u016f. <b>Kl\u00ed\u010dov\u00e9 vlastnosti:<\/b><\/p>\n<ul>\n<li>Anabolick\u00e1 \u00fa\u010dinnost, m\u00edrn\u00fd androgenn\u00ed profil<\/li>\n<li>Veterin\u00e1rn\u00ed a hum\u00e1nn\u011b schv\u00e1len\u00e9 slo\u017een\u00ed<\/li>\n<li>Bez aromatizace, nulov\u00e9 zadr\u017eov\u00e1n\u00ed vody<\/li>\n<li>Vhodn\u00e9 pro v\u0161echny sportovce, v\u010detn\u011b \u017een<\/li>\n<\/ul>\n","protected":false},"author":18,"featured_media":14614,"comment_status":"open","ping_status":"closed","template":"","meta":{"_gspb_post_css":""},"store":[6108],"product_brand":[],"product_cat":[1750,1613,6164,5618,6594,1498,7431],"product_tag":[],"ppma_author":[259],"class_list":{"0":"post-16754","1":"product","2":"type-product","3":"status-publish","4":"has-post-thumbnail","6":"store-prime-cs","7":"product_cat-anabolic-steroids-cs","8":"product_cat-anabolic-androgenic-steroids-cs","9":"product_cat-boldenone-undecylenate-cs","10":"product_cat-boldenone-undecylenate-injection-cs","11":"product_cat-injectable-anabolics-cs","12":"product_cat-injectable-steroids-cs","13":"product_cat-muscle-growth-cs","14":"pa_active-ingredients-boldenone-undecylenate-cs","15":"pa_also-known-as-nandrolone-phenylpropionate-cs","16":"pa_also-known-as-oxymetholone-cs","17":"pa_also-known-as-stanozolol-cs","18":"pa_also-known-as-trenbolone-acetate-cs","19":"pa_also-known-as-turinabol-cs","20":"pa_also-known-as-winstrol-cs","22":"first","23":"instock","24":"purchasable","25":"product-type-simple"},"_links":{"self":[{"href":"https:\/\/poseidonrx.com\/cs\/wp-json\/wp\/v2\/product\/16754","targetHints":{"allow":["GET"]}}],"collection":[{"href":"https:\/\/poseidonrx.com\/cs\/wp-json\/wp\/v2\/product"}],"about":[{"href":"https:\/\/poseidonrx.com\/cs\/wp-json\/wp\/v2\/types\/product"}],"author":[{"embeddable":true,"href":"https:\/\/poseidonrx.com\/cs\/wp-json\/wp\/v2\/users\/18"}],"replies":[{"embeddable":true,"href":"https:\/\/poseidonrx.com\/cs\/wp-json\/wp\/v2\/comments?post=16754"}],"wp:featuredmedia":[{"embeddable":true,"href":"https:\/\/poseidonrx.com\/cs\/wp-json\/wp\/v2\/media\/14614"}],"wp:attachment":[{"href":"https:\/\/poseidonrx.com\/cs\/wp-json\/wp\/v2\/media?parent=16754"}],"wp:term":[{"taxonomy":"store","embeddable":true,"href":"https:\/\/poseidonrx.com\/cs\/wp-json\/wp\/v2\/store?post=16754"},{"taxonomy":"product_brand","embeddable":true,"href":"https:\/\/poseidonrx.com\/cs\/wp-json\/wp\/v2\/product_brand?post=16754"},{"taxonomy":"product_cat","embeddable":true,"href":"https:\/\/poseidonrx.com\/cs\/wp-json\/wp\/v2\/product_cat?post=16754"},{"taxonomy":"product_tag","embeddable":true,"href":"https:\/\/poseidonrx.com\/cs\/wp-json\/wp\/v2\/product_tag?post=16754"},{"taxonomy":"author","embeddable":true,"href":"https:\/\/poseidonrx.com\/cs\/wp-json\/wp\/v2\/ppma_author?post=16754"}],"curies":[{"name":"wp","href":"https:\/\/api.w.org\/{rel}","templated":true}]}}