{"id":18568,"date":"2025-12-12T05:08:37","date_gmt":"2025-12-12T10:08:37","guid":{"rendered":"https:\/\/poseidonrx.com\/4-fat-burn-magnus\/"},"modified":"2025-12-23T12:45:57","modified_gmt":"2025-12-23T17:45:57","slug":"4-fat-burn-magnus","status":"publish","type":"product","link":"https:\/\/poseidonrx.com\/es\/4-fat-burn-magnus\/","title":{"rendered":"\u21164 Fat Burn Course &#8211; Magnus"},"content":{"rendered":"<h2>El ciclo de quema de grasa Magnus n.\u00b0 4<\/h2>\n<p><b>Magnus \u21164 Fat Burn<\/b> es un paquete completo de 8 semanas dise\u00f1ado para esculpir un f\u00edsico definido y vascular, preservando la masa muscular. El programa equilibra potentes agentes anab\u00f3licos y termog\u00e9nicos con un apoyo estrat\u00e9gico post-ciclo.<\/p>\n<h3>Descripci\u00f3n general del ciclo<\/h3>\n<ul>\n<li><b>Objetivo:<\/b> Definici\u00f3n dif\u00edcil, de nivel competitivo: baja grasa corporal, alta vascularizaci\u00f3n, musculatura densa.<\/li>\n<li><b>Duraci\u00f3n:<\/b> 8 semanas (ampliable a 10 para usuarios avanzados).<\/li>\n<li><b>Estructura:<\/b> Niveles de dosis semanales que aumentan y luego disminuyen para minimizar los efectos secundarios.<\/li>\n<\/ul>\n<h3>Compuestos y dosis<\/h3>\n<table border=\"1\" cellpadding=\"5\">\n<tbody>\n<tr>\n<th>Compuesto<\/th>\n<th>Marca<\/th>\n<th>Dosificaci\u00f3n<\/th>\n<th>Frecuencia<\/th>\n<th>Objetivo<\/th>\n<\/tr>\n<tr>\n<td>Magnustropina (HGH)<\/td>\n<td>Magnus<\/td>\n<td>3\u20134 UI\/d\u00eda<\/td>\n<td>Diariamente (inyecci\u00f3n subcut\u00e1nea)<\/td>\n<td>Quema de grasa, tono muscular, recuperaci\u00f3n, elasticidad de la piel.<\/td>\n<\/tr>\n<tr>\n<td>Clenbuterol<\/td>\n<td>Magnus<\/td>\n<td>20\u2192120 mcg\/d\u00eda (pir\u00e1mide)<\/td>\n<td>Diariamente (oral)<\/td>\n<td>P\u00e9rdida de grasa termog\u00e9nica, aumento de energ\u00eda, aceleraci\u00f3n del metabolismo.<\/td>\n<\/tr>\n<tr>\n<td>Estanozolol (Winstrol)<\/td>\n<td>Magnus<\/td>\n<td>50 mg\/d\u00eda<\/td>\n<td>Diariamente (oral o inyectable)<\/td>\n<td>Dureza muscular, sequedad, vascularidad.<\/td>\n<\/tr>\n<tr>\n<td>Proviron (Mesterolona)<\/td>\n<td>Magnus<\/td>\n<td>50 mg\/d\u00eda<\/td>\n<td>Diariamente (oral)<\/td>\n<td>Mejora la densidad de andr\u00f3genos, la libido y es un leve antiestr\u00f3geno.<\/td>\n<\/tr>\n<tr>\n<td>Ostarina (MK\u20112866)<\/td>\n<td>Magnus<\/td>\n<td>25 mg\/d\u00eda<\/td>\n<td>Diariamente (oral)<\/td>\n<td>Preserva la masa muscular, apoya las articulaciones y facilita la recuperaci\u00f3n.<\/td>\n<\/tr>\n<\/tbody>\n<\/table>\n<h3>Ejemplo de horario semanal<\/h3>\n<ul>\n<li>Semanas 1-2: <b>Magnustropin 3 UI\/d\u00eda<\/b> , Clenbuterol 20\u219280 mcg\/d\u00eda, Winstrol 50 mg\/d\u00eda, Proviron 25 mg\/d\u00eda, Ostarine 25 mg\/d\u00eda.<\/li>\n<li>Semanas 3-4: <b>Magnustropin 3,5 UI\/d\u00eda<\/b> , Clenbuterol 40\u2192100 mcg\/d\u00eda, Winstrol 50 mg\/d\u00eda, Proviron 50 mg\/d\u00eda, Ostarine 25 mg\/d\u00eda.<\/li>\n<li>Semanas 5-6: <b>Magnustropin 4 UI\/d\u00eda<\/b> , Clenbuterol 60\u2192120 mcg\/d\u00eda, Winstrol 50 mg\/d\u00eda, Proviron 50 mg\/d\u00eda, Ostarine 20 mg\/d\u00eda.<\/li>\n<li>Semanas 7\u20138: <b>Magnustropin 4 UI\/d\u00eda<\/b> , reducci\u00f3n\/interrupci\u00f3n de clenbuterol, Winstrol 25 mg\/d\u00eda, Proviron 20 mg\/d\u00eda.<\/li>\n<\/ul>\n<h3>Consejos de administraci\u00f3n<\/h3>\n<ul>\n<li><b>Magnustropin:<\/b> Conservar a 2\u20138 \u00b0C. Inyectar por v\u00eda subcut\u00e1nea (abdomen, muslo, brazo), rotando las zonas de inyecci\u00f3n para evitar la lipodistrofia.<\/li>\n<li><b>Clenbuterol:<\/b> C\u00e1psula oral; utilizar en un esquema de 2 semanas de uso y 2 semanas de descanso o en forma piramidal para prevenir la desensibilizaci\u00f3n de los receptores.<\/li>\n<li><b>Winstrol y Proviron:<\/b> Comprimidos orales. Tomar con las comidas para reducir el malestar gastrointestinal.<\/li>\n<li><b>Ostarine:<\/b> C\u00e1psula oral; tomar una vez al d\u00eda.<\/li>\n<\/ul>\n<h3>Efectos secundarios y mitigaci\u00f3n<\/h3>\n<ul>\n<li><b>Clenbuterol:<\/b> Taquicardia, temblor, deshidrataci\u00f3n. <b>Mitigaci\u00f3n:<\/b> Electrolitos (potasio, taurina), hidrataci\u00f3n abundante (4-5 L\/d\u00eda).<\/li>\n<li><b>Winstrol:<\/b> Sequedad articular, tensi\u00f3n hep\u00e1tica. <b>Mitigaci\u00f3n:<\/b> Suplementos de col\u00e1geno o aceite de pescado; NAC 600 mg\/d\u00eda o TUDCA 250 mg\/d\u00eda para apoyo hep\u00e1tico.<\/li>\n<li><b>Proviron:<\/b> Cambios en el perfil lip\u00eddico si se usa durante m\u00e1s de 8 semanas. Monitorizar los l\u00edpidos regularmente.<\/li>\n<li><b>Magnustropina (HGH):<\/b> Retenci\u00f3n h\u00eddrica, intolerancia a la glucosa. <b>Mitigaci\u00f3n:<\/b> Mantener el d\u00e9ficit cal\u00f3rico, monitorizar la glucemia en ayunas y el perfil lip\u00eddico.<\/li>\n<li>General: Est\u00e9 atento a la presi\u00f3n arterial elevada o la frecuencia card\u00edaca; suspenda el tratamiento si los s\u00edntomas persisten.<\/li>\n<\/ul>\n<h3>Terapia post ciclo (PCT)<\/h3>\n<ul>\n<li><b>Clomid:<\/b> 25 mg\/d\u00eda, 3 semanas.<\/li>\n<li><b>Nolvadex:<\/b> 20 mg\/d\u00eda, 3 semanas (opcional).<\/li>\n<li><b>Potenciador natural de testosterona:<\/b> seg\u00fan las indicaciones durante 4 semanas.<\/li>\n<\/ul>\n<h3>Soporte y Monitoreo<\/h3>\n<ul>\n<li>Protecci\u00f3n del h\u00edgado: NAC o TUDCA.<\/li>\n<li>Electrolitos: Potasio, taurina.<\/li>\n<li>Cardio: 5\u20136 d\u00edas\/semana, combinaci\u00f3n de cardio en ayunas por la ma\u00f1ana + HIIT.<\/li>\n<li>Dieta: Alta en prote\u00ednas (2,5 g\/kg), carbohidratos moderados, baja en grasas; mantener el d\u00e9ficit cal\u00f3rico.<\/li>\n<li>Hidrataci\u00f3n: 4\u20135 L de agua al d\u00eda.<\/li>\n<\/ul>\n<h3>Resultados esperados<\/h3>\n<ul>\n<li>Reducci\u00f3n de grasa corporal del 4 al 6%.<\/li>\n<li>Definici\u00f3n muscular m\u00e1s n\u00edtida y densa.<\/li>\n<li>Aumento de la vascularidad y tono est\u00e9tico seco.<\/li>\n<li>Mejora la recuperaci\u00f3n, la energ\u00eda, la libido y el tensado de la piel.<\/li>\n<\/ul>\n<p>Comprar a trav\u00e9s de PoseidonRX garantiza que recibir\u00e1 un producto aprobado por Magnus, entregado con total cumplimiento de los est\u00e1ndares de calidad.<\/p>\n","protected":false},"excerpt":{"rendered":"<p>Consigue un f\u00edsico firme y vascular con el paquete Magnus \u21164 Fat Burn. Este programa de 8 semanas combina HGH, Clenbuterol, Winstrol, Proviron y Ostarina para una r\u00e1pida p\u00e9rdida de grasa, firmeza muscular, preservaci\u00f3n de masa magra y una mejor recuperaci\u00f3n.<\/p>\n<ul>\n<li><b>HGH + Clenbuterol:<\/b> Doble efecto quemagrasas y potenciador metab\u00f3lico<\/li>\n<li><b>Winstrol + Proviron:<\/b> Textura muscular ultraseca y dura<\/li>\n<li><b>Ostarine + HGH:<\/b> Preservaci\u00f3n de la masa magra y bienestar articular<\/li>\n<\/ul>\n","protected":false},"author":18,"featured_media":20164,"comment_status":"open","ping_status":"closed","template":"","meta":{"_gspb_post_css":""},"store":[5609],"product_brand":[],"product_cat":[6160,4407,7394,5997,4316,4333],"product_tag":[],"ppma_author":[259],"class_list":{"0":"post-18568","1":"product","2":"type-product","3":"status-publish","4":"has-post-thumbnail","6":"store-magnus-es","7":"product_cat-clenbuterol-es","8":"product_cat-course-es","9":"product_cat-fat-burn-course-es","10":"product_cat-ostarine-pills-es","11":"product_cat-proviron-pills-es","12":"product_cat-winstrol-pills-es","13":"pa_active-ingredients-clomiphene-citrate-es","14":"pa_active-ingredients-tamoxifen-citrate-es","15":"pa_active-ingredients-clenbuterol-es","16":"pa_active-ingredients-stanozolol-es","17":"pa_active-ingredients-human-growth-hormone-es","18":"pa_active-ingredients-mesterolone-proviron-es","19":"pa_active-ingredients-n-acetylcysteine-es","20":"pa_active-ingredients-ostarine-es","21":"pa_active-ingredients-potassium-es","22":"pa_active-ingredients-taurine-es","23":"pa_active-ingredients-tauroursodeoxycholic-acid-es","24":"pa_also-known-as-clomiphene-citrate-es","25":"pa_also-known-as-clenbol-es","26":"pa_also-known-as-stanozolol-es","27":"pa_also-known-as-genotropin-es","28":"pa_also-known-as-mesterolone-es","29":"pa_also-known-as-mk-2866-es","30":"pa_also-known-as-nacetylcysteine-es","31":"pa_also-known-as-norditropin-es","32":"pa_also-known-as-nutropin-es","33":"pa_also-known-as-omnitrope-es","34":"pa_also-known-as-tamoxifen-citrate-es","35":"pa_also-known-as-testogen-es","36":"pa_also-known-as-tudca-es","38":"first","39":"instock","40":"sale","41":"purchasable","42":"product-type-woosb"},"_links":{"self":[{"href":"https:\/\/poseidonrx.com\/es\/wp-json\/wp\/v2\/product\/18568","targetHints":{"allow":["GET"]}}],"collection":[{"href":"https:\/\/poseidonrx.com\/es\/wp-json\/wp\/v2\/product"}],"about":[{"href":"https:\/\/poseidonrx.com\/es\/wp-json\/wp\/v2\/types\/product"}],"author":[{"embeddable":true,"href":"https:\/\/poseidonrx.com\/es\/wp-json\/wp\/v2\/users\/18"}],"replies":[{"embeddable":true,"href":"https:\/\/poseidonrx.com\/es\/wp-json\/wp\/v2\/comments?post=18568"}],"wp:featuredmedia":[{"embeddable":true,"href":"https:\/\/poseidonrx.com\/es\/wp-json\/wp\/v2\/media\/20164"}],"wp:attachment":[{"href":"https:\/\/poseidonrx.com\/es\/wp-json\/wp\/v2\/media?parent=18568"}],"wp:term":[{"taxonomy":"store","embeddable":true,"href":"https:\/\/poseidonrx.com\/es\/wp-json\/wp\/v2\/store?post=18568"},{"taxonomy":"product_brand","embeddable":true,"href":"https:\/\/poseidonrx.com\/es\/wp-json\/wp\/v2\/product_brand?post=18568"},{"taxonomy":"product_cat","embeddable":true,"href":"https:\/\/poseidonrx.com\/es\/wp-json\/wp\/v2\/product_cat?post=18568"},{"taxonomy":"product_tag","embeddable":true,"href":"https:\/\/poseidonrx.com\/es\/wp-json\/wp\/v2\/product_tag?post=18568"},{"taxonomy":"author","embeddable":true,"href":"https:\/\/poseidonrx.com\/es\/wp-json\/wp\/v2\/ppma_author?post=18568"}],"curies":[{"name":"wp","href":"https:\/\/api.w.org\/{rel}","templated":true}]}}