{"id":16615,"date":"2025-12-12T11:11:51","date_gmt":"2025-12-12T10:11:51","guid":{"rendered":"https:\/\/poseidonrx.com\/3-trenbolone-200-10ml-200mg-tren-enanthate-acetate-hexahydroben-zylcarbonate-prime\/"},"modified":"2026-05-02T22:41:53","modified_gmt":"2026-05-02T20:41:53","slug":"3-trenbolone-200-10ml-200mg-tren-enanthate-acetate-hexahydroben-zylcarbonate-prime","status":"publish","type":"product","link":"https:\/\/poseidonrx.com\/es\/3-trenbolone-200-10ml-200mg-tren-enanthate-acetate-hexahydroben-zylcarbonate-prime\/","title":{"rendered":"3-Trenbolone 200 10ml\/200mg Tren \/Enanthate\/Acetate\/Hexahydroben Zylcarbonate &#8211; Prime"},"content":{"rendered":"<h2>Prime 3-Trenbolona 200 ml\/200 mg \u2013 Apoyo anab\u00f3lico avanzado<\/h2>\n<p><b>Marca:<\/b> Prime <br \/><b>Volumen\/Concentraci\u00f3n:<\/b> 10 ml (200 mg) por vial<\/p>\n<p>La mezcla Prime 3-Trenbolona ofrece una potente combinaci\u00f3n de enantato, acetato y \u00e9steres de hexahidrobencilcarbonato de trembolona. Este esteroide compuesto combina componentes de acci\u00f3n corta y prolongada para proporcionar un inicio r\u00e1pido de acci\u00f3n y mantener la actividad anab\u00f3lica durante un per\u00edodo prolongado.<\/p>\n<h3>Caracter\u00edsticas principales<\/h3>\n<ul>\n<li><b>Acci\u00f3n r\u00e1pida y duradera:<\/b> el perfil de \u00e9ster doble garantiza una estimulaci\u00f3n muscular inmediata con beneficios prolongados.<\/li>\n<li><b>Alta relaci\u00f3n anab\u00f3lico\/androg\u00e9nico:<\/b> 400 mg de potencia anab\u00f3lica y 200 mg de potencia androg\u00e9nica.<\/li>\n<li><b>Mejoras integrales del rendimiento:<\/b> aumento de la masa muscular, recuperaci\u00f3n m\u00e1s r\u00e1pida, estimulaci\u00f3n de IGF-1, apoyo hematopoy\u00e9tico, resistencia de las articulaciones y los ligamentos y efectos anticatab\u00f3licos.<\/li>\n<\/ul>\n<h3>Directrices de administraci\u00f3n<\/h3>\n<p>El r\u00e9gimen recomendado para usuarios experimentados es de 200 a 400 mg semanales, administrados en un m\u00e1ximo de dos inyecciones durante un per\u00edodo de 7 d\u00edas. Un ciclo t\u00edpico dura de 8 a 12 semanas. Tras completar el ciclo, se debe iniciar un protocolo de terapia post-ciclo (TPC) entre 14 y 16 d\u00edas despu\u00e9s de la \u00faltima inyecci\u00f3n y continuar durante 4 a 5 semanas.<\/p>\n<table border=\"1\" cellpadding=\"5\">\n<tbody>\n<tr>\n<th>Duraci\u00f3n del ciclo<\/th>\n<th>Dosis semanal<\/th>\n<\/tr>\n<tr>\n<td>8 semanas<\/td>\n<td>200\u2013300 mg<\/td>\n<\/tr>\n<tr>\n<td>10 semanas<\/td>\n<td>250\u2013350 mg<\/td>\n<\/tr>\n<tr>\n<td>12 semanas<\/td>\n<td>300\u2013400 mg<\/td>\n<\/tr>\n<\/tbody>\n<\/table>\n<h3>Combinaciones comunes y precauciones<\/h3>\n<ul>\n<li>Compatible con boldenona, \u00e9steres de testosterona de acci\u00f3n prolongada, oximetolona, \u200b\u200b\u200b\u200bmetandienona, \u200b\u200bsustanon.<\/li>\n<li>Evite el uso concomitante de Nandrolona debido a su actividad progest\u00e1gena.<\/li>\n<li>Para ciclos \u22656 semanas, considere gonadotropina y cabergolina para mitigar la supresi\u00f3n hormonal.<\/li>\n<\/ul>\n<h3>Efectos secundarios y manejo<\/h3>\n<p>Como todos los esteroides anab\u00f3licos, Prime 3-Trembolona puede producir efectos secundarios. El seguimiento y la atenci\u00f3n de apoyo son esenciales:<\/p>\n<ul>\n<li><b>Estr\u00e9s hep\u00e1tico:<\/b> use suplementos que favorezcan el h\u00edgado (por ejemplo, cardo mariano) y controle las enzimas hep\u00e1ticas.<\/li>\n<li><b>Esfuerzo cardiovascular:<\/b> mantener una dieta saludable, hacer ejercicio y realizar paneles lip\u00eddicos peri\u00f3dicos.<\/li>\n<li><b>Desequilibrio hormonal:<\/b> siga el protocolo PCT con citrato de clomifeno para restaurar la producci\u00f3n natural de testosterona.<\/li>\n<li><b>Efectos secundarios androg\u00e9nicos:<\/b> Puede aparecer acn\u00e9, p\u00e9rdida de cabello o engrosamiento de la voz; los tratamientos t\u00f3picos o la consulta m\u00e9dica pueden ayudar.<\/li>\n<\/ul>\n<h3>Informaci\u00f3n de compra<\/h3>\n<p>El producto Prime 3-Trenbolona est\u00e1 disponible con env\u00edo discreto a trav\u00e9s de PoseidonRX. La tienda ofrece opciones de pago seguras y entrega r\u00e1pida para garantizar que reciba su pedido a la brevedad.<\/p>\n","protected":false},"excerpt":{"rendered":"<p><b>Magnus 3\u2011Trenbolone 200 (10 ml\/200 mg)<\/b> : una mezcla multi\u00e9ster equilibrada para un inicio r\u00e1pido y una acci\u00f3n anab\u00f3lica sostenida.<\/p>\n<ul>\n<li><b>Aumento r\u00e1pido<\/b> del acetato y liberaci\u00f3n prolongada a trav\u00e9s del enantato y el parabolan.<\/li>\n<li><b>Ganancias de masa muscular magra<\/b> gracias a una mejor retenci\u00f3n de nitr\u00f3geno.<\/li>\n<li><b>P\u00e9rdida de grasa y definici\u00f3n<\/b> sin comprometer la fuerza.<\/li>\n<li><b>Resistencia mejorada<\/b> y recuperaci\u00f3n m\u00e1s r\u00e1pida.<\/li>\n<\/ul>\n","protected":false},"author":18,"featured_media":20676,"comment_status":"open","ping_status":"closed","template":"","meta":{"_gspb_post_css":""},"store":[6140],"product_brand":[],"product_cat":[4405,4600,4344,4366,7459],"product_tag":[],"ppma_author":[259],"class_list":{"0":"post-16615","1":"product","2":"type-product","3":"status-publish","4":"has-post-thumbnail","6":"store-prime-es","7":"product_cat-bulking-es","8":"product_cat-anabolic-steroids-es","9":"product_cat-injectable-steroids-es","10":"product_cat-tri-trenbolone-injection-es","11":"product_cat-muscle-growth-es","12":"pa_active-ingredients-trenbolone-acetate-es","13":"pa_active-ingredients-trenbolone-enanthate-es","14":"pa_active-ingredients-trenbolone-hexahydrobenzylcarbonate-es","15":"pa_also-known-as-parabolan-es","16":"pa_also-known-as-trenacet-es","17":"pa_also-known-as-trenen-es","19":"first","20":"instock","21":"purchasable","22":"product-type-simple"},"_links":{"self":[{"href":"https:\/\/poseidonrx.com\/es\/wp-json\/wp\/v2\/product\/16615","targetHints":{"allow":["GET"]}}],"collection":[{"href":"https:\/\/poseidonrx.com\/es\/wp-json\/wp\/v2\/product"}],"about":[{"href":"https:\/\/poseidonrx.com\/es\/wp-json\/wp\/v2\/types\/product"}],"author":[{"embeddable":true,"href":"https:\/\/poseidonrx.com\/es\/wp-json\/wp\/v2\/users\/18"}],"replies":[{"embeddable":true,"href":"https:\/\/poseidonrx.com\/es\/wp-json\/wp\/v2\/comments?post=16615"}],"wp:featuredmedia":[{"embeddable":true,"href":"https:\/\/poseidonrx.com\/es\/wp-json\/wp\/v2\/media\/20676"}],"wp:attachment":[{"href":"https:\/\/poseidonrx.com\/es\/wp-json\/wp\/v2\/media?parent=16615"}],"wp:term":[{"taxonomy":"store","embeddable":true,"href":"https:\/\/poseidonrx.com\/es\/wp-json\/wp\/v2\/store?post=16615"},{"taxonomy":"product_brand","embeddable":true,"href":"https:\/\/poseidonrx.com\/es\/wp-json\/wp\/v2\/product_brand?post=16615"},{"taxonomy":"product_cat","embeddable":true,"href":"https:\/\/poseidonrx.com\/es\/wp-json\/wp\/v2\/product_cat?post=16615"},{"taxonomy":"product_tag","embeddable":true,"href":"https:\/\/poseidonrx.com\/es\/wp-json\/wp\/v2\/product_tag?post=16615"},{"taxonomy":"author","embeddable":true,"href":"https:\/\/poseidonrx.com\/es\/wp-json\/wp\/v2\/ppma_author?post=16615"}],"curies":[{"name":"wp","href":"https:\/\/api.w.org\/{rel}","templated":true}]}}