{"id":12392,"date":"2024-11-07T13:30:15","date_gmt":"2024-11-07T18:30:15","guid":{"rendered":"https:\/\/poseidonrx.com\/terms-of-use\/"},"modified":"2025-01-20T15:27:27","modified_gmt":"2025-01-20T20:27:27","slug":"terms-of-use","status":"publish","type":"page","link":"https:\/\/poseidonrx.com\/es\/terms-of-use\/","title":{"rendered":"Condiciones de uso"},"content":{"rendered":"<h2 class=\"wp-block-heading\" id=\"acceptance-of-terms\"><font style=\"vertical-align: inherit;\"><font style=\"vertical-align: inherit;\">Aceptaci\u00f3n de los t\u00e9rminos<\/font><\/font><\/h2>\n<p><font style=\"vertical-align: inherit;\"><font style=\"vertical-align: inherit;\">Al comprar productos de PoseidonRX, usted reconoce y acepta nuestros T\u00e9rminos y condiciones. No confirme su pedido si no est\u00e1 de acuerdo con estos t\u00e9rminos. Los pedidos se procesan y env\u00edan solo despu\u00e9s de la confirmaci\u00f3n del comprador seg\u00fan estos T\u00e9rminos y condiciones. Realizar un pedido en nuestro sitio constituye un acuerdo de cumplir con todas las normas de la empresa.<\/font><\/font><\/p>\n<h2 class=\"wp-block-heading\" id=\"affiliate-disclaimer\"><font style=\"vertical-align: inherit;\"><font style=\"vertical-align: inherit;\">Aviso legal de afiliados<\/font><\/font><\/h2>\n<p><font style=\"vertical-align: inherit;\"><font style=\"vertical-align: inherit;\">PoseidonRX opera como un sitio afiliado y no vende ni distribuye medicamentos directamente. Todas las compras realizadas a trav\u00e9s del carrito de compras de este sitio son procesadas por proveedores externos, quienes son los \u00fanicos responsables de la venta, el env\u00edo y la entrega de los productos. PoseidonRX obtiene una comisi\u00f3n por las compras que califican, pero no participa en la venta directa ni en la manipulaci\u00f3n de ning\u00fan producto.<\/font><\/font><\/p>\n<h2 class=\"wp-block-heading\" id=\"disclaimer\"><font style=\"vertical-align: inherit;\"><font style=\"vertical-align: inherit;\">Descargo de responsabilidad<\/font><\/font><\/h2>\n<p><font style=\"vertical-align: inherit;\"><font style=\"vertical-align: inherit;\">PoseidonRX no asume ninguna responsabilidad por el uso indebido de los productos vendidos. La informaci\u00f3n de este sitio y de las p\u00e1ginas vinculadas es solo para fines informativos generales y no tiene como objetivo promover ni respaldar el uso de ning\u00fan medicamento o sustancia para fines no aprobados por los proveedores de atenci\u00f3n m\u00e9dica. Al ver nuestra informaci\u00f3n o comprar productos, usted acepta eximir de responsabilidad a PoseidonRX, sus ejecutivos, directores y cesionarios de cualquier da\u00f1o, previsto o imprevisto.<\/font><\/font><\/p>\n<p><font style=\"vertical-align: inherit;\"><font style=\"vertical-align: inherit;\">PoseidonRX no promueve ni avala el uso indebido de ning\u00fan producto. La informaci\u00f3n proporcionada no tiene como objetivo fomentar el uso de esteroides anab\u00f3licos, otros medicamentos o sustancias controladas. No nos hacemos responsables de las acciones que tomen nuestros clientes ni del uso indebido de nuestro contenido. Siempre consulte a un profesional m\u00e9dico antes de considerar el uso de sustancias controladas, ya que el uso indebido puede provocar problemas de salud graves y duraderos.<\/font><\/font><\/p>\n<h2 class=\"wp-block-heading\" id=\"no-direct-sale-of-controlled-substances\"><strong><font style=\"vertical-align: inherit;\"><font style=\"vertical-align: inherit;\">No se permite la venta directa de sustancias controladas<\/font><\/font><\/strong><\/h2>\n<p><font style=\"vertical-align: inherit;\"><font style=\"vertical-align: inherit;\">No vendemos sustancias controladas directamente desde nuestro sitio web. Cualquier referencia a dichos productos es solo para fines informativos. Es responsabilidad exclusiva del usuario asegurarse de cumplir con todas las leyes locales, nacionales e internacionales con respecto a la compra y el uso de cualquier producto farmac\u00e9utico.<\/font><\/font><\/p>\n<h2 class=\"wp-block-heading\" id=\"product-guarantee\"><font style=\"vertical-align: inherit;\"><font style=\"vertical-align: inherit;\">Garant\u00eda del producto<\/font><\/font><\/h2>\n<p><font style=\"vertical-align: inherit;\"><font style=\"vertical-align: inherit;\">Todos los productos vienen con fechas de vencimiento impresas. Si recibe productos con fechas de vencimiento, comun\u00edquese con nosotros de inmediato y no utilice los art\u00edculos. Salvo que lo exija la ley, PoseidonRX no ofrece garant\u00edas, expresas o impl\u00edcitas, con respecto a la calidad o la idoneidad de los productos para un prop\u00f3sito en particular.<\/font><\/font><\/p>\n<h2 class=\"wp-block-heading\" id=\"terms-of-purchase\"><font style=\"vertical-align: inherit;\"><font style=\"vertical-align: inherit;\">Condiciones de compra<\/font><\/font><\/h2>\n<p><font style=\"vertical-align: inherit;\"><font style=\"vertical-align: inherit;\">Debes tener al menos 21 a\u00f1os de edad para realizar pedidos en PoseidonRX. Es responsabilidad del comprador comprender y cumplir con los requisitos de importaci\u00f3n de su propio pa\u00eds. Todos los productos se env\u00edan:<\/font><\/font><\/p>\n<p><font style=\"vertical-align: inherit;\"><font style=\"vertical-align: inherit;\">A riesgo total del comprador. En el entendido de que el comprador ser\u00e1 el \u00fanico responsable de cualquier consecuencia legal si el pedido no cumple con las regulaciones de importaci\u00f3n locales. Las variaciones de moneda internacional y los cambios en los costos de cumplimiento pueden afectar los precios sin previo aviso. La disponibilidad del producto puede cambiar en cualquier momento. Los pedidos son definitivos una vez que se procesa el pago. Al realizar la compra, recibir\u00e1 un correo electr\u00f3nico de confirmaci\u00f3n del pedido con detalles e informaci\u00f3n de seguimiento.<\/font><\/font><\/p>\n<h2 class=\"wp-block-heading\" id=\"delivery-of-products\"><font style=\"vertical-align: inherit;\"><font style=\"vertical-align: inherit;\">Entrega de productos<\/font><\/font><\/h2>\n<p><font style=\"vertical-align: inherit;\"><font style=\"vertical-align: inherit;\">Utilizamos m\u00e9todos de env\u00edo seguros para garantizar una entrega discreta. Los pedidos se enviar\u00e1n a la direcci\u00f3n de env\u00edo proporcionada al finalizar la compra, con los siguientes plazos de entrega estimados:<\/font><\/font><\/p>\n<p><font style=\"vertical-align: inherit;\"><font style=\"vertical-align: inherit;\">Correo a\u00e9reo regular: 10-13 d\u00edas dentro de los EE. UU., 9-12 d\u00edas en Europa. Env\u00edos expr\u00e9s: 1-3 d\u00edas h\u00e1biles. Entrega a Alemania, Canad\u00e1 y Australia por correo certificado: 12-15 d\u00edas h\u00e1biles. Los tiempos de entrega pueden variar debido a d\u00edas festivos o problemas postales imprevistos. Las fechas de entrega son estimadas y no est\u00e1n garantizadas. Una vez que se haya recibido y verificado su paquete, PoseidonRX ya no se hace responsable de los productos perdidos o da\u00f1ados. Hemos mantenido una alta tasa de \u00e9xito para las entregas internacionales; sin embargo, los pedidos que no se reciben debido a informaci\u00f3n de env\u00edo incorrecta o falta de disponibilidad del destinatario no se pueden volver a enviar. Solo los art\u00edculos confiscados por la aduana o da\u00f1ados durante la entrega son elegibles para el reenv\u00edo.<\/font><\/font><\/p>\n<h2 class=\"wp-block-heading\" id=\"liability\"><font style=\"vertical-align: inherit;\"><font style=\"vertical-align: inherit;\">Responsabilidad<\/font><\/font><\/h2>\n<p><font style=\"vertical-align: inherit;\"><font style=\"vertical-align: inherit;\">PoseidonRX no se hace responsable de p\u00e9rdidas debido a informaci\u00f3n de env\u00edo incorrecta o entregas fallidas. Debido a los m\u00e9todos de env\u00edo discretos utilizados, los env\u00edos no se pueden devolver.<\/font><\/font><\/p>\n","protected":false},"excerpt":{"rendered":"<p>Aceptaci\u00f3n de los t\u00e9rminos Al comprar productos de PoseidonRX, usted reconoce y acepta nuestros T\u00e9rminos y condiciones. No confirme su pedido si no est\u00e1 de acuerdo con estos t\u00e9rminos. Los pedidos se procesan y env\u00edan solo despu\u00e9s de la confirmaci\u00f3n del comprador seg\u00fan estos T\u00e9rminos y condiciones. Realizar un pedido en nuestro sitio constituye un [&hellip;]<\/p>\n","protected":false},"author":18,"featured_media":0,"parent":0,"menu_order":0,"comment_status":"closed","ping_status":"closed","template":"","meta":{"_gspb_post_css":"","footnotes":""},"class_list":["post-12392","page","type-page","status-publish","hentry"],"_links":{"self":[{"href":"https:\/\/poseidonrx.com\/es\/wp-json\/wp\/v2\/pages\/12392","targetHints":{"allow":["GET"]}}],"collection":[{"href":"https:\/\/poseidonrx.com\/es\/wp-json\/wp\/v2\/pages"}],"about":[{"href":"https:\/\/poseidonrx.com\/es\/wp-json\/wp\/v2\/types\/page"}],"author":[{"embeddable":true,"href":"https:\/\/poseidonrx.com\/es\/wp-json\/wp\/v2\/users\/18"}],"replies":[{"embeddable":true,"href":"https:\/\/poseidonrx.com\/es\/wp-json\/wp\/v2\/comments?post=12392"}],"version-history":[{"count":0,"href":"https:\/\/poseidonrx.com\/es\/wp-json\/wp\/v2\/pages\/12392\/revisions"}],"wp:attachment":[{"href":"https:\/\/poseidonrx.com\/es\/wp-json\/wp\/v2\/media?parent=12392"}],"curies":[{"name":"wp","href":"https:\/\/api.w.org\/{rel}","templated":true}]}}