{"id":12390,"date":"2024-11-07T13:12:08","date_gmt":"2024-11-07T12:12:08","guid":{"rendered":"https:\/\/poseidonrx.com\/faq\/"},"modified":"2026-02-02T10:56:46","modified_gmt":"2026-02-02T09:56:46","slug":"faq","status":"publish","type":"page","link":"https:\/\/poseidonrx.com\/es\/faq\/","title":{"rendered":"Preguntas frecuentes (FAQ)"},"content":{"rendered":"<h2 class=\"wp-block-heading\" id=\"where-do-you-ship-from\"><span style=\"vertical-align: inherit;\"><span style=\"vertical-align: inherit;\">\u00bfDesde donde realizan env\u00edos?<\/span><\/span><\/h2><p><span style=\"vertical-align: inherit;\"><span style=\"vertical-align: inherit;\">Organizamos env\u00edos desde la Uni\u00f3n Europea y el nombre de nuestra organizaci\u00f3n nunca se indica en ning\u00fan paquete. Para garantizar la m\u00e1xima discreci\u00f3n y la mayor probabilidad de entrega exitosa, los env\u00edos se realizan desde varias ubicaciones en toda la UE.<\/span><\/span><\/p><h2 class=\"wp-block-heading\" id=\"shipping\"><span style=\"vertical-align: inherit;\"><span style=\"vertical-align: inherit;\">\u00bfHacen env\u00edos internacionales?<\/span><\/span><\/h2><p><span style=\"vertical-align: inherit;\"><span style=\"vertical-align: inherit;\">No, PoseidonRX realiza env\u00edos dentro de la UE y los pa\u00edses b\u00e1lticos.<\/span><\/span><\/p><h2 class=\"wp-block-heading\" id=\"how-long-will-it-take-to-get-my-package\"><span style=\"vertical-align: inherit;\"><span style=\"vertical-align: inherit;\">\u00bfCu\u00e1nto tiempo tardar\u00e9 en llegar mi paquete?<\/span><\/span><\/h2><p><span style=\"vertical-align: inherit;\"><span style=\"vertical-align: inherit;\">Una vez que hayas realizado tu pedido, recibir\u00e1s un correo electr\u00f3nico de confirmaci\u00f3n con la lista de los art\u00edculos que has comprado. Una vez recibido el pago, procesamos y enviamos los pedidos en un plazo de 2 a 5 d\u00edas h\u00e1biles. Los tiempos de entrega var\u00edan seg\u00fan el m\u00e9todo de env\u00edo, la eficiencia del servicio postal, las aduanas y otros factores, por lo que solo podemos proporcionar estimaciones:<\/span><\/span><\/p><ul class=\"wp-block-list\"><li>Env\u00edo dentro de Europa: aproximadamente de 7 a 10 d\u00edas laborables. (Enviamos dentro de la UE, sin impuestos adicionales).<\/li><\/ul><h2 class=\"wp-block-heading\" id=\"what-is-the-shipping-rate\"><span style=\"vertical-align: inherit;\"><span style=\"vertical-align: inherit;\">\u00bfCual es la tarifa de envio?<\/span><\/span><\/h2><p><span style=\"vertical-align: inherit;\"><span style=\"vertical-align: inherit;\">Ofrecemos una tarifa de env\u00edo fija de <\/span><\/span><strong><span style=\"vertical-align: inherit;\"><span style=\"vertical-align: inherit;\">20 EUR<\/span><\/span><\/strong><span style=\"vertical-align: inherit;\"><span style=\"vertical-align: inherit;\"> para todos los pedidos.<\/span><\/span><\/p><h2 class=\"wp-block-heading\" id=\"how-can-i-track-my-order\"><span style=\"vertical-align: inherit;\"><span style=\"vertical-align: inherit;\">\u00bfC\u00f3mo puedo rastrear mi pedido?<\/span><\/span><\/h2><p><span style=\"vertical-align: inherit;\"><span style=\"vertical-align: inherit;\">Una vez que se env\u00ede su pedido, recibir\u00e1 un n\u00famero de seguimiento por correo electr\u00f3nico. Utilice este n\u00famero de seguimiento en el sitio web del servicio postal correspondiente para controlar el progreso de su paquete. Tenga en cuenta que la informaci\u00f3n de seguimiento puede tardar algunos d\u00edas en actualizarse.<\/span><\/span><\/p><h2 class=\"wp-block-heading\" id=\"are-my-orders-packaged-discreetly\"><strong><span style=\"vertical-align: inherit;\"><span style=\"vertical-align: inherit;\">\u00bfMis pedidos se empaquetan discretamente?<\/span><\/span><\/strong><\/h2><p><span style=\"vertical-align: inherit;\"><span style=\"vertical-align: inherit;\">S\u00ed, priorizamos la privacidad y la seguridad. Nuestros paquetes son sencillos, sin marcas de la empresa ni etiquetas relacionadas con el contenido del producto. Su pedido llegar\u00e1 en un embalaje gen\u00e9rico para garantizar una total discreci\u00f3n.<\/span><\/span><\/p><h2 class=\"wp-block-heading\" id=\"payment\"><strong><span style=\"vertical-align: inherit;\"><span style=\"vertical-align: inherit;\">\u00bfQu\u00e9 m\u00e9todos de pago aceptan?<\/span><\/span><\/strong><\/h2><p><span style=\"vertical-align: inherit;\"><span style=\"vertical-align: inherit;\">Aceptamos m\u00e9todos de pago seguros, como Visa y Mastercard. Escr\u00edbenos si quieres pagar con criptomonedas.<\/span><\/span><\/p><h2 class=\"wp-block-heading\" id=\"do-you-offer-refunds-or-exchanges\"><strong><span style=\"vertical-align: inherit;\"><span style=\"vertical-align: inherit;\">\u00bfOfrecen reembolsos o cambios?<\/span><\/span><\/strong><\/h2><p><span style=\"vertical-align: inherit;\"><span style=\"vertical-align: inherit;\">Debido a la naturaleza de nuestros productos, todas las ventas son definitivas. Sin embargo, si tiene alg\u00fan problema con su pedido (por ejemplo, si faltan art\u00edculos o el producto es incorrecto), comun\u00edquese con nuestro equipo de soporte dentro de las 48 horas posteriores a la recepci\u00f3n de su paquete y trabajaremos para resolver el problema.<\/span><\/span><\/p><h2 class=\"wp-block-heading\" id=\"will-i-need-to-sign-for-my-package\"><strong><span style=\"vertical-align: inherit;\"><span style=\"vertical-align: inherit;\">\u00bfTendr\u00e9 que firmar para recibir mi paquete?<\/span><\/span><\/strong><\/h2><p><span style=\"vertical-align: inherit;\"><span style=\"vertical-align: inherit;\">En la mayor\u00eda de los casos, los paquetes no requieren una firma al momento de la entrega. Sin embargo, esto puede variar seg\u00fan el pa\u00eds y los requisitos del servicio postal local. Para mayor seguridad, recomendamos estar presente en el lugar de entrega cuando se espere el paquete.<\/span><\/span><\/p><h2 class=\"wp-block-heading\" id=\"do-you-guarantee-delivery\"><span style=\"vertical-align: inherit;\"><span style=\"vertical-align: inherit;\">\u00bfGarantizan la entrega?<\/span><\/span><\/h2><p><span style=\"vertical-align: inherit;\"><span style=\"vertical-align: inherit;\">Nos esforzamos por garantizar entregas exitosas en todo el mundo y empaquetamos cada pedido para evitar problemas aduaneros. Si bien no podemos controlar todos los aspectos del proceso de env\u00edo, tenemos una alta tasa de \u00e9xito. Si un paquete no llega, comun\u00edquese con nuestro equipo de soporte y trabajaremos con usted para resolver el problema.<\/span><\/span><\/p><h2 class=\"wp-block-heading\" id=\"what-is-the-likelihood-that-my-package-will-be-seized-by-customs\"><strong><span style=\"vertical-align: inherit;\"><span style=\"vertical-align: inherit;\">\u00bfCu\u00e1l es la probabilidad de que mi paquete sea confiscado por la aduana?<\/span><\/span><\/strong><\/h2><p><span style=\"vertical-align: inherit;\"><span style=\"vertical-align: inherit;\">\u00a1Es muy poco com\u00fan! En los pedidos enviados a la UE, mantenemos una tasa de \u00e9xito del 99,9 % en la entrega de productos a nuestros clientes. Sin embargo, en el improbable caso de una incautaci\u00f3n, ofrecemos una pol\u00edtica de reemplazo gratuita. Le reenviaremos su pedido sin coste adicional o le abonaremos el importe para una futura compra en nuestro sitio web. Simplemente env\u00edenos por correo electr\u00f3nico la notificaci\u00f3n oficial de incautaci\u00f3n de la oficina de correos o la aduana y gestionaremos un reemplazo en un plazo de 3 d\u00edas laborables.<\/span><\/span><\/p><h2 class=\"wp-block-heading\" id=\"how-do-i-contact-poseidonrx-customer-support\"><span style=\"vertical-align: inherit;\"><span style=\"vertical-align: inherit;\">\u00bfC\u00f3mo puedo comunicarme con el servicio de atenci\u00f3n al cliente de PoseidonRX?<\/span><\/span><\/h2><p><span style=\"vertical-align: inherit;\"><span style=\"vertical-align: inherit;\">Si tiene alguna otra pregunta o inquietud, no dude en comunicarse con nuestro equipo de soporte a trav\u00e9s de nuestra&nbsp; p\u00e1gina <\/span><\/span><span style=\"vertical-align: inherit;\"><span style=\"vertical-align: inherit;\">Cont\u00e1ctenos<\/span><\/span><span style=\"vertical-align: inherit;\"><span style=\"vertical-align: inherit;\"> o mediante el chat en vivo. Estamos aqu\u00ed para ayudarlo con cualquier consulta que pueda tener sobre su pedido o nuestros productos.<\/span><\/span><\/p>","protected":false},"excerpt":{"rendered":"<p>\u00bfDesde donde realizan env\u00edos? Organizamos env\u00edos desde la Uni\u00f3n Europea y el nombre de nuestra organizaci\u00f3n nunca se indica en ning\u00fan paquete. Para garantizar la m\u00e1xima discreci\u00f3n y la mayor probabilidad de entrega exitosa, los env\u00edos se realizan desde varias ubicaciones en toda la UE. \u00bfHacen env\u00edos internacionales? No, PoseidonRX realiza env\u00edos dentro de la [&hellip;]<\/p>\n","protected":false},"author":18,"featured_media":0,"parent":0,"menu_order":0,"comment_status":"closed","ping_status":"closed","template":"","meta":{"_gspb_post_css":"","footnotes":""},"class_list":["post-12390","page","type-page","status-publish","hentry"],"_links":{"self":[{"href":"https:\/\/poseidonrx.com\/es\/wp-json\/wp\/v2\/pages\/12390","targetHints":{"allow":["GET"]}}],"collection":[{"href":"https:\/\/poseidonrx.com\/es\/wp-json\/wp\/v2\/pages"}],"about":[{"href":"https:\/\/poseidonrx.com\/es\/wp-json\/wp\/v2\/types\/page"}],"author":[{"embeddable":true,"href":"https:\/\/poseidonrx.com\/es\/wp-json\/wp\/v2\/users\/18"}],"replies":[{"embeddable":true,"href":"https:\/\/poseidonrx.com\/es\/wp-json\/wp\/v2\/comments?post=12390"}],"version-history":[{"count":0,"href":"https:\/\/poseidonrx.com\/es\/wp-json\/wp\/v2\/pages\/12390\/revisions"}],"wp:attachment":[{"href":"https:\/\/poseidonrx.com\/es\/wp-json\/wp\/v2\/media?parent=12390"}],"curies":[{"name":"wp","href":"https:\/\/api.w.org\/{rel}","templated":true}]}}