{"id":12387,"date":"2022-10-10T14:50:17","date_gmt":"2022-10-10T18:50:17","guid":{"rendered":"https:\/\/poseidonrx.com\/contact-us\/"},"modified":"2025-01-20T15:23:29","modified_gmt":"2025-01-20T20:23:29","slug":"contact-us","status":"publish","type":"page","link":"https:\/\/poseidonrx.com\/es\/contact-us\/","title":{"rendered":"Cont\u00e1ctenos"},"content":{"rendered":"<p style=\"text-align: center;\"><strong><font style=\"vertical-align: inherit;\"><font style=\"vertical-align: inherit;\">NUESTRO EQUIPO DE ATENCI\u00d3N AL CLIENTE EST\u00c1 AQU\u00cd PARA ASISTIRLE Y RESPONDER\u00c1 A SUS PREGUNTAS INMEDIATAMENTE.<\/font><\/font><\/strong><\/p>\n<p style=\"text-align: center;\"><font style=\"vertical-align: inherit;\"><font style=\"vertical-align: inherit;\">Para obtener informaci\u00f3n sobre las opciones de env\u00edo y m\u00e9todos de pago, visite nuestra p\u00e1gina <\/font><\/font><br \/><font style=\"vertical-align: inherit;\"><font style=\"vertical-align: inherit;\">de Env\u00edo y Pago<\/font><\/font><font style=\"vertical-align: inherit;\"><font style=\"vertical-align: inherit;\"> , donde respondemos preguntas frecuentes.<\/font><\/font><\/p>\n<p style=\"text-align: center;\"><font style=\"vertical-align: inherit;\"><font style=\"vertical-align: inherit;\">Para consultas sobre su pedido actual, estado de pago o progreso de entrega, encontrar\u00e1 recursos \u00fatiles a continuaci\u00f3n:<\/font><\/font><\/p>\n<h2><strong><font style=\"vertical-align: inherit;\"><font style=\"vertical-align: inherit;\">C\u00d3MO ENCONTRAR SU C\u00d3DIGO DE SEGUIMIENTO<\/font><\/font><\/strong><\/h2>\n<p><font style=\"vertical-align: inherit;\"><font style=\"vertical-align: inherit;\">Una vez que se confirme el pago y su pedido se env\u00ede desde nuestro almac\u00e9n, su c\u00f3digo de seguimiento estar\u00e1 disponible dentro de 2 a 5 d\u00edas h\u00e1biles.<\/font><\/font><\/p>\n<p><font style=\"vertical-align: inherit;\"><font style=\"vertical-align: inherit;\">Formas de localizar su c\u00f3digo de seguimiento:<\/font><\/font><\/p>\n<ul>\n<li><strong><font style=\"vertical-align: inherit;\"><font style=\"vertical-align: inherit;\">Notificaci\u00f3n por correo electr\u00f3nico:<\/font><\/font><\/strong><font style=\"vertical-align: inherit;\"><font style=\"vertical-align: inherit;\"> Su c\u00f3digo de seguimiento se enviar\u00e1 autom\u00e1ticamente a la direcci\u00f3n de correo electr\u00f3nico asociada a su cuenta.<\/font><\/font><\/li>\n<li><strong><font style=\"vertical-align: inherit;\"><font style=\"vertical-align: inherit;\">Sitio web:<\/font><\/font><\/strong><font style=\"vertical-align: inherit;\"><font style=\"vertical-align: inherit;\"> inicie sesi\u00f3n en su cuenta y vaya a Mi cuenta &gt; Historial de pedidos para encontrar sus detalles de seguimiento.<\/font><\/font><\/li>\n<\/ul>\n<p style=\"text-align: center;\"><font style=\"vertical-align: inherit;\"><font style=\"vertical-align: inherit;\">Visita MI CUENTA<\/font><\/font><\/p>\n<h2><strong><font style=\"vertical-align: inherit;\"><font style=\"vertical-align: inherit;\">SEGUIMIENTO DE SU PEDIDO EN L\u00cdNEA<\/font><\/font><\/strong><\/h2>\n<p style=\"text-align: center;\">&nbsp;<\/p>\n<p><img data-lazyloaded=\"1\" src=\"http:\/\/poseidonrx.com\/wp-content\/uploads\/2024\/11\/usps-300x60.png\" decoding=\"async\" class=\"alignnone wp-image-6832 size-medium entered litespeed-loaded\" title=\"Servicio Postal de los Estados Unidos\" data-src=\"http:\/\/poseidonrx.com\/wp-content\/uploads\/2024\/11\/usps-300x60.png\" alt=\"Servicio Postal de los Estados Unidos\" width=\"300\" height=\"60\" data-srcset=\"http:\/\/poseidonrx.com\/wp-content\/uploads\/2024\/11\/usps-300x60.png 300w, http:\/\/poseidonrx.com\/wp-content\/uploads\/2024\/11\/usps-1024x204.png 1024w, http:\/\/poseidonrx.com\/wp-content\/uploads\/2024\/11\/usps-597x119.png 597w, http:\/\/poseidonrx.com\/wp-content\/uploads\/2024\/11\/usps.png 341w\" data-sizes=\"(max-width: 300px) 100vw, 300px\" data-ll-status=\"loaded\" sizes=\"(max-width: 300px) 100vw, 300px\" srcset=\"http:\/\/poseidonrx.com\/wp-content\/uploads\/2024\/11\/usps-300x60.png 300w, http:\/\/poseidonrx.com\/wp-content\/uploads\/2024\/11\/usps-1024x204.png 1024w, http:\/\/poseidonrx.com\/wp-content\/uploads\/2024\/11\/usps-597x119.png 597w, http:\/\/poseidonrx.com\/wp-content\/uploads\/2024\/11\/usps.png 341w\"><\/p>\n<p style=\"text-align: center;\"><font style=\"vertical-align: inherit;\"><font style=\"vertical-align: inherit;\">Para entregas en EE. UU. o paquetes importados que ya hayan pasado la aduana, rastree su pedido en USPS.COM.<\/font><\/font><\/p>\n<h2><strong><font style=\"vertical-align: inherit;\"><font style=\"vertical-align: inherit;\">CONSULTE EL ESTADO DE SU PAGO Y PEDIDO<\/font><\/font><\/strong><\/h2>\n<ul>\n<li><strong><font style=\"vertical-align: inherit;\"><font style=\"vertical-align: inherit;\">Estado del pago:<\/font><\/font><\/strong><font style=\"vertical-align: inherit;\"><font style=\"vertical-align: inherit;\"> vea si su pago est\u00e1 aprobado, pendiente o rechazado.<\/font><\/font><\/li>\n<li><strong><font style=\"vertical-align: inherit;\"><font style=\"vertical-align: inherit;\">Estado del pedido:<\/font><\/font><\/strong><font style=\"vertical-align: inherit;\"><font style=\"vertical-align: inherit;\"> Verifique si su pedido est\u00e1 siendo procesado, enviado o reenviado en caso de una retenci\u00f3n en la aduana.<\/font><\/font><\/li>\n<\/ul>\n<h3 style=\"text-align: center;\"><strong><font style=\"vertical-align: inherit;\"><font style=\"vertical-align: inherit;\">\u00a1SU SATISFACCI\u00d3N NOS IMPORTA EN POSEIDONRX.COM!<\/font><\/font><\/strong><\/h3>\n<p style=\"text-align: center;\"><font style=\"vertical-align: inherit;\"><font style=\"vertical-align: inherit;\">Si tiene alguna pregunta, comentario o necesita ayuda para seleccionar los mejores productos, comun\u00edquese con nosotros.<\/font><\/font><\/p>\n<p style=\"text-align: center;\"><font style=\"vertical-align: inherit;\"><font style=\"vertical-align: inherit;\">soporte@poseidonrx.com<\/font><\/font><\/p>\n<p style=\"text-align: center;\"><em><font style=\"vertical-align: inherit;\"><font style=\"vertical-align: inherit;\">*Nuestro equipo de soporte responde dentro de las 24 horas h\u00e1biles. Las solicitudes enviadas los viernes pueden ser atendidas el lunes siguiente. Agradecemos su comprensi\u00f3n y paciencia.<\/font><\/font><\/em><\/p>\n","protected":false},"excerpt":{"rendered":"<p>NUESTRO EQUIPO DE ATENCI\u00d3N AL CLIENTE EST\u00c1 AQU\u00cd PARA ASISTIRLE Y RESPONDER\u00c1 A SUS PREGUNTAS INMEDIATAMENTE. Para obtener informaci\u00f3n sobre las opciones de env\u00edo y m\u00e9todos de pago, visite nuestra p\u00e1gina de Env\u00edo y Pago , donde respondemos preguntas frecuentes. Para consultas sobre su pedido actual, estado de pago o progreso de entrega, encontrar\u00e1 recursos [&hellip;]<\/p>\n","protected":false},"author":18,"featured_media":0,"parent":0,"menu_order":0,"comment_status":"closed","ping_status":"closed","template":"","meta":{"_gspb_post_css":"","footnotes":""},"class_list":["post-12387","page","type-page","status-publish","hentry"],"_links":{"self":[{"href":"https:\/\/poseidonrx.com\/es\/wp-json\/wp\/v2\/pages\/12387","targetHints":{"allow":["GET"]}}],"collection":[{"href":"https:\/\/poseidonrx.com\/es\/wp-json\/wp\/v2\/pages"}],"about":[{"href":"https:\/\/poseidonrx.com\/es\/wp-json\/wp\/v2\/types\/page"}],"author":[{"embeddable":true,"href":"https:\/\/poseidonrx.com\/es\/wp-json\/wp\/v2\/users\/18"}],"replies":[{"embeddable":true,"href":"https:\/\/poseidonrx.com\/es\/wp-json\/wp\/v2\/comments?post=12387"}],"version-history":[{"count":0,"href":"https:\/\/poseidonrx.com\/es\/wp-json\/wp\/v2\/pages\/12387\/revisions"}],"wp:attachment":[{"href":"https:\/\/poseidonrx.com\/es\/wp-json\/wp\/v2\/media?parent=12387"}],"curies":[{"name":"wp","href":"https:\/\/api.w.org\/{rel}","templated":true}]}}