{"id":12386,"date":"2022-10-10T16:32:54","date_gmt":"2022-10-10T20:32:54","guid":{"rendered":"https:\/\/poseidonrx.com\/about-us\/"},"modified":"2025-01-21T06:38:22","modified_gmt":"2025-01-21T11:38:22","slug":"about-us","status":"publish","type":"page","link":"https:\/\/poseidonrx.com\/es\/about-us\/","title":{"rendered":"Sobre nosotros"},"content":{"rendered":"<figure class=\"wp-block-image alignleft\"><img decoding=\"async\" width=\"1360\" height=\"768\" src=\"http:\/\/poseidonrx.com\/wp-content\/uploads\/2025\/01\/poseidonrx-about.jpg\" alt=\"poseidonrx acerca de\" class=\"wp-image-10763\" srcset=\"https:\/\/poseidonrx.com\/wp-content\/uploads\/2025\/01\/poseidonrx-about.jpg 1360w, https:\/\/poseidonrx.com\/wp-content\/uploads\/2025\/01\/poseidonrx-about-300x169.jpg 300w, https:\/\/poseidonrx.com\/wp-content\/uploads\/2025\/01\/poseidonrx-about-1024x578.jpg 1024w, https:\/\/poseidonrx.com\/wp-content\/uploads\/2025\/01\/poseidonrx-about-599x338.jpg 599w\" sizes=\"(max-width: 1360px) 100vw, 1360px\" \/><\/figure><p class=\"has-text-align-center has-large-font-size\" style=\"line-height:1.4\"><span style=\"vertical-align: inherit;\"><span style=\"vertical-align: inherit;\">Bienvenido a PoseidonRX.com: \u00a1su fuente confiable de esteroides anab\u00f3licos y productos de bienestar de alta calidad!<\/span><\/span><\/p><p><span style=\"vertical-align: inherit;\"><span style=\"vertical-align: inherit;\">En PoseidonRX, nos comprometemos a proporcionar a nuestros clientes productos aut\u00e9nticos, seguros y altamente efectivos dise\u00f1ados para respaldar sus objetivos de salud y estado f\u00edsico. Nuestra tienda en l\u00ednea se especializa en una amplia gama de productos, incluidos esteroides inyectables, esteroides anab\u00f3licos orales, productos de terapia post ciclo (PCT), hormona de crecimiento humano (HGH) y gonadotropina cori\u00f3nica humana (HCG), hormonas y estimulantes sexuales. Trabajamos exclusivamente con fabricantes de renombre como Balkan Pharmaceuticals y SP Laboratories, lo que garantiza los m\u00e1s altos est\u00e1ndares de calidad y efectividad para cada producto.<\/span><\/span><\/p><h2 class=\"wp-block-heading\" id=\"-why-choose-poseidonrx-\"><strong><span style=\"vertical-align: inherit;\"><span style=\"vertical-align: inherit;\">\u00bfPor qu\u00e9 elegir PoseidonRX?<\/span><\/span><\/strong><\/h2><h3 class=\"wp-block-heading\" id=\"-authentic-certified-products-\"><strong><span style=\"vertical-align: inherit;\"><span style=\"vertical-align: inherit;\">Productos aut\u00e9nticos y certificados<\/span><\/span><\/strong><\/h3><p><span style=\"vertical-align: inherit;\"><span style=\"vertical-align: inherit;\">Su salud y seguridad son nuestras principales prioridades. Todos nuestros productos cumplen con estrictos est\u00e1ndares de producci\u00f3n internacionales y con rigurosas normas m\u00e9dicas y sanitarias. Cada art\u00edculo, fabricado por SP Laboratories, se elabora con tecnolog\u00edas avanzadas que garantizan tanto la seguridad como la eficacia. Puede confiar en que todos los productos que ofrecemos cumplen (y a menudo superan) los est\u00e1ndares de seguridad m\u00e1s estrictos de la industria.<\/span><\/span><\/p><h3 class=\"wp-block-heading\" id=\"verify-product-legitimacy\"><strong><span style=\"vertical-align: inherit;\"><span style=\"vertical-align: inherit;\">Verificar la legitimidad del producto<\/span><\/span><\/strong><\/h3><p><span style=\"vertical-align: inherit;\"><span style=\"vertical-align: inherit;\">Creemos en la transparencia total y queremos que nuestros clientes se sientan seguros de sus compras. Una vez que recibas tus productos, puedes verificar su autenticidad comprobando el n\u00famero de serie \u00fanico que aparece en la etiqueta. Esto garantiza que est\u00e1s adquiriendo un producto genuino directamente del fabricante. <\/span><\/span><br><span style=\"vertical-align: inherit;\"><span style=\"vertical-align: inherit;\"><br>A continuaci\u00f3n, se muestran algunos fabricantes que ofrecen herramientas de verificaci\u00f3n de autenticidad en l\u00ednea:<\/span><\/span><\/p><ul class=\"wp-block-list\"><li><strong><span style=\"vertical-align: inherit;\"><span style=\"vertical-align: inherit;\">Balkan Pharmaceuticals<\/span><\/span><\/strong><span style=\"vertical-align: inherit;\"><span style=\"vertical-align: inherit;\"> :&nbsp; <\/span><\/span><a href=\"https:\/\/balkanpharmaceuticals.com\/\" rel=\"nofollow noopener\" target=\"_blank\"><span style=\"vertical-align: inherit;\"><span style=\"vertical-align: inherit;\">Verificar aqu\u00ed<\/span><\/span><\/a><\/li>\n\n<li><strong><span style=\"vertical-align: inherit;\"><span style=\"vertical-align: inherit;\">Laboratorio SP<\/span><\/span><\/strong><span style=\"vertical-align: inherit;\"><span style=\"vertical-align: inherit;\"> :&nbsp; <\/span><\/span><a href=\"http:\/\/sp-laboratory.com\/antypiracy.html\" rel=\"nofollow noopener\" target=\"_blank\"><span style=\"vertical-align: inherit;\"><span style=\"vertical-align: inherit;\">Verificar aqu\u00ed<\/span><\/span><\/a><\/li>\n\n<li><strong><span style=\"vertical-align: inherit;\"><span style=\"vertical-align: inherit;\">Dragon Pharma<\/span><\/span><\/strong><span style=\"vertical-align: inherit;\"><span style=\"vertical-align: inherit;\"> :&nbsp; <\/span><\/span><a href=\"https:\/\/authenticate.dragonpharma.in\/\" rel=\"nofollow noopener\" target=\"_blank\"><span style=\"vertical-align: inherit;\"><span style=\"vertical-align: inherit;\">Verificar aqu\u00ed<\/span><\/span><\/a><\/li><\/ul><p><span style=\"vertical-align: inherit;\"><span style=\"vertical-align: inherit;\">Esta capa adicional de verificaci\u00f3n garantiza que usted compra productos aut\u00e9nticos y de alta calidad en todo momento.<\/span><\/span><\/p><h3 class=\"wp-block-heading\" id=\"-fast-shipping-reliable-delivery-\"><strong><span style=\"vertical-align: inherit;\"><span style=\"vertical-align: inherit;\">Env\u00edo r\u00e1pido y entrega confiable<\/span><\/span><\/strong><\/h3><p><span style=\"vertical-align: inherit;\"><span style=\"vertical-align: inherit;\">PoseidonRX se dedica a garantizar que sus productos le lleguen de forma r\u00e1pida y segura. Con miles de paquetes enviados a todo el mundo, nos enorgullecemos de tener una alta tasa de \u00e9xito en las entregas. Todos los pedidos se env\u00edan de forma discreta y proporcionamos n\u00fameros de seguimiento para que pueda seguir su paquete en cada etapa de su viaje.<\/span><\/span><\/p><h3 class=\"wp-block-heading\" id=\"-competitive-pricing-\"><strong><span style=\"vertical-align: inherit;\"><span style=\"vertical-align: inherit;\">Precios competitivos<\/span><\/span><\/strong><\/h3><p><span style=\"vertical-align: inherit;\"><span style=\"vertical-align: inherit;\">Nuestras asociaciones directas con los fabricantes nos permiten ofrecerle esteroides, p\u00e9ptidos y HGH de la m\u00e1s alta calidad a precios inmejorables. Al eliminar a los intermediarios, nos aseguramos de que nuestros clientes reciban productos genuinos al mejor precio. Para que su experiencia de compra sea a\u00fan mejor, ofrecemos peri\u00f3dicamente descuentos y promociones especiales para ayudarlo a ahorrar a\u00fan m\u00e1s.<\/span><\/span><\/p><h3 class=\"wp-block-heading\" id=\"-expert-support-from-highly-trained-specialists-\"><strong><span style=\"vertical-align: inherit;\"><span style=\"vertical-align: inherit;\">Soporte experto de especialistas altamente capacitados<\/span><\/span><\/strong><\/h3><p><span style=\"vertical-align: inherit;\"><span style=\"vertical-align: inherit;\">PoseidonRX se compromete a brindar un servicio al cliente de primer nivel. Nuestro equipo de profesionales de atenci\u00f3n al cliente y especialistas en nutrici\u00f3n est\u00e1n aqu\u00ed para responder todas sus preguntas y brindarle la orientaci\u00f3n que necesita. No dude en comunicarse con nosotros en cualquier momento; siempre estaremos encantados de ayudarlo.<\/span><\/span><\/p><h3 class=\"wp-block-heading\" id=\"-exclusive-offers-and-loyalty-rewards-\"><strong><span style=\"vertical-align: inherit;\"><span style=\"vertical-align: inherit;\">Ofertas exclusivas y recompensas de fidelidad<\/span><\/span><\/strong><\/h3><p><span style=\"vertical-align: inherit;\"><span style=\"vertical-align: inherit;\">Nuestros clientes significan todo para nosotros y nos encanta retribuirles. Est\u00e9 atento a promociones especiales, bonificaciones por fidelidad y descuentos por tiempo limitado de hasta un 70 % de descuento. Ocasionalmente ofrecemos env\u00edo gratuito e incluso obsequios con las compras para que su experiencia con nosotros sea a\u00fan m\u00e1s gratificante.<\/span><\/span><\/p><h3 class=\"wp-block-heading\" id=\"-secure-private-ordering-\"><strong><span style=\"vertical-align: inherit;\"><span style=\"vertical-align: inherit;\">Pedidos seguros y privados<\/span><\/span><\/strong><\/h3><p><span style=\"vertical-align: inherit;\"><span style=\"vertical-align: inherit;\">Nos tomamos en serio su privacidad y seguridad. En PoseidonRX, todas las transacciones est\u00e1n cifradas, lo que garantiza que su informaci\u00f3n confidencial se mantenga segura y confidencial. Respetamos su privacidad y prometemos no vender, alquilar ni compartir su informaci\u00f3n personal con ning\u00fan tercero. Nunca recibir\u00e1 correos electr\u00f3nicos no solicitados de nuestra parte.<\/span><\/span><\/p>","protected":false},"excerpt":{"rendered":"<p>Bienvenido a PoseidonRX.com: \u00a1su fuente confiable de esteroides anab\u00f3licos y productos de bienestar de alta calidad! En PoseidonRX, nos comprometemos a proporcionar a nuestros clientes productos aut\u00e9nticos, seguros y altamente efectivos dise\u00f1ados para respaldar sus objetivos de salud y estado f\u00edsico. Nuestra tienda en l\u00ednea se especializa en una amplia gama de productos, incluidos esteroides [&hellip;]<\/p>\n","protected":false},"author":18,"featured_media":0,"parent":0,"menu_order":0,"comment_status":"closed","ping_status":"closed","template":"","meta":{"_gspb_post_css":"","footnotes":""},"class_list":["post-12386","page","type-page","status-publish","hentry"],"_links":{"self":[{"href":"https:\/\/poseidonrx.com\/es\/wp-json\/wp\/v2\/pages\/12386","targetHints":{"allow":["GET"]}}],"collection":[{"href":"https:\/\/poseidonrx.com\/es\/wp-json\/wp\/v2\/pages"}],"about":[{"href":"https:\/\/poseidonrx.com\/es\/wp-json\/wp\/v2\/types\/page"}],"author":[{"embeddable":true,"href":"https:\/\/poseidonrx.com\/es\/wp-json\/wp\/v2\/users\/18"}],"replies":[{"embeddable":true,"href":"https:\/\/poseidonrx.com\/es\/wp-json\/wp\/v2\/comments?post=12386"}],"version-history":[{"count":0,"href":"https:\/\/poseidonrx.com\/es\/wp-json\/wp\/v2\/pages\/12386\/revisions"}],"wp:attachment":[{"href":"https:\/\/poseidonrx.com\/es\/wp-json\/wp\/v2\/media?parent=12386"}],"curies":[{"name":"wp","href":"https:\/\/api.w.org\/{rel}","templated":true}]}}