{"id":18886,"date":"2025-12-12T11:08:00","date_gmt":"2025-12-12T10:08:00","guid":{"rendered":"https:\/\/poseidonrx.com\/androgen-10ml-250mg-testosterone-enanthate-genetic-labs\/"},"modified":"2026-05-09T00:01:07","modified_gmt":"2026-05-08T22:01:07","slug":"androgen-10ml-250mg-testosterone-enanthate-genetic-labs","status":"publish","type":"product","link":"https:\/\/poseidonrx.com\/de\/androgen-10ml-250mg-testosterone-enanthate-genetic-labs\/","title":{"rendered":"Androgen 10ml\/250mg Testosterone Enanthate &#8211; Genetic Labs"},"content":{"rendered":"<p><b>Genetic Labs Testosteron Enanthate 10 ml\/250 mg \u2013 Premium Androgenes Steroid<\/b><\/p>\n<h2>Hauptmerkmale<\/h2>\n<table border=\"1\" cellpadding=\"4\">\n<tbody>\n<tr>\n<th>Marke<\/th>\n<td>Genetiklabore<\/td>\n<\/tr>\n<tr>\n<th>Darreichungsform<\/th>\n<td>Injektionsl\u00f6sung, 10 ml Durchstechflasche (insgesamt 250 mg)<\/td>\n<\/tr>\n<tr>\n<th>Ester<\/th>\n<td>Enanthat \u2013 langwirksam, mit anhaltender Freisetzung<\/td>\n<\/tr>\n<tr>\n<th>Typische Wirkungsdauer<\/th>\n<td>Etwa 2 Wochen pro Injektion<\/td>\n<\/tr>\n<tr>\n<th>Doping-Nachweisfenster<\/th>\n<td>Bis zu 3 Monate in Standardtests<\/td>\n<\/tr>\n<\/tbody>\n<\/table>\n<h2>Klinische und leistungsbezogene Vorteile<\/h2>\n<ul>\n<li><b>Schnelle Muskelhypertrophie:<\/b> bis zu 10 kg pro Zyklus durch gesteigerte Proteinsynthese.<\/li>\n<li><b>Steigerung von Kraft und Ausdauer:<\/b> erh\u00f6hte ATP-Produktion und verbesserter Sauerstofftransport.<\/li>\n<li><b>Gesteigerte Libido und stabilere Stimmung.<\/b><\/li>\n<li><b><b>Verbesserte K\u00f6rperzusammensetzung:<\/b> Fettabbau kombiniert mit Aufbau von fettfreier Muskelmasse.<\/b><\/li>\n<li><b><b>Beschleunigte Regeneration:<\/b> schnellere Geweberegeneration nach dem Training.<\/b><\/li>\n<li><b><b>Unterst\u00fctzung von Knochen und Herz-Kreislauf-System:<\/b> Hilft, Osteoporose vorzubeugen und kann das Herz-Kreislauf-Risiko verringern.<\/b><\/li>\n<\/ul>\n<h3><b>Verwaltungsrichtlinien<\/b><\/h3>\n<ul>\n<li><b>F\u00fcr optimale Plasmaspiegel sollte die Injektion einmal alle 7\u201310 Tage intramuskul\u00e4r (Ges\u00e4\u00df- oder Oberschenkelmuskulatur) erfolgen.<\/b><\/li>\n<li><b>Typische Zyklusl\u00e4nge: 8\u201312 Wochen, abh\u00e4ngig von den Trainingszielen und dem Erfahrungsstand.<\/b><\/li>\n<li><b>Verwenden Sie eine sterile Spritze und achten Sie auf gute Hygiene, um Infektionen zu vermeiden.<\/b><\/li>\n<li><b>Kombinieren Sie es mit einem Aromatasehemmer, wenn Sie l\u00e4ngere Zyklen planen, um \u00f6strogene Nebenwirkungen zu mildern.<\/b><\/li>\n<\/ul>\n<h3><b>Nebenwirkungen und deren Minderung<\/b><\/h3>\n<ul>\n<li><b><b>Wassereinlagerungen:<\/b> h\u00e4ufig in fr\u00fchen Stadien; Behandlung mit einer ausgewogenen Natriumzufuhr und gegebenenfalls Diuretika.<\/b><\/li>\n<li><b><b>Aromatisierung:<\/b> Die Umwandlung in \u00d6strogen kann zu Gyn\u00e4komastie, Bl\u00e4hungen oder Stimmungsschwankungen f\u00fchren \u2013 erw\u00e4gen Sie einen Aromatasehemmer.<\/b><\/li>\n<li><b><b>Leberbelastung:<\/b> minimales Risiko aufgrund der Injektionsart; Leberenzyme sollten bei gleichzeitiger Anwendung mit anderen lebertoxischen Substanzen \u00fcberwacht werden.<\/b><\/li>\n<li><b><b>Auswirkungen auf das Herz-Kreislauf-System:<\/b> potenzieller Anstieg des LDL-\/Gesamtcholesterins; regelm\u00e4\u00dfige Lipidprofilanalysen werden empfohlen.<\/b><\/li>\n<li><b><b>Unterdr\u00fcckte nat\u00fcrliche Testosteronproduktion:<\/b> Eine Post-Cycle-Therapie (PCT) wird empfohlen, um den endogenen Spiegel wiederherzustellen.<\/b><\/li>\n<\/ul>\n<h3><b>Kaufen Sie bei PoseidonRX<\/b><\/h3>\n<p><b>Das Testosteron-Enanthat 10 ml\/250 mg von Genetic Labs ist bei PoseidonRX erh\u00e4ltlich, einer vertrauensw\u00fcrdigen Online-Apotheke, die hochwertige Pr\u00e4parate direkt von renommierten Herstellern bezieht. Jede Ampulle wird mit einem detaillierten Analysezertifikat geliefert, das Reinheit und Wirksamkeit garantiert.<\/b><\/p>\n","protected":false},"excerpt":{"rendered":"<p><b>Genetic Labs Testosterone Enanthate<\/b> liefert 250 mg reines Testosteron pro 10 ml Ampulle f\u00fcr eine starke und lang anhaltende anabole Wirkung.<\/p>\n<ul>\n<li><b>Hohe anabole Aktivit\u00e4t:<\/b> Schnelle Proteinsynthese und Muskelhypertrophie.<\/li>\n<li><b>Lange Wirkungsdauer:<\/b> H\u00e4lt den Spiegel etwa 14 Tage lang aufrecht, wodurch die Injektionsh\u00e4ufigkeit reduziert wird.<\/li>\n<li><b>Vielseitige Zyklusbasis:<\/b> Ideal f\u00fcr mehrstufige Steroidprogramme.<\/li>\n<li><b>Medizinische Tradition:<\/b> Bew\u00e4hrte Hormonersatztherapie.<\/li>\n<\/ul>\n","protected":false},"author":18,"featured_media":20127,"comment_status":"open","ping_status":"closed","template":"","meta":{"_gspb_post_css":""},"store":[5650],"product_brand":[],"product_cat":[2461,2321,2266,2206,7445,2481,2244,5652,6523],"product_tag":[],"ppma_author":[259],"class_list":{"0":"post-18886","1":"product","2":"type-product","3":"status-publish","4":"has-post-thumbnail","6":"store-genetic-labs-de","7":"product_cat-anabolic-steroids-de","8":"product_cat-anabolic-androgenic-steroids-de","9":"product_cat-bulking-de","10":"product_cat-injectable-steroids-de","11":"product_cat-muscle-growth-de","12":"product_cat-testosterone-enanthate-de","13":"product_cat-testosterone-enanthate-injection-de","14":"product_cat-testosterone-de","15":"product_cat-testosterone-injection-de","16":"pa_active-ingredients-testosterone-de","17":"pa_also-known-as-biotech-laboratories-de","18":"pa_also-known-as-elite-hormones-de","19":"pa_also-known-as-precision-steroids-de","20":"pa_also-known-as-synthesis-pharmaceuticals-de","21":"pa_also-known-as-vanguard-biopharm-de","23":"first","24":"instock","25":"sale","26":"purchasable","27":"product-type-simple"},"_links":{"self":[{"href":"https:\/\/poseidonrx.com\/de\/wp-json\/wp\/v2\/product\/18886","targetHints":{"allow":["GET"]}}],"collection":[{"href":"https:\/\/poseidonrx.com\/de\/wp-json\/wp\/v2\/product"}],"about":[{"href":"https:\/\/poseidonrx.com\/de\/wp-json\/wp\/v2\/types\/product"}],"author":[{"embeddable":true,"href":"https:\/\/poseidonrx.com\/de\/wp-json\/wp\/v2\/users\/18"}],"replies":[{"embeddable":true,"href":"https:\/\/poseidonrx.com\/de\/wp-json\/wp\/v2\/comments?post=18886"}],"wp:featuredmedia":[{"embeddable":true,"href":"https:\/\/poseidonrx.com\/de\/wp-json\/wp\/v2\/media\/20127"}],"wp:attachment":[{"href":"https:\/\/poseidonrx.com\/de\/wp-json\/wp\/v2\/media?parent=18886"}],"wp:term":[{"taxonomy":"store","embeddable":true,"href":"https:\/\/poseidonrx.com\/de\/wp-json\/wp\/v2\/store?post=18886"},{"taxonomy":"product_brand","embeddable":true,"href":"https:\/\/poseidonrx.com\/de\/wp-json\/wp\/v2\/product_brand?post=18886"},{"taxonomy":"product_cat","embeddable":true,"href":"https:\/\/poseidonrx.com\/de\/wp-json\/wp\/v2\/product_cat?post=18886"},{"taxonomy":"product_tag","embeddable":true,"href":"https:\/\/poseidonrx.com\/de\/wp-json\/wp\/v2\/product_tag?post=18886"},{"taxonomy":"author","embeddable":true,"href":"https:\/\/poseidonrx.com\/de\/wp-json\/wp\/v2\/ppma_author?post=18886"}],"curies":[{"name":"wp","href":"https:\/\/api.w.org\/{rel}","templated":true}]}}