{"id":18714,"date":"2025-12-12T11:08:00","date_gmt":"2025-12-12T10:08:00","guid":{"rendered":"https:\/\/poseidonrx.com\/magnustropin-10vials-1000iu-magnus\/"},"modified":"2026-05-05T23:50:05","modified_gmt":"2026-05-05T21:50:05","slug":"magnustropin-10vials-1000iu-magnus","status":"publish","type":"product","link":"https:\/\/poseidonrx.com\/de\/magnustropin-10vials-1000iu-magnus\/","title":{"rendered":"Magnustropin 10vials\/1000IU &#8211; Magnus"},"content":{"rendered":"<h2>Magnustropin 10 Fl\u00e4schchen\/1000 IE \u2013 Magnus<\/h2>\n<p><b>Marke:<\/b> Magnus <br \/><b>Packungsinhalt:<\/b> 10 Ampullen \u00e0 10 IE (insgesamt 1000 IE) + 1 ml bakteriostatisches Wasser zur Rekonstitution.<\/p>\n<h3>Hauptanwendungen<\/h3>\n<ul>\n<li>Wachstumsst\u00f6rungen bei Kindern und Erwachsenen mit Mangel an nat\u00fcrlichem Wachstumshormon<\/li>\n<li>Chronisches Nierenversagen, Noonan-Syndrom, Turner-Syndrom, Prader-Willi-Syndrom<\/li>\n<li>Kleinwuchs bei der Geburt ohne Aufholwachstum<\/li>\n<li>Pr\u00e4vention von starkem Gewichtsverlust bei AIDS-Patienten<\/li>\n<li>Behandlung des Kurzdarmsyndroms<\/li>\n<\/ul>\n<h3>Verwaltung<\/h3>\n<ul>\n<li>Intramuskul\u00e4r oder subkutan injizieren, wie verordnet.<\/li>\n<li>Verwenden Sie f\u00fcr jede Injektion eine neue Einwegnadel; entsorgen Sie diese in einem durchstichfesten Beh\u00e4lter.<\/li>\n<li>Um Gewebesch\u00e4den zu vermeiden, sollten die Injektionsstellen regelm\u00e4\u00dfig gewechselt werden.<\/li>\n<li>Nicht in ger\u00f6tete, wunde, infizierte oder verletzte Haut injizieren.<\/li>\n<li>In bakteriostatischem Wasser unter leichtem Schwenken rekonstituieren \u2013 nicht sch\u00fctteln.<\/li>\n<li>Wenn die L\u00f6sung ihre Farbe \u00e4ndert oder Partikel enth\u00e4lt, entsorgen Sie sie und besorgen Sie sich ein neues Rezept.<\/li>\n<li>Halten Sie sich an den Zeitplan Ihres Arztes; regelm\u00e4\u00dfige Blutuntersuchungen und Augenuntersuchungen werden empfohlen.<\/li>\n<\/ul>\n<h3>Nebenwirkungen<\/h3>\n<table border=\"1\" cellpadding=\"5\">\n<tbody>\n<tr>\n<th>Schwere\/Notfallsymptome<\/th>\n<\/tr>\n<tr>\n<td>Kurzatmigkeit, Husten, neu aufgetretenes oder verst\u00e4rktes Schnarchen (insbesondere beim Prader-Willi-Syndrom)<\/td>\n<\/tr>\n<tr>\n<td>Allergische Reaktionen: Nesselsucht, Atembeschwerden, Schwellungen im Gesicht\/an den Lippen\/an der Zunge\/im Rachen<\/td>\n<\/tr>\n<tr>\n<td>Starke Bauchschmerzen mit \u00dcbelkeit\/Erbrechen; schneller Herzschlag; extremer Durst\/h\u00e4ufiges Wasserlassen; Gewichtsverlust; fruchtiger Atemgeruch; Schl\u00e4frigkeit; verschwommenes Sehen; pl\u00f6tzliche Augenschmerzen oder Sehst\u00f6rungen; Schwellungen im Gesicht\/an den Extremit\u00e4ten; Taubheitsgef\u00fchl oder Kribbeln in H\u00e4nden\/Fingern<\/td>\n<\/tr>\n<tr>\n<th>Weniger schwerwiegende Symptome<\/th>\n<\/tr>\n<tr>\n<td>Kopfschmerzen, M\u00fcdigkeit<\/td>\n<\/tr>\n<tr>\n<td>R\u00f6tung, Schmerzen, Schwellung, Ausschlag, Juckreiz, Bluterg\u00fcsse an der Injektionsstelle<\/td>\n<\/tr>\n<tr>\n<td>Schmerzen in Armen\/Beinen, Gelenksteife oder -schmerzen; Muskelschmerzen<\/td>\n<\/tr>\n<tr>\n<td>Erk\u00e4ltungssymptome: verstopfte Nase, Niesen, Halsschmerzen<\/td>\n<\/tr>\n<\/tbody>\n<\/table>\n<h3>Wechselwirkungen und Vorsichtsma\u00dfnahmen mit anderen Medikamenten<\/h3>\n<ul>\n<li>Insulin und andere Diabetesmedikamente k\u00f6nnen den Blutzuckerspiegel ver\u00e4ndern; Dosisanpassungen k\u00f6nnen erforderlich sein.<\/li>\n<li>Steroide (Cortison, Dexamethason, Prednison usw.) k\u00f6nnen die Wirksamkeit verringern; die Dosierung sollte unter Aufsicht \u00fcberwacht und angepasst werden.<\/li>\n<li>Andere interagierende Arzneimittel: Ciclosporin, Antiepileptika, Antibabypillen, anabole Steroide, Hormonersatztherapien.<\/li>\n<li>Die Einnahme von Steroiden sollte nicht ohne \u00e4rztlichen Rat abrupt beendet oder ver\u00e4ndert werden.<\/li>\n<\/ul>\n<h3>Besondere \u00dcberlegungen<\/h3>\n<ul>\n<li><b>Patienten mit Prader-Willi-Syndrom:<\/b> Achten Sie auf m\u00f6gliche Atemwegskomplikationen; suchen Sie umgehend \u00e4rztliche Hilfe auf, wenn Symptome auftreten.<\/li>\n<li><b>Schwangerschaft und Stillzeit:<\/b> Magnus f\u00e4llt je nach Darreichungsform in die FDA-Schwangerschaftskategorie B oder C. Besprechen Sie die Risiken vor der Anwendung mit Ihrem Arzt.<\/li>\n<p>&lt;li <b>Aufbewahrung:<\/b> Beachten Sie die Anweisungen des Herstellers zur Aufbewahrung vor und nach der Rekonstitution; nach Ablauf des Verfallsdatums entsorgen.<\/p>\n<\/ul>\n<p>Dieses Produkt ist \u00fcber PoseidonRX erh\u00e4ltlich, einer Online-Apotheke, die einen zuverl\u00e4ssigen Zugang zu verschreibungspflichtigen Medikamenten bietet.<\/p>\n","protected":false},"excerpt":{"rendered":"<p>Magnustropin 10 Ampullen \u2013 1000 IE humanes Wachstumshormon zur Behandlung von Wachstumshormonmangel bei Kindern und Erwachsenen, Prader-Willi-Syndrom und chronischer Nierenerkrankung. Inklusive Rekonstitutionswasser.<\/p>\n<ul>\n<li>10 Ampullen + 1 ml bakteriostatisches Wasser<\/li>\n<li>FDA-Schwangerschaftskategorie B\/C<\/li>\n<li>Wechseln Sie die Injektionsstellen, um Reizungen vorzubeugen.<\/li>\n<\/ul>\n","protected":false},"author":18,"featured_media":20162,"comment_status":"open","ping_status":"closed","template":"","meta":{"_gspb_post_css":""},"store":[5591],"product_brand":[],"product_cat":[2266,2202,7445],"product_tag":[],"ppma_author":[259],"class_list":{"0":"post-18714","1":"product","2":"type-product","3":"status-publish","4":"has-post-thumbnail","6":"store-magnus-de","7":"product_cat-bulking-de","8":"product_cat-human-growth-hormone-de","9":"product_cat-muscle-growth-de","10":"pa_active-ingredients-human-growth-hormone-de","11":"pa_also-known-as-genotropin-de","12":"pa_also-known-as-humatrope-de","13":"pa_also-known-as-norditropin-de","14":"pa_also-known-as-nutropin-de","15":"pa_also-known-as-omnitrope-de","16":"pa_also-known-as-saizen-de","17":"pa_also-known-as-serostim-de","18":"pa_also-known-as-tevtropin-de","19":"pa_also-known-as-zorbtive-de","21":"first","22":"instock","23":"purchasable","24":"product-type-simple"},"_links":{"self":[{"href":"https:\/\/poseidonrx.com\/de\/wp-json\/wp\/v2\/product\/18714","targetHints":{"allow":["GET"]}}],"collection":[{"href":"https:\/\/poseidonrx.com\/de\/wp-json\/wp\/v2\/product"}],"about":[{"href":"https:\/\/poseidonrx.com\/de\/wp-json\/wp\/v2\/types\/product"}],"author":[{"embeddable":true,"href":"https:\/\/poseidonrx.com\/de\/wp-json\/wp\/v2\/users\/18"}],"replies":[{"embeddable":true,"href":"https:\/\/poseidonrx.com\/de\/wp-json\/wp\/v2\/comments?post=18714"}],"wp:featuredmedia":[{"embeddable":true,"href":"https:\/\/poseidonrx.com\/de\/wp-json\/wp\/v2\/media\/20162"}],"wp:attachment":[{"href":"https:\/\/poseidonrx.com\/de\/wp-json\/wp\/v2\/media?parent=18714"}],"wp:term":[{"taxonomy":"store","embeddable":true,"href":"https:\/\/poseidonrx.com\/de\/wp-json\/wp\/v2\/store?post=18714"},{"taxonomy":"product_brand","embeddable":true,"href":"https:\/\/poseidonrx.com\/de\/wp-json\/wp\/v2\/product_brand?post=18714"},{"taxonomy":"product_cat","embeddable":true,"href":"https:\/\/poseidonrx.com\/de\/wp-json\/wp\/v2\/product_cat?post=18714"},{"taxonomy":"product_tag","embeddable":true,"href":"https:\/\/poseidonrx.com\/de\/wp-json\/wp\/v2\/product_tag?post=18714"},{"taxonomy":"author","embeddable":true,"href":"https:\/\/poseidonrx.com\/de\/wp-json\/wp\/v2\/ppma_author?post=18714"}],"curies":[{"name":"wp","href":"https:\/\/api.w.org\/{rel}","templated":true}]}}