{"id":18566,"date":"2025-12-12T05:08:37","date_gmt":"2025-12-12T10:08:37","guid":{"rendered":"https:\/\/poseidonrx.com\/4-fat-burn-magnus\/"},"modified":"2025-12-23T07:13:40","modified_gmt":"2025-12-23T12:13:40","slug":"4-fat-burn-magnus","status":"publish","type":"product","link":"https:\/\/poseidonrx.com\/de\/4-fat-burn-magnus\/","title":{"rendered":"\u21164 Fat Burn Course &#8211; Magnus"},"content":{"rendered":"<h2>Der Magnus Nr. 4 Fettverbrennungszyklus<\/h2>\n<p><b>Magnus Nr. 4 Fat Burn<\/b> ist ein umfassendes 8-Wochen-Programm zur Formung eines schlanken, vaskul\u00e4ren K\u00f6rpers bei gleichzeitigem Erhalt der Muskelmasse. Das Programm kombiniert leistungsstarke anabole und thermogene Wirkstoffe mit gezielter Unterst\u00fctzung nach dem Zyklus.<\/p>\n<h3>Zyklus\u00fcbersicht<\/h3>\n<ul>\n<li><b>Ziel:<\/b> Harte Definition auf Wettkampfniveau \u2013 niedriger K\u00f6rperfettanteil, hohe Vaskularit\u00e4t, dichte Muskulatur<\/li>\n<li><b>Dauer:<\/b> 8 Wochen (f\u00fcr fortgeschrittene Nutzer auf 10 Wochen verl\u00e4ngerbar).<\/li>\n<li><b>Struktur:<\/b> W\u00f6chentliche Dosierungsstufen, die schrittweise erh\u00f6ht und dann wieder reduziert werden, um Nebenwirkungen zu minimieren.<\/li>\n<\/ul>\n<h3>Zusammensetzungen &amp; Dosierungen<\/h3>\n<table border=\"1\" cellpadding=\"5\">\n<tbody>\n<tr>\n<th>Zusammensetzung<\/th>\n<th>Marke<\/th>\n<th>Dosierung<\/th>\n<th>H\u00e4ufigkeit<\/th>\n<th>Zweck<\/th>\n<\/tr>\n<tr>\n<td>Magnustropin (HGH)<\/td>\n<td>Magnus<\/td>\n<td>3\u20134 IE\/Tag<\/td>\n<td>T\u00e4glich (subkutane Injektion)<\/td>\n<td>Fettverbrennung, Muskeltonus, Regeneration, Hautelastizit\u00e4t<\/td>\n<\/tr>\n<tr>\n<td>Clenbuterol<\/td>\n<td>Magnus<\/td>\n<td>20\u2192120 \u00b5g\/Tag (Pyramide)<\/td>\n<td>T\u00e4glich (oral)<\/td>\n<td>Thermogener Fettabbau, gesteigerte Energie, Stoffwechselanregung<\/td>\n<\/tr>\n<tr>\n<td>Stanozolol (Winstrol)<\/td>\n<td>Magnus<\/td>\n<td>50 mg\/Tag<\/td>\n<td>T\u00e4glich (oral oder injizierbar)<\/td>\n<td>Muskelh\u00e4rte, Trockenheit, Gef\u00e4\u00dfigkeit<\/td>\n<\/tr>\n<tr>\n<td>Proviron (Mesterolon)<\/td>\n<td>Magnus<\/td>\n<td>50 mg\/Tag<\/td>\n<td>T\u00e4glich (oral)<\/td>\n<td>Erh\u00f6ht die Androgendichte, Libido, mildes Anti\u00f6strogen<\/td>\n<\/tr>\n<tr>\n<td>Ostarine (MK-2866)<\/td>\n<td>Magnus<\/td>\n<td>25 mg\/Tag<\/td>\n<td>T\u00e4glich (oral)<\/td>\n<td>Erh\u00e4lt die Muskelmasse, unterst\u00fctzt die Gelenke, f\u00f6rdert die Regeneration<\/td>\n<\/tr>\n<\/tbody>\n<\/table>\n<h3>Beispiel f\u00fcr einen Wochenplan<\/h3>\n<ul>\n<li>Woche 1\u20132: <b>Magnustropin 3 IE\/Tag<\/b> , Clenbuterol 20\u219280 mcg\/Tag, Winstrol 50 mg\/Tag, Proviron 25 mg\/Tag, Ostarine 25 mg\/Tag.<\/li>\n<li>Woche 3\u20134: <b>Magnustropin 3,5 IE\/Tag<\/b> , Clenbuterol 40\u2192100 mcg\/Tag, Winstrol 50 mg\/Tag, Proviron 50 mg\/Tag, Ostarine 25 mg\/Tag.<\/li>\n<li>Woche 5\u20136: <b>Magnustropin 4 IE\/Tag<\/b> , Clenbuterol 60\u2192120 mcg\/Tag, Winstrol 50 mg\/Tag, Proviron 50 mg\/Tag, Ostarine 20 mg\/Tag.<\/li>\n<li>Woche 7\u20138: <b>Magnustropin 4 IE\/Tag<\/b> , Clenbuterol ausschleichen\/absetzen, Winstrol 25 mg\/Tag, Proviron 20 mg\/Tag.<\/li>\n<\/ul>\n<h3>Anwendungshinweise<\/h3>\n<ul>\n<li><b>Magnustropin:<\/b> Bei 2\u20138 \u00b0C lagern. Subkutan injizieren (Bauch, Oberschenkel, Oberarm), dabei die Injektionsstellen wechseln, um eine Lipodystrophie zu vermeiden<\/li>\n<li><b>Clenbuterol:<\/b> Kapsel zum Einnehmen; zur Vermeidung einer Rezeptordesensibilisierung ein 2-Wochen-Einnahme-\/2-Wochen-Pause-Schema oder ein Pyramidenschema anwenden.<\/li>\n<li><b>Winstrol &amp; Proviron:<\/b> Tabletten zum Einnehmen. Zur Reduzierung von Magen-Darm-Beschwerden zu den Mahlzeiten einnehmen.<\/li>\n<li><b>Ostarine:<\/b> Kapsel zum Einnehmen; einmal t\u00e4glich einnehmen.<\/li>\n<\/ul>\n<h3>Nebenwirkungen und deren Minderung<\/h3>\n<ul>\n<li><b>Clenbuterol:<\/b> Tachykardie, Tremor, Dehydratation. <b>Linderung:<\/b> Elektrolyte (Kalium, Taurin), ausreichende Fl\u00fcssigkeitszufuhr (4\u20135 l\/Tag).<\/li>\n<li><b>Winstrol:<\/b> Gelenktrockenheit, Leberbelastung. <b>Linderung:<\/b> Kollagen- oder Fisch\u00f6lpr\u00e4parate; NAC 600 mg\/Tag oder TUDCA 250 mg\/Tag zur Unterst\u00fctzung der Leberfunktion.<\/li>\n<li><b>Proviron:<\/b> Bei einer Anwendungsdauer von mehr als 8 Wochen kann sich das Lipidprofil ver\u00e4ndern. Die Lipidwerte sollten regelm\u00e4\u00dfig kontrolliert werden.<\/li>\n<li><b>Magnustropin (HGH):<\/b> Wassereinlagerungen, Glukoseintoleranz. <b>Abhilfe:<\/b> Kaloriendefizit aufrechterhalten, N\u00fcchternblutzucker und Blutfettwerte \u00fcberwachen.<\/li>\n<li>Allgemein: Achten Sie auf erh\u00f6hten Blutdruck oder Herzrasen; brechen Sie die Behandlung ab, wenn die Symptome anhalten.<\/li>\n<\/ul>\n<h3>Post-Cycle-Therapie (PCT)<\/h3>\n<ul>\n<li><b>Clomid:<\/b> 25 mg\/Tag, 3 Wochen.<\/li>\n<li><b>Nolvadex:<\/b> 20 mg\/Tag, 3 Wochen (optional).<\/li>\n<li><b>Nat\u00fcrlicher Testosteron-Booster:<\/b> Wie angegeben \u00fcber 4 Wochen anwenden.<\/li>\n<\/ul>\n<h3>Unterst\u00fctzung &amp; \u00dcberwachung<\/h3>\n<ul>\n<li>Leberschutz: NAC oder TUDCA.<\/li>\n<li>Elektrolyte: Kalium, Taurin<\/li>\n<li>Cardio: 5\u20136 Tage\/Woche, eine Mischung aus morgendlichem Cardiotraining im n\u00fcchternen Zustand und HIIT.<\/li>\n<li>Ern\u00e4hrung: Hoher Proteingehalt (2,5 g\/kg), moderater Kohlenhydratgehalt, niedriger Fettgehalt; Kaloriendefizit einhalten.<\/li>\n<li>Fl\u00fcssigkeitszufuhr: 4\u20135 Liter Wasser t\u00e4glich.<\/li>\n<\/ul>\n<h3>Erwartete Ergebnisse<\/h3>\n<ul>\n<li>4\u20136 % K\u00f6rperfettreduktion.<\/li>\n<li>Sch\u00e4rfere, dichtere Muskeldefinition<\/li>\n<li>Erh\u00f6hte Vaskularit\u00e4t und trockener \u00e4sthetischer Teint.<\/li>\n<li>Verbesserte Regeneration, mehr Energie, gesteigerte Libido und straffere Haut.<\/li>\n<\/ul>\n<p>Der Kauf \u00fcber PoseidonRX garantiert Ihnen ein gepr\u00fcftes Produkt von Magnus, das unter voller Einhaltung der Qualit\u00e4tsstandards geliefert wird.<\/p>\n","protected":false},"excerpt":{"rendered":"<p>Erreichen Sie einen durchtrainierten, muskul\u00f6sen K\u00f6rper mit dem Magnus Nr. 4 Fat Burn Stack. Dieses 8-w\u00f6chige Programm kombiniert HGH, Clenbuterol, Winstrol, Proviron und Ostarine f\u00fcr schnellen Fettabbau, Muskelh\u00e4rte, Erhalt der fettfreien Muskelmasse und verbesserte Regeneration.<\/p>\n<ul>\n<li><b>HGH + Clenbuterol:<\/b> Doppelte Fettverbrennung und Stoffwechselanregung<\/li>\n<li><b>Winstrol + Proviron:<\/b> Ultra-trockene, harte Muskeltextur<\/li>\n<li><b>Ostarine + HGH:<\/b> Erhalt der Muskelmasse und Gelenkkomfort<\/li>\n<\/ul>\n","protected":false},"author":18,"featured_media":20162,"comment_status":"open","ping_status":"closed","template":"","meta":{"_gspb_post_css":""},"store":[5591],"product_brand":[],"product_cat":[6154,7366,2268,5975,2178,2195],"product_tag":[],"ppma_author":[259],"class_list":{"0":"post-18566","1":"product","2":"type-product","3":"status-publish","4":"has-post-thumbnail","6":"store-magnus-de","7":"product_cat-clenbuterol-de","8":"product_cat-fat-burn-course-de","9":"product_cat-course-de","10":"product_cat-ostarine-pills-de","11":"product_cat-proviron-pills-de","12":"product_cat-winstrol-pills-de","13":"pa_active-ingredients-clenbuterol-de","14":"pa_active-ingredients-clomiphene-citrate-de","15":"pa_active-ingredients-human-growth-hormone-de","16":"pa_active-ingredients-mesterolone-proviron-de","17":"pa_active-ingredients-n-acetylcysteine-de","18":"pa_active-ingredients-ostarine-de","19":"pa_active-ingredients-potassium-de","20":"pa_active-ingredients-stanozolol-de","21":"pa_active-ingredients-tamoxifen-citrate-de","22":"pa_active-ingredients-taurine-de","23":"pa_active-ingredients-tauroursodeoxycholic-acid-de","24":"pa_also-known-as-clenbol-de","25":"pa_also-known-as-clomiphene-citrate-de","26":"pa_also-known-as-genotropin-de","27":"pa_also-known-as-mesterolone-de","28":"pa_also-known-as-mk-2866-de","29":"pa_also-known-as-nacetylcysteine-de","30":"pa_also-known-as-norditropin-de","31":"pa_also-known-as-nutropin-de","32":"pa_also-known-as-omnitrope-de","33":"pa_also-known-as-stanozolol-de","34":"pa_also-known-as-tamoxifen-citrate-de","35":"pa_also-known-as-testogen-de","36":"pa_also-known-as-tudca-de","38":"first","39":"instock","40":"sale","41":"purchasable","42":"product-type-woosb"},"_links":{"self":[{"href":"https:\/\/poseidonrx.com\/de\/wp-json\/wp\/v2\/product\/18566","targetHints":{"allow":["GET"]}}],"collection":[{"href":"https:\/\/poseidonrx.com\/de\/wp-json\/wp\/v2\/product"}],"about":[{"href":"https:\/\/poseidonrx.com\/de\/wp-json\/wp\/v2\/types\/product"}],"author":[{"embeddable":true,"href":"https:\/\/poseidonrx.com\/de\/wp-json\/wp\/v2\/users\/18"}],"replies":[{"embeddable":true,"href":"https:\/\/poseidonrx.com\/de\/wp-json\/wp\/v2\/comments?post=18566"}],"wp:featuredmedia":[{"embeddable":true,"href":"https:\/\/poseidonrx.com\/de\/wp-json\/wp\/v2\/media\/20162"}],"wp:attachment":[{"href":"https:\/\/poseidonrx.com\/de\/wp-json\/wp\/v2\/media?parent=18566"}],"wp:term":[{"taxonomy":"store","embeddable":true,"href":"https:\/\/poseidonrx.com\/de\/wp-json\/wp\/v2\/store?post=18566"},{"taxonomy":"product_brand","embeddable":true,"href":"https:\/\/poseidonrx.com\/de\/wp-json\/wp\/v2\/product_brand?post=18566"},{"taxonomy":"product_cat","embeddable":true,"href":"https:\/\/poseidonrx.com\/de\/wp-json\/wp\/v2\/product_cat?post=18566"},{"taxonomy":"product_tag","embeddable":true,"href":"https:\/\/poseidonrx.com\/de\/wp-json\/wp\/v2\/product_tag?post=18566"},{"taxonomy":"author","embeddable":true,"href":"https:\/\/poseidonrx.com\/de\/wp-json\/wp\/v2\/ppma_author?post=18566"}],"curies":[{"name":"wp","href":"https:\/\/api.w.org\/{rel}","templated":true}]}}