{"id":9443,"date":"2024-11-07T13:30:15","date_gmt":"2024-11-07T18:30:15","guid":{"rendered":"https:\/\/poseidonrx.com\/terms-of-use\/"},"modified":"2025-01-12T12:48:19","modified_gmt":"2025-01-12T17:48:19","slug":"terms-of-use","status":"publish","type":"page","link":"https:\/\/poseidonrx.com\/de\/terms-of-use\/","title":{"rendered":"Nutzungsbedingungen"},"content":{"rendered":"<h2 class=\"wp-block-heading\" id=\"acceptance-of-terms\"><font style=\"vertical-align: inherit;\"><font style=\"vertical-align: inherit;\">Akzeptanz der Bedingungen<\/font><\/font><\/h2>\n<p><font style=\"vertical-align: inherit;\"><font style=\"vertical-align: inherit;\">Mit dem Kauf von Produkten von PoseidonRX erkennen Sie unsere Allgemeinen Gesch\u00e4ftsbedingungen an und akzeptieren diese. Bitte best\u00e4tigen Sie Ihre Bestellung nicht, wenn Sie mit diesen Bedingungen nicht einverstanden sind. Bestellungen werden erst nach der Best\u00e4tigung des K\u00e4ufers auf Grundlage dieser Allgemeinen Gesch\u00e4ftsbedingungen bearbeitet und versandt. Mit der Bestellung auf unserer Website verpflichten Sie sich, alle Unternehmensvorschriften einzuhalten.<\/font><\/font><\/p>\n<h2 class=\"wp-block-heading\" id=\"affiliate-disclaimer\"><font style=\"vertical-align: inherit;\"><font style=\"vertical-align: inherit;\">Haftungsausschluss f\u00fcr Partner<\/font><\/font><\/h2>\n<p><font style=\"vertical-align: inherit;\"><font style=\"vertical-align: inherit;\">PoseidonRX fungiert als Partner-Website und verkauft oder vertreibt keine Medikamente direkt. Alle Eink\u00e4ufe, die \u00fcber den Warenkorb auf dieser Website get\u00e4tigt werden, werden von Drittanbietern abgewickelt, die allein f\u00fcr den Verkauf, den Versand und die Lieferung der Produkte verantwortlich sind. PoseidonRX verdient eine Provision f\u00fcr qualifizierte Eink\u00e4ufe, ist jedoch nicht am direkten Verkauf oder der Abwicklung von Produkten beteiligt.<\/font><\/font><\/p>\n<h2 class=\"wp-block-heading\" id=\"disclaimer\"><font style=\"vertical-align: inherit;\"><font style=\"vertical-align: inherit;\">Haftungsausschluss<\/font><\/font><\/h2>\n<p><font style=\"vertical-align: inherit;\"><font style=\"vertical-align: inherit;\">PoseidonRX \u00fcbernimmt keine Haftung f\u00fcr den Missbrauch der verkauften Produkte. Die Informationen auf dieser Website und allen verlinkten Seiten dienen nur allgemeinen Informationszwecken und sind nicht dazu bestimmt, die Verwendung von Medikamenten oder Substanzen f\u00fcr Zwecke zu f\u00f6rdern oder zu unterst\u00fctzen, die von Gesundheitsdienstleistern nicht genehmigt wurden. Indem Sie unsere Informationen ansehen oder Produkte kaufen, erkl\u00e4ren Sie sich damit einverstanden, PoseidonRX, seine F\u00fchrungskr\u00e4fte, Direktoren und Beauftragten von jeglichen vorhergesehenen oder unvorhergesehenen Sch\u00e4den freizustellen.<\/font><\/font><\/p>\n<p><font style=\"vertical-align: inherit;\"><font style=\"vertical-align: inherit;\">PoseidonRX bef\u00fcrwortet oder unterst\u00fctzt nicht den Missbrauch von Produkten. Die bereitgestellten Informationen sollen nicht zur Verwendung von Anabolika, anderen Medikamenten oder kontrollierten Substanzen ermutigen. Wir k\u00f6nnen nicht f\u00fcr Handlungen unserer Kunden oder den Missbrauch unserer Inhalte haftbar gemacht werden. Konsultieren Sie immer einen Arzt, bevor Sie die Verwendung kontrollierter Substanzen in Betracht ziehen, da Missbrauch zu ernsthaften und dauerhaften Gesundheitsproblemen f\u00fchren kann.<\/font><\/font><\/p>\n<h2 class=\"wp-block-heading\" id=\"no-direct-sale-of-controlled-substances\"><strong><font style=\"vertical-align: inherit;\"><font style=\"vertical-align: inherit;\">Kein Direktverkauf kontrollierter Substanzen<\/font><\/font><\/strong><\/h2>\n<p><font style=\"vertical-align: inherit;\"><font style=\"vertical-align: inherit;\">Wir verkaufen keine kontrollierten Substanzen direkt \u00fcber unsere Website. Alle Verweise auf solche Produkte dienen nur zu Informationszwecken. Es liegt in der alleinigen Verantwortung des Benutzers, sicherzustellen, dass er alle lokalen, nationalen und internationalen Gesetze in Bezug auf den Kauf und die Verwendung pharmazeutischer Produkte einh\u00e4lt.<\/font><\/font><\/p>\n<h2 class=\"wp-block-heading\" id=\"product-guarantee\"><font style=\"vertical-align: inherit;\"><font style=\"vertical-align: inherit;\">Produktgarantie<\/font><\/font><\/h2>\n<p><font style=\"vertical-align: inherit;\"><font style=\"vertical-align: inherit;\">Auf allen Produkten ist ein Verfallsdatum aufgedruckt. Wenn Sie Produkte mit abgelaufenem Datum erhalten, kontaktieren Sie uns bitte umgehend und verwenden Sie die Artikel nicht. Sofern gesetzlich nicht vorgeschrieben, \u00fcbernimmt PoseidonRX keine ausdr\u00fccklichen oder stillschweigenden Garantien hinsichtlich der Qualit\u00e4t oder Eignung der Produkte f\u00fcr einen bestimmten Zweck.<\/font><\/font><\/p>\n<h2 class=\"wp-block-heading\" id=\"terms-of-purchase\"><font style=\"vertical-align: inherit;\"><font style=\"vertical-align: inherit;\">Einkaufsbedingungen<\/font><\/font><\/h2>\n<p><font style=\"vertical-align: inherit;\"><font style=\"vertical-align: inherit;\">Sie m\u00fcssen mindestens 21 Jahre alt sein, um bei PoseidonRX bestellen zu k\u00f6nnen. Es liegt in der Verantwortung des K\u00e4ufers, die Einfuhrbestimmungen seines Landes zu verstehen und einzuhalten. Alle Produkte werden versandt:<\/font><\/font><\/p>\n<p><font style=\"vertical-align: inherit;\"><font style=\"vertical-align: inherit;\">Auf volles Risiko des K\u00e4ufers. Mit dem Verst\u00e4ndnis, dass der K\u00e4ufer allein f\u00fcr alle rechtlichen Konsequenzen verantwortlich ist, wenn die Bestellung nicht den lokalen Importbestimmungen entspricht. Internationale W\u00e4hrungsschwankungen und \u00c4nderungen der Erf\u00fcllungskosten k\u00f6nnen sich ohne vorherige Ank\u00fcndigung auf die Preise auswirken. Die Produktverf\u00fcgbarkeit kann sich jederzeit \u00e4ndern. Bestellungen sind endg\u00fcltig, sobald die Zahlung verarbeitet wurde. Nach dem Kauf erhalten Sie eine Bestellbest\u00e4tigungs-E-Mail mit Einzelheiten und Tracking-Informationen.<\/font><\/font><\/p>\n<h2 class=\"wp-block-heading\" id=\"delivery-of-products\"><font style=\"vertical-align: inherit;\"><font style=\"vertical-align: inherit;\">Lieferung von Produkten<\/font><\/font><\/h2>\n<p><font style=\"vertical-align: inherit;\"><font style=\"vertical-align: inherit;\">Wir verwenden sichere Versandmethoden, um eine diskrete Lieferung zu gew\u00e4hrleisten. Bestellungen werden an die beim Bezahlvorgang angegebene Lieferadresse gesendet. Die gesch\u00e4tzten Lieferzeiten sind wie folgt:<\/font><\/font><\/p>\n<p><font style=\"vertical-align: inherit;\"><font style=\"vertical-align: inherit;\">Normale Luftpost: 10-13 Tage innerhalb der USA, 9-12 Tage in Europa. Express-Sendungen: 1-3 Werktage. Lieferung nach Deutschland, Kanada und Australien per Einschreiben: 12-15 Werktage. Die Lieferzeiten k\u00f6nnen aufgrund von Feiertagen oder unvorhergesehenen Postproblemen variieren. Liefertermine sind Sch\u00e4tzungen und nicht garantiert. Sobald Ihr Paket eingegangen und \u00fcberpr\u00fcft wurde, haftet PoseidonRX nicht mehr f\u00fcr verlorene oder besch\u00e4digte Waren. Wir haben eine hohe Erfolgsquote f\u00fcr internationale Lieferungen beibehalten; Bestellungen, die aufgrund falscher Versandinformationen oder Nichterreichbarkeit des Empf\u00e4ngers nicht eingehen, k\u00f6nnen jedoch nicht erneut versendet werden. Nur Artikel, die vom Zoll beschlagnahmt oder w\u00e4hrend der Lieferung besch\u00e4digt wurden, k\u00f6nnen erneut versendet werden.<\/font><\/font><\/p>\n<h2 class=\"wp-block-heading\" id=\"liability\"><font style=\"vertical-align: inherit;\"><font style=\"vertical-align: inherit;\">Haftung<\/font><\/font><\/h2>\n<p><font style=\"vertical-align: inherit;\"><font style=\"vertical-align: inherit;\">PoseidonRX ist nicht verantwortlich f\u00fcr Verluste aufgrund ungenauer Versandinformationen oder verpasster Lieferungen. Aufgrund der diskreten Versandmethoden k\u00f6nnen Sendungen nicht zur\u00fcckgegeben werden.<\/font><\/font><\/p>\n","protected":false},"excerpt":{"rendered":"<p>Akzeptanz der Bedingungen Mit dem Kauf von Produkten von PoseidonRX erkennen Sie unsere Allgemeinen Gesch\u00e4ftsbedingungen an und akzeptieren diese. Bitte best\u00e4tigen Sie Ihre Bestellung nicht, wenn Sie mit diesen Bedingungen nicht einverstanden sind. Bestellungen werden erst nach der Best\u00e4tigung des K\u00e4ufers auf Grundlage dieser Allgemeinen Gesch\u00e4ftsbedingungen bearbeitet und versandt. Mit der Bestellung auf unserer Website [&hellip;]<\/p>\n","protected":false},"author":18,"featured_media":0,"parent":0,"menu_order":0,"comment_status":"closed","ping_status":"closed","template":"","meta":{"_gspb_post_css":"","footnotes":""},"class_list":["post-9443","page","type-page","status-publish","hentry"],"_links":{"self":[{"href":"https:\/\/poseidonrx.com\/de\/wp-json\/wp\/v2\/pages\/9443","targetHints":{"allow":["GET"]}}],"collection":[{"href":"https:\/\/poseidonrx.com\/de\/wp-json\/wp\/v2\/pages"}],"about":[{"href":"https:\/\/poseidonrx.com\/de\/wp-json\/wp\/v2\/types\/page"}],"author":[{"embeddable":true,"href":"https:\/\/poseidonrx.com\/de\/wp-json\/wp\/v2\/users\/18"}],"replies":[{"embeddable":true,"href":"https:\/\/poseidonrx.com\/de\/wp-json\/wp\/v2\/comments?post=9443"}],"version-history":[{"count":0,"href":"https:\/\/poseidonrx.com\/de\/wp-json\/wp\/v2\/pages\/9443\/revisions"}],"wp:attachment":[{"href":"https:\/\/poseidonrx.com\/de\/wp-json\/wp\/v2\/media?parent=9443"}],"curies":[{"name":"wp","href":"https:\/\/api.w.org\/{rel}","templated":true}]}}