{"id":9439,"date":"2024-11-07T13:12:08","date_gmt":"2024-11-07T12:12:08","guid":{"rendered":"https:\/\/poseidonrx.com\/faq\/"},"modified":"2026-02-02T10:46:55","modified_gmt":"2026-02-02T09:46:55","slug":"faq","status":"publish","type":"page","link":"https:\/\/poseidonrx.com\/de\/faq\/","title":{"rendered":"H\u00e4ufig gestellte Fragen (FAQ)"},"content":{"rendered":"<h2 class=\"wp-block-heading\" id=\"where-do-you-ship-from\"><span style=\"vertical-align: inherit;\"><span style=\"vertical-align: inherit;\">Von wo aus versenden Sie?<\/span><\/span><\/h2><p><span style=\"vertical-align: inherit;\"><span style=\"vertical-align: inherit;\">Wir organisieren Sendungen aus der Europ\u00e4ischen Union und der Name unseres Unternehmens wird auf keinem Paket angegeben. Um maximale Diskretion und die h\u00f6chste Wahrscheinlichkeit einer erfolgreichen Zustellung zu gew\u00e4hrleisten, werden Sendungen von verschiedenen Standorten in der gesamten EU aus versandt.<\/span><\/span><\/p><h2 class=\"wp-block-heading\" id=\"shipping\"><span style=\"vertical-align: inherit;\"><span style=\"vertical-align: inherit;\">Versenden Sie international?<\/span><\/span><\/h2><p>Nein, PoseidonRX liefert nur innerhalb der EU und in die baltischen Staaten.<\/p><h2 class=\"wp-block-heading\" id=\"how-long-will-it-take-to-get-my-package\"><span style=\"vertical-align: inherit;\"><span style=\"vertical-align: inherit;\">Wie lange dauert es, bis ich mein Paket erhalte?<\/span><\/span><\/h2><p><span style=\"vertical-align: inherit;\"><span style=\"vertical-align: inherit;\">Sobald Ihre Bestellung aufgegeben wurde, erhalten Sie eine Best\u00e4tigungs-E-Mail mit einer Liste der gekauften Artikel. Nach Zahlungseingang bearbeiten und versenden wir Bestellungen innerhalb von 2-5 Werktagen. Die Lieferzeiten variieren je nach Versandart, Effizienz des Postdienstes, Zoll und anderen Faktoren, sodass wir nur Sch\u00e4tzungen abgeben k\u00f6nnen:<\/span><\/span><\/p><ul class=\"wp-block-list\"><li>Versand innerhalb Europas: ca. 7-10 Werktage. (Wir versenden innerhalb der EU, es fallen keine zus\u00e4tzlichen Steuern an.)<\/li><\/ul><h2 class=\"wp-block-heading\" id=\"what-is-the-shipping-rate\"><span style=\"vertical-align: inherit;\"><span style=\"vertical-align: inherit;\">Wie hoch sind die Versandkosten?<\/span><\/span><\/h2><p><span style=\"vertical-align: inherit;\"><span style=\"vertical-align: inherit;\">Wir bieten eine Versandpauschale von <\/span><\/span><strong><span style=\"vertical-align: inherit;\"><span style=\"vertical-align: inherit;\">20<strong>\u20ac<\/strong><\/span><\/span><\/strong><span style=\"vertical-align: inherit;\"><span style=\"vertical-align: inherit;\">\u00a0f\u00fcr alle Bestellungen an.<\/span><\/span><\/p><h2 class=\"wp-block-heading\" id=\"how-can-i-track-my-order\"><span style=\"vertical-align: inherit;\"><span style=\"vertical-align: inherit;\">Wie kann ich meine Bestellung verfolgen?<\/span><\/span><\/h2><p><span style=\"vertical-align: inherit;\"><span style=\"vertical-align: inherit;\">Sobald Ihre Bestellung versandt wurde, erhalten Sie per E-Mail eine Sendungsverfolgungsnummer. Verwenden Sie diese Sendungsverfolgungsnummer auf der Website des jeweiligen Postdienstes, um den Fortschritt Ihres Pakets zu verfolgen. Beachten Sie, dass es einige Tage dauern kann, bis die Sendungsverfolgungsinformationen aktualisiert werden.<\/span><\/span><\/p><h2 class=\"wp-block-heading\" id=\"are-my-orders-packaged-discreetly\"><strong><span style=\"vertical-align: inherit;\"><span style=\"vertical-align: inherit;\">Werden meine Bestellungen diskret verpackt?<\/span><\/span><\/strong><\/h2><p><span style=\"vertical-align: inherit;\"><span style=\"vertical-align: inherit;\">Ja, Datenschutz und Sicherheit haben f\u00fcr uns oberste Priorit\u00e4t. Unsere Pakete sind schlicht und enthalten keine Firmenmarkierungen oder Etiketten, die auf den Produktinhalt hinweisen. Ihre Bestellung wird in einer Standardverpackung geliefert, um absolute Diskretion zu gew\u00e4hrleisten.<\/span><\/span><\/p><h2 class=\"wp-block-heading\" id=\"payment\"><strong><span style=\"vertical-align: inherit;\"><span style=\"vertical-align: inherit;\">Welche Zahlungsarten akzeptieren Sie?<\/span><\/span><\/strong><\/h2><p>Wir akzeptieren derzeit sichere Zahlungsmethoden, darunter Visa und Mastercard. Schreiben Sie uns, wenn Sie mit Kryptow\u00e4hrung bezahlen m\u00f6chten.<\/p><h2 class=\"wp-block-heading\" id=\"do-you-offer-refunds-or-exchanges\"><strong><span style=\"vertical-align: inherit;\"><span style=\"vertical-align: inherit;\">Bieten Sie R\u00fcckerstattungen oder Umtausch an?<\/span><\/span><\/strong><\/h2><p><span style=\"vertical-align: inherit;\"><span style=\"vertical-align: inherit;\">Aufgrund der Beschaffenheit unserer Produkte sind alle Verk\u00e4ufe endg\u00fcltig. Sollte es jedoch zu Problemen mit Ihrer Bestellung kommen (z. B. fehlende Artikel oder falsche Produkte), kontaktieren Sie bitte innerhalb von 48 Stunden nach Erhalt Ihres Pakets unser Support-Team. Wir werden uns bem\u00fchen, das Problem zu l\u00f6sen.<\/span><\/span><\/p><h2 class=\"wp-block-heading\" id=\"will-i-need-to-sign-for-my-package\"><strong><span style=\"vertical-align: inherit;\"><span style=\"vertical-align: inherit;\">Muss ich f\u00fcr mein Paket unterschreiben?<\/span><\/span><\/strong><\/h2><p><span style=\"vertical-align: inherit;\"><span style=\"vertical-align: inherit;\">In den meisten F\u00e4llen ist bei der Zustellung von Paketen keine Unterschrift erforderlich. Dies kann jedoch je nach Land und den Anforderungen des \u00f6rtlichen Postdienstes variieren. F\u00fcr zus\u00e4tzliche Sicherheit empfehlen wir, bei der erwarteten Zustellung des Pakets am Zustellort anwesend zu sein.<\/span><\/span><\/p><h2 class=\"wp-block-heading\" id=\"do-you-guarantee-delivery\"><span style=\"vertical-align: inherit;\"><span style=\"vertical-align: inherit;\">Garantieren Sie eine Lieferung?<\/span><\/span><\/h2><p><span style=\"vertical-align: inherit;\"><span style=\"vertical-align: inherit;\">Wir bem\u00fchen uns, weltweit erfolgreiche Lieferungen sicherzustellen und verpacken jede Bestellung so, dass Zollprobleme vermieden werden. Obwohl wir nicht jeden Aspekt des Versandprozesses kontrollieren k\u00f6nnen, haben wir eine hohe Erfolgsquote. Wenn ein Paket nicht ankommt, wenden Sie sich an unser Supportteam und wir werden mit Ihnen zusammenarbeiten, um das Problem zu l\u00f6sen.<\/span><\/span><\/p><h2 class=\"wp-block-heading\" id=\"what-is-the-likelihood-that-my-package-will-be-seized-by-customs\"><strong><span style=\"vertical-align: inherit;\"><span style=\"vertical-align: inherit;\">Wie hoch ist die Wahrscheinlichkeit, dass mein Paket vom Zoll beschlagnahmt wird?<\/span><\/span><\/strong><\/h2><p>Das kommt \u00e4u\u00dferst selten vor! Bei Bestellungen innerhalb der EU erreichen 99,9 % der Lieferungen unsere Kunden. Sollte es dennoch wider Erwarten zu einer Beschlagnahme kommen, bieten wir Ihnen kostenlosen Ersatz an. Wir senden Ihnen Ihre Bestellung entweder kostenlos erneut zu oder schreiben Ihnen den Betrag f\u00fcr einen zuk\u00fcnftigen Einkauf auf unserer Website gut. Senden Sie uns einfach die offizielle Beschlagnahmebenachrichtigung der Post oder des Zolls per E-Mail, und wir k\u00fcmmern uns innerhalb von 3 Werktagen um den Ersatz.<\/p><h2 class=\"wp-block-heading\" id=\"how-do-i-contact-poseidonrx-customer-support\"><span style=\"vertical-align: inherit;\"><span style=\"vertical-align: inherit;\">Wie kontaktiere ich den PoseidonRX-Kundensupport?<\/span><\/span><\/h2><p><span style=\"vertical-align: inherit;\"><span style=\"vertical-align: inherit;\">Wenn Sie weitere Fragen oder Bedenken haben, z\u00f6gern Sie bitte nicht, unser Support-Team \u00fcber unsere Kontaktseite<\/span><\/span><span style=\"vertical-align: inherit;\"><span style=\"vertical-align: inherit;\"> oder per Live-Chat zu kontaktieren&nbsp; <\/span><span style=\"vertical-align: inherit;\">! Wir sind hier, um Ihnen bei allen Fragen zu Ihrer Bestellung oder unseren Produkten zu helfen.<\/span><\/span><\/p>","protected":false},"excerpt":{"rendered":"<p>Von wo aus versenden Sie? Wir organisieren Sendungen aus der Europ\u00e4ischen Union und der Name unseres Unternehmens wird auf keinem Paket angegeben. Um maximale Diskretion und die h\u00f6chste Wahrscheinlichkeit einer erfolgreichen Zustellung zu gew\u00e4hrleisten, werden Sendungen von verschiedenen Standorten in der gesamten EU aus versandt. Versenden Sie international? Nein, PoseidonRX liefert nur innerhalb der EU [&hellip;]<\/p>\n","protected":false},"author":18,"featured_media":0,"parent":0,"menu_order":0,"comment_status":"closed","ping_status":"closed","template":"","meta":{"_gspb_post_css":"","footnotes":""},"class_list":["post-9439","page","type-page","status-publish","hentry"],"_links":{"self":[{"href":"https:\/\/poseidonrx.com\/de\/wp-json\/wp\/v2\/pages\/9439","targetHints":{"allow":["GET"]}}],"collection":[{"href":"https:\/\/poseidonrx.com\/de\/wp-json\/wp\/v2\/pages"}],"about":[{"href":"https:\/\/poseidonrx.com\/de\/wp-json\/wp\/v2\/types\/page"}],"author":[{"embeddable":true,"href":"https:\/\/poseidonrx.com\/de\/wp-json\/wp\/v2\/users\/18"}],"replies":[{"embeddable":true,"href":"https:\/\/poseidonrx.com\/de\/wp-json\/wp\/v2\/comments?post=9439"}],"version-history":[{"count":0,"href":"https:\/\/poseidonrx.com\/de\/wp-json\/wp\/v2\/pages\/9439\/revisions"}],"wp:attachment":[{"href":"https:\/\/poseidonrx.com\/de\/wp-json\/wp\/v2\/media?parent=9439"}],"curies":[{"name":"wp","href":"https:\/\/api.w.org\/{rel}","templated":true}]}}