{"id":9436,"date":"2022-10-10T14:50:17","date_gmt":"2022-10-10T18:50:17","guid":{"rendered":"https:\/\/poseidonrx.com\/contact-us\/"},"modified":"2025-01-12T12:42:03","modified_gmt":"2025-01-12T17:42:03","slug":"contact-us","status":"publish","type":"page","link":"https:\/\/poseidonrx.com\/de\/contact-us\/","title":{"rendered":"Kontaktieren Sie uns"},"content":{"rendered":"<p style=\"text-align: center;\"><strong><font style=\"vertical-align: inherit;\"><font style=\"vertical-align: inherit;\">UNSER KUNDENSUPPORT-TEAM STEHT IHNEN GERNE ZUR VERF\u00dcGUNG UND WIRD IHRE FRAGEN UMGEHEND BEANTWORTEN.<\/font><\/font><\/strong><\/p>\n<p style=\"text-align: center;\"><font style=\"vertical-align: inherit;\"><font style=\"vertical-align: inherit;\">Informationen zu Versandoptionen und Zahlungsmethoden finden Sie auf unserer Seite <\/font><\/font><br \/><font style=\"vertical-align: inherit;\"><font style=\"vertical-align: inherit;\">\u201eVersand und Zahlung\u201c<\/font><\/font><font style=\"vertical-align: inherit;\"><font style=\"vertical-align: inherit;\"> . Dort beantworten wir auch h\u00e4ufig gestellte Fragen.<\/font><\/font><\/p>\n<p style=\"text-align: center;\"><font style=\"vertical-align: inherit;\"><font style=\"vertical-align: inherit;\">F\u00fcr Anfragen zu Ihrer aktuellen Bestellung, Ihrem Zahlungsstatus oder dem Lieferverlauf finden Sie nachfolgend hilfreiche Ressourcen:<\/font><\/font><\/p>\n<h2><strong><font style=\"vertical-align: inherit;\"><font style=\"vertical-align: inherit;\">SO FINDEN SIE IHREN TRACKING-CODE<\/font><\/font><\/strong><\/h2>\n<p><font style=\"vertical-align: inherit;\"><font style=\"vertical-align: inherit;\">Sobald die Zahlung best\u00e4tigt und Ihre Bestellung unser Lager verlassen hat, steht Ihr Tracking-Code innerhalb von 2\u20135 Werktagen zur Verf\u00fcgung.<\/font><\/font><\/p>\n<p><font style=\"vertical-align: inherit;\"><font style=\"vertical-align: inherit;\">So finden Sie Ihren Tracking-Code:<\/font><\/font><\/p>\n<ul>\n<li><strong><font style=\"vertical-align: inherit;\"><font style=\"vertical-align: inherit;\">E-Mail-Benachrichtigung:<\/font><\/font><\/strong><font style=\"vertical-align: inherit;\"><font style=\"vertical-align: inherit;\"> Ihr Tracking-Code wird automatisch an die mit Ihrem Konto verkn\u00fcpfte E-Mail-Adresse gesendet.<\/font><\/font><\/li>\n<li><strong><font style=\"vertical-align: inherit;\"><font style=\"vertical-align: inherit;\">Website:<\/font><\/font><\/strong><font style=\"vertical-align: inherit;\"><font style=\"vertical-align: inherit;\"> Melden Sie sich bei Ihrem Konto an und gehen Sie zu \u201eMein Konto\u201c &gt; \u201eBestellverlauf\u201c, um Ihre Sendungsverfolgungsdetails zu finden.<\/font><\/font><\/li>\n<\/ul>\n<p style=\"text-align: center;\"><font style=\"vertical-align: inherit;\"><font style=\"vertical-align: inherit;\">Besuchen Sie MEIN KONTO<\/font><\/font><\/p>\n<h2><strong><font style=\"vertical-align: inherit;\"><font style=\"vertical-align: inherit;\">VERFOLGEN SIE IHRE BESTELLUNG ONLINE<\/font><\/font><\/strong><\/h2>\n<p style=\"text-align: center;\">&nbsp;<\/p>\n<p><img data-lazyloaded=\"1\" src=\"http:\/\/poseidonrx.com\/wp-content\/uploads\/2024\/11\/usps-300x60.png\" decoding=\"async\" class=\"alignnone wp-image-6832 size-medium entered litespeed-loaded\" title=\"usps\" data-src=\"http:\/\/poseidonrx.com\/wp-content\/uploads\/2024\/11\/usps-300x60.png\" alt=\"usps\" width=\"300\" height=\"60\" data-srcset=\"http:\/\/poseidonrx.com\/wp-content\/uploads\/2024\/11\/usps-300x60.png 300w, http:\/\/poseidonrx.com\/wp-content\/uploads\/2024\/11\/usps-1024x204.png 1024w, http:\/\/poseidonrx.com\/wp-content\/uploads\/2024\/11\/usps-597x119.png 597w, http:\/\/poseidonrx.com\/wp-content\/uploads\/2024\/11\/usps.png 341w\" data-sizes=\"(max-width: 300px) 100vw, 300px\" data-ll-status=\"loaded\" sizes=\"(max-width: 300px) 100vw, 300px\" srcset=\"http:\/\/poseidonrx.com\/wp-content\/uploads\/2024\/11\/usps-300x60.png 300w, http:\/\/poseidonrx.com\/wp-content\/uploads\/2024\/11\/usps-1024x204.png 1024w, http:\/\/poseidonrx.com\/wp-content\/uploads\/2024\/11\/usps-597x119.png 597w, http:\/\/poseidonrx.com\/wp-content\/uploads\/2024\/11\/usps.png 341w\"><\/p>\n<p style=\"text-align: center;\"><font style=\"vertical-align: inherit;\"><font style=\"vertical-align: inherit;\">Bei Lieferungen in die USA oder importierten Paketen, die den Zoll passiert haben, k\u00f6nnen Sie Ihre Bestellung auf USPS.COM verfolgen.<\/font><\/font><\/p>\n<h2><strong><font style=\"vertical-align: inherit;\"><font style=\"vertical-align: inherit;\">\u00dcBERPR\u00dcFEN SIE IHREN ZAHLUNGS- UND BESTELLSTATUS<\/font><\/font><\/strong><\/h2>\n<ul>\n<li><strong><font style=\"vertical-align: inherit;\"><font style=\"vertical-align: inherit;\">Zahlungsstatus:<\/font><\/font><\/strong><font style=\"vertical-align: inherit;\"><font style=\"vertical-align: inherit;\"> Sehen Sie, ob Ihre Zahlung genehmigt, ausstehend oder abgelehnt ist.<\/font><\/font><\/li>\n<li><strong><font style=\"vertical-align: inherit;\"><font style=\"vertical-align: inherit;\">Bestellstatus:<\/font><\/font><\/strong><font style=\"vertical-align: inherit;\"><font style=\"vertical-align: inherit;\"> \u00dcberpr\u00fcfen Sie, ob Ihre Bestellung bearbeitet, versendet oder im Falle einer Zollbeschr\u00e4nkung erneut versendet wird.<\/font><\/font><\/li>\n<\/ul>\n<h3 style=\"text-align: center;\"><strong><font style=\"vertical-align: inherit;\"><font style=\"vertical-align: inherit;\">IHRE ZUFRIEDENHEIT IST UNS BEI POSEIDONRX.COM WICHTIG!<\/font><\/font><\/strong><\/h3>\n<p style=\"text-align: center;\"><font style=\"vertical-align: inherit;\"><font style=\"vertical-align: inherit;\">Bei Fragen, Feedback oder f\u00fcr Hilfe bei der Auswahl der besten Produkte wenden Sie sich bitte an uns.<\/font><\/font><\/p>\n<p style=\"text-align: center;\"><font style=\"vertical-align: inherit;\"><font style=\"vertical-align: inherit;\">support@poseidonrx.com<\/font><\/font><\/p>\n<p style=\"text-align: center;\"><em><font style=\"vertical-align: inherit;\"><font style=\"vertical-align: inherit;\">*Unser Support-Team antwortet innerhalb von 24 Stunden. Freitags eingereichte Anfragen werden m\u00f6glicherweise am darauffolgenden Montag bearbeitet. Wir danken Ihnen f\u00fcr Ihr Verst\u00e4ndnis und Ihre Geduld.<\/font><\/font><\/em><\/p>\n","protected":false},"excerpt":{"rendered":"<p>UNSER KUNDENSUPPORT-TEAM STEHT IHNEN GERNE ZUR VERF\u00dcGUNG UND WIRD IHRE FRAGEN UMGEHEND BEANTWORTEN. Informationen zu Versandoptionen und Zahlungsmethoden finden Sie auf unserer Seite \u201eVersand und Zahlung\u201c . Dort beantworten wir auch h\u00e4ufig gestellte Fragen. F\u00fcr Anfragen zu Ihrer aktuellen Bestellung, Ihrem Zahlungsstatus oder dem Lieferverlauf finden Sie nachfolgend hilfreiche Ressourcen: SO FINDEN SIE IHREN TRACKING-CODE [&hellip;]<\/p>\n","protected":false},"author":18,"featured_media":0,"parent":0,"menu_order":0,"comment_status":"closed","ping_status":"closed","template":"","meta":{"_gspb_post_css":"","footnotes":""},"class_list":["post-9436","page","type-page","status-publish","hentry"],"_links":{"self":[{"href":"https:\/\/poseidonrx.com\/de\/wp-json\/wp\/v2\/pages\/9436","targetHints":{"allow":["GET"]}}],"collection":[{"href":"https:\/\/poseidonrx.com\/de\/wp-json\/wp\/v2\/pages"}],"about":[{"href":"https:\/\/poseidonrx.com\/de\/wp-json\/wp\/v2\/types\/page"}],"author":[{"embeddable":true,"href":"https:\/\/poseidonrx.com\/de\/wp-json\/wp\/v2\/users\/18"}],"replies":[{"embeddable":true,"href":"https:\/\/poseidonrx.com\/de\/wp-json\/wp\/v2\/comments?post=9436"}],"version-history":[{"count":0,"href":"https:\/\/poseidonrx.com\/de\/wp-json\/wp\/v2\/pages\/9436\/revisions"}],"wp:attachment":[{"href":"https:\/\/poseidonrx.com\/de\/wp-json\/wp\/v2\/media?parent=9436"}],"curies":[{"name":"wp","href":"https:\/\/api.w.org\/{rel}","templated":true}]}}