{"id":9432,"date":"2022-10-10T16:32:54","date_gmt":"2022-10-10T20:32:54","guid":{"rendered":"https:\/\/poseidonrx.com\/about-us\/"},"modified":"2025-01-21T07:07:58","modified_gmt":"2025-01-21T12:07:58","slug":"about-us","status":"publish","type":"page","link":"https:\/\/poseidonrx.com\/de\/about-us\/","title":{"rendered":"\u00dcber uns"},"content":{"rendered":"<figure class=\"wp-block-image alignright\"><img decoding=\"async\" width=\"1360\" height=\"768\" src=\"http:\/\/poseidonrx.com\/wp-content\/uploads\/2025\/01\/poseidonrx-about.jpg\" alt=\"poseidonrx \u00fcber\" class=\"wp-image-10763\" srcset=\"https:\/\/poseidonrx.com\/wp-content\/uploads\/2025\/01\/poseidonrx-about.jpg 1360w, https:\/\/poseidonrx.com\/wp-content\/uploads\/2025\/01\/poseidonrx-about-300x169.jpg 300w, https:\/\/poseidonrx.com\/wp-content\/uploads\/2025\/01\/poseidonrx-about-1024x578.jpg 1024w, https:\/\/poseidonrx.com\/wp-content\/uploads\/2025\/01\/poseidonrx-about-599x338.jpg 599w\" sizes=\"(max-width: 1360px) 100vw, 1360px\" \/><\/figure><p class=\"has-text-align-center has-large-font-size has-medium-font-size\" style=\"line-height:1.4\"><span style=\"vertical-align: inherit;\"><span style=\"vertical-align: inherit;\">Willkommen bei PoseidonRX.com \u2013 Ihrer vertrauensw\u00fcrdigen Quelle f\u00fcr hochwertige Anabolika und Wellnessprodukte!<\/span><\/span><\/p><p><span style=\"vertical-align: inherit;\"><span style=\"vertical-align: inherit;\">Bei PoseidonRX haben wir uns verpflichtet, unseren Kunden authentische, sichere und hochwirksame Produkte anzubieten, die Ihre Gesundheits- und Fitnessziele unterst\u00fctzen. Unser Online-Shop ist auf eine umfassende Produktpalette spezialisiert, darunter injizierbare Steroide, orale Anabolika, Produkte f\u00fcr die Post-Cycle-Therapie (PCT), menschliches Wachstumshormon (HGH) und menschliches Choriongonadotropin (HCG), Hormone und sexuelle Stimulanzien. Wir arbeiten ausschlie\u00dflich mit renommierten Herstellern wie Balkan Pharmaceuticals und SP Laboratories zusammen und garantieren f\u00fcr jedes Produkt h\u00f6chste Qualit\u00e4ts- und Wirksamkeitsstandards.<\/span><\/span><\/p><h2 class=\"wp-block-heading\" id=\"-why-choose-poseidonrx-\"><strong><span style=\"vertical-align: inherit;\"><span style=\"vertical-align: inherit;\">Warum PoseidonRX w\u00e4hlen?<\/span><\/span><\/strong><\/h2><h3 class=\"wp-block-heading\" id=\"-authentic-certified-products-\"><strong><span style=\"vertical-align: inherit;\"><span style=\"vertical-align: inherit;\">Authentische, zertifizierte Produkte<\/span><\/span><\/strong><\/h3><p><span style=\"vertical-align: inherit;\"><span style=\"vertical-align: inherit;\">Ihre Gesundheit und Sicherheit haben f\u00fcr uns oberste Priorit\u00e4t. Alle unsere Produkte entsprechen strengen internationalen Produktionsstandards und erf\u00fcllen strenge medizinische und hygienische Vorschriften. Jedes von SP Laboratories hergestellte Produkt wird unter Einsatz modernster Technologien hergestellt, die sowohl Sicherheit als auch Wirksamkeit gew\u00e4hrleisten. Sie k\u00f6nnen darauf vertrauen, dass jedes von uns angebotene Produkt die strengsten Sicherheitsstandards der Branche erf\u00fcllt \u2013 und oft sogar \u00fcbertrifft.<\/span><\/span><\/p><h3 class=\"wp-block-heading\" id=\"verify-product-legitimacy\"><strong><span style=\"vertical-align: inherit;\"><span style=\"vertical-align: inherit;\">\u00dcberpr\u00fcfen Sie die Produktlegitimit\u00e4t<\/span><\/span><\/strong><\/h3><p><span style=\"vertical-align: inherit;\"><span style=\"vertical-align: inherit;\">Wir legen Wert auf vollst\u00e4ndige Transparenz und m\u00f6chten, dass unsere Kunden bei ihren Eink\u00e4ufen Vertrauen haben. Sobald Sie Ihre Produkte erhalten, k\u00f6nnen Sie deren Echtheit anhand der eindeutigen Seriennummer auf dem Etikett \u00fcberpr\u00fcfen. So stellen Sie sicher, dass Sie ein Originalprodukt direkt vom Hersteller erhalten. <\/span><\/span><br><span style=\"vertical-align: inherit;\"><span style=\"vertical-align: inherit;\"><br>Hier sind einige Hersteller, die Online-Tools zur Echtheits\u00fcberpr\u00fcfung anbieten:<\/span><\/span><\/p><ul class=\"wp-block-list\"><li><strong><span style=\"vertical-align: inherit;\"><span style=\"vertical-align: inherit;\">Balkan Pharmaceuticals<\/span><\/span><\/strong><span style=\"vertical-align: inherit;\"><span style=\"vertical-align: inherit;\"> :\u00a0 <a href=\"https:\/\/balkanpharmaceuticals.com\/\" data-type=\"link\" data-id=\"https:\/\/balkanpharmaceuticals.com\/\" rel=\"nofollow noopener\" target=\"_blank\">Hier \u00fcberpr\u00fcfen<\/a><\/span><\/span><\/li>\n\n<li><strong><span style=\"vertical-align: inherit;\"><span style=\"vertical-align: inherit;\">SP Laboratory<\/span><\/span><\/strong><span style=\"vertical-align: inherit;\"><span style=\"vertical-align: inherit;\"> :\u00a0 <a href=\"http:\/\/sp-laboratory.com\/antypiracy.html\" rel=\"nofollow noopener\" target=\"_blank\">Hier \u00fcberpr\u00fcfen<\/a><\/span><\/span><\/li>\n\n<li><strong><span style=\"vertical-align: inherit;\"><span style=\"vertical-align: inherit;\">Dragon Pharma<\/span><\/span><\/strong><span style=\"vertical-align: inherit;\"><span style=\"vertical-align: inherit;\"> :\u00a0 <a href=\"https:\/\/authenticate.dragonpharma.in\/\" rel=\"nofollow noopener\" target=\"_blank\">Hier \u00fcberpr\u00fcfen<\/a><\/span><\/span><\/li><\/ul><p><span style=\"vertical-align: inherit;\"><span style=\"vertical-align: inherit;\">Diese zus\u00e4tzliche \u00dcberpr\u00fcfungsebene garantiert, dass Sie jedes Mal authentische, qualitativ hochwertige Produkte kaufen.<\/span><\/span><\/p><h3 class=\"wp-block-heading\" id=\"-fast-shipping-reliable-delivery-\"><strong><span style=\"vertical-align: inherit;\"><span style=\"vertical-align: inherit;\">Schneller Versand und zuverl\u00e4ssige Lieferung<\/span><\/span><\/strong><\/h3><p><span style=\"vertical-align: inherit;\"><span style=\"vertical-align: inherit;\">PoseidonRX setzt sich daf\u00fcr ein, dass Ihre Produkte Sie schnell und sicher erreichen. Wir versenden Tausende von Paketen weltweit und sind stolz auf unsere hohe Zustellrate. Alle Bestellungen werden diskret versandt und wir stellen Ihnen Sendungsverfolgungsnummern zur Verf\u00fcgung, damit Sie Ihr Paket auf jeder Etappe seiner Reise verfolgen k\u00f6nnen.<\/span><\/span><\/p><h3 class=\"wp-block-heading\" id=\"-competitive-pricing-\"><strong><span style=\"vertical-align: inherit;\"><span style=\"vertical-align: inherit;\">Wettbewerbsf\u00e4hige Preise<\/span><\/span><\/strong><\/h3><p><span style=\"vertical-align: inherit;\"><span style=\"vertical-align: inherit;\">Unsere direkten Partnerschaften mit Herstellern erm\u00f6glichen es uns, Ihnen Steroide, Peptide und HGH h\u00f6chster Qualit\u00e4t zu unschlagbaren Preisen anzubieten. Indem wir Zwischenh\u00e4ndler ausschalten, stellen wir sicher, dass unsere Kunden echte Produkte zum besten Preis erhalten. Um Ihr Einkaufserlebnis noch besser zu machen, bieten wir regelm\u00e4\u00dfig Rabatte und Sonderaktionen an, mit denen Sie noch mehr sparen k\u00f6nnen.<\/span><\/span><\/p><h3 class=\"wp-block-heading\" id=\"-expert-support-from-highly-trained-specialists-\"><strong><span style=\"vertical-align: inherit;\"><span style=\"vertical-align: inherit;\">Kompetente Unterst\u00fctzung durch hochqualifizierte Spezialisten<\/span><\/span><\/strong><\/h3><p><span style=\"vertical-align: inherit;\"><span style=\"vertical-align: inherit;\">PoseidonRX legt Wert darauf, erstklassigen Kundenservice zu bieten. Unser Team aus sachkundigen Kundendienstmitarbeitern und Ern\u00e4hrungsspezialisten beantwortet gerne alle Ihre Fragen und bietet Ihnen die Beratung, die Sie ben\u00f6tigen. Sie k\u00f6nnen sich jederzeit an uns wenden \u2013 wir helfen Ihnen gerne weiter.<\/span><\/span><\/p><h3 class=\"wp-block-heading\" id=\"-exclusive-offers-and-loyalty-rewards-\"><strong><span style=\"vertical-align: inherit;\"><span style=\"vertical-align: inherit;\">Exklusive Angebote und Treuepr\u00e4mien<\/span><\/span><\/strong><\/h3><p><span style=\"vertical-align: inherit;\"><span style=\"vertical-align: inherit;\">Unsere Kunden bedeuten uns alles und wir geben ihnen gerne etwas zur\u00fcck! Halten Sie Ausschau nach Sonderangeboten, Treuepr\u00e4mien und zeitlich begrenzten Rabatten von bis zu 70 %. Gelegentlich bieten wir kostenlosen Versand und sogar Geschenke zu Eink\u00e4ufen an, um Ihre Erfahrung mit uns noch lohnender zu machen.<\/span><\/span><\/p><h3 class=\"wp-block-heading\" id=\"-secure-private-ordering-\"><strong><span style=\"vertical-align: inherit;\"><span style=\"vertical-align: inherit;\">Sichere, private Bestellung<\/span><\/span><\/strong><\/h3><p><span style=\"vertical-align: inherit;\"><span style=\"vertical-align: inherit;\">Wir nehmen Ihre Privatsph\u00e4re und Sicherheit ernst. Bei PoseidonRX werden alle Transaktionen verschl\u00fcsselt, um sicherzustellen, dass Ihre sensiblen Informationen sicher und vertraulich bleiben. Wir respektieren Ihre Privatsph\u00e4re und versprechen, Ihre pers\u00f6nlichen Daten niemals zu verkaufen, zu vermieten oder an Dritte weiterzugeben. Sie werden niemals unerw\u00fcnschte E-Mails von uns erhalten.<\/span><\/span><\/p>","protected":false},"excerpt":{"rendered":"<p>Willkommen bei PoseidonRX.com \u2013 Ihrer vertrauensw\u00fcrdigen Quelle f\u00fcr hochwertige Anabolika und Wellnessprodukte! Bei PoseidonRX haben wir uns verpflichtet, unseren Kunden authentische, sichere und hochwirksame Produkte anzubieten, die Ihre Gesundheits- und Fitnessziele unterst\u00fctzen. Unser Online-Shop ist auf eine umfassende Produktpalette spezialisiert, darunter injizierbare Steroide, orale Anabolika, Produkte f\u00fcr die Post-Cycle-Therapie (PCT), menschliches Wachstumshormon (HGH) und menschliches [&hellip;]<\/p>\n","protected":false},"author":18,"featured_media":0,"parent":0,"menu_order":0,"comment_status":"closed","ping_status":"closed","template":"","meta":{"_gspb_post_css":"","footnotes":""},"class_list":["post-9432","page","type-page","status-publish","hentry"],"_links":{"self":[{"href":"https:\/\/poseidonrx.com\/de\/wp-json\/wp\/v2\/pages\/9432","targetHints":{"allow":["GET"]}}],"collection":[{"href":"https:\/\/poseidonrx.com\/de\/wp-json\/wp\/v2\/pages"}],"about":[{"href":"https:\/\/poseidonrx.com\/de\/wp-json\/wp\/v2\/types\/page"}],"author":[{"embeddable":true,"href":"https:\/\/poseidonrx.com\/de\/wp-json\/wp\/v2\/users\/18"}],"replies":[{"embeddable":true,"href":"https:\/\/poseidonrx.com\/de\/wp-json\/wp\/v2\/comments?post=9432"}],"version-history":[{"count":0,"href":"https:\/\/poseidonrx.com\/de\/wp-json\/wp\/v2\/pages\/9432\/revisions"}],"wp:attachment":[{"href":"https:\/\/poseidonrx.com\/de\/wp-json\/wp\/v2\/media?parent=9432"}],"curies":[{"name":"wp","href":"https:\/\/api.w.org\/{rel}","templated":true}]}}