{"id":9455,"date":"2024-11-07T13:30:15","date_gmt":"2024-11-07T18:30:15","guid":{"rendered":"https:\/\/poseidonrx.com\/terms-of-use\/"},"modified":"2025-01-13T09:48:16","modified_gmt":"2025-01-13T14:48:16","slug":"terms-of-use","status":"publish","type":"page","link":"https:\/\/poseidonrx.com\/da\/terms-of-use\/","title":{"rendered":"Vilk\u00e5r for brug"},"content":{"rendered":"<h2 class=\"wp-block-heading\" id=\"acceptance-of-terms\"><font style=\"vertical-align: inherit;\"><font style=\"vertical-align: inherit;\">Accept af vilk\u00e5r<\/font><\/font><\/h2>\n<p><font style=\"vertical-align: inherit;\"><font style=\"vertical-align: inherit;\">Ved at k\u00f8be produkter fra PoseidonRX, anerkender og accepterer du vores vilk\u00e5r og betingelser. Undlad venligst at bekr\u00e6fte din ordre, hvis du ikke accepterer disse vilk\u00e5r. Ordrer behandles og afsendes f\u00f8rst efter k\u00f8bers bekr\u00e6ftelse baseret p\u00e5 disse vilk\u00e5r og betingelser. Bestilling fra vores side udg\u00f8r en aftale om at overholde alle virksomhedens regler.<\/font><\/font><\/p>\n<h2 class=\"wp-block-heading\" id=\"affiliate-disclaimer\"><font style=\"vertical-align: inherit;\"><font style=\"vertical-align: inherit;\">Affiliate ansvarsfraskrivelse<\/font><\/font><\/h2>\n<p><font style=\"vertical-align: inherit;\"><font style=\"vertical-align: inherit;\">PoseidonRX fungerer som et tilknyttet websted og s\u00e6lger eller distribuerer ikke l\u00e6gemidler direkte. Alle k\u00f8b foretaget gennem kurven p\u00e5 denne side behandles af tredjepartsleverand\u00f8rer, som alene er ansvarlige for salg, forsendelse og levering af produkter. PoseidonRX tjener en kommission fra kvalificerende k\u00f8b, men er ikke involveret i direkte salg eller h\u00e5ndtering af nogen produkter.<\/font><\/font><\/p>\n<h2 class=\"wp-block-heading\" id=\"disclaimer\"><font style=\"vertical-align: inherit;\"><font style=\"vertical-align: inherit;\">Ansvarsfraskrivelse<\/font><\/font><\/h2>\n<p><font style=\"vertical-align: inherit;\"><font style=\"vertical-align: inherit;\">PoseidonRX p\u00e5tager sig intet ansvar for misbrug af solgte produkter. Oplysningerne p\u00e5 dette websted og eventuelle linkede sider er kun til generelle informationsform\u00e5l og er ikke beregnet til at fremme eller st\u00f8tte brugen af \u200b\u200bmedicin eller stoffer til form\u00e5l, der ikke er godkendt af sundhedsudbydere. Ved at se vores information eller k\u00f8be produkter, accepterer du at holde PoseidonRX, dets ledere, direkt\u00f8rer og tildelinger uskadelige fra enhver skade, forudset eller uforudset.<\/font><\/font><\/p>\n<p><font style=\"vertical-align: inherit;\"><font style=\"vertical-align: inherit;\">PoseidonRX g\u00e5r ikke ind for eller st\u00f8tter misbrug af produkter. Oplysningerne er ikke beregnet til at tilskynde til brug af anabolske steroider, andre l\u00e6gemidler eller kontrollerede stoffer. Vi kan ikke holdes ansvarlige for handlinger foretaget af vores kunder eller misbrug af vores indhold. R\u00e5df\u00f8r dig altid med en l\u00e6ge, f\u00f8r du overvejer brugen af \u200b\u200bkontrollerede stoffer, da misbrug kan f\u00f8re til alvorlige og varige helbredsproblemer.<\/font><\/font><\/p>\n<h2 class=\"wp-block-heading\" id=\"no-direct-sale-of-controlled-substances\"><strong><font style=\"vertical-align: inherit;\"><font style=\"vertical-align: inherit;\">Intet direkte salg af kontrollerede stoffer<\/font><\/font><\/strong><\/h2>\n<p><font style=\"vertical-align: inherit;\"><font style=\"vertical-align: inherit;\">Vi s\u00e6lger ikke kontrollerede stoffer direkte fra vores hjemmeside. Enhver henvisning til s\u00e5danne produkter er kun til informationsform\u00e5l. Det er udelukkende brugerens ansvar at sikre, at de overholder alle lokale, nationale og internationale love vedr\u00f8rende k\u00f8b og brug af farmaceutiske produkter.<\/font><\/font><\/p>\n<h2 class=\"wp-block-heading\" id=\"product-guarantee\"><font style=\"vertical-align: inherit;\"><font style=\"vertical-align: inherit;\">Produktgaranti<\/font><\/font><\/h2>\n<p><font style=\"vertical-align: inherit;\"><font style=\"vertical-align: inherit;\">Alle produkter kommer med trykte udl\u00f8bsdatoer. Hvis du modtager produkter med udl\u00f8bsdato, bedes du kontakte os med det samme og undlade at bruge varerne. Medmindre det er p\u00e5kr\u00e6vet ved lov, giver PoseidonRX ingen garantier, hverken udtrykkelige eller underforst\u00e5ede, vedr\u00f8rende kvaliteten eller egnetheden af \u200b\u200bprodukter til noget bestemt form\u00e5l.<\/font><\/font><\/p>\n<h2 class=\"wp-block-heading\" id=\"terms-of-purchase\"><font style=\"vertical-align: inherit;\"><font style=\"vertical-align: inherit;\">K\u00f8bsbetingelser<\/font><\/font><\/h2>\n<p><font style=\"vertical-align: inherit;\"><font style=\"vertical-align: inherit;\">Du skal v\u00e6re mindst 21 \u00e5r for at bestille fra PoseidonRX. Det er k\u00f8bers ansvar at forst\u00e5 og overholde deres eget lands importkrav. Alle produkter sendes:<\/font><\/font><\/p>\n<p><font style=\"vertical-align: inherit;\"><font style=\"vertical-align: inherit;\">P\u00e5 k\u00f8bers fulde risiko. Med en forst\u00e5else af, at k\u00f8beren alene er ansvarlig for eventuelle juridiske konsekvenser, hvis ordren ikke overholder lokale importregler. Internationale valutavariationer og \u00e6ndringer i opfyldelsesomkostninger kan p\u00e5virke priserne uden forudg\u00e5ende varsel. Produkttilg\u00e6ngeligheden kan \u00e6ndre sig til enhver tid. Ordrer er endelige, n\u00e5r betalingen er behandlet. Ved k\u00f8b vil du modtage en ordrebekr\u00e6ftelse e-mail med detaljer og sporingsoplysninger.<\/font><\/font><\/p>\n<h2 class=\"wp-block-heading\" id=\"delivery-of-products\"><font style=\"vertical-align: inherit;\"><font style=\"vertical-align: inherit;\">Levering af produkter<\/font><\/font><\/h2>\n<p><font style=\"vertical-align: inherit;\"><font style=\"vertical-align: inherit;\">Vi anvender sikre forsendelsesmetoder for at sikre diskret levering. Ordrer vil blive sendt til den leveringsadresse, der er angivet ved kassen, med leveringstider ansl\u00e5et som f\u00f8lger:<\/font><\/font><\/p>\n<p><font style=\"vertical-align: inherit;\"><font style=\"vertical-align: inherit;\">Almindelig luftpost: 10-13 dage i USA, 9-12 dage i Europa. Ekspresforsendelser: 1-3 hverdage. Levering til Tyskland, Canada og Australien via anbefalet post: 12-15 hverdage. Leveringstider kan variere p\u00e5 grund af helligdage eller uforudsete postforsendelser. Leveringsdatoer er sk\u00f8n og er ikke garanteret. N\u00e5r din pakke er modtaget og verificeret, er PoseidonRX ikke l\u00e6ngere ansvarlig for tabte eller beskadigede varer. Vi har fastholdt en h\u00f8j succesrate for internationale leverancer; ordrer, der ikke modtages p\u00e5 grund af forkerte forsendelsesoplysninger eller modtagerens utilg\u00e6ngelighed, kan dog ikke sendes igen. Kun varer beslaglagt af toldmyndighederne eller beskadiget under levering er berettiget til genforsendelse.<\/font><\/font><\/p>\n<h2 class=\"wp-block-heading\" id=\"liability\"><font style=\"vertical-align: inherit;\"><font style=\"vertical-align: inherit;\">Ansvar<\/font><\/font><\/h2>\n<p><font style=\"vertical-align: inherit;\"><font style=\"vertical-align: inherit;\">PoseidonRX er ikke ansvarlig for tab p\u00e5 grund af un\u00f8jagtige forsendelsesoplysninger eller manglende leverancer. P\u00e5 grund af de anvendte diskrete forsendelsesmetoder kan forsendelser ikke returneres.<\/font><\/font><\/p>\n","protected":false},"excerpt":{"rendered":"<p>Accept af vilk\u00e5r Ved at k\u00f8be produkter fra PoseidonRX, anerkender og accepterer du vores vilk\u00e5r og betingelser. Undlad venligst at bekr\u00e6fte din ordre, hvis du ikke accepterer disse vilk\u00e5r. Ordrer behandles og afsendes f\u00f8rst efter k\u00f8bers bekr\u00e6ftelse baseret p\u00e5 disse vilk\u00e5r og betingelser. Bestilling fra vores side udg\u00f8r en aftale om at overholde alle virksomhedens [&hellip;]<\/p>\n","protected":false},"author":18,"featured_media":0,"parent":0,"menu_order":0,"comment_status":"closed","ping_status":"closed","template":"","meta":{"_gspb_post_css":"","footnotes":""},"class_list":["post-9455","page","type-page","status-publish","hentry"],"_links":{"self":[{"href":"https:\/\/poseidonrx.com\/da\/wp-json\/wp\/v2\/pages\/9455","targetHints":{"allow":["GET"]}}],"collection":[{"href":"https:\/\/poseidonrx.com\/da\/wp-json\/wp\/v2\/pages"}],"about":[{"href":"https:\/\/poseidonrx.com\/da\/wp-json\/wp\/v2\/types\/page"}],"author":[{"embeddable":true,"href":"https:\/\/poseidonrx.com\/da\/wp-json\/wp\/v2\/users\/18"}],"replies":[{"embeddable":true,"href":"https:\/\/poseidonrx.com\/da\/wp-json\/wp\/v2\/comments?post=9455"}],"version-history":[{"count":0,"href":"https:\/\/poseidonrx.com\/da\/wp-json\/wp\/v2\/pages\/9455\/revisions"}],"wp:attachment":[{"href":"https:\/\/poseidonrx.com\/da\/wp-json\/wp\/v2\/media?parent=9455"}],"curies":[{"name":"wp","href":"https:\/\/api.w.org\/{rel}","templated":true}]}}