{"id":9451,"date":"2024-11-07T13:12:08","date_gmt":"2024-11-07T12:12:08","guid":{"rendered":"https:\/\/poseidonrx.com\/faq\/"},"modified":"2026-02-02T10:52:13","modified_gmt":"2026-02-02T09:52:13","slug":"faq","status":"publish","type":"page","link":"https:\/\/poseidonrx.com\/da\/faq\/","title":{"rendered":"Ofte stillede sp\u00f8rgsm\u00e5l (FAQ)"},"content":{"rendered":"<h2 class=\"wp-block-heading\" id=\"where-do-you-ship-from\"><span style=\"vertical-align: inherit;\"><span style=\"vertical-align: inherit;\">Hvor sender du fra?<\/span><\/span><\/h2><p><span style=\"vertical-align: inherit;\"><span style=\"vertical-align: inherit;\">Vi arrangerer forsendelser fra EU, og vores organisationsnavn er aldrig angivet p\u00e5 nogen pakke. For at sikre maksimal diskretion og st\u00f8rst sandsynlighed for succesfuld levering afsendes forsendelser fra forskellige steder i hele EU.<\/span><\/span><\/p><h2 class=\"wp-block-heading\" id=\"shipping\"><span style=\"vertical-align: inherit;\"><span style=\"vertical-align: inherit;\">Sender du internationalt?<\/span><\/span><\/h2><p><span style=\"vertical-align: inherit;\"><span style=\"vertical-align: inherit;\">Nej, PoseidonRX sender inden for EU og de baltiske lande.<\/span><\/span><\/p><h2 class=\"wp-block-heading\" id=\"how-long-will-it-take-to-get-my-package\"><span style=\"vertical-align: inherit;\"><span style=\"vertical-align: inherit;\">Hvor lang tid tager det at f\u00e5 min pakke?<\/span><\/span><\/h2><p><span style=\"vertical-align: inherit;\"><span style=\"vertical-align: inherit;\">N\u00e5r din ordre er afgivet, modtager du en bekr\u00e6ftelses-e-mail med dine k\u00f8bte varer. Efter betaling er modtaget, behandler og afsender vi ordrer inden for 2-5 hverdage. Leveringstider varierer baseret p\u00e5 forsendelsesmetode, posttjenestens effektivitet, told og andre faktorer, s\u00e5 vi kan kun give sk\u00f8n:<\/span><\/span><\/p><ul class=\"wp-block-list\"><li>Forsendelse inden for Europa: cirka 7-10 hverdage. (Vi sender inden for EU, ingen yderligere afgifter)<\/li><\/ul><h2 class=\"wp-block-heading\" id=\"what-is-the-shipping-rate\"><span style=\"vertical-align: inherit;\"><span style=\"vertical-align: inherit;\">Hvad er forsendelsesprisen?<\/span><\/span><\/h2><p><span style=\"vertical-align: inherit;\"><span style=\"vertical-align: inherit;\">Vi tilbyder en fast forsendelsespris p\u00e5 <\/span><\/span><strong><span style=\"vertical-align: inherit;\"><span style=\"vertical-align: inherit;\"> (20 EUR)<\/span><\/span><\/strong><span style=\"vertical-align: inherit;\"><span style=\"vertical-align: inherit;\"> for alle ordrer.<\/span><\/span><\/p><h2 class=\"wp-block-heading\" id=\"how-can-i-track-my-order\"><span style=\"vertical-align: inherit;\"><span style=\"vertical-align: inherit;\">Hvordan kan jeg spore min ordre?<\/span><\/span><\/h2><p><span style=\"vertical-align: inherit;\"><span style=\"vertical-align: inherit;\">N\u00e5r din ordre er afsendt, modtager du et sporingsnummer via e-mail. Brug dette sporingsnummer p\u00e5 det relevante posttjenestewebsted til at overv\u00e5ge din pakkes fremskridt. Husk, at det kan tage et par dage, f\u00f8r sporingsoplysningerne opdateres.<\/span><\/span><\/p><h2 class=\"wp-block-heading\" id=\"are-my-orders-packaged-discreetly\"><strong><span style=\"vertical-align: inherit;\"><span style=\"vertical-align: inherit;\">Er mine ordrer pakket diskret?<\/span><\/span><\/strong><\/h2><p><span style=\"vertical-align: inherit;\"><span style=\"vertical-align: inherit;\">Ja, vi prioriterer privatliv og sikkerhed. Vores pakker er almindelige, uden firmam\u00e6rker eller etiketter relateret til produktindholdet. Din ordre vil ankomme i generisk emballage for at sikre fuldst\u00e6ndig diskretion.<\/span><\/span><\/p><h2 class=\"wp-block-heading\" id=\"payment\"><strong><span style=\"vertical-align: inherit;\"><span style=\"vertical-align: inherit;\">Hvilke betalingsmetoder accepterer du?<\/span><\/span><\/strong><\/h2><p>We currently accept secure payment methods, including Visa and Mastercard. Write us if you want to pay using crypto.<\/p><h2 class=\"wp-block-heading\" id=\"do-you-offer-refunds-or-exchanges\"><strong><span style=\"vertical-align: inherit;\"><span style=\"vertical-align: inherit;\">Tilbyder du refusion eller ombytning?<\/span><\/span><\/strong><\/h2><p><span style=\"vertical-align: inherit;\"><span style=\"vertical-align: inherit;\">P\u00e5 grund af arten af \u200b\u200bvores produkter er alt salg endeligt. Men hvis du st\u00f8der p\u00e5 et problem med din ordre (f.eks. manglende varer eller forkert produkt), bedes du kontakte vores supportteam inden for 48 timer efter modtagelse af din pakke, og vi vil arbejde p\u00e5 at l\u00f8se problemet.<\/span><\/span><\/p><h2 class=\"wp-block-heading\" id=\"will-i-need-to-sign-for-my-package\"><strong><span style=\"vertical-align: inherit;\"><span style=\"vertical-align: inherit;\">Skal jeg skrive under p\u00e5 min pakke?<\/span><\/span><\/strong><\/h2><p><span style=\"vertical-align: inherit;\"><span style=\"vertical-align: inherit;\">I de fleste tilf\u00e6lde kr\u00e6ver pakker ikke en underskrift ved levering. Dette kan dog variere alt efter land og lokale krav til posttjenester. For ekstra sikkerhed anbefaler vi at v\u00e6re til stede p\u00e5 leveringsstedet, n\u00e5r pakken forventes.<\/span><\/span><\/p><h2 class=\"wp-block-heading\" id=\"do-you-guarantee-delivery\"><span style=\"vertical-align: inherit;\"><span style=\"vertical-align: inherit;\">Garanterer du levering?<\/span><\/span><\/h2><p><span style=\"vertical-align: inherit;\"><span style=\"vertical-align: inherit;\">Vi str\u00e6ber efter at sikre succesfulde leveringer over hele verden og pakker hver ordre for at undg\u00e5 toldproblemer. Selvom vi ikke kan kontrollere alle aspekter af forsendelsesprocessen, har vi en h\u00f8j succesrate. Hvis en pakke ikke ankommer, skal du kontakte vores supportteam, og vi vil arbejde sammen med dig om at l\u00f8se problemet.<\/span><\/span><\/p><h2 class=\"wp-block-heading\" id=\"what-is-the-likelihood-that-my-package-will-be-seized-by-customs\"><strong><span style=\"vertical-align: inherit;\"><span style=\"vertical-align: inherit;\">Hvad er sandsynligheden for, at min pakke bliver beslaglagt af toldmyndighederne?<\/span><\/span><\/strong><\/h2><p>It\u2019s very rare! For orders shipped to the EU, we maintain a 99.9% success rate in delivering products to our customers. However, in the unlikely event of a seizure, we offer a free replacement policy. We will either reship your order at no additional cost or credit your account for a future purchase on our site. Simply email us the official seizure notification from the post office or customs, and we will arrange for a replacement within 3 business days.<\/p><h2 class=\"wp-block-heading\" id=\"how-do-i-contact-poseidonrx-customer-support\"><span style=\"vertical-align: inherit;\"><span style=\"vertical-align: inherit;\">Hvordan kontakter jeg PoseidonRX kundesupport?<\/span><\/span><\/h2><p><span style=\"vertical-align: inherit;\"><span style=\"vertical-align: inherit;\">Hvis du har andre sp\u00f8rgsm\u00e5l eller bekymringer, s\u00e5 t\u00f8v ikke med at kontakte vores supportteam via vores&nbsp; <\/span><\/span><span style=\"vertical-align: inherit;\"><span style=\"vertical-align: inherit;\">Kontakt os-<\/span><\/span><span style=\"vertical-align: inherit;\"><span style=\"vertical-align: inherit;\"> side eller via live chat! Vi er her for at hj\u00e6lpe med eventuelle foresp\u00f8rgsler, du m\u00e5tte have vedr\u00f8rende din ordre eller vores produkter.<\/span><\/span><\/p>","protected":false},"excerpt":{"rendered":"<p>Hvor sender du fra? Vi arrangerer forsendelser fra EU, og vores organisationsnavn er aldrig angivet p\u00e5 nogen pakke. For at sikre maksimal diskretion og st\u00f8rst sandsynlighed for succesfuld levering afsendes forsendelser fra forskellige steder i hele EU. Sender du internationalt? Nej, PoseidonRX sender inden for EU og de baltiske lande. Hvor lang tid tager det [&hellip;]<\/p>\n","protected":false},"author":18,"featured_media":0,"parent":0,"menu_order":0,"comment_status":"closed","ping_status":"closed","template":"","meta":{"_gspb_post_css":"","footnotes":""},"class_list":["post-9451","page","type-page","status-publish","hentry"],"_links":{"self":[{"href":"https:\/\/poseidonrx.com\/da\/wp-json\/wp\/v2\/pages\/9451","targetHints":{"allow":["GET"]}}],"collection":[{"href":"https:\/\/poseidonrx.com\/da\/wp-json\/wp\/v2\/pages"}],"about":[{"href":"https:\/\/poseidonrx.com\/da\/wp-json\/wp\/v2\/types\/page"}],"author":[{"embeddable":true,"href":"https:\/\/poseidonrx.com\/da\/wp-json\/wp\/v2\/users\/18"}],"replies":[{"embeddable":true,"href":"https:\/\/poseidonrx.com\/da\/wp-json\/wp\/v2\/comments?post=9451"}],"version-history":[{"count":0,"href":"https:\/\/poseidonrx.com\/da\/wp-json\/wp\/v2\/pages\/9451\/revisions"}],"wp:attachment":[{"href":"https:\/\/poseidonrx.com\/da\/wp-json\/wp\/v2\/media?parent=9451"}],"curies":[{"name":"wp","href":"https:\/\/api.w.org\/{rel}","templated":true}]}}