{"id":9448,"date":"2022-10-10T14:50:17","date_gmt":"2022-10-10T18:50:17","guid":{"rendered":"https:\/\/poseidonrx.com\/contact-us\/"},"modified":"2025-01-13T09:42:00","modified_gmt":"2025-01-13T14:42:00","slug":"contact-us","status":"publish","type":"page","link":"https:\/\/poseidonrx.com\/da\/contact-us\/","title":{"rendered":"Kontakt os"},"content":{"rendered":"<p style=\"text-align: center;\"><strong><font style=\"vertical-align: inherit;\"><font style=\"vertical-align: inherit;\">VORES KUNDESUPPORTTEAM ER HER FOR AT HJ\u00c6LPE DIG OG VIL SVARERE P\u00c5 DINE SP\u00d8RGSM\u00c5L OMTRENDE.<\/font><\/font><\/strong><\/p>\n<p style=\"text-align: center;\"><font style=\"vertical-align: inherit;\"><font style=\"vertical-align: inherit;\">For information om forsendelsesmuligheder og betalingsmetoder, bes\u00f8g venligst vores <\/font><\/font><br \/><font style=\"vertical-align: inherit;\"><font style=\"vertical-align: inherit;\">forsendelses- og betalingsside<\/font><\/font><font style=\"vertical-align: inherit;\"><font style=\"vertical-align: inherit;\"> , hvor vi besvarer ofte stillede sp\u00f8rgsm\u00e5l.<\/font><\/font><\/p>\n<p style=\"text-align: center;\"><font style=\"vertical-align: inherit;\"><font style=\"vertical-align: inherit;\">For foresp\u00f8rgsler vedr\u00f8rende din aktuelle ordre, betalingsstatus eller leveringsstatus, kan du finde nyttige ressourcer nedenfor:<\/font><\/font><\/p>\n<h2><strong><font style=\"vertical-align: inherit;\"><font style=\"vertical-align: inherit;\">S\u00c5DAN FINDER DU DIN SPORINGSKODE<\/font><\/font><\/strong><\/h2>\n<p><font style=\"vertical-align: inherit;\"><font style=\"vertical-align: inherit;\">N\u00e5r betalingen er bekr\u00e6ftet, og din ordre er afsendt fra vores lager, vil din sporingskode v\u00e6re tilg\u00e6ngelig inden for 2-5 hverdage.<\/font><\/font><\/p>\n<p><font style=\"vertical-align: inherit;\"><font style=\"vertical-align: inherit;\">M\u00e5der at finde din sporingskode p\u00e5:<\/font><\/font><\/p>\n<ul>\n<li><strong><font style=\"vertical-align: inherit;\"><font style=\"vertical-align: inherit;\">E-mail-besked:<\/font><\/font><\/strong><font style=\"vertical-align: inherit;\"><font style=\"vertical-align: inherit;\"> Din sporingskode sendes automatisk til den e-mailadresse, der er knyttet til din konto.<\/font><\/font><\/li>\n<li><strong><font style=\"vertical-align: inherit;\"><font style=\"vertical-align: inherit;\">Websted:<\/font><\/font><\/strong><font style=\"vertical-align: inherit;\"><font style=\"vertical-align: inherit;\"> Log ind p\u00e5 din konto, og g\u00e5 til Min konto &gt; Ordrehistorik for at finde dine sporingsdetaljer.<\/font><\/font><\/li>\n<\/ul>\n<p style=\"text-align: center;\"><font style=\"vertical-align: inherit;\"><font style=\"vertical-align: inherit;\">Bes\u00f8g MIN KONTO<\/font><\/font><\/p>\n<h2><strong><font style=\"vertical-align: inherit;\"><font style=\"vertical-align: inherit;\">SPOR DIN ORDRE ONLINE<\/font><\/font><\/strong><\/h2>\n<p style=\"text-align: center;\">&nbsp;<\/p>\n<p><img data-lazyloaded=\"1\" src=\"http:\/\/poseidonrx.com\/wp-content\/uploads\/2024\/11\/usps-300x60.png\" decoding=\"async\" class=\"alignnone wp-image-6832 size-medium entered litespeed-loaded\" title=\"usps\" data-src=\"http:\/\/poseidonrx.com\/wp-content\/uploads\/2024\/11\/usps-300x60.png\" alt=\"usps\" width=\"300\" height=\"60\" data-srcset=\"http:\/\/poseidonrx.com\/wp-content\/uploads\/2024\/11\/usps-300x60.png 300w, http:\/\/poseidonrx.com\/wp-content\/uploads\/2024\/11\/usps-1024x204.png 1024w, http:\/\/poseidonrx.com\/wp-content\/uploads\/2024\/11\/usps-597x119.png 597w, http:\/\/poseidonrx.com\/wp-content\/uploads\/2024\/11\/usps.png 341w\" data-sizes=\"(max-width: 300px) 100vw, 300px\" data-ll-status=\"loaded\" sizes=\"(max-width: 300px) 100vw, 300px\" srcset=\"http:\/\/poseidonrx.com\/wp-content\/uploads\/2024\/11\/usps-300x60.png 300w, http:\/\/poseidonrx.com\/wp-content\/uploads\/2024\/11\/usps-1024x204.png 1024w, http:\/\/poseidonrx.com\/wp-content\/uploads\/2024\/11\/usps-597x119.png 597w, http:\/\/poseidonrx.com\/wp-content\/uploads\/2024\/11\/usps.png 341w\"><\/p>\n<p style=\"text-align: center;\"><font style=\"vertical-align: inherit;\"><font style=\"vertical-align: inherit;\">For amerikanske leverancer eller importerede pakker, der har fortoldet, spor din ordre p\u00e5 USPS.COM.<\/font><\/font><\/p>\n<h2><strong><font style=\"vertical-align: inherit;\"><font style=\"vertical-align: inherit;\">KONTROLLER DIN BETALINGS- OG BESTILLINGSSTATUS<\/font><\/font><\/strong><\/h2>\n<ul>\n<li><strong><font style=\"vertical-align: inherit;\"><font style=\"vertical-align: inherit;\">Betalingsstatus:<\/font><\/font><\/strong><font style=\"vertical-align: inherit;\"><font style=\"vertical-align: inherit;\"> Se, om din betaling er godkendt, afventende eller afvist.<\/font><\/font><\/li>\n<li><strong><font style=\"vertical-align: inherit;\"><font style=\"vertical-align: inherit;\">Ordrestatus:<\/font><\/font><\/strong><font style=\"vertical-align: inherit;\"><font style=\"vertical-align: inherit;\"> Tjek, om din ordre behandles, afsendes eller omsendes i tilf\u00e6lde af en toldtilbageholdelse.<\/font><\/font><\/li>\n<\/ul>\n<h3 style=\"text-align: center;\"><strong><font style=\"vertical-align: inherit;\"><font style=\"vertical-align: inherit;\">DIN TILFREDSHED ER VIGTIG FOR OS P\u00c5 POSEIDONRX.COM!<\/font><\/font><\/strong><\/h3>\n<p style=\"text-align: center;\"><font style=\"vertical-align: inherit;\"><font style=\"vertical-align: inherit;\">For sp\u00f8rgsm\u00e5l, feedback eller hj\u00e6lp til at v\u00e6lge de bedste produkter, bedes du kontakte os.<\/font><\/font><\/p>\n<p style=\"text-align: center;\"><font style=\"vertical-align: inherit;\"><font style=\"vertical-align: inherit;\">support@poseidonrx.com<\/font><\/font><\/p>\n<p style=\"text-align: center;\"><em><font style=\"vertical-align: inherit;\"><font style=\"vertical-align: inherit;\">*Vores supportteam svarer inden for 24 arbejdstimer. Anmodninger indgivet om fredagen kan behandles den f\u00f8lgende mandag. Vi s\u00e6tter pris p\u00e5 din forst\u00e5else og t\u00e5lmodighed.<\/font><\/font><\/em><\/p>\n","protected":false},"excerpt":{"rendered":"<p>VORES KUNDESUPPORTTEAM ER HER FOR AT HJ\u00c6LPE DIG OG VIL SVARERE P\u00c5 DINE SP\u00d8RGSM\u00c5L OMTRENDE. For information om forsendelsesmuligheder og betalingsmetoder, bes\u00f8g venligst vores forsendelses- og betalingsside , hvor vi besvarer ofte stillede sp\u00f8rgsm\u00e5l. For foresp\u00f8rgsler vedr\u00f8rende din aktuelle ordre, betalingsstatus eller leveringsstatus, kan du finde nyttige ressourcer nedenfor: S\u00c5DAN FINDER DU DIN SPORINGSKODE N\u00e5r [&hellip;]<\/p>\n","protected":false},"author":18,"featured_media":0,"parent":0,"menu_order":0,"comment_status":"closed","ping_status":"closed","template":"","meta":{"_gspb_post_css":"","footnotes":""},"class_list":["post-9448","page","type-page","status-publish","hentry"],"_links":{"self":[{"href":"https:\/\/poseidonrx.com\/da\/wp-json\/wp\/v2\/pages\/9448","targetHints":{"allow":["GET"]}}],"collection":[{"href":"https:\/\/poseidonrx.com\/da\/wp-json\/wp\/v2\/pages"}],"about":[{"href":"https:\/\/poseidonrx.com\/da\/wp-json\/wp\/v2\/types\/page"}],"author":[{"embeddable":true,"href":"https:\/\/poseidonrx.com\/da\/wp-json\/wp\/v2\/users\/18"}],"replies":[{"embeddable":true,"href":"https:\/\/poseidonrx.com\/da\/wp-json\/wp\/v2\/comments?post=9448"}],"version-history":[{"count":0,"href":"https:\/\/poseidonrx.com\/da\/wp-json\/wp\/v2\/pages\/9448\/revisions"}],"wp:attachment":[{"href":"https:\/\/poseidonrx.com\/da\/wp-json\/wp\/v2\/media?parent=9448"}],"curies":[{"name":"wp","href":"https:\/\/api.w.org\/{rel}","templated":true}]}}