{"id":9445,"date":"2022-10-10T16:32:54","date_gmt":"2022-10-10T20:32:54","guid":{"rendered":"https:\/\/poseidonrx.com\/about-us\/"},"modified":"2025-01-21T07:46:54","modified_gmt":"2025-01-21T12:46:54","slug":"about-us","status":"publish","type":"page","link":"https:\/\/poseidonrx.com\/da\/about-us\/","title":{"rendered":"Om os"},"content":{"rendered":"<figure class=\"wp-block-image alignwide\"><img decoding=\"async\" width=\"1360\" height=\"768\" src=\"http:\/\/poseidonrx.com\/wp-content\/uploads\/2025\/01\/poseidonrx-about.jpg\" alt=\"poseidonrx om\" class=\"wp-image-10763\" srcset=\"https:\/\/poseidonrx.com\/wp-content\/uploads\/2025\/01\/poseidonrx-about.jpg 1360w, https:\/\/poseidonrx.com\/wp-content\/uploads\/2025\/01\/poseidonrx-about-300x169.jpg 300w, https:\/\/poseidonrx.com\/wp-content\/uploads\/2025\/01\/poseidonrx-about-1024x578.jpg 1024w, https:\/\/poseidonrx.com\/wp-content\/uploads\/2025\/01\/poseidonrx-about-599x338.jpg 599w\" sizes=\"(max-width: 1360px) 100vw, 1360px\" \/><\/figure><p class=\"has-text-align-center has-large-font-size\" style=\"line-height:1.4\"><span style=\"vertical-align: inherit;\"><span style=\"vertical-align: inherit;\">Velkommen til PoseidonRX.com \u2013 Din betroede kilde til h\u00f8jkvalitets anabolske steroider og wellness-produkter!<\/span><\/span><\/p><p><span style=\"vertical-align: inherit;\"><span style=\"vertical-align: inherit;\">Hos PoseidonRX er vi forpligtet til at give vores kunder autentiske, sikre og yderst effektive produkter designet til at underst\u00f8tte dine sundheds- og fitnessm\u00e5l. Vores onlinebutik er specialiseret i et omfattende udvalg af produkter, herunder injicerbare steroider, orale anabolske steroider, postcyklusterapi (PCT) produkter, humant v\u00e6ksthormon (HGH) og humant choriongonadotropin (HCG), hormoner og seksuelle stimulanser. Vi arbejder udelukkende med velrenommerede producenter som Balkan Pharmaceuticals og SP Laboratories, og garanterer de h\u00f8jeste standarder for kvalitet og effektivitet for hvert produkt.<\/span><\/span><\/p><h2 class=\"wp-block-heading\" id=\"-why-choose-poseidonrx-\"><strong><span style=\"vertical-align: inherit;\"><span style=\"vertical-align: inherit;\">Hvorfor v\u00e6lge PoseidonRX?<\/span><\/span><\/strong><\/h2><h3 class=\"wp-block-heading\" id=\"-authentic-certified-products-\"><strong><span style=\"vertical-align: inherit;\"><span style=\"vertical-align: inherit;\">Autentiske, certificerede produkter<\/span><\/span><\/strong><\/h3><p><span style=\"vertical-align: inherit;\"><span style=\"vertical-align: inherit;\">Dit helbred og sikkerhed er vores topprioriteter. Alle vores produkter overholder strenge internationale produktionsstandarder og overholder strenge medicinske og sanit\u00e6re regler. Fremstillet af SP Laboratories, er hver genstand fremstillet ved hj\u00e6lp af avancerede teknologier, der sikrer b\u00e5de sikkerhed og effektivitet. Du kan stole p\u00e5, at hvert produkt, vi tilbyder, opfylder \u2013 og ofte overg\u00e5r \u2013 branchens strengeste sikkerhedsstandarder.<\/span><\/span><\/p><h3 class=\"wp-block-heading\" id=\"verify-product-legitimacy\"><strong><span style=\"vertical-align: inherit;\"><span style=\"vertical-align: inherit;\">Bekr\u00e6ft produktets legitimitet<\/span><\/span><\/strong><\/h3><p><span style=\"vertical-align: inherit;\"><span style=\"vertical-align: inherit;\">Vi tror p\u00e5 fuldst\u00e6ndig gennemsigtighed og \u00f8nsker, at vores kunder skal f\u00f8le sig trygge ved deres k\u00f8b. N\u00e5r du har modtaget dine produkter, kan du bekr\u00e6fte deres \u00e6gthed ved at tjekke det unikke serienummer p\u00e5 etiketten. Dette sikrer, at du f\u00e5r et \u00e6gte produkt direkte fra producenten. <\/span><\/span><br><span style=\"vertical-align: inherit;\"><span style=\"vertical-align: inherit;\"><br>Her er nogle producenter, der leverer v\u00e6rkt\u00f8jer til online \u00e6gthedsverifikation:<\/span><\/span><\/p><ul class=\"wp-block-list\"><li><strong><span style=\"vertical-align: inherit;\"><span style=\"vertical-align: inherit;\">Balkan Pharmaceuticals<\/span><\/span><\/strong><span style=\"vertical-align: inherit;\"><span style=\"vertical-align: inherit;\"> :\u00a0 <a href=\"https:\/\/balkanpharmaceuticals.com\/\" data-type=\"link\" data-id=\"https:\/\/balkanpharmaceuticals.com\/\" rel=\"nofollow noopener\" target=\"_blank\">Bekr\u00e6ft her<\/a><\/span><\/span><\/li>\n\n<li><strong><span style=\"vertical-align: inherit;\"><span style=\"vertical-align: inherit;\">SP Laboratory<\/span><\/span><\/strong><span style=\"vertical-align: inherit;\"><span style=\"vertical-align: inherit;\"> :\u00a0 <a href=\"http:\/\/sp-laboratory.com\/antypiracy.html\" rel=\"nofollow noopener\" target=\"_blank\">Bekr\u00e6ft her<\/a><\/span><\/span><\/li>\n\n<li><strong><span style=\"vertical-align: inherit;\"><span style=\"vertical-align: inherit;\">Dragon Pharma<\/span><\/span><\/strong><span style=\"vertical-align: inherit;\"><span style=\"vertical-align: inherit;\"> :\u00a0 <a href=\"https:\/\/authenticate.dragonpharma.in\/\" data-type=\"link\" data-id=\"https:\/\/authenticate.dragonpharma.in\/\" rel=\"nofollow noopener\" target=\"_blank\">Bekr\u00e6ft her<\/a><\/span><\/span><\/li><\/ul><p><span style=\"vertical-align: inherit;\"><span style=\"vertical-align: inherit;\">Dette ekstra lag af verifikation garanterer, at du k\u00f8ber autentiske produkter af h\u00f8j kvalitet hver gang.<\/span><\/span><\/p><h3 class=\"wp-block-heading\" id=\"-fast-shipping-reliable-delivery-\"><strong><span style=\"vertical-align: inherit;\"><span style=\"vertical-align: inherit;\">Hurtig forsendelse &amp; p\u00e5lidelig levering<\/span><\/span><\/strong><\/h3><p><span style=\"vertical-align: inherit;\"><span style=\"vertical-align: inherit;\">PoseidonRX er dedikeret til at sikre, at dine produkter n\u00e5r dig hurtigt og sikkert. Med tusindvis af pakker afsendt over hele verden, er vi stolte af en h\u00f8j leveringssuccesrate. Alle ordrer sendes diskret, og vi leverer sporingsnumre, s\u00e5 du kan f\u00f8lge din pakke p\u00e5 hvert trin af dens rejse.<\/span><\/span><\/p><h3 class=\"wp-block-heading\" id=\"-competitive-pricing-\"><strong><span style=\"vertical-align: inherit;\"><span style=\"vertical-align: inherit;\">Konkurrencedygtige priser<\/span><\/span><\/strong><\/h3><p><span style=\"vertical-align: inherit;\"><span style=\"vertical-align: inherit;\">Vores direkte partnerskaber med producenter g\u00f8r det muligt for os at tilbyde dig steroider, peptider og HGH af h\u00f8jeste kvalitet til uovertrufne priser. Ved at fjerne mellemhandlere sikrer vi, at vores kunder f\u00e5r \u00e6gte produkter til den bedste pris. For at g\u00f8re din shoppingoplevelse endnu bedre tilbyder vi med j\u00e6vne mellemrum rabatter og s\u00e6rlige kampagner for at hj\u00e6lpe dig med at spare endnu mere.<\/span><\/span><\/p><h3 class=\"wp-block-heading\" id=\"-expert-support-from-highly-trained-specialists-\"><strong><span style=\"vertical-align: inherit;\"><span style=\"vertical-align: inherit;\">Ekspertst\u00f8tte fra h\u00f8jtuddannede specialister<\/span><\/span><\/strong><\/h3><p><span style=\"vertical-align: inherit;\"><span style=\"vertical-align: inherit;\">PoseidonRX er forpligtet til at levere f\u00f8rsteklasses kundeservice. Vores team af kyndige kundeservicemedarbejdere og ern\u00e6ringsspecialister er her for at besvare alle dine sp\u00f8rgsm\u00e5l og give dig den vejledning, du har brug for. Du er velkommen til at kontakte os n\u00e5r som helst &#8211; vi er altid glade for at hj\u00e6lpe.<\/span><\/span><\/p><h3 class=\"wp-block-heading\" id=\"-exclusive-offers-and-loyalty-rewards-\"><strong><span style=\"vertical-align: inherit;\"><span style=\"vertical-align: inherit;\">Eksklusive tilbud og loyalitetsbel\u00f8nninger<\/span><\/span><\/strong><\/h3><p><span style=\"vertical-align: inherit;\"><span style=\"vertical-align: inherit;\">Vores kunder betyder alverden for os, og vi elsker at give tilbage! Hold \u00f8je med s\u00e6rlige kampagner, loyalitetsbonusser og tidsbegr\u00e6nsede rabatter p\u00e5 op til 70 % rabat. Vi tilbyder lejlighedsvis gratis forsendelse og endda gaver ved k\u00f8b for at g\u00f8re din oplevelse med os endnu mere givende.<\/span><\/span><\/p><h3 class=\"wp-block-heading\" id=\"-secure-private-ordering-\"><strong><span style=\"vertical-align: inherit;\"><span style=\"vertical-align: inherit;\">Sikker, privat bestilling<\/span><\/span><\/strong><\/h3><p><span style=\"vertical-align: inherit;\"><span style=\"vertical-align: inherit;\">Vi tager dit privatliv og sikkerhed alvorligt. Hos PoseidonRX er alle transaktioner krypteret, hvilket sikrer, at dine f\u00f8lsomme oplysninger forbliver sikre og fortrolige. Vi respekterer dit privatliv og lover aldrig at s\u00e6lge, leje eller dele dine personlige oplysninger med nogen tredjepart. Du vil aldrig modtage uopfordrede e-mails fra os.<\/span><\/span><\/p>","protected":false},"excerpt":{"rendered":"<p>Velkommen til PoseidonRX.com \u2013 Din betroede kilde til h\u00f8jkvalitets anabolske steroider og wellness-produkter! Hos PoseidonRX er vi forpligtet til at give vores kunder autentiske, sikre og yderst effektive produkter designet til at underst\u00f8tte dine sundheds- og fitnessm\u00e5l. Vores onlinebutik er specialiseret i et omfattende udvalg af produkter, herunder injicerbare steroider, orale anabolske steroider, postcyklusterapi (PCT) [&hellip;]<\/p>\n","protected":false},"author":18,"featured_media":0,"parent":0,"menu_order":0,"comment_status":"closed","ping_status":"closed","template":"","meta":{"_gspb_post_css":"","footnotes":""},"class_list":["post-9445","page","type-page","status-publish","hentry"],"_links":{"self":[{"href":"https:\/\/poseidonrx.com\/da\/wp-json\/wp\/v2\/pages\/9445","targetHints":{"allow":["GET"]}}],"collection":[{"href":"https:\/\/poseidonrx.com\/da\/wp-json\/wp\/v2\/pages"}],"about":[{"href":"https:\/\/poseidonrx.com\/da\/wp-json\/wp\/v2\/types\/page"}],"author":[{"embeddable":true,"href":"https:\/\/poseidonrx.com\/da\/wp-json\/wp\/v2\/users\/18"}],"replies":[{"embeddable":true,"href":"https:\/\/poseidonrx.com\/da\/wp-json\/wp\/v2\/comments?post=9445"}],"version-history":[{"count":0,"href":"https:\/\/poseidonrx.com\/da\/wp-json\/wp\/v2\/pages\/9445\/revisions"}],"wp:attachment":[{"href":"https:\/\/poseidonrx.com\/da\/wp-json\/wp\/v2\/media?parent=9445"}],"curies":[{"name":"wp","href":"https:\/\/api.w.org\/{rel}","templated":true}]}}