{"id":18909,"date":"2025-12-12T11:13:19","date_gmt":"2025-12-12T10:13:19","guid":{"rendered":"https:\/\/poseidonrx.com\/tiros-t-3-50tab-50mcg-cytomel-pharmacom\/"},"modified":"2026-05-08T21:30:13","modified_gmt":"2026-05-08T19:30:13","slug":"tiros-t-3-50tab-50mcg-cytomel-pharmacom","status":"publish","type":"product","link":"https:\/\/poseidonrx.com\/cs\/tiros-t-3-50tab-50mcg-cytomel-pharmacom\/","title":{"rendered":"Tiros (T-3) 50tab\/50mcg Cytomel &#8211; Pharmacom"},"content":{"rendered":"<h2>P\u0159ehled produktu<\/h2>\n<p><b>Tiros (T-3) 50tab\/50mcg Cytomel \u2013 Pharmacom<\/b> je dopln\u011bk stravy s obsahem hormon\u016f \u0161t\u00edtn\u00e9 \u017el\u00e1zy na p\u0159edpis, kter\u00fd je ur\u010den k zaji\u0161t\u011bn\u00ed p\u0159esn\u00e9ho d\u00e1vkov\u00e1n\u00ed trijodtyroninu (T3). Ka\u017ed\u00e1 tableta obsahuje <b>50 \u00b5g T3<\/b> , co\u017e odpov\u00edd\u00e1 standardn\u00edmu d\u00e1vkov\u00e1n\u00ed Cytomelu pou\u017e\u00edvan\u00e9mu v klinick\u00fdch podm\u00ednk\u00e1ch k l\u00e9\u010db\u011b hypotyre\u00f3zy.<\/p>\n<h2>Kl\u00ed\u010dov\u00e9 vlastnosti<\/h2>\n<ul>\n<li><b>P\u0159esn\u00e9 d\u00e1vkov\u00e1n\u00ed<\/b> s 50 \u00b5g na tabletu pro konzistentn\u00ed terapeutick\u00fd \u00fa\u010dinek.<\/li>\n<li>Vyrobeno spole\u010dnost\u00ed Pharmacom, renomovanou farmaceutickou zna\u010dkou.<\/li>\n<li>Navr\u017eeno pro podporu regulace metabolismu a produkce energie.<\/li>\n<li>Obl\u00edben\u00fd mezi sportovci pro c\u00edlen\u00e9 odbour\u00e1v\u00e1n\u00ed tuk\u016f b\u011bhem f\u00e1z\u00ed \u0159ez\u00e1n\u00ed.<\/li>\n<\/ul>\n<h3>Klinick\u00e9 pou\u017eit\u00ed<\/h3>\n<table border=\"1\" cellpadding=\"5\">\n<tbody>\n<tr>\n<th>Stav<\/th>\n<th>Typick\u00e9 d\u00e1vkov\u00e1n\u00ed (za den)<\/th>\n<\/tr>\n<tr>\n<td>Hypotyre\u00f3za<\/td>\n<td>20\u201350 \u00b5g, titrov\u00e1no l\u00e9ka\u0159em<\/td>\n<\/tr>\n<tr>\n<td>Metabolick\u00e1 podpora v programech na regulaci hmotnosti<\/td>\n<td>10\u201330 \u00b5g, pod l\u00e9ka\u0159sk\u00fdm dohledem<\/td>\n<\/tr>\n<\/tbody>\n<\/table>\n<h2>Pokyny pro administraci<\/h2>\n<p>Doporu\u010den\u00e9 d\u00e1vkov\u00e1n\u00ed je jedna tableta denn\u011b. Lze ji u\u017e\u00edvat:<\/p>\n<ul>\n<li>R\u00e1no s j\u00eddlem nebo bez j\u00eddla, dle pokyn\u016f va\u0161eho l\u00e9ka\u0159e.<\/li>\n<li>Konzistentn\u011b ve stejnou denn\u00ed dobu pro udr\u017een\u00ed stabiln\u00ed hladiny v krvi.<\/li>\n<li>Nep\u0159ekra\u010dujte p\u0159edepsanou d\u00e1vku; vy\u0161\u0161\u00ed d\u00e1vky mohou zv\u00fd\u0161it riziko ne\u017e\u00e1douc\u00edch \u00fa\u010dink\u016f.<\/li>\n<\/ul>\n<h3>Tipy pro titraci<\/h3>\n<ul>\n<li>Za\u010dn\u011bte s n\u00edzkou d\u00e1vkou (nap\u0159. 10 \u00b5g) a postupn\u011b ji zvy\u0161ujte o 5\u201310 \u00b5g ka\u017ed\u00e9 2\u20134 t\u00fddny.<\/li>\n<li>Sledujte funk\u010dn\u00ed testy \u0161t\u00edtn\u00e9 \u017el\u00e1zy (TSH, voln\u00fd T4, voln\u00fd T3) pro zaji\u0161t\u011bn\u00ed optim\u00e1ln\u00ed rovnov\u00e1hy.<\/li>\n<li>Upravte na z\u00e1klad\u011b p\u0159\u00edznak\u016f, jako je hladina energie, srde\u010dn\u00ed frekvence a zm\u011bny t\u011blesn\u00e9 teploty.<\/li>\n<\/ul>\n<h2>Ne\u017e\u00e1douc\u00ed \u00fa\u010dinky a bezpe\u010dnostn\u00ed opat\u0159en\u00ed<\/h2>\n<p>I kdy\u017e je T3 \u00fa\u010dinn\u00fd pro metabolickou regulaci, m\u016f\u017ee m\u00edt ne\u017e\u00e1douc\u00ed \u00fa\u010dinky, pokud nen\u00ed spr\u00e1vn\u011b monitorov\u00e1n:<\/p>\n<ul>\n<li><b>Kardiovaskul\u00e1rn\u00ed p\u0159\u00edznaky:<\/b> palpitace, tachykardie, zv\u00fd\u0161en\u00fd krevn\u00ed tlak.<\/li>\n<li><b>Zm\u011bny n\u00e1lad:<\/b> \u00fazkost, podr\u00e1\u017ed\u011bnost, nespavost.<\/li>\n<li><b>Svalov\u00e1 katabolismus:<\/b> zejm\u00e9na p\u0159i vy\u0161\u0161\u00edch d\u00e1vk\u00e1ch bez anabolick\u00e9 podpory.<\/li>\n<li><b>Tr\u00e1vic\u00ed pot\u00ed\u017ee:<\/b> pr\u016fjem nebo gastrointestin\u00e1ln\u00ed pot\u00ed\u017ee u citliv\u00fdch jedinc\u016f.<\/li>\n<\/ul>\n<p>Kontraindikace zahrnuj\u00ed nel\u00e9\u010denou adren\u00e1ln\u00ed insuficienci, nekontrolovan\u00e9 srde\u010dn\u00ed onemocn\u011bn\u00ed a t\u011bhotenstv\u00ed, pokud nen\u00ed pod p\u0159\u00edsn\u00fdm l\u00e9ka\u0159sk\u00fdm dohledem. P\u0159ed zah\u00e1jen\u00edm nebo \u00fapravou l\u00e9\u010dby se v\u017edy pora\u010fte s l\u00e9ka\u0159em.<\/p>\n<h2>Kdo by m\u011bl zv\u00e1\u017eit Tiros (T-3)<\/h2>\n<ul>\n<li>Pacienti s diagn\u00f3zou hypotyre\u00f3zy, u kter\u00fdch je diagnostikov\u00e1na pot\u0159eba p\u0159esn\u00e9 suplementace T3.<\/li>\n<li>Jedinci pod l\u00e9ka\u0159sk\u00fdm dohledem, kte\u0159\u00ed se \u00fa\u010dastn\u00ed program\u016f na hubnut\u00ed a usiluj\u00ed o zv\u00fd\u0161en\u00ed metabolismu.<\/li>\n<li>Sportovci, kte\u0159\u00ed se v\u011bnuj\u00ed \u0159ezac\u00edm cykl\u016fm a pl\u00e1nuj\u00ed kombinovat T3 s anabolickou podporou pro zachov\u00e1n\u00ed svalov\u00e9 hmoty.<\/li>\n<\/ul>\n<h2>Dostupnost v PoseidonRX<\/h2>\n<p>Tento l\u00e9k lze zakoupit prost\u0159ednictv\u00edm online l\u00e9k\u00e1rny PoseidonRX, co\u017e zaji\u0161\u0165uje bezpe\u010dn\u00e9 a diskr\u00e9tn\u00ed doru\u010den\u00ed a z\u00e1rove\u0148 dodr\u017eov\u00e1n\u00ed p\u0159edpis\u016f pro p\u0159edepisov\u00e1n\u00ed.<\/p>\n","protected":false},"excerpt":{"rendered":"<p><b>Tablety Cytomel 50 mcg T3<\/b> poskytuj\u00ed p\u0159esn\u00e9 d\u00e1vkov\u00e1n\u00ed hormon\u016f \u0161t\u00edtn\u00e9 \u017el\u00e1zy pro metabolickou podporu a cykly odbour\u00e1v\u00e1n\u00ed tuk\u016f. Certifikov\u00e1no GMP, bez ru\u0161iv\u00fdch pomocn\u00fdch l\u00e1tek.<\/p>\n<ul>\n<li><b>Siln\u00fd T3 (trijodthyronin)<\/b><\/li>\n<li>P\u0159esn\u00fdch 50 mcg na tabletu pro p\u0159esn\u00e9 sledov\u00e1n\u00ed<\/li>\n<li>Klinicky ov\u011b\u0159eno, \u017ee napom\u00e1h\u00e1 metabolismu a l\u00e9\u010db\u011b hypotyre\u00f3zy<\/li>\n<li>Obl\u00edben\u00fd v \u0159ezac\u00edch cyklech v kombinaci s anabolickou podporou<\/li>\n<li>P\u0159\u00edsn\u00e9 v\u00fdrobn\u00ed standardy GMP<\/li>\n<\/ul>\n","protected":false},"author":18,"featured_media":20797,"comment_status":"open","ping_status":"closed","template":"","meta":{"_gspb_post_css":""},"store":[6163],"product_brand":[],"product_cat":[1478,1709],"product_tag":[],"ppma_author":[259],"class_list":{"0":"post-18909","1":"product","2":"type-product","3":"status-publish","4":"has-post-thumbnail","6":"store-pharmacom-cs","7":"product_cat-weight-loss-cs","8":"product_cat-t3-pills-cs","9":"pa_active-ingredients-triiodothyronine-cs","10":"pa_also-known-as-cytomel-alternative-brands-liothyronine-generic-cs","11":"pa_also-known-as-liothyronine-sodium-generic-cs","12":"pa_also-known-as-liothyronine-tablets-generic-cs","13":"pa_also-known-as-liotrix-combined-t4-t3-cs","14":"pa_also-known-as-thyroid-hormone-t3-tablets-cs","16":"first","17":"instock","18":"purchasable","19":"product-type-simple"},"_links":{"self":[{"href":"https:\/\/poseidonrx.com\/cs\/wp-json\/wp\/v2\/product\/18909","targetHints":{"allow":["GET"]}}],"collection":[{"href":"https:\/\/poseidonrx.com\/cs\/wp-json\/wp\/v2\/product"}],"about":[{"href":"https:\/\/poseidonrx.com\/cs\/wp-json\/wp\/v2\/types\/product"}],"author":[{"embeddable":true,"href":"https:\/\/poseidonrx.com\/cs\/wp-json\/wp\/v2\/users\/18"}],"replies":[{"embeddable":true,"href":"https:\/\/poseidonrx.com\/cs\/wp-json\/wp\/v2\/comments?post=18909"}],"wp:featuredmedia":[{"embeddable":true,"href":"https:\/\/poseidonrx.com\/cs\/wp-json\/wp\/v2\/media\/20797"}],"wp:attachment":[{"href":"https:\/\/poseidonrx.com\/cs\/wp-json\/wp\/v2\/media?parent=18909"}],"wp:term":[{"taxonomy":"store","embeddable":true,"href":"https:\/\/poseidonrx.com\/cs\/wp-json\/wp\/v2\/store?post=18909"},{"taxonomy":"product_brand","embeddable":true,"href":"https:\/\/poseidonrx.com\/cs\/wp-json\/wp\/v2\/product_brand?post=18909"},{"taxonomy":"product_cat","embeddable":true,"href":"https:\/\/poseidonrx.com\/cs\/wp-json\/wp\/v2\/product_cat?post=18909"},{"taxonomy":"product_tag","embeddable":true,"href":"https:\/\/poseidonrx.com\/cs\/wp-json\/wp\/v2\/product_tag?post=18909"},{"taxonomy":"author","embeddable":true,"href":"https:\/\/poseidonrx.com\/cs\/wp-json\/wp\/v2\/ppma_author?post=18909"}],"curies":[{"name":"wp","href":"https:\/\/api.w.org\/{rel}","templated":true}]}}