{"id":18883,"date":"2025-12-12T11:08:00","date_gmt":"2025-12-12T10:08:00","guid":{"rendered":"https:\/\/poseidonrx.com\/androgen-10ml-250mg-testosterone-enanthate-genetic-labs\/"},"modified":"2026-05-05T23:41:08","modified_gmt":"2026-05-05T21:41:08","slug":"androgen-10ml-250mg-testosterone-enanthate-genetic-labs","status":"publish","type":"product","link":"https:\/\/poseidonrx.com\/cs\/androgen-10ml-250mg-testosterone-enanthate-genetic-labs\/","title":{"rendered":"Androgen 10ml\/250mg Testosterone Enanthate &#8211; Genetic Labs"},"content":{"rendered":"<p><b>Genetic Labs Testosteron Enanthate 10ml\/250mg \u2013 Pr\u00e9miov\u00fd androgenn\u00ed steroid<\/b><\/p>\n<h2>Kl\u00ed\u010dov\u00e9 charakteristiky<\/h2>\n<table border=\"1\" cellpadding=\"4\">\n<tbody>\n<tr>\n<th>Zna\u010dka<\/th>\n<td>Genetick\u00e9 laborato\u0159e<\/td>\n<\/tr>\n<tr>\n<th>L\u00e9kov\u00e1 forma<\/th>\n<td>Injek\u010dn\u00ed lahvi\u010dka o objemu 10 ml (celkem 250 mg)<\/td>\n<\/tr>\n<tr>\n<th>Ester<\/th>\n<td>Enanth\u00e1t \u2013 dlouhodob\u011b p\u016fsob\u00edc\u00ed, s prodlou\u017een\u00fdm uvol\u0148ov\u00e1n\u00edm<\/td>\n<\/tr>\n<tr>\n<th>Typick\u00e1 doba trv\u00e1n\u00ed \u00fa\u010dinku<\/th>\n<td>\u2248 2 t\u00fddny na injekci<\/td>\n<\/tr>\n<tr>\n<th>Okno pro detekci dopingu<\/th>\n<td>A\u017e 3 m\u011bs\u00edce ve standardn\u00edch testech<\/td>\n<\/tr>\n<\/tbody>\n<\/table>\n<h2>Klinick\u00e9 a v\u00fdkonnostn\u00ed v\u00fdhody<\/h2>\n<ul>\n<li><b>Rychl\u00e1 svalov\u00e1 hypertrofie:<\/b> a\u017e 10 kg na cyklus d\u00edky zv\u00fd\u0161en\u00e9 synt\u00e9ze b\u00edlkovin.<\/li>\n<li><b>Zv\u00fd\u0161en\u00ed s\u00edly a vytrvalosti:<\/b> zv\u00fd\u0161en\u00e1 produkce ATP a transport kysl\u00edku.<\/li>\n<li><b>Zv\u00fd\u0161en\u00e9 libido a stabilita n\u00e1lady.<\/b><\/li>\n<li><b><b>Zlep\u0161en\u00e9 slo\u017een\u00ed t\u011bla:<\/b> \u00fabytek tuku v kombinaci s n\u00e1r\u016fstem svalov\u00e9 hmoty.<\/b><\/li>\n<li><b><b>Zrychlen\u00ed regenerace:<\/b> rychlej\u0161\u00ed regenerace tk\u00e1n\u00ed po tr\u00e9ninku.<\/b><\/li>\n<li><b><b>Podpora kost\u00ed a kardiovaskul\u00e1rn\u00edho syst\u00e9mu:<\/b> pom\u00e1h\u00e1 p\u0159edch\u00e1zet osteopor\u00f3ze a m\u016f\u017ee sni\u017eovat kardiovaskul\u00e1rn\u00ed riziko.<\/b><\/li>\n<\/ul>\n<h3><b>Pokyny pro administraci<\/b><\/h3>\n<ul>\n<li><b>Pro dosa\u017een\u00ed optim\u00e1ln\u00edch plazmatick\u00fdch hladin aplikujte intramuskul\u00e1rn\u011b (do h\u00fd\u017ed\u00ed nebo do stehna) jednou za 7\u201310 dn\u00ed.<\/b><\/li>\n<li><b>Typick\u00e1 d\u00e9lka cyklu: 8\u201312 t\u00fddn\u016f, v z\u00e1vislosti na tr\u00e9ninkov\u00fdch c\u00edlech a \u00farovni zku\u0161enost\u00ed.<\/b><\/li>\n<li><b>Pou\u017e\u00edvejte steriln\u00ed st\u0159\u00edka\u010dku a dodr\u017eujte spr\u00e1vnou hygienu, abyste zabr\u00e1nili infekci.<\/b><\/li>\n<li><b>Pokud pl\u00e1nujete del\u0161\u00ed cykly, u\u017e\u00edvejte v kombinaci s inhibitorem aromat\u00e1zy, abyste zm\u00edrnili estrogenn\u00ed vedlej\u0161\u00ed \u00fa\u010dinky.<\/b><\/li>\n<\/ul>\n<h3><b>Ne\u017e\u00e1douc\u00ed \u00fa\u010dinky a jejich zm\u00edrn\u011bn\u00ed<\/b><\/h3>\n<ul>\n<li><b><b>Zadr\u017eov\u00e1n\u00ed vody:<\/b> b\u011b\u017en\u00e9 v ran\u00fdch st\u00e1di\u00edch; l\u00e9\u010dte vyv\u00e1\u017een\u00fdm p\u0159\u00edjmem sod\u00edku a v p\u0159\u00edpad\u011b pot\u0159eby diuretiky.<\/b><\/li>\n<li><b><b>Aromatizace:<\/b> p\u0159em\u011bna na estrogen m\u016f\u017ee zp\u016fsobit gynekomastii, nad\u00fdm\u00e1n\u00ed nebo zm\u011bny n\u00e1lad \u2013 zva\u017ete inhibitor aromat\u00e1zy.<\/b><\/li>\n<li><b><b>Z\u00e1t\u011b\u017e jater:<\/b> minim\u00e1ln\u00ed riziko vzhledem k injek\u010dn\u00edmu pod\u00e1n\u00ed; p\u0159i pou\u017eit\u00ed s \u200b\u200bjin\u00fdmi hepatotoxick\u00fdmi l\u00e1tkami monitorujte jatern\u00ed enzymy.<\/b><\/li>\n<li><b><b>Kardiovaskul\u00e1rn\u00ed dopad:<\/b> mo\u017en\u00e9 zv\u00fd\u0161en\u00ed LDL\/celkov\u00e9ho cholesterolu; doporu\u010duj\u00ed se pravideln\u00e9 lipidov\u00e9 panely.<\/b><\/li>\n<li><b><b>Potla\u010den\u00e1 p\u0159irozen\u00e1 produkce testosteronu:<\/b> k obnoven\u00ed endogenn\u00edch hladin se doporu\u010duje postcyklov\u00e1 terapie (PCT).<\/b><\/li>\n<\/ul>\n<h3><b>N\u00e1kup od PoseidonRX<\/b><\/h3>\n<p><b>Testosteron Enanthate 10ml\/250mg od Genetic Labs si m\u016f\u017eete objednat v PoseidonRX, d\u016fv\u011bryhodn\u00e9m online obchod\u011b s l\u00e9ky, kter\u00fd dod\u00e1v\u00e1 vysoce kvalitn\u00ed slou\u010deniny p\u0159\u00edmo od renomovan\u00fdch v\u00fdrobc\u016f. Ka\u017ed\u00e1 lahvi\u010dka je dod\u00e1v\u00e1na s podrobn\u00fdm certifik\u00e1tem anal\u00fdzy, kter\u00fd zaji\u0161\u0165uje \u010distotu a \u00fa\u010dinnost.<\/b><\/p>\n","protected":false},"excerpt":{"rendered":"<p><b>Testosteron Enanthate od Genetic Labs<\/b> dod\u00e1v\u00e1 250 mg \u010dist\u00e9ho testosteronu na 10ml lahvi\u010dku pro siln\u00e9 a dlouhotrvaj\u00edc\u00ed anabolick\u00e9 \u00fa\u010dinky.<\/p>\n<ul>\n<li><b>Vysok\u00e1 anabolick\u00e1 aktivita:<\/b> Rychl\u00e1 synt\u00e9za b\u00edlkovin a svalov\u00e1 hypertrofie.<\/li>\n<li><b>Dlouh\u00e9 trv\u00e1n\u00ed:<\/b> Udr\u017euje hladiny ~14 dn\u00ed, \u010d\u00edm\u017e se sni\u017euje frekvence injekc\u00ed.<\/li>\n<li><b>V\u0161estrann\u00fd z\u00e1klad pro cyklus:<\/b> Ide\u00e1ln\u00ed pro v\u00edcestup\u0148ov\u00e9 steroidn\u00ed programy.<\/li>\n<li><b>L\u00e9ka\u0159sk\u00e9 d\u011bdictv\u00ed:<\/b> Osv\u011bd\u010den\u00e1 hormon\u00e1ln\u00ed substitu\u010dn\u00ed terapie.<\/li>\n<\/ul>\n","protected":false},"author":18,"featured_media":20125,"comment_status":"open","ping_status":"closed","template":"","meta":{"_gspb_post_css":""},"store":[5638],"product_brand":[],"product_cat":[1750,1613,1558,6594,1498,7431,1770,1536,5640,6501],"product_tag":[],"ppma_author":[259],"class_list":{"0":"post-18883","1":"product","2":"type-product","3":"status-publish","4":"has-post-thumbnail","6":"store-genetic-labs-cs","7":"product_cat-anabolic-steroids-cs","8":"product_cat-anabolic-androgenic-steroids-cs","9":"product_cat-bulking-cs","10":"product_cat-injectable-anabolics-cs","11":"product_cat-injectable-steroids-cs","12":"product_cat-muscle-growth-cs","13":"product_cat-testosterone-enanthate-cs","14":"product_cat-testosterone-enanthate-injection-cs","15":"product_cat-testosterone-cs","16":"product_cat-testosterone-injection-cs","17":"pa_active-ingredients-testosterone-cs","18":"pa_also-known-as-biotech-laboratories-cs","19":"pa_also-known-as-elite-hormones-cs","20":"pa_also-known-as-precision-steroids-cs","21":"pa_also-known-as-synthesis-pharmaceuticals-cs","22":"pa_also-known-as-vanguard-biopharm-cs","24":"first","25":"instock","26":"sale","27":"purchasable","28":"product-type-simple"},"_links":{"self":[{"href":"https:\/\/poseidonrx.com\/cs\/wp-json\/wp\/v2\/product\/18883","targetHints":{"allow":["GET"]}}],"collection":[{"href":"https:\/\/poseidonrx.com\/cs\/wp-json\/wp\/v2\/product"}],"about":[{"href":"https:\/\/poseidonrx.com\/cs\/wp-json\/wp\/v2\/types\/product"}],"author":[{"embeddable":true,"href":"https:\/\/poseidonrx.com\/cs\/wp-json\/wp\/v2\/users\/18"}],"replies":[{"embeddable":true,"href":"https:\/\/poseidonrx.com\/cs\/wp-json\/wp\/v2\/comments?post=18883"}],"wp:featuredmedia":[{"embeddable":true,"href":"https:\/\/poseidonrx.com\/cs\/wp-json\/wp\/v2\/media\/20125"}],"wp:attachment":[{"href":"https:\/\/poseidonrx.com\/cs\/wp-json\/wp\/v2\/media?parent=18883"}],"wp:term":[{"taxonomy":"store","embeddable":true,"href":"https:\/\/poseidonrx.com\/cs\/wp-json\/wp\/v2\/store?post=18883"},{"taxonomy":"product_brand","embeddable":true,"href":"https:\/\/poseidonrx.com\/cs\/wp-json\/wp\/v2\/product_brand?post=18883"},{"taxonomy":"product_cat","embeddable":true,"href":"https:\/\/poseidonrx.com\/cs\/wp-json\/wp\/v2\/product_cat?post=18883"},{"taxonomy":"product_tag","embeddable":true,"href":"https:\/\/poseidonrx.com\/cs\/wp-json\/wp\/v2\/product_tag?post=18883"},{"taxonomy":"author","embeddable":true,"href":"https:\/\/poseidonrx.com\/cs\/wp-json\/wp\/v2\/ppma_author?post=18883"}],"curies":[{"name":"wp","href":"https:\/\/api.w.org\/{rel}","templated":true}]}}