{"id":18691,"date":"2025-12-12T11:08:00","date_gmt":"2025-12-12T10:08:00","guid":{"rendered":"https:\/\/poseidonrx.com\/turagen-10ml-50mg-4-chlordegihydromethyl-testosterone-genetic-labs\/"},"modified":"2026-04-29T23:21:19","modified_gmt":"2026-04-29T21:21:19","slug":"turagen-10ml-50mg-4-chlordegihydromethyl-testosterone-genetic-labs","status":"publish","type":"product","link":"https:\/\/poseidonrx.com\/cs\/turagen-10ml-50mg-4-chlordegihydromethyl-testosterone-genetic-labs\/","title":{"rendered":"Turagen 10ml\/50mg 4-Chlordegihydromethyl Testosterone &#8211; Genetic Labs"},"content":{"rendered":"<h2>Turagen 10ml\/50mg 4-chlordegihydromethyl testosteron \u2013 Genetic Labs<\/h2>\n<p><b>Spole\u010dnost Genetic Labs<\/b> nab\u00edz\u00ed Turagen jako vysoce \u00fa\u010dinn\u00fd injek\u010dn\u00ed steroid ur\u010den\u00fd pro r\u016fst sval\u016f a zv\u00fd\u0161en\u00ed s\u00edly. Ka\u017ed\u00e1 tmav\u00e1 sklen\u011bn\u00e1 lahvi\u010dka obsahuje 1 ml roztoku s koncentrac\u00ed 50 mg turinabolu (4-chlordegihydromethyltestosteronu). Balen\u00ed obsahuje injek\u010dn\u00ed olej a benzylalkohol jako stabiliz\u00e1tory.<\/p>\n<h3>Kl\u00ed\u010dov\u00e9 vlastnosti<\/h3>\n<ul>\n<li><b>\u00da\u010dinnost:<\/b> 50 mg na ml \u2013 ide\u00e1ln\u00ed pro pokro\u010dil\u00e9 u\u017eivatele, kte\u0159\u00ed hledaj\u00ed v\u00fdznamn\u00e9 anabolick\u00e9 \u00fa\u010dinky.<\/li>\n<li><b>Forma:<\/b> Tekutina p\u0159ipraven\u00e1 k injek\u010dn\u00edmu pod\u00e1n\u00ed, eliminuje nutnost rekonstituce.<\/li>\n<li><b>Balen\u00ed:<\/b> 10ml lahvi\u010dky z tmav\u00e9ho skla, chr\u00e1n\u00ed p\u0159ed degradac\u00ed sv\u011btlem.<\/li>\n<\/ul>\n<h3>Pod\u00e1v\u00e1n\u00ed a d\u00e1vkov\u00e1n\u00ed<\/h3>\n<p>Pro optim\u00e1ln\u00ed v\u00fdsledky dodr\u017eujte tyto pokyny:<\/p>\n<table border=\"1\" cellpadding=\"4\">\n<tbody>\n<tr>\n<th>Populace<\/th>\n<th>Doporu\u010den\u00e1 d\u00e1vka<\/th>\n<th>Trv\u00e1n\u00ed<\/th>\n<\/tr>\n<tr>\n<td>Mu\u017ei (zku\u0161en\u00ed u\u017eivatel\u00e9)<\/td>\n<td>30\u201350 mg denn\u011b<\/td>\n<td>6\u20138 t\u00fddn\u016f<\/td>\n<\/tr>\n<tr>\n<td>\u017deny (zku\u0161en\u00e9 u\u017eivatelky)<\/td>\n<td>10 mg denn\u011b<\/td>\n<td>4\u20136 t\u00fddn\u016f<\/td>\n<\/tr>\n<\/tbody>\n<\/table>\n<p>\u00dapravy lze prov\u00e9st na z\u00e1klad\u011b individu\u00e1ln\u00ed tolerance a p\u0159edchoz\u00edch zku\u0161enost\u00ed se steroidy. Pod\u00e1vejte subkut\u00e1nn\u011b nebo intramuskul\u00e1rn\u011b steriln\u00ed technikou. Produkt prod\u00e1v\u00e1 spole\u010dnost PoseidonRX, kter\u00e1 zaji\u0161\u0165uje bezpe\u010dn\u00e9 doru\u010den\u00ed z\u00e1kazn\u00edk\u016fm po cel\u00e9m sv\u011bt\u011b.<\/p>\n<h3>Farmakologick\u00fd \u00fa\u010dinek<\/h3>\n<ul>\n<li><b>Anabolick\u00fd \u00fa\u010dinek:<\/b> Zvy\u0161uje synt\u00e9zu b\u00edlkovin a svalovou hypertrofii.<\/li>\n<li><b>Produkce \u010derven\u00fdch krvinek:<\/b> Zvy\u0161uje erytropo\u00e9zu, \u010d\u00edm\u017e zlep\u0161uje p\u0159\u00edsun kysl\u00edku do tk\u00e1n\u00ed.<\/li>\n<li><b>Hubnut\u00ed:<\/b> Podporuje udr\u017een\u00ed libov\u00e9 hmoty a z\u00e1rove\u0148 sni\u017euje t\u011blesn\u00fd tuk.<\/li>\n<li><b>Ochrana p\u0159ed katabolismem:<\/b> Chr\u00e1n\u00ed svalovou tk\u00e1\u0148 p\u0159ed rozpadem b\u011bhem intenzivn\u00edho tr\u00e9ninku.<\/li>\n<\/ul>\n<h3>Ne\u017e\u00e1douc\u00ed \u00fa\u010dinky a bezpe\u010dnostn\u00ed opat\u0159en\u00ed<\/h3>\n<p>P\u0159esto\u017ee Turagen m\u016f\u017ee p\u0159in\u00e9st p\u016fsobiv\u00e9 v\u00fdsledky, u\u017eivatel\u00e9 mohou zaznamenat ne\u017e\u00e1douc\u00ed \u00fa\u010dinky. Mezi b\u011b\u017en\u00e9 ne\u017e\u00e1douc\u00ed \u00fa\u010dinky pat\u0159\u00ed:<\/p>\n<ul>\n<li><b>Hypertenze:<\/b> Pravideln\u011b sledujte krevn\u00ed tlak.<\/li>\n<li><b>Z\u00e1t\u011b\u017e jater:<\/b> Doporu\u010duj\u00ed se pravideln\u00e9 testy jatern\u00edch funkc\u00ed.<\/li>\n<li><b>Gynekomastie:<\/b> Hormon\u00e1ln\u00ed nerovnov\u00e1ha m\u016f\u017ee v\u00e9st k rozvoji prsn\u00ed tk\u00e1n\u011b.<\/li>\n<li><b>Z\u00e1vrat\u011b a zm\u011bny n\u00e1lady:<\/b> Mohou se objevit emo\u010dn\u00ed a vestibul\u00e1rn\u00ed poruchy.<\/li>\n<\/ul>\n<p>P\u0159ed\u00e1vkov\u00e1n\u00ed tato rizika zvy\u0161uje a m\u016f\u017ee v\u00e9st k nov\u00fdm p\u0159\u00edznak\u016fm, jako je hormon\u00e1ln\u00ed akn\u00e9, vypad\u00e1v\u00e1n\u00ed vlas\u016f nebo kardiovaskul\u00e1rn\u00ed komplikace. Dodr\u017eov\u00e1n\u00ed doporu\u010den\u00e9ho d\u00e1vkov\u00e1n\u00ed a d\u00e9lky cyklu je pro bezpe\u010dnost nezbytn\u00e9.<\/p>\n<h3>P\u00e9\u010de po cyklu<\/h3>\n<ul>\n<li>Zave\u010fte protokol pocyklov\u00e9 terapie (PCT) k obnoven\u00ed p\u0159irozen\u00e9 produkce hormon\u016f.<\/li>\n<li>Za\u0159a\u010fte dopl\u0148ky stravy, kter\u00e9 podporuj\u00ed detoxikaci jater a kardiovaskul\u00e1rn\u00ed zdrav\u00ed.<\/li>\n<li>Napl\u00e1nujte si n\u00e1sledn\u00e9 krevn\u00ed testy po dokon\u010den\u00ed cyklu.<\/li>\n<\/ul>\n<p>Turagen 10ml\/50mg 4-chlordegihydromethyltestosteron od Genetic Labs poskytuje siln\u00fd anabolick\u00fd stimul pro zku\u0161en\u00e9 sportovce. Spr\u00e1vn\u00e9 pod\u00e1v\u00e1n\u00ed, bedliv\u00e9 sledov\u00e1n\u00ed vedlej\u0161\u00edch \u00fa\u010dink\u016f a dodr\u017eov\u00e1n\u00ed doporu\u010den\u00fdch d\u00e1vkovac\u00edch protokol\u016f jsou kl\u00ed\u010dem k dosa\u017een\u00ed bezpe\u010dn\u00fdch a \u00fa\u010dinn\u00fdch v\u00fdsledk\u016f.<\/p>\n","protected":false},"excerpt":{"rendered":"<p><b>Turagen 10ml\/50mg 4\u2011chlordegihydromethyltestosteron \u2013 Genetic Labs<\/b><\/p>\n<ul>\n<li>Vysoce \u010dist\u00fd anabolick\u00fd steroid, 50 mg\/ml v tmav\u00e9 sklen\u011bn\u00e9 lahvi\u010dce.<\/li>\n<li>Injekce p\u0159ipraven\u00e1 k pou\u017eit\u00ed s \u200b\u200bolejem a benzylalkoholem pro stabilitu.<\/li>\n<li>Navr\u017eeno pro zv\u00fd\u0161en\u00ed svalov\u00e9 hmoty, s\u00edly a celkov\u00e9ho v\u00fdkonu.<\/li>\n<\/ul>\n","protected":false},"author":18,"featured_media":20170,"comment_status":"open","ping_status":"closed","template":"","meta":{"_gspb_post_css":""},"store":[5638],"product_brand":[],"product_cat":[6594,1498,7431],"product_tag":[],"ppma_author":[259],"class_list":{"0":"post-18691","1":"product","2":"type-product","3":"status-publish","4":"has-post-thumbnail","6":"store-genetic-labs-cs","7":"product_cat-injectable-anabolics-cs","8":"product_cat-injectable-steroids-cs","9":"product_cat-muscle-growth-cs","10":"pa_active-ingredients-turinabol-cs","11":"pa_also-known-as-bio-pharma-turanabol-cs","12":"pa_also-known-as-futura-turinabol-cs","13":"pa_also-known-as-hovione-turinabol-cs","14":"pa_also-known-as-jsr-turinabol-cs","15":"pa_also-known-as-medico-turinabol-cs","16":"pa_also-known-as-nps-turinabol-cs","17":"pa_also-known-as-phs-turinabol-cs","18":"pa_also-known-as-tbs-turinabol-cs","19":"pa_also-known-as-ust-turinabol-cs","20":"pa_also-known-as-v4-turanabol-injection-cs","22":"first","23":"instock","24":"sale","25":"purchasable","26":"product-type-simple"},"_links":{"self":[{"href":"https:\/\/poseidonrx.com\/cs\/wp-json\/wp\/v2\/product\/18691","targetHints":{"allow":["GET"]}}],"collection":[{"href":"https:\/\/poseidonrx.com\/cs\/wp-json\/wp\/v2\/product"}],"about":[{"href":"https:\/\/poseidonrx.com\/cs\/wp-json\/wp\/v2\/types\/product"}],"author":[{"embeddable":true,"href":"https:\/\/poseidonrx.com\/cs\/wp-json\/wp\/v2\/users\/18"}],"replies":[{"embeddable":true,"href":"https:\/\/poseidonrx.com\/cs\/wp-json\/wp\/v2\/comments?post=18691"}],"wp:featuredmedia":[{"embeddable":true,"href":"https:\/\/poseidonrx.com\/cs\/wp-json\/wp\/v2\/media\/20170"}],"wp:attachment":[{"href":"https:\/\/poseidonrx.com\/cs\/wp-json\/wp\/v2\/media?parent=18691"}],"wp:term":[{"taxonomy":"store","embeddable":true,"href":"https:\/\/poseidonrx.com\/cs\/wp-json\/wp\/v2\/store?post=18691"},{"taxonomy":"product_brand","embeddable":true,"href":"https:\/\/poseidonrx.com\/cs\/wp-json\/wp\/v2\/product_brand?post=18691"},{"taxonomy":"product_cat","embeddable":true,"href":"https:\/\/poseidonrx.com\/cs\/wp-json\/wp\/v2\/product_cat?post=18691"},{"taxonomy":"product_tag","embeddable":true,"href":"https:\/\/poseidonrx.com\/cs\/wp-json\/wp\/v2\/product_tag?post=18691"},{"taxonomy":"author","embeddable":true,"href":"https:\/\/poseidonrx.com\/cs\/wp-json\/wp\/v2\/ppma_author?post=18691"}],"curies":[{"name":"wp","href":"https:\/\/api.w.org\/{rel}","templated":true}]}}