{"id":18648,"date":"2025-12-12T05:08:37","date_gmt":"2025-12-12T10:08:37","guid":{"rendered":"https:\/\/poseidonrx.com\/4-gain-mass-magnus\/"},"modified":"2025-12-23T06:55:34","modified_gmt":"2025-12-23T11:55:34","slug":"4-gain-mass-magnus","status":"publish","type":"product","link":"https:\/\/poseidonrx.com\/cs\/4-gain-mass-magnus\/","title":{"rendered":"\u21164 Gain Mass Course &#8211; Magnus"},"content":{"rendered":"<p><b>Magnus\u016fv n\u00e1r\u016fst hmotnosti \u010d. 4<\/b><\/p>\n<h2>P\u0159ehled<\/h2>\n<p>Protokol Magnus Gain Mass \u010d. 4 je ur\u010den pro pokro\u010dil\u00e9 sportovce, kte\u0159\u00ed cht\u011bj\u00ed hustou, \u0161t\u00edhlou a prokrvenou postavu bez nadm\u011brn\u00e9 objemnosti. Kombinuje lidsk\u00fd r\u016fstov\u00fd hormon (HGH), anabolika na b\u00e1zi DHT a jemn\u00e9 peror\u00e1ln\u00ed substance pro vytvo\u0159en\u00ed such\u00e9ho a uhlazen\u00e9ho vzhledu a z\u00e1rove\u0148 zachov\u00e1n\u00ed hormon\u00e1ln\u00ed rovnov\u00e1hy.<\/p>\n<h3>Kl\u00ed\u010dov\u00e9 komponenty<\/h3>\n<table border=\"1\" cellpadding=\"5\">\n<tbody>\n<tr>\n<th>Slou\u010denina<\/th>\n<th>Zna\u010dka<\/th>\n<th>D\u00e1vkov\u00e1n\u00ed<\/th>\n<th>Frekvence<\/th>\n<th>\u00da\u010del<\/th>\n<\/tr>\n<tr>\n<td>Magnustropin (HGH)<\/td>\n<td>Magnus<\/td>\n<td>3\u20134 IU\/den<\/td>\n<td>Denn\u011b (subkut\u00e1nn\u00ed injekce)<\/td>\n<td>Regenerace sval\u016f, spalov\u00e1n\u00ed tuk\u016f, t\u00f3n pleti, vitalita<\/td>\n<\/tr>\n<tr>\n<td>Masteron Enanthate (Drostanolon Enanthate)<\/td>\n<td>Magnus<\/td>\n<td>400\u2013500 mg\/t\u00fdden<\/td>\n<td>2 injekce\/t\u00fdden<\/td>\n<td>Tvrdost, suchost, antiestrogenn\u00ed synergie<\/td>\n<\/tr>\n<tr>\n<td>Oxandrolon (Anavar)<\/td>\n<td>Magnus<\/td>\n<td>40\u201360 mg\/den<\/td>\n<td>Denn\u011b (peror\u00e1ln\u011b)<\/td>\n<td>Zv\u00fd\u0161en\u00ed \u0161t\u00edhlosti, s\u00edla, c\u00e9vn\u00ed detaily<\/td>\n<\/tr>\n<tr>\n<td>Proviron (mesterolon)<\/td>\n<td>Magnus<\/td>\n<td>50 mg\/den<\/td>\n<td>Denn\u011b (peror\u00e1ln\u011b)<\/td>\n<td>Zvy\u0161uje hustotu androgen\u016f, libido, suchost<\/td>\n<\/tr>\n<tr>\n<td>Gonadotropin (hCG)<\/td>\n<td>Magnus<\/td>\n<td>500 IU\/t\u00fdden<\/td>\n<td>Rozd\u011blit na 2 injekce po 250 IU<\/td>\n<td>Udr\u017euje funkci varlat a hormon\u00e1ln\u00ed citlivost<\/td>\n<\/tr>\n<\/tbody>\n<\/table>\n<h3>Struktura cyklu (10\u201312 t\u00fddn\u016f)<\/h3>\n<ul>\n<li>T\u00fddny 1\u20134: <b>HGH 3 IU\/den, Masteron 400 mg\/t\u00fdden, Oxandrolon 40 mg\/den, Proviron 25\u201350 mg\/den, hCG 500 IU\/t\u00fdden<\/b><\/li>\n<li>T\u00fddny 5\u20138: <b>HGH 3\u20134 IU\/den, Masteron 400\u2013500 mg\/t\u00fdden, Oxandrolon 50\u201360 mg\/den, Proviron 50 mg\/den, hCG 500 IU\/t\u00fdden<\/b><\/li>\n<li>T\u00fddny 9\u201310: <b>HGH 4 IU\/den, Masteron 400 mg\/t\u00fdden, Oxandrolon 40 mg\/den, Proviron 25 mg\/den, hCG 500 IU\/t\u00fdden<\/b><\/li>\n<li>11.\u201312. t\u00fdden (voliteln\u00e9): Ukon\u010dete u\u017e\u00edv\u00e1n\u00ed Masteronu; pokra\u010dujte v u\u017e\u00edv\u00e1n\u00ed HGH 4 IU\/den a hCG 500 IU\/t\u00fdden<\/li>\n<\/ul>\n<h3>Synergie z\u00e1sobn\u00edku<\/h3>\n<ul>\n<li><b>HGH + Masteron:<\/b> Podporuje r\u016fst \u0161t\u00edhl\u00e9 svalov\u00e9 hmoty, opravu tk\u00e1n\u00ed, extr\u00e9mn\u00ed suchost.<\/li>\n<li><b>Oxandrolon + Proviron:<\/b> Zvy\u0161uje tvrdost, androgenn\u00ed tonus a libido.<\/li>\n<li><b>hCG:<\/b> Udr\u017euje p\u0159irozenou reaktivitu testosteronu, napom\u00e1h\u00e1 hlad\u0161\u00edmu p\u0159echodu do PCT.<\/li>\n<\/ul>\n<h3>Pocyklov\u00e1 terapie (PCT)<\/h3>\n<p>Za\u010dn\u011bte 10\u201314 dn\u00ed po posledn\u00ed injekci Masteronu.<\/p>\n<table border=\"1\" cellpadding=\"5\">\n<tbody>\n<tr>\n<th>Slou\u010denina<\/th>\n<th>D\u00e1vkov\u00e1n\u00ed<\/th>\n<th>Trv\u00e1n\u00ed<\/th>\n<\/tr>\n<tr>\n<td>Clomid (klomifen citr\u00e1t)<\/td>\n<td>50 mg\/den \u2192 25 mg\/den<\/td>\n<td>4 t\u00fddny<\/td>\n<\/tr>\n<tr>\n<td>Nolvadex (citr\u00e1t tamoxifenu)<\/td>\n<td>40 mg\/den \u2192 20 mg\/den<\/td>\n<td>4 t\u00fddny<\/td>\n<\/tr>\n<tr>\n<td>P\u0159\u00edrodn\u00ed posilova\u010d testosteronu<\/td>\n<td>Podle pokyn\u016f<\/td>\n<td>4 t\u00fddny<\/td>\n<\/tr>\n<\/tbody>\n<\/table>\n<h3>Podpora a monitorov\u00e1n\u00ed<\/h3>\n<ul>\n<li>Podpora jater: NAC 600 mg\/den nebo TUDCA 250 mg\/den (pro Oxandrolon).<\/li>\n<li>Kardiovaskul\u00e1rn\u00ed zdrav\u00ed: Ryb\u00ed olej 3 g\/den + CoQ10 100 mg\/den.<\/li>\n<li>Hydratace: 4 l\/den, zejm\u00e9na p\u0159i u\u017e\u00edv\u00e1n\u00ed r\u016fstov\u00e9ho hormonu.<\/li>\n<li>Strava: Vysok\u00fd obsah b\u00edlkovin (2,5 g\/kg), \u010dist\u00e9 sacharidy, minimum sod\u00edku.<\/li>\n<li>Tr\u00e9nink: 5\u20136 tr\u00e9nink\u016f t\u00fddn\u011b se zam\u011b\u0159en\u00edm na hypertrofii + izola\u010dn\u00ed detaily.<\/li>\n<li>Krevn\u00ed testy: Uprost\u0159ed cyklu a po cyklu na E2, LH, FSH, ALT\/AST, lipidy.<\/li>\n<\/ul>\n<h3>Ne\u017e\u00e1douc\u00ed \u00fa\u010dinky a varov\u00e1n\u00ed<\/h3>\n<ul>\n<li><b>Pouze pro st\u0159edn\u011b pokro\u010dil\u00e9 a\u017e pokro\u010dil\u00e9 u\u017eivatele:<\/b> Nekombinujte s jin\u00fdmi anabolika na b\u00e1zi DHT b\u011bhem stejn\u00e9ho cyklu.<\/li>\n<li>B\u011bhem u\u017e\u00edv\u00e1n\u00ed oxandrolonu se vyh\u00fdbejte alkoholu a hepatotoxick\u00fdm l\u00e1tk\u00e1m.<\/li>\n<li>Sledujte krevn\u00ed tlak a hladinu lipid\u016f ka\u017ed\u00e9 4\u20136 t\u00fddn\u016f.<\/li>\n<li>HGH mus\u00ed b\u00fdt uchov\u00e1v\u00e1n v chladni\u010dce (2\u20138 \u00b0C) a aplikov\u00e1n subkut\u00e1nn\u011b ka\u017ed\u00e9 r\u00e1no.<\/li>\n<\/ul>\n<h3>O\u010dek\u00e1van\u00e9 v\u00fdsledky<\/h3>\n<ul>\n<li>+3\u20134 kg n\u00e1r\u016fstu such\u00e9, libov\u00e9 svalov\u00e9 hmoty.<\/li>\n<li>Zlep\u0161en\u00e1 prokrvenost a definice sval\u016f.<\/li>\n<li>Zv\u00fd\u0161en\u00e9 libido a celkov\u00e1 pohoda.<\/li>\n<li>Znateln\u00fd \u00fabytek tuku s pln\u00fdm, hust\u00fdm svalov\u00fdm tonem.<\/li>\n<li>Zlep\u0161en\u00e1 regenerace a \u201ezpevn\u011bn\u00e1\u201c estetick\u00e1 textura pleti.<\/li>\n<\/ul>\n<p>Tento protokol je k dispozici ke koupi prost\u0159ednictv\u00edm PoseidonRX, d\u016fv\u011bryhodn\u00e9 online l\u00e9k\u00e1rny, kter\u00e1 dod\u00e1v\u00e1 vysoce kvalitn\u00ed produkty Magnus.<\/p>\n","protected":false},"excerpt":{"rendered":"<p>Magnus \u21164 Gain Mass p\u0159in\u00e1\u0161\u00ed hust\u00e9 a zral\u00e9 svaly a z\u00e1rove\u0148 si zachov\u00e1v\u00e1 such\u00fd a prokrven\u00fd vzhled. <b>10-12t\u00fddenn\u00ed cyklus<\/b> s HGH, Masteron Enanthate, Oxandrolonem, Provironem a hCG poskytuje n\u00e1r\u016fst svalov\u00e9 hmoty, rychlou regeneraci a hormon\u00e1ln\u00ed rovnov\u00e1hu.<\/p>\n<ul>\n<li>HGH + Masteron: r\u016fst \u0161t\u00edhl\u00e9 pleti a suchost<\/li>\n<li>Oxandrolon + Proviron: tvrdost a libido<\/li>\n<li>hCG: zachov\u00e1v\u00e1 p\u0159irozenou hladinu testosteronu<\/li>\n<\/ul>\n","protected":false},"author":18,"featured_media":20160,"comment_status":"open","ping_status":"closed","template":"","meta":{"_gspb_post_css":""},"store":[5573],"product_brand":[],"product_cat":[1763,7428,7429,1558,1547,1560,2156,7430,7431,1470],"product_tag":[],"ppma_author":[259],"class_list":{"0":"post-18648","1":"product","2":"type-product","3":"status-publish","4":"has-post-thumbnail","6":"store-magnus-cs","7":"product_cat-anavar-cs","8":"product_cat-bulking-cycles-cs","9":"product_cat-gain-mass-course-cs","10":"product_cat-bulking-cs","11":"product_cat-masteron-injection-cs","12":"product_cat-course-cs","13":"product_cat-human-chorionic-gonadotropin-cs","14":"product_cat-mass-gainers-cs","15":"product_cat-muscle-growth-cs","16":"product_cat-proviron-pills-cs","17":"pa_active-ingredients-clomiphene-citrate-cs","18":"pa_active-ingredients-coenzyme-q10-cs","19":"pa_active-ingredients-drostanolone-enanthate-cs","20":"pa_active-ingredients-fish-oil-cs","21":"pa_active-ingredients-human-chorionic-gonadotropin-hcg-cs","22":"pa_active-ingredients-human-growth-hormone-cs","23":"pa_active-ingredients-mesterolone-cs","24":"pa_active-ingredients-n-acetylcysteine-nac-cs","25":"pa_active-ingredients-oxandrolone-cs","26":"pa_active-ingredients-tamoxifen-citrate-cs","27":"pa_active-ingredients-tauroursodeoxycholic-acid-tudca-cs","28":"pa_also-known-as-anavar-cs","29":"pa_also-known-as-genotropin-cs","30":"pa_also-known-as-humatrope-cs","31":"pa_also-known-as-masteron-drostanolone-enanthate-cs","32":"pa_also-known-as-mesterolone-cs","33":"pa_also-known-as-norditropin-cs","34":"pa_also-known-as-ovidrel-cs","35":"pa_also-known-as-oxandrin-cs","36":"pa_also-known-as-pregnyl-cs","38":"first","39":"instock","40":"sale","41":"purchasable","42":"product-type-woosb"},"_links":{"self":[{"href":"https:\/\/poseidonrx.com\/cs\/wp-json\/wp\/v2\/product\/18648","targetHints":{"allow":["GET"]}}],"collection":[{"href":"https:\/\/poseidonrx.com\/cs\/wp-json\/wp\/v2\/product"}],"about":[{"href":"https:\/\/poseidonrx.com\/cs\/wp-json\/wp\/v2\/types\/product"}],"author":[{"embeddable":true,"href":"https:\/\/poseidonrx.com\/cs\/wp-json\/wp\/v2\/users\/18"}],"replies":[{"embeddable":true,"href":"https:\/\/poseidonrx.com\/cs\/wp-json\/wp\/v2\/comments?post=18648"}],"wp:featuredmedia":[{"embeddable":true,"href":"https:\/\/poseidonrx.com\/cs\/wp-json\/wp\/v2\/media\/20160"}],"wp:attachment":[{"href":"https:\/\/poseidonrx.com\/cs\/wp-json\/wp\/v2\/media?parent=18648"}],"wp:term":[{"taxonomy":"store","embeddable":true,"href":"https:\/\/poseidonrx.com\/cs\/wp-json\/wp\/v2\/store?post=18648"},{"taxonomy":"product_brand","embeddable":true,"href":"https:\/\/poseidonrx.com\/cs\/wp-json\/wp\/v2\/product_brand?post=18648"},{"taxonomy":"product_cat","embeddable":true,"href":"https:\/\/poseidonrx.com\/cs\/wp-json\/wp\/v2\/product_cat?post=18648"},{"taxonomy":"product_tag","embeddable":true,"href":"https:\/\/poseidonrx.com\/cs\/wp-json\/wp\/v2\/product_tag?post=18648"},{"taxonomy":"author","embeddable":true,"href":"https:\/\/poseidonrx.com\/cs\/wp-json\/wp\/v2\/ppma_author?post=18648"}],"curies":[{"name":"wp","href":"https:\/\/api.w.org\/{rel}","templated":true}]}}