{"id":18557,"date":"2025-12-12T11:08:37","date_gmt":"2025-12-12T10:08:37","guid":{"rendered":"https:\/\/poseidonrx.com\/turagen-100tab-12mg-4-chlordehydromethyl-testosterone-genetic-labs\/"},"modified":"2026-05-05T23:40:40","modified_gmt":"2026-05-05T21:40:40","slug":"turagen-100tab-12mg-4-chlordehydromethyl-testosterone-genetic-labs","status":"publish","type":"product","link":"https:\/\/poseidonrx.com\/cs\/turagen-100tab-12mg-4-chlordehydromethyl-testosterone-genetic-labs\/","title":{"rendered":"Turagen 100tab\/12mg 4-Chlordehydromethyl Testosterone &#8211; Genetic Labs"},"content":{"rendered":"<p><b>Turagen 100 tablet\/12 mg 4-chlordehydromethyl testosteronu \u2013 Genetic Labs<\/b><\/p>\n<h2>Kl\u00ed\u010dov\u00e9 vlastnosti<\/h2>\n<ul>\n<li>\u010cist\u00fd <b>chlorodehydromethyltestosteron<\/b> (Turinabol) ve form\u011b tablet pro pohodln\u00e9 u\u017e\u00edv\u00e1n\u00ed.<\/li>\n<li>Ka\u017ed\u00e1 tableta obsahuje p\u0159esn\u011b <b>12 mg<\/b> \u00fa\u010dinn\u00e9 l\u00e1tky.<\/li>\n<li>Ur\u010deno jak pro f\u00e1zi <b>budov\u00e1n\u00ed svalov\u00e9 hmoty<\/b> , tak pro <b>f\u00e1zi hubnut\u00ed<\/b> .<\/li>\n<li>Bez aromatizace \u2013 eliminuje gynekomastii, zadr\u017eov\u00e1n\u00ed vody a feminizovan\u00e9 ukl\u00e1d\u00e1n\u00ed tuku.<\/li>\n<li>Dlouhodob\u011b \u00fa\u010dinn\u00fd profil s polo\u010dasem rozpadu ~16 hodin; vrcholov\u00e9 plazmatick\u00e9 hladiny ~3 hodiny po pod\u00e1n\u00ed d\u00e1vky.<\/li>\n<li>Detek\u010dn\u00ed okno u dopingov\u00fdch test\u016f se m\u016f\u017ee prodlou\u017eit a\u017e na 250 dn\u00ed.<\/li>\n<\/ul>\n<h2>Pokyny pro administraci<\/h2>\n<table border=\"1\" cellpadding=\"5\">\n<tbody>\n<tr>\n<th>D\u00e9lka cyklu (t\u00fddny)<\/th>\n<th>Denn\u00ed d\u00e1vka (mg)<\/th>\n<\/tr>\n<tr>\n<td>4\u20136<\/td>\n<td>12 mg denn\u011b (1 tableta)<\/td>\n<\/tr>\n<tr>\n<td>8\u201310<\/td>\n<td>24 mg denn\u011b (2 tablety, rozd\u011blen\u011b r\u00e1no a ve\u010der)<\/td>\n<\/tr>\n<\/tbody>\n<\/table>\n<p>U\u017e\u00edvejte s j\u00eddlem pro lep\u0161\u00ed vst\u0159eb\u00e1v\u00e1n\u00ed. B\u011bhem cyklu se vyh\u00fdbejte alkoholu a nadm\u011brn\u00e9 konzumaci kofeinu. P\u0159i del\u0161\u00edm u\u017e\u00edv\u00e1n\u00ed sledujte funkci jater.<\/p>\n<h3>Podpora po cyklu (PCT)<\/h3>\n<ul>\n<li>Pokud trp\u00edte hormon\u00e1ln\u00ed nerovnov\u00e1hou, zva\u017ete m\u00edrn\u00fd inhibitor aromat\u00e1zy nebo p\u0159\u00edrodn\u00ed blok\u00e1tor estrogenu.<\/li>\n<li>Pro sn\u00ed\u017een\u00ed n\u00e1hl\u00fdch abstinen\u010dn\u00edch p\u0159\u00edznak\u016f se doporu\u010duje postupn\u00e9 sni\u017eov\u00e1n\u00ed d\u00e1vky.<\/li>\n<\/ul>\n<h2>Ne\u017e\u00e1douc\u00ed \u00fa\u010dinky a bezpe\u010dnostn\u00ed profil<\/h2>\n<ul>\n<li><b>Z\u00e1t\u011b\u017e jater:<\/b> Peror\u00e1ln\u00ed turinabol m\u016f\u017ee zat\u011b\u017eovat j\u00e1tra; doporu\u010duj\u00ed se pravideln\u00e9 kontroly jatern\u00edch funkc\u00ed.<\/li>\n<li><b>Kardiovaskul\u00e1rn\u00ed dopad:<\/b> M\u016f\u017ee ovlivnit hladinu cholesterolu (\u2191LDL, \u2193HDL). Pravideln\u00e9 sledov\u00e1n\u00ed lipidov\u00e9ho profilu je nezbytn\u00e9.<\/li>\n<li><b>Androgenn\u00ed \u00fa\u010dinky:<\/b> U predisponovan\u00fdch u\u017eivatelek se m\u016f\u017ee vyskytnout akn\u00e9, vypad\u00e1v\u00e1n\u00ed vlas\u016f a zv\u00fd\u0161en\u00fd t\u011blesn\u00fd z\u00e1pach.<\/li>\n<li><b>Hormon\u00e1ln\u00ed potla\u010den\u00ed:<\/b> Mo\u017en\u00e9 potla\u010den\u00ed p\u0159irozen\u00e9 produkce testosteronu; PCT m\u016f\u017ee tento jev zm\u00edrnit.<\/li>\n<\/ul>\n<h2>Pro\u010d si vybrat Turagen od Genetic Labs?<\/h2>\n<p>Turagen poskytuje spolehliv\u00fd, vysoce \u010dist\u00fd zdroj turinabolu pro sportovce, kte\u0159\u00ed usiluj\u00ed o svalovou definici a vytrvalost bez zadr\u017eov\u00e1n\u00ed vody, kter\u00e9 je b\u011b\u017en\u00e9 u jin\u00fdch steroid\u016f. Je k dispozici prost\u0159ednictv\u00edm PoseidonRX a nab\u00edz\u00ed pohodl\u00ed a z\u00e1ruku kvality pro seri\u00f3zn\u00ed z\u00e1vodn\u00edky.<\/p>\n","protected":false},"excerpt":{"rendered":"<p>Turagen 100 tablet\/12 mg \u2013 \u010dist\u00fd, vysoce \u010dist\u00fd turinabol bez aromatizace, s dlouh\u00fdm \u00fa\u010dinkem (polo\u010das rozpadu ~16 hodin) a detek\u010dn\u00edm oknem a\u017e 250 dn\u00ed. <br \/><b>Kl\u00ed\u010dov\u00e9 vlastnosti:<\/b><\/p>\n<ul>\n<li>12 mg na tabletu pro p\u0159esn\u00e9 d\u00e1vkov\u00e1n\u00ed<\/li>\n<li>\u017d\u00e1dn\u00e9 estrogenn\u00ed vedlej\u0161\u00ed \u00fa\u010dinky<\/li>\n<li>Vrchol plazmy za 3 hodiny, umo\u017e\u0148uje u\u017e\u00edv\u00e1n\u00ed jednou nebo dvakr\u00e1t denn\u011b<\/li>\n<li>Podporuje n\u00e1r\u016fst svalov\u00e9 hmoty, definici a vytrvalost<\/li>\n<li>Minim\u00e1ln\u00ed ztr\u00e1ty po cyklu<\/li>\n<\/ul>\n","protected":false},"author":18,"featured_media":20432,"comment_status":"open","ping_status":"closed","template":"","meta":{"_gspb_post_css":""},"store":[5638],"product_brand":[],"product_cat":[1750,1558,7431,5950,5951,6183,1464,1473],"product_tag":[],"ppma_author":[259],"class_list":{"0":"post-18557","1":"product","2":"type-product","3":"status-publish","4":"has-post-thumbnail","6":"store-genetic-labs-cs","7":"product_cat-anabolic-steroids-cs","8":"product_cat-bulking-cs","9":"product_cat-muscle-growth-cs","10":"product_cat-oral-anabolic-steroid-pills-cs","11":"product_cat-oral-steroids-excluding-dianabol-cs","12":"product_cat-oral-turinabol-pills-cs","13":"product_cat-oral-steroids-cs","14":"product_cat-turinabol-pills-cs","15":"pa_active-ingredients-chlorodehydromethyltestosterone-cs","16":"pa_active-ingredients-turinabol-cs","17":"pa_also-known-as-aminopharma-cs","18":"pa_also-known-as-eugene-cs","19":"pa_also-known-as-turanabol-cs","21":"first","22":"instock","23":"sale","24":"purchasable","25":"product-type-simple"},"_links":{"self":[{"href":"https:\/\/poseidonrx.com\/cs\/wp-json\/wp\/v2\/product\/18557","targetHints":{"allow":["GET"]}}],"collection":[{"href":"https:\/\/poseidonrx.com\/cs\/wp-json\/wp\/v2\/product"}],"about":[{"href":"https:\/\/poseidonrx.com\/cs\/wp-json\/wp\/v2\/types\/product"}],"author":[{"embeddable":true,"href":"https:\/\/poseidonrx.com\/cs\/wp-json\/wp\/v2\/users\/18"}],"replies":[{"embeddable":true,"href":"https:\/\/poseidonrx.com\/cs\/wp-json\/wp\/v2\/comments?post=18557"}],"wp:featuredmedia":[{"embeddable":true,"href":"https:\/\/poseidonrx.com\/cs\/wp-json\/wp\/v2\/media\/20432"}],"wp:attachment":[{"href":"https:\/\/poseidonrx.com\/cs\/wp-json\/wp\/v2\/media?parent=18557"}],"wp:term":[{"taxonomy":"store","embeddable":true,"href":"https:\/\/poseidonrx.com\/cs\/wp-json\/wp\/v2\/store?post=18557"},{"taxonomy":"product_brand","embeddable":true,"href":"https:\/\/poseidonrx.com\/cs\/wp-json\/wp\/v2\/product_brand?post=18557"},{"taxonomy":"product_cat","embeddable":true,"href":"https:\/\/poseidonrx.com\/cs\/wp-json\/wp\/v2\/product_cat?post=18557"},{"taxonomy":"product_tag","embeddable":true,"href":"https:\/\/poseidonrx.com\/cs\/wp-json\/wp\/v2\/product_tag?post=18557"},{"taxonomy":"author","embeddable":true,"href":"https:\/\/poseidonrx.com\/cs\/wp-json\/wp\/v2\/ppma_author?post=18557"}],"curies":[{"name":"wp","href":"https:\/\/api.w.org\/{rel}","templated":true}]}}