{"id":18498,"date":"2025-12-12T11:10:24","date_gmt":"2025-12-12T10:10:24","guid":{"rendered":"https:\/\/poseidonrx.com\/testogen-php-10ml-100mg-testosterone-phenylpropionate-genetic-labs\/"},"modified":"2026-05-08T23:50:29","modified_gmt":"2026-05-08T21:50:29","slug":"testogen-php-10ml-100mg-testosterone-phenylpropionate-genetic-labs","status":"publish","type":"product","link":"https:\/\/poseidonrx.com\/cs\/testogen-php-10ml-100mg-testosterone-phenylpropionate-genetic-labs\/","title":{"rendered":"Testogen PHP 10ml\/100mg Testosterone Phenylpropionate &#8211; Genetic Labs"},"content":{"rendered":"<h2>Genetic Labs Testogen PHP 10 ml \/ 100 mg testosteronu fenylpropion\u00e1tu<\/h2>\n<p><b>Kl\u00ed\u010dov\u00e9 vlastnosti:<\/b><\/p>\n<ul>\n<li>Siln\u00fd anabolick\u00fd steroid s rychlou absorpc\u00ed<\/li>\n<li>100 mg testosteronu fenylpropion\u00e1tu na 10ml ampuli<\/li>\n<li>Vyrobeno na Ukrajin\u011b, \u0161iroce pou\u017e\u00edv\u00e1no kulturisty a sportovci<\/li>\n<li>Ide\u00e1ln\u00ed pro r\u016fst sval\u016f, zv\u00fd\u0161en\u00ed s\u00edly a zv\u00fd\u0161en\u00ed v\u00fdkonu<\/li>\n<\/ul>\n<h3>Slo\u017een\u00ed a balen\u00ed produktu<\/h3>\n<table border=\"1\" cellpadding=\"5\">\n<tbody>\n<tr>\n<th>Komponent<\/th>\n<th>Mno\u017estv\u00ed na ampulku<\/th>\n<\/tr>\n<tr>\n<td>Testosteron fenylpropion\u00e1t (aktivn\u00ed)<\/td>\n<td>100 mg<\/td>\n<\/tr>\n<tr>\n<td>Objem<\/td>\n<td>10 ml<\/td>\n<\/tr>\n<tr>\n<td>Obal<\/td>\n<td>Polyethylenov\u00e1 f\u00f3lie, kartonov\u00e1 krabice<\/td>\n<\/tr>\n<tr>\n<td>V\u00fdrobce<\/td>\n<td>Genetick\u00e9 laborato\u0159e (Ukrajina)<\/td>\n<\/tr>\n<\/tbody>\n<\/table>\n<h3>Pokyny pro administraci<\/h3>\n<ul>\n<li>Aplikujte intramuskul\u00e1rn\u011b do hrudn\u00edku, b\u0159icha nebo h\u00fd\u017ed\u00ed.<\/li>\n<li>Standardn\u00ed t\u00fddenn\u00ed d\u00e1vka: 100 mg. Lze podat jako jednor\u00e1zovou injekci nebo rozd\u011blit do v\u00edce d\u00e1vek b\u011bhem t\u00fddne.<\/li>\n<li>Typick\u00e1 d\u00e9lka cyklu:\n<ul>\n<li>Minim\u00e1ln\u011b: 1 m\u011bs\u00edc<\/li>\n<li>Maxim\u00e1ln\u011b: 3 m\u011bs\u00edce (nep\u0159ekra\u010dujte d\u00e1vkov\u00e1n\u00ed, aby se zachovala p\u0159irozen\u00e1 produkce testosteronu)<\/li>\n<\/ul>\n<\/li>\n<li>Po 3\u20134 t\u00fddnech za\u010dn\u011bte s pocyklovou terapi\u00ed (PCT) s regenera\u010dn\u00edmi l\u00e1tkami.<\/li>\n<\/ul>\n<h3>O\u010dek\u00e1van\u00e9 v\u00fdhody p\u0159i spr\u00e1vn\u00e9m pou\u017eit\u00ed<\/h3>\n<ul>\n<li>Rychl\u00fd n\u00e1r\u016fst svalov\u00e9 hmoty (a\u017e 7 kg v prvn\u00edm m\u011bs\u00edci)<\/li>\n<li>Zv\u00fd\u0161en\u00e1 s\u00edla a energetick\u00e1 hladina<\/li>\n<li>Zlep\u0161en\u00e1 retence dus\u00edku a tvorba \u010derven\u00fdch krvinek<\/li>\n<li>Zv\u00fd\u0161en\u00e1 chu\u0165 k j\u00eddlu, libido a celkov\u00fd metabolismus<\/li>\n<\/ul>\n<h3>Ne\u017e\u00e1douc\u00ed \u00fa\u010dinky a bezpe\u010dnostn\u00ed aspekty<\/h3>\n<ul>\n<li>\u010cast\u00e9 ne\u017e\u00e1douc\u00ed \u00fa\u010dinky: akn\u00e9, vypad\u00e1v\u00e1n\u00ed vlas\u016f, nevolnost, mo\u010dov\u00e9 pot\u00ed\u017ee, podr\u00e1\u017ed\u011bnost, lokalizovan\u00e1 bolest nebo sv\u011bd\u011bn\u00ed v m\u00edst\u011b injekce.<\/li>\n<li>M\u016f\u017ee se objevit nadm\u011brn\u00e9 libido.<\/li>\n<li>Dlouhodob\u00e9 u\u017e\u00edv\u00e1n\u00ed m\u016f\u017ee zat\u011b\u017eovat j\u00e1tra; doporu\u010duj\u00ed se hepatoprotektory.<\/li>\n<li>Pokud ne\u017e\u00e1douc\u00ed \u00fa\u010dinky p\u0159etrv\u00e1vaj\u00ed, okam\u017eit\u011b p\u0159esta\u0148te p\u0159\u00edpravek u\u017e\u00edvat.<\/li>\n<\/ul>\n<h3>P\u0159ehled farmakokinetiky<\/h3>\n<ul>\n<li>Rychl\u00fd metabolismus v j\u00e1trech; eliminace do 5 hodin.<\/li>\n<li>M\u00e9n\u011b ne\u017e 10 % zpracov\u00e1no vnit\u0159n\u011b.<\/li>\n<li>V\u00e1\u017ee se na globulinov\u00e9 proteiny a udr\u017euje tak vysokou anabolickou aktivitu.<\/li>\n<\/ul>\n<h3>P\u0159\u00edpady pou\u017eit\u00ed a terapeutick\u00fd potenci\u00e1l<\/h3>\n<ul>\n<li>Rehabilitace pro mu\u017eskou neplodnost a n\u00edzk\u00e9 hladiny testosteronu.<\/li>\n<li>Zlep\u0161en\u00ed v\u00fdkonu ve sportu a kulturistice.<\/li>\n<\/ul>\n<p>K dispozici ke koupi prost\u0159ednictv\u00edm PoseidonRX, d\u016fv\u011bryhodn\u00e9 online drogerie nab\u00edzej\u00edc\u00ed kvalitn\u00ed anabolick\u00e9 steroidy.<\/p>\n","protected":false},"excerpt":{"rendered":"<p>Siln\u00fd anabolick\u00fd zesilova\u010d od Genetic Labs: 100 mg testosteron-fenylpropion\u00e1tu na 10ml ampuli pro rychl\u00fd r\u016fst sval\u016f, zv\u00fd\u0161en\u00ed s\u00edly a vytrvalosti.<\/p>\n<ul>\n<li><b>Rychl\u00e1 absorpce<\/b> \u2013 rychl\u00fd n\u00e1stup \u00fa\u010dink\u016f<\/li>\n<li><b>Vysok\u00e1 \u010distota a konzistentn\u00ed d\u00e1vkov\u00e1n\u00ed<\/b><\/li>\n<li><b>Rychl\u00fd n\u00e1r\u016fst svalov\u00e9 hmoty (a\u017e 7 kg\/m\u011bs\u00edc)<\/b><\/li>\n<li><b>Zvy\u0161uje zadr\u017eov\u00e1n\u00ed dus\u00edku a tvorbu \u010derven\u00fdch krvinek<\/b><\/li>\n<li><b>Podporuje chu\u0165 k j\u00eddlu, libido a metabolismus<\/b><\/li>\n<\/ul>\n","protected":false},"author":18,"featured_media":20447,"comment_status":"open","ping_status":"closed","template":"","meta":{"_gspb_post_css":""},"store":[5638],"product_brand":[],"product_cat":[1750,1613,1558,1498,7431,5640,6838],"product_tag":[],"ppma_author":[259],"class_list":{"0":"post-18498","1":"product","2":"type-product","3":"status-publish","4":"has-post-thumbnail","6":"store-genetic-labs-cs","7":"product_cat-anabolic-steroids-cs","8":"product_cat-anabolic-androgenic-steroids-cs","9":"product_cat-bulking-cs","10":"product_cat-injectable-steroids-cs","11":"product_cat-muscle-growth-cs","12":"product_cat-testosterone-cs","13":"product_cat-testosterone-phenylpropionate-cs","14":"pa_active-ingredients-testosterone-phenylpropionate-cs","15":"pa_also-known-as-biopharma-tp-cs","16":"pa_also-known-as-phenosteroid-cs","17":"pa_also-known-as-syntheco-tpp-cs","18":"pa_also-known-as-testosterone-phenylpropionate-tp-cs","19":"pa_also-known-as-vollmar-tp-cs","21":"first","22":"instock","23":"sale","24":"purchasable","25":"product-type-simple"},"_links":{"self":[{"href":"https:\/\/poseidonrx.com\/cs\/wp-json\/wp\/v2\/product\/18498","targetHints":{"allow":["GET"]}}],"collection":[{"href":"https:\/\/poseidonrx.com\/cs\/wp-json\/wp\/v2\/product"}],"about":[{"href":"https:\/\/poseidonrx.com\/cs\/wp-json\/wp\/v2\/types\/product"}],"author":[{"embeddable":true,"href":"https:\/\/poseidonrx.com\/cs\/wp-json\/wp\/v2\/users\/18"}],"replies":[{"embeddable":true,"href":"https:\/\/poseidonrx.com\/cs\/wp-json\/wp\/v2\/comments?post=18498"}],"wp:featuredmedia":[{"embeddable":true,"href":"https:\/\/poseidonrx.com\/cs\/wp-json\/wp\/v2\/media\/20447"}],"wp:attachment":[{"href":"https:\/\/poseidonrx.com\/cs\/wp-json\/wp\/v2\/media?parent=18498"}],"wp:term":[{"taxonomy":"store","embeddable":true,"href":"https:\/\/poseidonrx.com\/cs\/wp-json\/wp\/v2\/store?post=18498"},{"taxonomy":"product_brand","embeddable":true,"href":"https:\/\/poseidonrx.com\/cs\/wp-json\/wp\/v2\/product_brand?post=18498"},{"taxonomy":"product_cat","embeddable":true,"href":"https:\/\/poseidonrx.com\/cs\/wp-json\/wp\/v2\/product_cat?post=18498"},{"taxonomy":"product_tag","embeddable":true,"href":"https:\/\/poseidonrx.com\/cs\/wp-json\/wp\/v2\/product_tag?post=18498"},{"taxonomy":"author","embeddable":true,"href":"https:\/\/poseidonrx.com\/cs\/wp-json\/wp\/v2\/ppma_author?post=18498"}],"curies":[{"name":"wp","href":"https:\/\/api.w.org\/{rel}","templated":true}]}}