{"id":18342,"date":"2025-12-12T11:10:24","date_gmt":"2025-12-12T10:10:24","guid":{"rendered":"https:\/\/poseidonrx.com\/testogen-10ml-100mg-testosterone-propionate-genetic-labs\/"},"modified":"2026-05-05T23:40:16","modified_gmt":"2026-05-05T21:40:16","slug":"testogen-10ml-100mg-testosterone-propionate-genetic-labs","status":"publish","type":"product","link":"https:\/\/poseidonrx.com\/cs\/testogen-10ml-100mg-testosterone-propionate-genetic-labs\/","title":{"rendered":"Testogen 10ml\/100mg Testosterone Propionate &#8211; Genetic Labs"},"content":{"rendered":"<h2>Testogen 10ml\/100mg testosteron propion\u00e1t \u2013 Genetic Labs<\/h2>\n<p><b>Zna\u010dka:<\/b> Genetic Labs <br \/><b>Forma produktu:<\/b> Injek\u010dn\u00ed roztok (10ml lahvi\u010dka, 100 mg\/ml) <br \/><b>Hlavn\u00ed \u00fa\u010dinn\u00e1 l\u00e1tka:<\/b> Testosteron propion\u00e1t<\/p>\n<h3>Kl\u00ed\u010dov\u00e9 v\u00fdhody pro sportovce a kulturisty<\/h3>\n<ul>\n<li><b>Zvy\u0161ov\u00e1n\u00ed a definice svalov\u00e9 hmoty<\/b> \u2013 Podporuje rychl\u00fd r\u016fst svalov\u00e9 hmoty a ost\u0159ej\u0161\u00ed kontury.<\/li>\n<li><b>Sn\u00ed\u017een\u00ed zadr\u017eov\u00e1n\u00ed vody<\/b> \u2013 Pom\u00e1h\u00e1 odstra\u0148ovat p\u0159ebyte\u010dnou tekutinu pro jemn\u011bj\u0161\u00ed vzhled.<\/li>\n<li><b>Spalov\u00e1n\u00ed tuk\u016f a zv\u00fd\u0161en\u00ed metabolismu<\/b> \u2013 Urychluje vyu\u017eit\u00ed kalori\u00ed, co\u017e napom\u00e1h\u00e1 hubnut\u00ed.<\/li>\n<li><b>Zv\u00fd\u0161en\u00ed vytrvalosti a s\u00edly<\/b> \u2013 Zvy\u0161uje energii a v\u00fddr\u017e b\u011bhem vysoce intenzivn\u00edch tr\u00e9nink\u016f.<\/li>\n<li><b>Podpora kost\u00ed a kloub\u016f<\/b> \u2013 P\u0159isp\u00edv\u00e1 k siln\u011bj\u0161\u00ed kostern\u00ed struktu\u0159e a zdrav\u00ed kloub\u016f.<\/li>\n<li><b>Kardiovaskul\u00e1rn\u00ed zdrav\u00ed<\/b> \u2013 Podporuje celkovou funkci srdce b\u011bhem n\u00e1ro\u010dn\u00e9ho tr\u00e9ninku.<\/li>\n<\/ul>\n<h3>Pokyny pro administraci<\/h3>\n<table border=\"1\" cellpadding=\"5\">\n<tbody>\n<tr>\n<th>\u00darove\u0148 zku\u0161enost\u00ed<\/th>\n<th>Doporu\u010den\u00e1 d\u00e1vka (mg)<\/th>\n<th>Frekvence<\/th>\n<\/tr>\n<tr>\n<td>Za\u010d\u00ednaj\u00edc\u00ed sportovec<\/td>\n<td>50<\/td>\n<td>Obden<\/td>\n<\/tr>\n<tr>\n<td>Zku\u0161en\u00fd sportovec<\/td>\n<td>\u2265100<\/td>\n<td>Denn\u011b nebo v\u00edce, v z\u00e1vislosti na toleranci<\/td>\n<\/tr>\n<\/tbody>\n<\/table>\n<p>10ml lahvi\u010dka obsahuje koncentraci 100 mg\/ml. Pro intramuskul\u00e1rn\u00ed injekci (do h\u00fd\u017ed\u00ed nebo stehna) pou\u017eijte steriln\u00ed injek\u010dn\u00ed st\u0159\u00edka\u010dku. Ka\u017ed\u00e1 k\u00fara obvykle trv\u00e1 2\u20134 m\u011bs\u00edce; d\u00e1vkov\u00e1n\u00ed a d\u00e9lku cyklu upravte se zdravotn\u00edkem.<\/p>\n<h3>Dopl\u0148kov\u00e1 opat\u0159en\u00ed<\/h3>\n<ul>\n<li><b>Antiestrogenn\u00ed terapie:<\/b> Nezbytn\u00e1 pro zm\u00edrn\u011bn\u00ed estrogenn\u00edch vedlej\u0161\u00edch \u00fa\u010dink\u016f b\u011bhem cykl\u016f s vysok\u00fdmi d\u00e1vkami.<\/li>\n<li><b>Nutri\u010dn\u00ed podpora:<\/b> Dostate\u010dn\u00fd p\u0159\u00edjem b\u00edlkovin, mikro\u017eivin a hydratace posiluj\u00ed anabolickou reakci.<\/li>\n<li><b>Rekonvalescence po cyklu:<\/b> Zva\u017ete terapii po cyklu (PCT) k obnoven\u00ed p\u0159irozen\u00e9 produkce hormon\u016f.<\/li>\n<\/ul>\n<h3>Ne\u017e\u00e1douc\u00ed \u00fa\u010dinky a kontraindikace<\/h3>\n<ul>\n<li>Mo\u017en\u00e9 ko\u017en\u00ed vyr\u00e1\u017eky nebo m\u00edrn\u00e9 alergick\u00e9 reakce v d\u016fsledku slo\u017eek esenci\u00e1ln\u00edch olej\u016f.<\/li>\n<li>Vypad\u00e1v\u00e1n\u00ed vlas\u016f, gynekomastie (zv\u011bt\u0161en\u00ed prsou), sn\u00ed\u017een\u00e1 produkce endogenn\u00edho testosteronu.<\/li>\n<li>Zv\u011bt\u0161en\u00ed prostaty \u2013 sledujte pravideln\u00fdmi kontrolami.<\/li>\n<\/ul>\n<p>Pro Testogen 10 ml nejsou uvedeny \u017e\u00e1dn\u00e9 absolutn\u00ed kontraindikace; nicm\u00e9n\u011b se d\u016frazn\u011b doporu\u010duje vyhledat l\u00e9ka\u0159sk\u00e9 vy\u0161et\u0159en\u00ed p\u0159ed zah\u00e1jen\u00edm l\u00e9\u010dby. Tento produkt se prod\u00e1v\u00e1 prost\u0159ednictv\u00edm PoseidonRX, renomovan\u00e9 online l\u00e9k\u00e1rny, kter\u00e1 poskytuje spolehliv\u00e9 zdroje a z\u00e1kaznickou podporu.<\/p>\n","protected":false},"excerpt":{"rendered":"<p>Genetic Labs Testogen 10 ml\/100 mg Testosteron propion\u00e1t je syntetick\u00fd testosteron propion\u00e1t ur\u010den\u00fd k podpo\u0159e r\u016fstu sval\u016f, regenerace a sportovn\u00edho v\u00fdkonu.<\/p>\n<ul>\n<li><b>Zvy\u0161ov\u00e1n\u00ed a definice svalov\u00e9 hmoty<\/b> : zvy\u0161uje svalovou hmotu a z\u00e1rove\u0148 sni\u017euje zadr\u017eov\u00e1n\u00ed vody.<\/li>\n<li><b>Spalov\u00e1n\u00ed tuk\u016f<\/b> : zvy\u0161uje rychlost metabolismu pro spalov\u00e1n\u00ed tuk\u016f b\u011bhem tr\u00e9ninkov\u00fdch cykl\u016f.<\/li>\n<li><b>Vytrvalost a s\u00edla<\/b> : poskytuje trvalou energii pro vysoce intenzivn\u00ed tr\u00e9ninky.<\/li>\n<li>Podporuje hustotu kost\u00ed, zdrav\u00ed kloub\u016f a kardiovaskul\u00e1rn\u00ed funkci prost\u0159ednictv\u00edm hormon\u00e1ln\u00ed rovnov\u00e1hy.<\/li>\n<\/ul>\n","protected":false},"author":18,"featured_media":20452,"comment_status":"open","ping_status":"closed","template":"","meta":{"_gspb_post_css":""},"store":[5638],"product_brand":[],"product_cat":[1750,1613,1558,6594,1498,7431,1769,1527,5640],"product_tag":[],"ppma_author":[259],"class_list":{"0":"post-18342","1":"product","2":"type-product","3":"status-publish","4":"has-post-thumbnail","6":"store-genetic-labs-cs","7":"product_cat-anabolic-steroids-cs","8":"product_cat-anabolic-androgenic-steroids-cs","9":"product_cat-bulking-cs","10":"product_cat-injectable-anabolics-cs","11":"product_cat-injectable-steroids-cs","12":"product_cat-muscle-growth-cs","13":"product_cat-testosterone-propionate-cs","14":"product_cat-testosterone-propionate-injection-cs","15":"product_cat-testosterone-cs","16":"pa_active-ingredients-testosterone-propionate-cs","17":"pa_also-known-as-testoprop-cs","18":"pa_also-known-as-testodex-cs","19":"pa_also-known-as-testopel-cs","21":"first","22":"instock","23":"sale","24":"purchasable","25":"product-type-simple"},"_links":{"self":[{"href":"https:\/\/poseidonrx.com\/cs\/wp-json\/wp\/v2\/product\/18342","targetHints":{"allow":["GET"]}}],"collection":[{"href":"https:\/\/poseidonrx.com\/cs\/wp-json\/wp\/v2\/product"}],"about":[{"href":"https:\/\/poseidonrx.com\/cs\/wp-json\/wp\/v2\/types\/product"}],"author":[{"embeddable":true,"href":"https:\/\/poseidonrx.com\/cs\/wp-json\/wp\/v2\/users\/18"}],"replies":[{"embeddable":true,"href":"https:\/\/poseidonrx.com\/cs\/wp-json\/wp\/v2\/comments?post=18342"}],"wp:featuredmedia":[{"embeddable":true,"href":"https:\/\/poseidonrx.com\/cs\/wp-json\/wp\/v2\/media\/20452"}],"wp:attachment":[{"href":"https:\/\/poseidonrx.com\/cs\/wp-json\/wp\/v2\/media?parent=18342"}],"wp:term":[{"taxonomy":"store","embeddable":true,"href":"https:\/\/poseidonrx.com\/cs\/wp-json\/wp\/v2\/store?post=18342"},{"taxonomy":"product_brand","embeddable":true,"href":"https:\/\/poseidonrx.com\/cs\/wp-json\/wp\/v2\/product_brand?post=18342"},{"taxonomy":"product_cat","embeddable":true,"href":"https:\/\/poseidonrx.com\/cs\/wp-json\/wp\/v2\/product_cat?post=18342"},{"taxonomy":"product_tag","embeddable":true,"href":"https:\/\/poseidonrx.com\/cs\/wp-json\/wp\/v2\/product_tag?post=18342"},{"taxonomy":"author","embeddable":true,"href":"https:\/\/poseidonrx.com\/cs\/wp-json\/wp\/v2\/ppma_author?post=18342"}],"curies":[{"name":"wp","href":"https:\/\/api.w.org\/{rel}","templated":true}]}}