{"id":17922,"date":"2025-12-12T11:11:13","date_gmt":"2025-12-12T10:11:13","guid":{"rendered":"https:\/\/poseidonrx.com\/pharma-stan-oil-10ml-50mg-stanozolol-pharmacom\/"},"modified":"2026-05-05T23:20:55","modified_gmt":"2026-05-05T21:20:55","slug":"pharma-stan-oil-10ml-50mg-stanozolol-pharmacom","status":"publish","type":"product","link":"https:\/\/poseidonrx.com\/cs\/pharma-stan-oil-10ml-50mg-stanozolol-pharmacom\/","title":{"rendered":"Pharma Stan Oil 10ml\/50mg Stanozolol &#8211; Pharmacom"},"content":{"rendered":"<h2>Pharma Stan Oil 10ml\/50mg Stanozolol \u2013 Pharmacom<\/h2>\n<p><b>Zna\u010dka:<\/b> Pharmacom <br \/><b>Typ produktu:<\/b> Stanozolol (steroid) na b\u00e1zi oleje <br \/><b>Objem:<\/b> 10 ml <br \/><b>D\u00e1vka na ml:<\/b> 5 mg\/ml (celkem 50 mg)<\/p>\n<h3>Kl\u00ed\u010dov\u00e9 vlastnosti<\/h3>\n<ul>\n<li><b>Formulace na b\u00e1zi oleje<\/b> \u2013 sni\u017euje riziko vzniku abscesu a podr\u00e1\u017ed\u011bn\u00ed v m\u00edst\u011b vpichu ve srovn\u00e1n\u00ed se suspenzemi rozpustn\u00fdmi ve vod\u011b.<\/li>\n<li>Pln\u011b kompatibiln\u00ed s jin\u00fdmi steroidy na olejov\u00e9 b\u00e1zi; lze sm\u00edchat v jedn\u00e9 injek\u010dn\u00ed st\u0159\u00edka\u010dce pro intramuskul\u00e1rn\u00ed (IM) injekci.<\/li>\n<li>Navr\u017eeno pro <b>pohodln\u00e9 a pohodln\u00e9<\/b> pod\u00e1v\u00e1n\u00ed, zejm\u00e9na b\u011bhem multisteroidn\u00edch re\u017eim\u016f.<\/li>\n<\/ul>\n<h3>Pokyny pro administraci<\/h3>\n<table border=\"1\" cellpadding=\"5\">\n<tbody>\n<tr>\n<th>Krok<\/th>\n<th>Popis<\/th>\n<\/tr>\n<tr>\n<td>P\u0159\u00edprava<\/td>\n<td>Jemn\u011b prot\u0159epejte lahvi\u010dku, aby se l\u00e9\u010div\u00e1 l\u00e1tka rovnom\u011brn\u011b rozprost\u0159ela. Nep\u0159et\u0159ep\u00e1vejte.<\/td>\n<\/tr>\n<tr>\n<td>Pln\u011bn\u00ed st\u0159\u00edka\u010dky<\/td>\n<td>Do steriln\u00ed injek\u010dn\u00ed st\u0159\u00edka\u010dky s vhodnou jehlou pro intramuskul\u00e1rn\u00ed injekci napipetujte 0,5\u20131 ml (2,5\u20135 mg).<\/td>\n<\/tr>\n<tr>\n<td>M\u00edsto injekce<\/td>\n<td>Vyberte velkou svalovou skupinu (nap\u0159. gluteus maximus, deltov\u00fd sval). O\u010dist\u011bte oblast alkoholov\u00fdm tamponem.<\/td>\n<\/tr>\n<tr>\n<td>Spr\u00e1va<\/td>\n<td>Pomalu vst\u0159\u00edkn\u011bte do svalu; odsajte, abyste zabr\u00e1nili intravaskul\u00e1rn\u00ed injekci. Opakujte d\u00e1vku dle p\u0159edepsan\u00e9ho pokynu.<\/td>\n<\/tr>\n<tr>\n<td>M\u00edch\u00e1n\u00ed s jin\u00fdmi steroidy<\/td>\n<td>Pokud kombinujete, ujist\u011bte se, \u017ee celkov\u00fd objem nep\u0159esahuje kapacitu st\u0159\u00edka\u010dky (obvykle 2\u20133 ml). P\u0159ed injekc\u00ed jemn\u011b prom\u00edchejte.<\/td>\n<\/tr>\n<\/tbody>\n<\/table>\n<h3>Doporu\u010den\u00e9 d\u00e1vkov\u00e1n\u00ed<\/h3>\n<ul>\n<li>Typick\u00fd anabolick\u00fd cyklus: 0,5\u20131 mg denn\u011b nebo 2\u20134 mg obden po dobu 4\u20136 t\u00fddn\u016f.<\/li>\n<li>Upravte na z\u00e1klad\u011b individu\u00e1ln\u00ed tolerance, reakce na l\u00e9ky a l\u00e9ka\u0159sk\u00e9ho dohledu.<\/li>\n<\/ul>\n<h3>Ne\u017e\u00e1douc\u00ed \u00fa\u010dinky a bezpe\u010dnostn\u00ed opat\u0159en\u00ed<\/h3>\n<ul>\n<li><b>\u010cast\u00e9 ne\u017e\u00e1douc\u00ed \u00fa\u010dinky:<\/b>\n<ul>\n<li>Bolest nebo otok v m\u00edst\u011b injekce (vz\u00e1cn\u00e9 u p\u0159\u00edpravk\u016f na b\u00e1zi oleje)<\/li>\n<li>Bolest hlavy, z\u00e1vrat\u011b, m\u00edrn\u00e1 nevolnost<\/li>\n<li>Zm\u011bny libida nebo n\u00e1lady<\/li>\n<\/ul>\n<\/li>\n<li><b>V\u00e1\u017en\u00e1 rizika:<\/b>\n<ul>\n<li>Zv\u00fd\u0161en\u00e9 hladiny jatern\u00edch enzym\u016f \u2013 monitorujte je pravideln\u00fdmi krevn\u00edmi testy.<\/li>\n<li>Hepatotoxicita, zejm\u00e9na v kombinaci s jin\u00fdmi hepatotoxick\u00fdmi l\u00e1tkami.<\/li>\n<li>Potenci\u00e1l virilizace u \u017een (nap\u0159. prohlouben\u00ed hlasu, hirsutismus).<\/li>\n<\/ul>\n<\/li>\n<li><b>Kontraindikace:<\/b>\n<ul>\n<li>T\u011bhotenstv\u00ed nebo kojen\u00ed<\/li>\n<li>Onemocn\u011bn\u00ed jater nebo v\u00fdznamn\u00e9 po\u0161kozen\u00ed jater<\/li>\n<li>Zn\u00e1m\u00e1 p\u0159ecitliv\u011blost na stanozolol nebo pomocn\u00e9 l\u00e1tky.<\/li>\n<\/ul>\n<\/li>\n<li><b>Monitorov\u00e1n\u00ed:<\/b>\n<ul>\n<li>Pravideln\u00e9 jatern\u00ed testy (ALT, AST, bilirubin).<\/li>\n<li>P\u0159i dlouhodob\u00e9m u\u017e\u00edv\u00e1n\u00ed je nutn\u00e9 kontrolovat krevn\u00ed tlak a lipidov\u00fd profil.<\/li>\n<\/ul>\n<\/li>\n<\/ul>\n<h3>Skladov\u00e1n\u00ed a manipulace<\/h3>\n<ul>\n<li>Skladujte na chladn\u00e9m a such\u00e9m m\u00edst\u011b mimo dosah p\u0159\u00edm\u00e9ho slune\u010dn\u00edho z\u00e1\u0159en\u00ed.<\/li>\n<li>Zabra\u0148te zamrznut\u00ed; udr\u017eujte teplotu mezi 15 \u00b0C a 25 \u00b0C (59 \u00b0F\u201377 \u00b0F).<\/li>\n<li>Uchov\u00e1vejte mimo dosah d\u011bt\u00ed a dom\u00e1c\u00edch zv\u00ed\u0159at.<\/li>\n<\/ul>\n<h3>N\u00e1kup a dostupnost<\/h3>\n<p>Stanozolol na b\u00e1zi oleje od spole\u010dnosti Pharmacom je k dispozici k prodeji prost\u0159ednictv\u00edm PoseidonRX, online l\u00e9k\u00e1rny, kter\u00e1 nab\u00edz\u00ed bezpe\u010dn\u00e9 doru\u010den\u00ed a diskr\u00e9tn\u00ed balen\u00ed. Ka\u017ed\u00e1 objedn\u00e1vka obsahuje jednu 10ml lahvi\u010dku s celkem 50 mg stanozololu v olejov\u00e9m nosi\u010di.<\/p>\n","protected":false},"excerpt":{"rendered":"<p><b>10ml lahvi\u010dka na olejov\u00e9 b\u00e1zi s 50 mg \u010dist\u00e9ho stanozololu, p\u0159ipraven\u00e1 k intramuskul\u00e1rn\u00ed injekci.<\/b><\/p>\n<ul>\n<li><b>Stabiln\u00ed olejov\u00fd nosi\u010d<\/b> eliminuje riziko abscesu.<\/li>\n<li>Compatible with other oil\u2011based steroids.<\/li>\n<li>Precise dosing in a convenient 10\u202fmL size.<\/li>\n<\/ul>\n","protected":false},"author":18,"featured_media":20537,"comment_status":"open","ping_status":"closed","template":"","meta":{"_gspb_post_css":""},"store":[6163],"product_brand":[],"product_cat":[1750,1613,1558,6594,1706,1498,7431,7313,1508],"product_tag":[],"ppma_author":[259],"class_list":{"0":"post-17922","1":"product","2":"type-product","3":"status-publish","4":"has-post-thumbnail","6":"store-pharmacom-cs","7":"product_cat-anabolic-steroids-cs","8":"product_cat-anabolic-androgenic-steroids-cs","9":"product_cat-bulking-cs","10":"product_cat-injectable-anabolics-cs","11":"product_cat-stanozolol-injection-cs","12":"product_cat-injectable-steroids-cs","13":"product_cat-muscle-growth-cs","14":"product_cat-winstrol-injectable-pills-cs","15":"product_cat-winstrol-injection-cs","16":"pa_active-ingredients-stanozolol-cs","17":"pa_also-known-as-stanozolol-acetate-cs","18":"pa_also-known-as-stanozolol-enanthate-cs","19":"pa_also-known-as-stanozolol-oil-cs","20":"pa_also-known-as-stanozolol-propionate-cs","21":"pa_also-known-as-stanozolol-sesame-oil-blend-cs","22":"pa_also-known-as-stanozolol-undecylate-cs","24":"first","25":"instock","26":"purchasable","27":"product-type-simple"},"_links":{"self":[{"href":"https:\/\/poseidonrx.com\/cs\/wp-json\/wp\/v2\/product\/17922","targetHints":{"allow":["GET"]}}],"collection":[{"href":"https:\/\/poseidonrx.com\/cs\/wp-json\/wp\/v2\/product"}],"about":[{"href":"https:\/\/poseidonrx.com\/cs\/wp-json\/wp\/v2\/types\/product"}],"author":[{"embeddable":true,"href":"https:\/\/poseidonrx.com\/cs\/wp-json\/wp\/v2\/users\/18"}],"replies":[{"embeddable":true,"href":"https:\/\/poseidonrx.com\/cs\/wp-json\/wp\/v2\/comments?post=17922"}],"wp:featuredmedia":[{"embeddable":true,"href":"https:\/\/poseidonrx.com\/cs\/wp-json\/wp\/v2\/media\/20537"}],"wp:attachment":[{"href":"https:\/\/poseidonrx.com\/cs\/wp-json\/wp\/v2\/media?parent=17922"}],"wp:term":[{"taxonomy":"store","embeddable":true,"href":"https:\/\/poseidonrx.com\/cs\/wp-json\/wp\/v2\/store?post=17922"},{"taxonomy":"product_brand","embeddable":true,"href":"https:\/\/poseidonrx.com\/cs\/wp-json\/wp\/v2\/product_brand?post=17922"},{"taxonomy":"product_cat","embeddable":true,"href":"https:\/\/poseidonrx.com\/cs\/wp-json\/wp\/v2\/product_cat?post=17922"},{"taxonomy":"product_tag","embeddable":true,"href":"https:\/\/poseidonrx.com\/cs\/wp-json\/wp\/v2\/product_tag?post=17922"},{"taxonomy":"author","embeddable":true,"href":"https:\/\/poseidonrx.com\/cs\/wp-json\/wp\/v2\/ppma_author?post=17922"}],"curies":[{"name":"wp","href":"https:\/\/api.w.org\/{rel}","templated":true}]}}