{"id":17856,"date":"2025-12-12T11:11:13","date_gmt":"2025-12-12T10:11:13","guid":{"rendered":"https:\/\/poseidonrx.com\/testosterone-enanthate-10ml-250mg-test-enanthate-prime\/"},"modified":"2026-05-08T23:30:19","modified_gmt":"2026-05-08T21:30:19","slug":"testosterone-enanthate-10ml-250mg-test-enanthate-prime","status":"publish","type":"product","link":"https:\/\/poseidonrx.com\/cs\/testosterone-enanthate-10ml-250mg-test-enanthate-prime\/","title":{"rendered":"Testosterone Enanthate 10ml\/250mg Test Enanthate &#8211; Prime"},"content":{"rendered":"<p><b>Prime Testosteron Enanthate 10ml\/250mg \u2013 Test E<\/b><\/p>\n<h2>Co je Prime Testosteron Enanthate?<\/h2>\n<ul>\n<li><b>Dlouhodob\u011b p\u016fsob\u00edc\u00ed injek\u010dn\u00ed anabolick\u00fd steroid<\/b><\/li>\n<li>Na z\u00e1klad\u011b osv\u011bd\u010den\u00e9ho esteru, <b>testosteronu enant\u00e1tu<\/b><\/li>\n<li>Dod\u00e1v\u00e1 se v jedn\u00e9 lahvi\u010dce: 10 ml obsahuje 250 mg \u00fa\u010dinn\u00e9 l\u00e1tky hormonu<\/li>\n<li>Obl\u00edben\u00fd mezi sportovci pro svou rovnov\u00e1hu mezi \u00fa\u010dinnost\u00ed a pohodl\u00edm<\/li>\n<\/ul>\n<h2>Kl\u00ed\u010dov\u00e9 v\u00fdhody<\/h2>\n<table border=\"1\" cellpadding=\"4\">\n<tbody>\n<tr>\n<th>Prosp\u011bch<\/th>\n<th>Popis<\/th>\n<\/tr>\n<tr>\n<td>Svalov\u00e1 hypertrofie<\/td>\n<td>V kombinaci s silov\u00fdm tr\u00e9ninkem podporuje v\u00fdznamn\u00e9 n\u00e1r\u016fsty svalov\u00e9 hmoty.<\/td>\n<\/tr>\n<tr>\n<td>Zv\u00fd\u0161en\u00ed s\u00edly<\/td>\n<td>Zvy\u0161uje maxim\u00e1ln\u00ed s\u00edlu a celkov\u00fd v\u00fdkon.<\/td>\n<\/tr>\n<tr>\n<td>Podpora kloub\u016f a pojivov\u00e9 tk\u00e1n\u011b<\/td>\n<td>Zlep\u0161uje odolnost kloub\u016f a pevnost pojivov\u00e9 tk\u00e1n\u011b.<\/td>\n<\/tr>\n<tr>\n<td>Stimulace chuti k j\u00eddlu<\/td>\n<td>Zvy\u0161uje hlad, napom\u00e1h\u00e1 kalorick\u00e9mu p\u0159ebytku pro cykly nab\u00edr\u00e1n\u00ed hmoty.<\/td>\n<\/tr>\n<tr>\n<td>Libido a sexu\u00e1ln\u00ed funkce<\/td>\n<td>Zvy\u0161uje sexu\u00e1ln\u00ed touhu a funkci.<\/td>\n<\/tr>\n<tr>\n<td>Antikatabolick\u00fd \u00fa\u010dinek<\/td>\n<td>Zachov\u00e1v\u00e1 svalovou hmotu b\u011bhem stresu nebo kalorick\u00e9ho deficitu.<\/td>\n<\/tr>\n<\/tbody>\n<\/table>\n<h2>Pokyny pro administraci<\/h2>\n<ul>\n<li><b>D\u00e1vkov\u00e1n\u00ed<\/b> : Typick\u00e9 rozmez\u00ed je 250\u2013500 mg t\u00fddn\u011b, rozd\u011bleno do 2\u20133 injekc\u00ed.<\/li>\n<li><b>M\u00edsto injekce<\/b> : Pro optim\u00e1ln\u00ed vst\u0159eb\u00e1n\u00ed jsou preferovan\u00fdmi m\u00edsty h\u00fd\u017e\u010fov\u00e9 nebo stehenn\u00ed svaly.<\/li>\n<li><b>Frekvence<\/b> : Vzhledem k prodlou\u017een\u00e9mu polo\u010dasu rozpadu (~4\u20135 dn\u00ed) je b\u011b\u017en\u00e9 pod\u00e1v\u00e1n\u00ed jednou za 7\u201310 dn\u00ed.<\/li>\n<li><b>M\u00edch\u00e1n\u00ed<\/b> : P\u0159ed injekc\u00ed rozpus\u0165te lahvi\u010dku ve steriln\u00ed vod\u011b; nepou\u017e\u00edvejte vodu z kohoutku.<\/li>\n<li><b>Bezpe\u010dnost<\/b> : Pro ka\u017edou injekci pou\u017eijte novou jehlu a dodr\u017eujte aseptick\u00e9 postupy, abyste zabr\u00e1nili infekci.<\/li>\n<\/ul>\n<h2>Mo\u017en\u00e9 vedlej\u0161\u00ed \u00fa\u010dinky<\/h2>\n<ul>\n<li><b>Androgenn\u00ed \u00fa\u010dinky<\/b> : Akn\u00e9, mastn\u00e1 ple\u0165, vypad\u00e1v\u00e1n\u00ed vlas\u016f (mu\u017esk\u00e1 ple\u0161atost), zv\u00fd\u0161en\u00e9 ochlupen\u00ed.<\/li>\n<li><b>Hormon\u00e1ln\u00ed nerovnov\u00e1ha<\/b> : Potla\u010den\u00ed p\u0159irozen\u00e9 produkce testosteronu; m\u016f\u017ee vy\u017eadovat terapii po cyklu.<\/li>\n<li><b>Zm\u011bny lipidov\u00e9ho profilu<\/b> : Mo\u017en\u00e9 sn\u00ed\u017een\u00ed HDL cholesterolu a zv\u00fd\u0161en\u00ed hladin LDL.<\/li>\n<li><b>Zadr\u017eov\u00e1n\u00ed tekutin<\/b> : M\u00edrn\u00fd otok nebo ed\u00e9m, zejm\u00e9na v m\u00edst\u011b vpichu.<\/li>\n<li><b>Kardiovaskul\u00e1rn\u00ed rizika<\/b> : Dlouhodob\u00e9 u\u017e\u00edv\u00e1n\u00ed m\u016f\u017ee zv\u00fd\u0161it krevn\u00ed tlak, proto je nutn\u00e9 jej pravideln\u011b sledovat.<\/li>\n<li><b>Psychologick\u00e9 \u00fa\u010dinky<\/b> : V\u00fdkyvy n\u00e1lad, podr\u00e1\u017ed\u011bnost nebo zv\u00fd\u0161en\u00e1 agresivita u n\u011bkter\u00fdch u\u017eivatel\u016f.<\/li>\n<\/ul>\n<h2>Pro\u010d si vybrat Prime Testosteron Enanthate?<\/h2>\n<ul>\n<li><b>Chemick\u00e1 identita<\/b> : Odpov\u00edd\u00e1 p\u0159irozen\u00e9 hormon\u00e1ln\u00ed struktu\u0159e t\u011bla, \u010d\u00edm\u017e minimalizuje ne\u017e\u00e1douc\u00ed \u00fa\u010dinky.<\/li>\n<li><b>Prodlou\u017een\u00e9 uvol\u0148ov\u00e1n\u00ed<\/b> : M\u00e9n\u011b injekc\u00ed ve srovn\u00e1n\u00ed s krat\u0161\u00ed dobou \u00fa\u010dinku ester\u016f, jako je propion\u00e1t.<\/li>\n<li><b>V\u0161estrannost<\/b> : Vhodn\u00fd pro za\u010d\u00e1te\u010dn\u00edky i pokro\u010dil\u00e9 u\u017eivatele jako z\u00e1kladn\u00ed sm\u011bs.<\/li>\n<li><b>Pom\u011br ceny a efektivity<\/b> : Nab\u00edz\u00ed spolehliv\u00e9 v\u00fdsledky bez nadm\u011brn\u00fdch n\u00e1klad\u016f.<\/li>\n<\/ul>\n<h2>N\u00e1kup od PoseidonRX<\/h2>\n<p>Prime Testosteron Enanthate je k dost\u00e1n\u00ed v renomovan\u00e9 online l\u00e9k\u00e1rn\u011b PoseidonRX, co\u017e zaji\u0161\u0165uje bezpe\u010dn\u00e9 doru\u010den\u00ed a ov\u011b\u0159enou kvalitu produktu. <b>Prime<\/b> nab\u00edz\u00ed spolehliv\u00e9 \u0159e\u0161en\u00ed pro ty, kte\u0159\u00ed hledaj\u00ed konzistentn\u00ed anabolickou podporu ve sv\u00e9m tr\u00e9ninkov\u00e9m re\u017eimu.<\/p>\n","protected":false},"excerpt":{"rendered":"<p>Boost muscle mass and strength with <strong>Magnus Testosterone Enanthate 10\u202fml \/ 250\u202fmg<\/strong> \u2013 a pure USP\u2011grade steroid designed for athletes and bodybuilders.<\/p>\n<ul>\n<li><b>Sustained release<\/b>: ~8\u2011day half\u2011life, stable levels for 2\u20133 weeks.<\/li>\n<li><b>Performance\u2011ready<\/b>: boosts lean muscle, power, and recovery.<\/li>\n<li><b>Convenient dosing<\/b>: typical cycles 6\u201312\u202fweeks with weekly or bi\u2011weekly injections.<\/li>\n<li><b>USP quality<\/b>: 250\u202fmg per vial, sterile formulation.<\/li>\n<\/ul>\n","protected":false},"author":18,"featured_media":20562,"comment_status":"open","ping_status":"closed","template":"","meta":{"_gspb_post_css":""},"store":[6108],"product_brand":[],"product_cat":[1750,1613,1558,6594,1498,7431,1770,1536,5640],"product_tag":[],"ppma_author":[259],"class_list":{"0":"post-17856","1":"product","2":"type-product","3":"status-publish","4":"has-post-thumbnail","6":"store-prime-cs","7":"product_cat-anabolic-steroids-cs","8":"product_cat-anabolic-androgenic-steroids-cs","9":"product_cat-bulking-cs","10":"product_cat-injectable-anabolics-cs","11":"product_cat-injectable-steroids-cs","12":"product_cat-muscle-growth-cs","13":"product_cat-testosterone-enanthate-cs","14":"product_cat-testosterone-enanthate-injection-cs","15":"product_cat-testosterone-cs","16":"pa_active-ingredients-testosterone-enanthate-cs","17":"pa_also-known-as-test-enanthate-cs","18":"pa_also-known-as-testoenanthate-cs","19":"pa_also-known-as-testosterone-enanthate-epoc-cs","20":"pa_also-known-as-testosterone-enanthate-mylan-cs","21":"pa_also-known-as-testosterone-enanthate-usp-cs","23":"first","24":"instock","25":"sale","26":"purchasable","27":"product-type-simple"},"_links":{"self":[{"href":"https:\/\/poseidonrx.com\/cs\/wp-json\/wp\/v2\/product\/17856","targetHints":{"allow":["GET"]}}],"collection":[{"href":"https:\/\/poseidonrx.com\/cs\/wp-json\/wp\/v2\/product"}],"about":[{"href":"https:\/\/poseidonrx.com\/cs\/wp-json\/wp\/v2\/types\/product"}],"author":[{"embeddable":true,"href":"https:\/\/poseidonrx.com\/cs\/wp-json\/wp\/v2\/users\/18"}],"replies":[{"embeddable":true,"href":"https:\/\/poseidonrx.com\/cs\/wp-json\/wp\/v2\/comments?post=17856"}],"wp:featuredmedia":[{"embeddable":true,"href":"https:\/\/poseidonrx.com\/cs\/wp-json\/wp\/v2\/media\/20562"}],"wp:attachment":[{"href":"https:\/\/poseidonrx.com\/cs\/wp-json\/wp\/v2\/media?parent=17856"}],"wp:term":[{"taxonomy":"store","embeddable":true,"href":"https:\/\/poseidonrx.com\/cs\/wp-json\/wp\/v2\/store?post=17856"},{"taxonomy":"product_brand","embeddable":true,"href":"https:\/\/poseidonrx.com\/cs\/wp-json\/wp\/v2\/product_brand?post=17856"},{"taxonomy":"product_cat","embeddable":true,"href":"https:\/\/poseidonrx.com\/cs\/wp-json\/wp\/v2\/product_cat?post=17856"},{"taxonomy":"product_tag","embeddable":true,"href":"https:\/\/poseidonrx.com\/cs\/wp-json\/wp\/v2\/product_tag?post=17856"},{"taxonomy":"author","embeddable":true,"href":"https:\/\/poseidonrx.com\/cs\/wp-json\/wp\/v2\/ppma_author?post=17856"}],"curies":[{"name":"wp","href":"https:\/\/api.w.org\/{rel}","templated":true}]}}