{"id":17762,"date":"2025-12-12T11:11:13","date_gmt":"2025-12-12T10:11:13","guid":{"rendered":"https:\/\/poseidonrx.com\/testosterone-phenylpropionate-10ml-100mg-magnus\/"},"modified":"2026-05-02T23:12:24","modified_gmt":"2026-05-02T21:12:24","slug":"testosterone-phenylpropionate-10ml-100mg-magnus","status":"publish","type":"product","link":"https:\/\/poseidonrx.com\/cs\/testosterone-phenylpropionate-10ml-100mg-magnus\/","title":{"rendered":"Testosterone Phenylpropionate 10ml\/100mg &#8211; Magnus"},"content":{"rendered":"<h2>Magnus Testosteron-fenylpropion\u00e1t 10 ml\/100 mg<\/h2>\n<p><b>Kl\u00ed\u010dov\u00e9 vlastnosti:<\/b><\/p>\n<ul>\n<li>Testosteronov\u00fd ester s fenylpropion\u00e1tem \u2013 profil st\u0159edn\u011bdob\u00e9ho uvol\u0148ov\u00e1n\u00ed (4\u20135 dn\u00ed)<\/li>\n<li>Vhodn\u00e9 pro sportovce hledaj\u00edc\u00ed rovnov\u00e1hu mezi \u00fa\u010dinnost\u00ed a frekvenc\u00ed injekc\u00ed<\/li>\n<li>Hl\u00e1\u0161ena ni\u017e\u0161\u00ed retence tekutin ve srovn\u00e1n\u00ed s cypion\u00e1tem nebo enanth\u00e1tem<\/li>\n<li>K dispozici v 10ml lahvi\u010dk\u00e1ch, z nich\u017e ka\u017ed\u00e1 obsahuje 100 mg testosteronu fenylpropion\u00e1tu.<\/li>\n<\/ul>\n<h3>Pokyny pro administraci<\/h3>\n<p><b>D\u00e1vkov\u00e1n\u00ed a frekvence:<\/b><\/p>\n<ul>\n<li>Typick\u00e9 d\u00e1vkov\u00e1n\u00ed: 50\u2013150 mg na injekci (ekvivalent 1\u20132 lahvi\u010dek)<\/li>\n<li>Doporu\u010den\u00e9 d\u00e1vkov\u00e1n\u00ed: ka\u017ed\u00e9 3\u20134 dny nebo p\u0159ibli\u017en\u011b dvakr\u00e1t t\u00fddn\u011b pro optim\u00e1ln\u00ed hladiny v s\u00e9ru<\/li>\n<li>\u00dapravy mohou b\u00fdt nutn\u00e9 na z\u00e1klad\u011b individu\u00e1ln\u00ed reakce a c\u00edl\u016f cyklistiky.<\/li>\n<\/ul>\n<p><b>Technika vst\u0159ikov\u00e1n\u00ed:<\/b><\/p>\n<ul>\n<li>Pro intramuskul\u00e1rn\u00ed injekci pou\u017eijte steriln\u00ed injek\u010dn\u00ed st\u0159\u00edka\u010dku a jehlu (22\u201325 G).<\/li>\n<li>\u010cast\u00e9 lokalizace: h\u00fd\u017e\u010fov\u00fd sval, deltov\u00fd sval nebo lateraln\u00ed sval vastus<\/li>\n<li>St\u0159\u00eddejte m\u00edsta vpichu, abyste minimalizovali lok\u00e1ln\u00ed podr\u00e1\u017ed\u011bn\u00ed a sn\u00ed\u017eili riziko vzniku abscesu<\/li>\n<li>Dodr\u017eujte aseptickou techniku: p\u0159ed injekc\u00ed o\u010dist\u011bte k\u016f\u017ei alkoholov\u00fdm tamponem.<\/li>\n<\/ul>\n<h3>Ne\u017e\u00e1douc\u00ed \u00fa\u010dinky a \u00favahy<\/h3>\n<p><b>\u010cast\u00e9 ne\u017e\u00e1douc\u00ed \u00fa\u010dinky:<\/b><\/p>\n<ul>\n<li>Bolest v m\u00edst\u011b injekce, zarudnut\u00ed nebo otok (mo\u017en\u00fd absces, pokud nen\u00ed spr\u00e1vn\u011b o\u0161et\u0159en)<\/li>\n<li>Zadr\u017eov\u00e1n\u00ed tekutin a gynekomastie v d\u016fsledku konverze estrogenu (aromatizace)<\/li>\n<li>Mo\u017en\u00e1 vypad\u00e1v\u00e1n\u00ed vlas\u016f na poko\u017ece hlavy, zv\u011bt\u0161en\u00ed prostaty v d\u016fsledku aktivity dihydrotestosteronu<\/li>\n<li>Zv\u00fd\u0161en\u00e9 riziko kardiovaskul\u00e1rn\u00ed z\u00e1t\u011b\u017ee p\u0159i vysok\u00fdch d\u00e1vk\u00e1ch nebo dlouhodob\u00e9m u\u017e\u00edv\u00e1n\u00ed<\/li>\n<\/ul>\n<p><b>Doporu\u010den\u00ed pro monitorov\u00e1n\u00ed:<\/b><\/p>\n<ul>\n<li>Pravideln\u00e9 krevn\u00ed testy: testosteron, estradiol, PSA (prostatick\u00fd specifick\u00fd antigen), lipidov\u00fd panel<\/li>\n<li>Sledujte zadr\u017eov\u00e1n\u00ed vody a jak\u00e9koli zm\u011bny prsn\u00ed tk\u00e1n\u011b ka\u017ed\u00fd t\u00fdden<\/li>\n<li>Upravte d\u00e1vku nebo p\u0159idejte inhibitor aromat\u00e1zy, pokud se estrogenn\u00ed vedlej\u0161\u00ed \u00fa\u010dinky stanou problematick\u00fdmi.<\/li>\n<\/ul>\n<h3>Tabulka porovn\u00e1n\u00ed produkt\u016f<\/h3>\n<table border=\"1\" cellpadding=\"4\" cellspacing=\"0\">\n<tbody>\n<tr>\n<th>Funkce<\/th>\n<th>Testosteron fenylpropion\u00e1t (Magnus)<\/th>\n<th>Testosteron-cypion\u00e1t<\/th>\n<\/tr>\n<tr>\n<td>Elimina\u010dn\u00ed polo\u010das<\/td>\n<td>4\u20135 dn\u00ed<\/td>\n<td>8\u201310 dn\u00ed<\/td>\n<\/tr>\n<tr>\n<td>Typick\u00e1 frekvence vst\u0159ikov\u00e1n\u00ed<\/td>\n<td>Ka\u017ed\u00e9 3\u20134 dny (\u22482\u00d7\/t\u00fdden)<\/td>\n<td>Jednou t\u00fddn\u011b nebo ka\u017ed\u00fd druh\u00fd t\u00fdden<\/td>\n<\/tr>\n<tr>\n<td>Zadr\u017eov\u00e1n\u00ed tekutin<\/td>\n<td>Spodn\u00ed<\/td>\n<td>Vy\u0161\u0161\u00ed<\/td>\n<\/tr>\n<tr>\n<td>Vzhled \u201esuch\u00e9ho\u201c svalu<\/td>\n<td>Srovnateln\u00e9 s propion\u00e1tem<\/td>\n<td>M\u00e9n\u011b such\u00e9, v\u00edce hydratovan\u00e9<\/td>\n<\/tr>\n<tr>\n<td>\u010cast\u00e9 ne\u017e\u00e1douc\u00ed \u00fa\u010dinky<\/td>\n<td>Bolest v m\u00edst\u011b injekce; estrogenn\u00ed \u00fa\u010dinky; probl\u00e9my souvisej\u00edc\u00ed s DHT<\/td>\n<td>Podobn\u00e9, ale \u010dasto v\u00fdrazn\u011bj\u0161\u00ed kv\u016fli del\u0161\u00edmu polo\u010dasu<\/td>\n<\/tr>\n<\/tbody>\n<\/table>\n<p>Tento produkt prod\u00e1v\u00e1 PoseidonRX, renomovan\u00e1 online l\u00e9k\u00e1rna, kter\u00e1 dod\u00e1v\u00e1 vysoce kvalitn\u00ed testosteronov\u00e9 p\u0159\u00edpravky pro sportovce a kulturisty, kte\u0159\u00ed cht\u011bj\u00ed m\u00edt p\u0159esnou kontrolu nad sv\u00fdm anabolick\u00fdm re\u017eimem.<\/p>\n","protected":false},"excerpt":{"rendered":"<ol>\n<li><b>M\u00edrn\u00e1 \u201esuchost\u201c sval\u016f<\/b> \u2013 vyva\u017euje rychl\u00fd n\u00e1stup \u00fa\u010dinku s 4\u20135denn\u00edm obdob\u00edm aktivity.<\/li>\n<li><b>Sn\u00ed\u017een\u00e1 frekvence injekc\u00ed<\/b> \u2013 2\u20133 injekce t\u00fddn\u011b, ide\u00e1ln\u00ed pro sportovce.<\/li>\n<li><b>Zv\u00fd\u0161en\u00e1 synt\u00e9za b\u00edlkovin<\/b> \u2013 podporuje zadr\u017eov\u00e1n\u00ed dus\u00edku b\u011bhem tr\u00e9ninkov\u00fdch cykl\u016f.<\/li>\n<li><b>Minim\u00e1ln\u00ed zadr\u017eov\u00e1n\u00ed tekutin<\/b> \u2013 men\u0161\u00ed otoky ne\u017e u d\u00e9le p\u016fsob\u00edc\u00edch ester\u016f.<\/li>\n<\/ol>\n","protected":false},"author":18,"featured_media":20557,"comment_status":"open","ping_status":"closed","template":"","meta":{"_gspb_post_css":""},"store":[5573],"product_brand":[],"product_cat":[1750,1613,1558,6594,1498,5640,6501,6838],"product_tag":[],"ppma_author":[259],"class_list":{"0":"post-17762","1":"product","2":"type-product","3":"status-publish","4":"has-post-thumbnail","6":"store-magnus-cs","7":"product_cat-anabolic-steroids-cs","8":"product_cat-anabolic-androgenic-steroids-cs","9":"product_cat-bulking-cs","10":"product_cat-injectable-anabolics-cs","11":"product_cat-injectable-steroids-cs","12":"product_cat-testosterone-cs","13":"product_cat-testosterone-injection-cs","14":"product_cat-testosterone-phenylpropionate-cs","15":"pa_active-ingredients-testosterone-phenylpropionate-cs","16":"pa_also-known-as-anabol-cs","17":"pa_also-known-as-phenyl-test-cs","18":"pa_also-known-as-t-phenyl-cs","19":"pa_also-known-as-testen-pro-cs","20":"pa_also-known-as-testosterone-phenylpropionate-usp-cs","21":"pa_also-known-as-tp-100-mg-ml-cs","23":"first","24":"instock","25":"purchasable","26":"product-type-simple"},"_links":{"self":[{"href":"https:\/\/poseidonrx.com\/cs\/wp-json\/wp\/v2\/product\/17762","targetHints":{"allow":["GET"]}}],"collection":[{"href":"https:\/\/poseidonrx.com\/cs\/wp-json\/wp\/v2\/product"}],"about":[{"href":"https:\/\/poseidonrx.com\/cs\/wp-json\/wp\/v2\/types\/product"}],"author":[{"embeddable":true,"href":"https:\/\/poseidonrx.com\/cs\/wp-json\/wp\/v2\/users\/18"}],"replies":[{"embeddable":true,"href":"https:\/\/poseidonrx.com\/cs\/wp-json\/wp\/v2\/comments?post=17762"}],"wp:featuredmedia":[{"embeddable":true,"href":"https:\/\/poseidonrx.com\/cs\/wp-json\/wp\/v2\/media\/20557"}],"wp:attachment":[{"href":"https:\/\/poseidonrx.com\/cs\/wp-json\/wp\/v2\/media?parent=17762"}],"wp:term":[{"taxonomy":"store","embeddable":true,"href":"https:\/\/poseidonrx.com\/cs\/wp-json\/wp\/v2\/store?post=17762"},{"taxonomy":"product_brand","embeddable":true,"href":"https:\/\/poseidonrx.com\/cs\/wp-json\/wp\/v2\/product_brand?post=17762"},{"taxonomy":"product_cat","embeddable":true,"href":"https:\/\/poseidonrx.com\/cs\/wp-json\/wp\/v2\/product_cat?post=17762"},{"taxonomy":"product_tag","embeddable":true,"href":"https:\/\/poseidonrx.com\/cs\/wp-json\/wp\/v2\/product_tag?post=17762"},{"taxonomy":"author","embeddable":true,"href":"https:\/\/poseidonrx.com\/cs\/wp-json\/wp\/v2\/ppma_author?post=17762"}],"curies":[{"name":"wp","href":"https:\/\/api.w.org\/{rel}","templated":true}]}}