{"id":17703,"date":"2025-12-12T11:11:13","date_gmt":"2025-12-12T10:11:13","guid":{"rendered":"https:\/\/poseidonrx.com\/syntol-100ml-synthrol-877-magnus\/"},"modified":"2026-05-05T23:20:06","modified_gmt":"2026-05-05T21:20:06","slug":"syntol-100ml-synthrol-877-magnus","status":"publish","type":"product","link":"https:\/\/poseidonrx.com\/cs\/syntol-100ml-synthrol-877-magnus\/","title":{"rendered":"Syntol 100ml Synthrol 877 &#8211; Magnus"},"content":{"rendered":"<h2>Synthrol 877 \u2013 Magnus 100 ml<\/h2>\n<p><b>Zna\u010dka:<\/b> Magnus Pharmaceuticals <br \/><b>Objem:<\/b> 100 ml <br \/><b>Barva:<\/b> \u017dlut\u00fd odst\u00edn<\/p>\n<h3>Kl\u00ed\u010dov\u00e9 v\u00fdhody pro sportovce a kulturisty<\/h3>\n<ul>\n<li>Urychluje r\u016fst sval\u016f a zvy\u0161uje s\u00edlu.<\/li>\n<li>Zlep\u0161uje krevn\u00ed ob\u011bh, co\u017e umo\u017e\u0148uje del\u0161\u00ed tr\u00e9ninkov\u00e9 jednotky.<\/li>\n<li>Urychluje regeneraci po tr\u00e9ninku nebo zran\u011bn\u00ed.<\/li>\n<li>Zlep\u0161uje hustotu sval\u016f, co\u017e m\u00e1 za n\u00e1sledek tvrd\u0161\u00ed a definovan\u011bj\u0161\u00ed vzhled.<\/li>\n<\/ul>\n<h3>Pr\u016fvodce administrac\u00ed<\/h3>\n<p>P\u0159\u00edpravek se dod\u00e1v\u00e1 ve form\u011b peror\u00e1ln\u00edho roztoku. Pro dosa\u017een\u00ed optim\u00e1ln\u00edch v\u00fdsledk\u016f postupujte podle t\u011bchto krok\u016f:<\/p>\n<table border=\"1\" cellpadding=\"4\">\n<tbody>\n<tr>\n<th>Krok<\/th>\n<th>Popis<\/th>\n<\/tr>\n<tr>\n<td>Po\u010d\u00e1te\u010dn\u00ed d\u00e1vka<\/td>\n<td>Za\u010dn\u011bte s 1 ml denn\u011b.<\/td>\n<\/tr>\n<tr>\n<td>Titrace<\/td>\n<td>Postupn\u011b zvy\u0161ujte d\u00e1vku o 0,5\u20131 ml ka\u017ed\u00fd t\u00fdden a sledujte toleranci.<\/td>\n<\/tr>\n<tr>\n<td>Maxim\u00e1ln\u00ed denn\u00ed p\u0159\u00edjem<\/td>\n<td>Nep\u0159ekra\u010dujte d\u00e1vku 10 ml, pokud v\u00e1m to nedoporu\u010d\u00ed zdravotnick\u00fd pracovn\u00edk.<\/td>\n<\/tr>\n<tr>\n<td>Na\u010dasov\u00e1n\u00ed<\/td>\n<td>U\u017e\u00edvejte s j\u00eddlem pro zlep\u0161en\u00ed vst\u0159eb\u00e1v\u00e1n\u00ed a sn\u00ed\u017een\u00ed podr\u00e1\u017ed\u011bn\u00ed \u017ealudku.<\/td>\n<\/tr>\n<tr>\n<td>D\u00e9lka cyklu<\/td>\n<td>Doporu\u010den\u00e9 cykly trvaj\u00ed 4\u20136 t\u00fddn\u016f, po kter\u00fdch n\u00e1sleduje stejn\u011b dlouh\u00e1 p\u0159est\u00e1vka.<\/td>\n<\/tr>\n<\/tbody>\n<\/table>\n<h3>Ne\u017e\u00e1douc\u00ed \u00fa\u010dinky a bezpe\u010dnostn\u00ed opat\u0159en\u00ed<\/h3>\n<p>P\u0159esto\u017ee je Synthrol 877 obecn\u011b dob\u0159e sn\u00e1\u0161en, u\u017eivatel\u00e9 by si m\u011bli b\u00fdt v\u011bdomi mo\u017en\u00fdch vedlej\u0161\u00edch \u00fa\u010dink\u016f:<\/p>\n<ul>\n<li><b>Gastrointestin\u00e1ln\u00ed pot\u00ed\u017ee:<\/b> u n\u011bkter\u00fdch jedinc\u016f m\u00edrn\u00e1 nevolnost nebo nad\u00fdm\u00e1n\u00ed.<\/li>\n<li><b>Alergick\u00e9 reakce:<\/b> vyr\u00e1\u017eka, sv\u011bd\u011bn\u00ed nebo otok p\u0159i p\u0159ecitliv\u011blosti na kyselinu m\u00e1selnou nebo triglyceridy se st\u0159edn\u011b dlouh\u00fdm \u0159et\u011bzcem.<\/li>\n<li><b>Z\u00e1t\u011b\u017e jater:<\/b> vz\u00e1cn\u00e9 p\u0159\u00edpady zv\u00fd\u0161en\u00fdch jatern\u00edch enzym\u016f; monitorujte je pravideln\u00fdmi krevn\u00edmi testy.<\/li>\n<li><b>Hormon\u00e1ln\u00ed nerovnov\u00e1ha:<\/b> mo\u017en\u00e9 zm\u011bny hladiny testosteronu; p\u0159ed pou\u017eit\u00edm se pora\u010fte s l\u00e9ka\u0159em.<\/li>\n<\/ul>\n<p>Kontraindikace zahrnuj\u00ed t\u011bhotenstv\u00ed, kojen\u00ed, zn\u00e1m\u00e9 onemocn\u011bn\u00ed jater nebo z\u00e1va\u017en\u00e9 kardiovaskul\u00e1rn\u00ed onemocn\u011bn\u00ed. P\u0159ed zah\u00e1jen\u00edm u\u017e\u00edv\u00e1n\u00ed p\u0159\u00edpravku se v\u017edy pora\u010fte s l\u00e9ka\u0159em.<\/p>\n<h3>Zakoupit u PoseidonRX<\/h3>\n<p>PoseidonRX nab\u00edz\u00ed spolehliv\u00e9 doru\u010den\u00ed a diskr\u00e9tn\u00ed balen\u00ed p\u0159\u00edpravku Magnus Synthrol 877. Zkontrolujte \u0161t\u00edtek na ka\u017ed\u00e9 lahvi\u010dce, kde najdete podrobn\u00e9 pokyny k d\u00e1vkov\u00e1n\u00ed a bezpe\u010dnostn\u00ed varov\u00e1n\u00ed.<\/p>\n","protected":false},"excerpt":{"rendered":"<p>Magnus Synthol 100\u202fml delivers targeted muscle hypertrophy, faster recovery, and extended training sessions through enhanced blood circulation and nutrient delivery. Rich in butyric acids and medium\u2011chain triglycerides for rapid volume gain, endurance boost, and reduced fatigue.<\/p>\n<ul>\n<li><b>Rapid Muscle Gain:<\/b> Noticeable size increase within weeks.<\/li>\n<li><b>Improved Endurance:<\/b> Longer training sessions thanks to better blood flow.<\/li>\n<li><b>Enhanced Recovery:<\/b> Accelerated healing after workouts.<\/li>\n<li><b>Reduced Fatigue:<\/b> Keeps muscles energized throughout the day.<\/li>\n<\/ul>\n","protected":false},"author":18,"featured_media":20572,"comment_status":"open","ping_status":"closed","template":"","meta":{"_gspb_post_css":""},"store":[5573],"product_brand":[],"product_cat":[15],"product_tag":[],"ppma_author":[259],"class_list":{"0":"post-17703","1":"product","2":"type-product","3":"status-publish","4":"has-post-thumbnail","6":"store-magnus-cs","7":"product_cat-uncategorized","8":"pa_active-ingredients-butyrate-cs","9":"pa_active-ingredients-mediumchain-triglycerides-cs","10":"pa_also-known-as-crown-mct-cs","11":"pa_also-known-as-nature-made-mct-oil-cs","12":"pa_also-known-as-nordic-naturals-mct-cs","13":"pa_also-known-as-now-foods-mct-oil-cs","14":"pa_also-known-as-purely-inspired-mct-cs","15":"pa_also-known-as-synthrol-cs","17":"first","18":"instock","19":"purchasable","20":"product-type-simple"},"_links":{"self":[{"href":"https:\/\/poseidonrx.com\/cs\/wp-json\/wp\/v2\/product\/17703","targetHints":{"allow":["GET"]}}],"collection":[{"href":"https:\/\/poseidonrx.com\/cs\/wp-json\/wp\/v2\/product"}],"about":[{"href":"https:\/\/poseidonrx.com\/cs\/wp-json\/wp\/v2\/types\/product"}],"author":[{"embeddable":true,"href":"https:\/\/poseidonrx.com\/cs\/wp-json\/wp\/v2\/users\/18"}],"replies":[{"embeddable":true,"href":"https:\/\/poseidonrx.com\/cs\/wp-json\/wp\/v2\/comments?post=17703"}],"wp:featuredmedia":[{"embeddable":true,"href":"https:\/\/poseidonrx.com\/cs\/wp-json\/wp\/v2\/media\/20572"}],"wp:attachment":[{"href":"https:\/\/poseidonrx.com\/cs\/wp-json\/wp\/v2\/media?parent=17703"}],"wp:term":[{"taxonomy":"store","embeddable":true,"href":"https:\/\/poseidonrx.com\/cs\/wp-json\/wp\/v2\/store?post=17703"},{"taxonomy":"product_brand","embeddable":true,"href":"https:\/\/poseidonrx.com\/cs\/wp-json\/wp\/v2\/product_brand?post=17703"},{"taxonomy":"product_cat","embeddable":true,"href":"https:\/\/poseidonrx.com\/cs\/wp-json\/wp\/v2\/product_cat?post=17703"},{"taxonomy":"product_tag","embeddable":true,"href":"https:\/\/poseidonrx.com\/cs\/wp-json\/wp\/v2\/product_tag?post=17703"},{"taxonomy":"author","embeddable":true,"href":"https:\/\/poseidonrx.com\/cs\/wp-json\/wp\/v2\/ppma_author?post=17703"}],"curies":[{"name":"wp","href":"https:\/\/api.w.org\/{rel}","templated":true}]}}