{"id":17608,"date":"2025-12-12T11:11:13","date_gmt":"2025-12-12T10:11:13","guid":{"rendered":"https:\/\/poseidonrx.com\/stanos-100tab-10mg-stanozolol-pharmacom\/"},"modified":"2026-05-05T22:51:01","modified_gmt":"2026-05-05T20:51:01","slug":"stanos-100tab-10mg-stanozolol-pharmacom","status":"publish","type":"product","link":"https:\/\/poseidonrx.com\/cs\/stanos-100tab-10mg-stanozolol-pharmacom\/","title":{"rendered":"Stanos 100tab\/10mg Stanozolol &#8211; Pharmacom"},"content":{"rendered":"<h2>Stanos 100tab\/10mg Stanozolol \u2013 Pharmacom<\/h2>\n<p><b>Zna\u010dka:<\/b> Pharmacom <br \/><b>L\u00e9kov\u00e1 forma:<\/b> 100 tablet, ka\u017ed\u00e1 obsahuje 10 mg stanozololu <br \/><b>V\u00fdrobce:<\/b> Pharmacom (nen\u00ed prodejce)<\/p>\n<h3>Co je Stanozolol?<\/h3>\n<ul>\n<li>17-alfa-alkylovan\u00fd anabolick\u00fd steroid odvozen\u00fd od dihydrotestosteronu (DHT)<\/li>\n<li>Vysok\u00e1 anabolick\u00e1 aktivita s n\u00edzk\u00fdmi androgenn\u00edmi \u00fa\u010dinky<\/li>\n<li>Nearomatizuj\u00edc\u00ed \u2013 nep\u0159em\u011b\u0148uje se na estrogen<\/li>\n<li>Klinicky schv\u00e1leno pro l\u00e9\u010dbu heredit\u00e1rn\u00edho angioed\u00e9mu<\/li>\n<li>Obl\u00edben\u00e9 v \u0159ezac\u00edch cyklech pro tvrdost sval\u016f, prokrven\u00ed a definici<\/li>\n<\/ul>\n<h3>Kl\u00ed\u010dov\u00e9 body<\/h3>\n<table border=\"1\" cellpadding=\"5\">\n<tbody>\n<tr>\n<th>Funkce<\/th>\n<th>Popis<\/th>\n<\/tr>\n<tr>\n<td>Vysok\u00fd anabolick\u00fd \u00fa\u010dinek<\/td>\n<td>Rychl\u00fd n\u00e1r\u016fst svalov\u00e9 hmoty s minim\u00e1ln\u00edm zadr\u017eov\u00e1n\u00edm vody<\/td>\n<\/tr>\n<tr>\n<td>\u017d\u00e1dn\u00e1 konverze estrogenu<\/td>\n<td>Zabra\u0148uje gynekomastii a nadm\u011brn\u00e9mu ukl\u00e1d\u00e1n\u00ed tuku<\/td>\n<\/tr>\n<tr>\n<td>Dopad na j\u00e1tra<\/td>\n<td>17-alfa-alkylace m\u016f\u017ee b\u00fdt hepatotoxick\u00e1; d\u00e9lka cyklu by m\u011bla b\u00fdt omezena (\u22644 t\u00fddny)<\/td>\n<\/tr>\n<tr>\n<td>Lipidov\u00fd profil<\/td>\n<td>M\u016f\u017ee sni\u017eovat HDL a zvy\u0161ovat LDL cholesterol; monitorujte hladinu cholesterolu<\/td>\n<\/tr>\n<tr>\n<td>Klouby<\/td>\n<td>Suchost nebo nepohodl\u00ed v d\u016fsledku nedostate\u010dn\u00e9ho zadr\u017eov\u00e1n\u00ed vody<\/td>\n<\/tr>\n<tr>\n<td>Po\u017eadavek PCT<\/td>\n<td>Pro obnoven\u00ed hormon\u00e1ln\u00ed rovnov\u00e1hy se doporu\u010duje pocyklov\u00e1 terapie.<\/td>\n<\/tr>\n<\/tbody>\n<\/table>\n<h3>Pokyny pro administraci<\/h3>\n<ul>\n<li><b>D\u00e1vkov\u00e1n\u00ed:<\/b> 10 mg denn\u011b, peror\u00e1ln\u011b s j\u00eddlem nebo lehkou sva\u010dinou.<\/li>\n<li><b>D\u00e9lka cyklu:<\/b> Maxim\u00e1ln\u011b 4 t\u00fddny; del\u0161\u00ed u\u017e\u00edv\u00e1n\u00ed zvy\u0161uje riziko hepatotoxicity.<\/li>\n<li><b>Na\u010dasov\u00e1n\u00ed:<\/b> V p\u0159\u00edpad\u011b pot\u0159eby rovnom\u011brn\u011b rozd\u011blte d\u00e1vku (nap\u0159. 5 mg r\u00e1no a 5 mg ve\u010der).<\/li>\n<li><b>Podpora jater:<\/b> Zva\u017ete p\u0159id\u00e1n\u00ed dopl\u0148ku stravy na ochranu jater (ostropest\u0159ec mari\u00e1nsk\u00fd, N-acetylcystein).<\/li>\n<\/ul>\n<h3>\u010cast\u00e9 ne\u017e\u00e1douc\u00ed \u00fa\u010dinky<\/h3>\n<ul>\n<li>Hepatotoxicita \u2013 zv\u00fd\u0161en\u00e9 jatern\u00ed enzymy, v z\u00e1va\u017en\u00fdch p\u0159\u00edpadech \u017eloutenka.<\/li>\n<li>Zm\u011bny lipid\u016f \u2013 sn\u00ed\u017een\u00ed HDL, zv\u00fd\u0161en\u00ed LDL.<\/li>\n<li>Androgenn\u00ed \u00fa\u010dinky \u2013 akn\u00e9, mastn\u00e1 ple\u0165, vypad\u00e1v\u00e1n\u00ed vlas\u016f (vz\u00e1cn\u00e9).<\/li>\n<li>Pot\u00ed\u017ee s kloubem v d\u016fsledku sn\u00ed\u017een\u00e9ho zadr\u017eov\u00e1n\u00ed vody.<\/li>\n<li>Potenci\u00e1ln\u00ed zm\u011bny n\u00e1lad nebo podr\u00e1\u017ed\u011bnost.<\/li>\n<\/ul>\n<h3>Pocyklov\u00e1 terapie (PCT)<\/h3>\n<ul>\n<li>Typick\u00e9 l\u00e1tky PCT: Tamoxifen, Clomiphene nebo Nolvadex.<\/li>\n<li>Trv\u00e1n\u00ed: 4\u20136 t\u00fddn\u016f po ukon\u010den\u00ed cyklu.<\/li>\n<li>C\u00edl: Obnovit p\u0159irozenou produkci testosteronu a udr\u017eet svalov\u00e9 zisky.<\/li>\n<\/ul>\n<h3>Klinick\u00e9 vyu\u017eit\u00ed nad r\u00e1mec zv\u00fd\u0161en\u00ed v\u00fdkonu<\/h3>\n<ul>\n<li>L\u00e9\u010dba heredit\u00e1rn\u00edho angioed\u00e9mu \u2013 zm\u00edr\u0148uje epizody otoku.<\/li>\n<li>Potenci\u00e1ln\u00ed imunomodula\u010dn\u00ed \u00fa\u010dinky \u2013 zvy\u0161uje po\u010det lymfocyt\u016f, m\u016f\u017ee prosp\u00edvat autoimunitn\u00edm onemocn\u011bn\u00edm (v\u00fdzkum prob\u00edh\u00e1).<\/li>\n<\/ul>\n<p><b>Pozn\u00e1mka k dostupnosti:<\/b> Tento produkt lze zakoupit prost\u0159ednictv\u00edm PoseidonRX, d\u016fv\u011bryhodn\u00e9 online drogerie, kter\u00e1 nab\u00edz\u00ed diskr\u00e9tn\u00ed dopravu a bezpe\u010dn\u00e9 mo\u017enosti platby.<\/p>\n","protected":false},"excerpt":{"rendered":"<p><b>Stanos 100tab\/10mg Stanozolol \u2013 Pharmacom<\/b><\/p>\n<ul>\n<li><b>Vysoce anabolick\u00fd<\/b> s minim\u00e1ln\u00ed retenc\u00ed vody<\/li>\n<li><b>Nearomatizuj\u00edc\u00ed<\/b> , nedoch\u00e1z\u00ed k p\u0159em\u011bn\u011b na estrogen<\/li>\n<li>Klinicky schv\u00e1leno pro heredit\u00e1rn\u00ed angioed\u00e9m<\/li>\n<li>N\u00edzk\u00e1 androgenn\u00ed aktivita, co\u017e sni\u017euje typick\u00e9 vedlej\u0161\u00ed \u00fa\u010dinky<\/li>\n<\/ul>\n","protected":false},"author":18,"featured_media":20582,"comment_status":"open","ping_status":"closed","template":"","meta":{"_gspb_post_css":""},"store":[6163],"product_brand":[],"product_cat":[1750,1613,1558,7431,5949,5950,5951,1464,6748,7313,1487],"product_tag":[],"ppma_author":[259],"class_list":{"0":"post-17608","1":"product","2":"type-product","3":"status-publish","4":"has-post-thumbnail","6":"store-pharmacom-cs","7":"product_cat-anabolic-steroids-cs","8":"product_cat-anabolic-androgenic-steroids-cs","9":"product_cat-bulking-cs","10":"product_cat-muscle-growth-cs","11":"product_cat-oral-aas-cs","12":"product_cat-oral-anabolic-steroid-pills-cs","13":"product_cat-oral-steroids-excluding-dianabol-cs","14":"product_cat-oral-steroids-cs","15":"product_cat-stanozolol-cs","16":"product_cat-winstrol-injectable-pills-cs","17":"product_cat-winstrol-pills-cs","18":"pa_active-ingredients-stanozolol-cs","19":"pa_active-ingredients-winstrol-cs","20":"pa_also-known-as-stanos-cs","21":"pa_also-known-as-stanozolol-cs","22":"pa_also-known-as-winstrol-cs","24":"first","25":"instock","26":"purchasable","27":"product-type-simple"},"_links":{"self":[{"href":"https:\/\/poseidonrx.com\/cs\/wp-json\/wp\/v2\/product\/17608","targetHints":{"allow":["GET"]}}],"collection":[{"href":"https:\/\/poseidonrx.com\/cs\/wp-json\/wp\/v2\/product"}],"about":[{"href":"https:\/\/poseidonrx.com\/cs\/wp-json\/wp\/v2\/types\/product"}],"author":[{"embeddable":true,"href":"https:\/\/poseidonrx.com\/cs\/wp-json\/wp\/v2\/users\/18"}],"replies":[{"embeddable":true,"href":"https:\/\/poseidonrx.com\/cs\/wp-json\/wp\/v2\/comments?post=17608"}],"wp:featuredmedia":[{"embeddable":true,"href":"https:\/\/poseidonrx.com\/cs\/wp-json\/wp\/v2\/media\/20582"}],"wp:attachment":[{"href":"https:\/\/poseidonrx.com\/cs\/wp-json\/wp\/v2\/media?parent=17608"}],"wp:term":[{"taxonomy":"store","embeddable":true,"href":"https:\/\/poseidonrx.com\/cs\/wp-json\/wp\/v2\/store?post=17608"},{"taxonomy":"product_brand","embeddable":true,"href":"https:\/\/poseidonrx.com\/cs\/wp-json\/wp\/v2\/product_brand?post=17608"},{"taxonomy":"product_cat","embeddable":true,"href":"https:\/\/poseidonrx.com\/cs\/wp-json\/wp\/v2\/product_cat?post=17608"},{"taxonomy":"product_tag","embeddable":true,"href":"https:\/\/poseidonrx.com\/cs\/wp-json\/wp\/v2\/product_tag?post=17608"},{"taxonomy":"author","embeddable":true,"href":"https:\/\/poseidonrx.com\/cs\/wp-json\/wp\/v2\/ppma_author?post=17608"}],"curies":[{"name":"wp","href":"https:\/\/api.w.org\/{rel}","templated":true}]}}