{"id":17403,"date":"2025-12-12T11:11:51","date_gmt":"2025-12-12T10:11:51","guid":{"rendered":"https:\/\/poseidonrx.com\/pharma-tren-e-10ml-200mg-trenbolone-enanthate-pharmacom\/"},"modified":"2026-05-02T22:54:46","modified_gmt":"2026-05-02T20:54:46","slug":"pharma-tren-e-10ml-200mg-trenbolone-enanthate-pharmacom","status":"publish","type":"product","link":"https:\/\/poseidonrx.com\/cs\/pharma-tren-e-10ml-200mg-trenbolone-enanthate-pharmacom\/","title":{"rendered":"Pharma Tren E 10ml\/200mg Trenbolone Enanthate &#8211; Pharmacom"},"content":{"rendered":"<h2>Pharma Tren E 10ml\/200mg \u2013 Trenbolon Enanthate od Pharmacom<\/h2>\n<p><b>Kl\u00ed\u010dov\u00e9 body:<\/b><\/p>\n<ul>\n<li><strong>Siln\u00fd anabolick\u00fd \u00fa\u010dinek<\/strong> \u2013 zaji\u0161\u0165uje r\u016fst hust\u00e9 a \u010dist\u00e9 svalov\u00e9 hmoty.<\/li>\n<li><strong>\u017d\u00e1dn\u00e9 zadr\u017eov\u00e1n\u00ed vody ani nad\u00fdm\u00e1n\u00ed<\/strong> \u2013 udr\u017euje postavu suchou a definovanou.<\/li>\n<li>Dlouhodob\u011b p\u016fsob\u00edc\u00ed enanth\u00e1tov\u00fd ester (\u22487\u201310 dn\u00ed) \u2013 stabiln\u00ed hladiny v krvi s men\u0161\u00edm po\u010dtem injekc\u00ed.<\/li>\n<\/ul>\n<h3>Ide\u00e1ln\u00ed p\u0159\u00edpady pou\u017eit\u00ed<\/h3>\n<table border=\"1\" cellpadding=\"4\">\n<tbody>\n<tr>\n<th>F\u00e1ze<\/th>\n<th>Prosp\u011bch<\/th>\n<\/tr>\n<tr>\n<td>Cykly nab\u00edr\u00e1n\u00ed hmoty<\/td>\n<td>Maximalizujte n\u00e1r\u016fst svalov\u00e9 hmoty a z\u00e1rove\u0148 se vyhn\u011bte nadv\u00e1ze.<\/td>\n<\/tr>\n<tr>\n<td>F\u00e1ze \u0159ez\u00e1n\u00ed<\/td>\n<td>Zachov\u00e1v\u00e1 velikost a s\u00edlu se such\u00fdm a rafinovan\u00fdm vzhledem.<\/td>\n<\/tr>\n<tr>\n<td>Atletick\u00fd v\u00fdkon<\/td>\n<td>Zvy\u0161te s\u00edlu a prokrven\u00ed pro konkuren\u010dn\u00ed v\u00fdhodu.<\/td>\n<\/tr>\n<\/tbody>\n<\/table>\n<h3>Doporu\u010den\u00e1 doba trv\u00e1n\u00ed cyklu a stohov\u00e1n\u00ed<\/h3>\n<ul>\n<li>10\u201314 t\u00fddn\u016f na cyklus, aby se pln\u011b vyu\u017eil prodlou\u017een\u00fd polo\u010das.<\/li>\n<li>Dob\u0159e se kombinuje s:\n<ul>\n<li>Dlouhodob\u00fd ester testosteronu (nap\u0159. PHARMA TEST E 300 nebo C 250)<\/li>\n<li>Drostanolone Enanthate (PHARMA DRO E 200)<\/li>\n<li>Methenolon enanth\u00e1t (PHARMA PRIM 100)<\/li>\n<\/ul>\n<\/li>\n<\/ul>\n<h3>Pokyny pro administraci<\/h3>\n<ul>\n<li><strong>D\u00e1vkov\u00e1n\u00ed:<\/strong> Typick\u00e9 rozmez\u00ed je 200 mg na injekci, dvakr\u00e1t t\u00fddn\u011b.<\/li>\n<li><strong>M\u00edsta vpichu:<\/strong> deltov\u00fd sval, st\u0159edn\u00ed h\u00fd\u017e\u010fov\u00fd sval nebo later\u00e1ln\u00ed vastus.<\/li>\n<li><strong>Frekvence:<\/strong> Ka\u017ed\u00e9 3\u20134 dny pro udr\u017een\u00ed stabiln\u00edch s\u00e9rov\u00fdch koncentrac\u00ed.<\/li>\n<li><strong>Pocyklov\u00e1 terapie (PCT):<\/strong> Nezbytn\u00e1 kv\u016fli potla\u010den\u00ed p\u0159irozen\u00e9 produkce testosteronu. Mezi b\u011b\u017en\u00e9 l\u00e9ky pat\u0159\u00ed Clomid nebo Nolvadex, kter\u00e9 se za\u010d\u00ednaj\u00ed u\u017e\u00edvat 2 t\u00fddny po posledn\u00ed injekci.<\/li>\n<\/ul>\n<h3>Mo\u017en\u00e9 vedlej\u0161\u00ed \u00fa\u010dinky<\/h3>\n<ul>\n<li><b>Androgenn\u00ed \u00fa\u010dinky:<\/b> Akn\u00e9, mastn\u00e1 ple\u0165, vypad\u00e1v\u00e1n\u00ed vlas\u016f (u predisponovan\u00fdch jedinc\u016f).<\/li>\n<li><b>Kardiovaskul\u00e1rn\u00ed z\u00e1t\u011b\u017e:<\/b> Mo\u017en\u00e9 zv\u00fd\u0161en\u00ed LDL cholesterolu a sn\u00ed\u017een\u00ed HDL cholesterolu.<\/li>\n<li><b>Dopad na j\u00e1tra:<\/b> Minim\u00e1ln\u00ed kv\u016fli neperor\u00e1ln\u00ed cest\u011b pod\u00e1n\u00ed, ale je t\u0159eba sledovat jatern\u00ed enzymy.<\/li>\n<li><b>Psychick\u00e9 zm\u011bny:<\/b> Mohou se objevit v\u00fdkyvy n\u00e1lad nebo agrese.<\/li>\n<li><b>Zadr\u017eov\u00e1n\u00ed vody:<\/b> Obecn\u011b n\u00edzk\u00e1, ale individu\u00e1ln\u00ed reakce se li\u0161\u00ed.<\/li>\n<\/ul>\n<h3>Bezpe\u010dnostn\u00ed a pr\u00e1vn\u00ed aspekty<\/h3>\n<ul>\n<li>Tento produkt je ur\u010den pouze pro zku\u0161en\u00e9 u\u017eivatele; jedn\u00e1 se o anabolick\u00fd steroid na p\u0159edpis.<\/li>\n<li>N\u00e1kup a dr\u017een\u00ed mohou b\u00fdt regulov\u00e1ny v mnoha jurisdikc\u00edch \u2013 zajist\u011bte dodr\u017eov\u00e1n\u00ed m\u00edstn\u00edch z\u00e1kon\u016f.<\/li>\n<\/ul>\n<p><b>Pozn\u00e1mka:<\/b> Pharmacom dod\u00e1v\u00e1 l\u00e9kovou formu, zat\u00edmco PoseidonRX nab\u00edz\u00ed spolehliv\u00e9 doru\u010den\u00ed a diskr\u00e9tn\u00ed balen\u00ed pro va\u0161e pohodl\u00ed.<\/p>\n","protected":false},"excerpt":{"rendered":"<p>Pr\u00e9miov\u00e1 10ml lahvi\u010dka <b>Trenbolon Enanthate (200 mg\/ml)<\/b> , dlouhodob\u011b p\u016fsob\u00edc\u00edho esteru, kter\u00fd zaji\u0161\u0165uje r\u016fst hust\u00e9 svalov\u00e9 hmoty a hrubou s\u00edlu bez zadr\u017eov\u00e1n\u00ed vody. Je ide\u00e1ln\u00ed pro cykly nab\u00edr\u00e1n\u00ed hmoty nebo \u0159ez\u00e1n\u00ed, nab\u00edz\u00ed prodlou\u017een\u00fd polo\u010das rozpadu (~7\u201310 dn\u00ed) pro men\u0161\u00ed po\u010det injekc\u00ed a stabiln\u00ed hladiny.<\/p>\n<ul>\n<li>R\u016fst hust\u00e9 a \u0161t\u00edhl\u00e9 svalov\u00e9 hmoty<\/li>\n<li>V\u00fdznamn\u00e9 zv\u00fd\u0161en\u00ed v\u00fdkonu<\/li>\n<li>\u017d\u00e1dn\u00e9 nad\u00fdm\u00e1n\u00ed ani zadr\u017eov\u00e1n\u00ed vody<\/li>\n<li>Prodlou\u017een\u00fd polo\u010das rozpadu \u2013 m\u00e9n\u011b injekc\u00ed<\/li>\n<\/ul>\n","protected":false},"author":18,"featured_media":20602,"comment_status":"open","ping_status":"closed","template":"","meta":{"_gspb_post_css":""},"store":[6163],"product_brand":[],"product_cat":[1558,6594,1498,7431,3497,1500],"product_tag":[],"ppma_author":[259],"class_list":{"0":"post-17403","1":"product","2":"type-product","3":"status-publish","4":"has-post-thumbnail","6":"store-pharmacom-cs","7":"product_cat-bulking-cs","8":"product_cat-injectable-anabolics-cs","9":"product_cat-injectable-steroids-cs","10":"product_cat-muscle-growth-cs","11":"product_cat-trenbolone-tren-steroids-cs","12":"product_cat-trenbolone-enanthate-injection-cs","13":"pa_active-ingredients-trenbolone-enanthate-cs","14":"pa_also-known-as-trenbolone-enanthate-cs","15":"pa_also-known-as-trenbolonee-cs","16":"pa_also-known-as-trenboloneenanthate-generic-cs","18":"first","19":"instock","20":"purchasable","21":"product-type-simple"},"_links":{"self":[{"href":"https:\/\/poseidonrx.com\/cs\/wp-json\/wp\/v2\/product\/17403","targetHints":{"allow":["GET"]}}],"collection":[{"href":"https:\/\/poseidonrx.com\/cs\/wp-json\/wp\/v2\/product"}],"about":[{"href":"https:\/\/poseidonrx.com\/cs\/wp-json\/wp\/v2\/types\/product"}],"author":[{"embeddable":true,"href":"https:\/\/poseidonrx.com\/cs\/wp-json\/wp\/v2\/users\/18"}],"replies":[{"embeddable":true,"href":"https:\/\/poseidonrx.com\/cs\/wp-json\/wp\/v2\/comments?post=17403"}],"wp:featuredmedia":[{"embeddable":true,"href":"https:\/\/poseidonrx.com\/cs\/wp-json\/wp\/v2\/media\/20602"}],"wp:attachment":[{"href":"https:\/\/poseidonrx.com\/cs\/wp-json\/wp\/v2\/media?parent=17403"}],"wp:term":[{"taxonomy":"store","embeddable":true,"href":"https:\/\/poseidonrx.com\/cs\/wp-json\/wp\/v2\/store?post=17403"},{"taxonomy":"product_brand","embeddable":true,"href":"https:\/\/poseidonrx.com\/cs\/wp-json\/wp\/v2\/product_brand?post=17403"},{"taxonomy":"product_cat","embeddable":true,"href":"https:\/\/poseidonrx.com\/cs\/wp-json\/wp\/v2\/product_cat?post=17403"},{"taxonomy":"product_tag","embeddable":true,"href":"https:\/\/poseidonrx.com\/cs\/wp-json\/wp\/v2\/product_tag?post=17403"},{"taxonomy":"author","embeddable":true,"href":"https:\/\/poseidonrx.com\/cs\/wp-json\/wp\/v2\/ppma_author?post=17403"}],"curies":[{"name":"wp","href":"https:\/\/api.w.org\/{rel}","templated":true}]}}