{"id":17304,"date":"2025-12-12T11:11:51","date_gmt":"2025-12-12T10:11:51","guid":{"rendered":"https:\/\/poseidonrx.com\/pharma-test-p-10ml-100mg-testosterone-propionate-pharmacom\/"},"modified":"2026-05-02T22:53:40","modified_gmt":"2026-05-02T20:53:40","slug":"pharma-test-p-10ml-100mg-testosterone-propionate-pharmacom","status":"publish","type":"product","link":"https:\/\/poseidonrx.com\/cs\/pharma-test-p-10ml-100mg-testosterone-propionate-pharmacom\/","title":{"rendered":"Pharma Test P 10ml\/100mg Testosterone Propionate &#8211; Pharmacom"},"content":{"rendered":"<p><b>Pharma Test P 10ml\/100mg testosteron propion\u00e1t \u2013 Pharmacom<\/b><\/p>\n<h2>P\u0159ehled produktu<\/h2>\n<ul>\n<li><b>Zna\u010dka:<\/b> Pharmacom Labs<\/li>\n<li><b>Formulace:<\/b> 100 mg\/ml testosteron propion\u00e1t<\/li>\n<li><b>Objem:<\/b> 10 ml na lahvi\u010dku (celkem 1 000 mg)<\/li>\n<li><b>Ide\u00e1ln\u00ed pro:<\/b> Kr\u00e1tk\u00e9 cykly, f\u00e1ze \u0159ez\u00e1n\u00ed a sportovce vy\u017eaduj\u00edc\u00ed p\u0159\u00edsnou hormon\u00e1ln\u00ed kontrolu<\/li>\n<\/ul>\n<h3>Kl\u00ed\u010dov\u00e9 v\u00fdhody<\/h3>\n<ul>\n<li>Rychl\u00fd n\u00e1stup \u00fa\u010dinku d\u00edky kr\u00e1tk\u00e9mu esterov\u00e9mu \u0159et\u011bzci<\/li>\n<li>Podporuje r\u016fst svalov\u00e9 hmoty a zisky s\u00edly<\/li>\n<li>Podporuje odbour\u00e1v\u00e1n\u00ed tuk\u016f, libido a celkovou vitalitu<\/li>\n<li>Zvy\u0161uje energii, imunitn\u00ed funkce a stabilitu n\u00e1lady<\/li>\n<li>Pom\u00e1h\u00e1 p\u0159edch\u00e1zet \u00fabytku kostn\u00ed hustoty (osteopor\u00f3ze)<\/li>\n<li>Potenci\u00e1ln\u00ed podpora kardiovaskul\u00e1rn\u00edho syst\u00e9mu p\u0159i zodpov\u011bdn\u00e9m u\u017e\u00edv\u00e1n\u00ed<\/li>\n<\/ul>\n<h3>Kompatibilita stohov\u00e1n\u00ed<\/h3>\n<table border=\"1\" cellpadding=\"4\">\n<tbody>\n<tr>\n<th>Slou\u010denina<\/th>\n<th>Typ<\/th>\n<\/tr>\n<tr>\n<td>Trenbolonacet\u00e1t<\/td>\n<td>Injek\u010dn\u00ed roztok s kr\u00e1tk\u00fdm esterem<\/td>\n<\/tr>\n<tr>\n<td>Masteron propion\u00e1t<\/td>\n<td>Injek\u010dn\u00ed roztok s kr\u00e1tk\u00fdm esterem<\/td>\n<\/tr>\n<tr>\n<td>Winstrol (Stanozolol)<\/td>\n<td>Peror\u00e1ln\u00ed\/injek\u010dn\u00ed<\/td>\n<\/tr>\n<tr>\n<td>Oxandrolon (Anavar)<\/td>\n<td>\u00dastn\u00ed<\/td>\n<\/tr>\n<\/tbody>\n<\/table>\n<h2>Spr\u00e1va<\/h2>\n<ul>\n<li>Typick\u00e9 d\u00e1vkov\u00e1n\u00ed: 50\u2013100 mg na injekci, 3\u20134kr\u00e1t t\u00fddn\u011b.<\/li>\n<li>Aplikujte do svalu \u010distou technikou; st\u0159\u00eddejte m\u00edsta vpichu, abyste zabr\u00e1nili lipodystrofii.<\/li>\n<li>Pro p\u0159esn\u00e9 d\u00e1vkov\u00e1n\u00ed pou\u017eijte steriln\u00ed injek\u010dn\u00ed st\u0159\u00edka\u010dku a jehlu (o pr\u016fm\u011bru 27\u201130).<\/li>\n<li>Skladujte p\u0159i pokojov\u00e9 teplot\u011b, mimo dosah p\u0159\u00edm\u00e9ho slune\u010dn\u00edho z\u00e1\u0159en\u00ed a vlhkosti.<\/li>\n<\/ul>\n<h2>Ne\u017e\u00e1douc\u00ed \u00fa\u010dinky a bezpe\u010dnostn\u00ed aspekty<\/h2>\n<ul>\n<li><b>\u010cast\u00e9:<\/b> Akn\u00e9, mastn\u00e1 ple\u0165, vypad\u00e1v\u00e1n\u00ed vlas\u016f (androgenn\u00ed), zm\u011bny n\u00e1lad.<\/li>\n<li><b>C\u00e9vn\u00ed syst\u00e9m:<\/b> Zv\u00fd\u0161en\u00e9 riziko krevn\u00edch sra\u017eenin; sledujte otoky nebo bolest nohou.<\/li>\n<li><b>J\u00e1tra:<\/b> Minim\u00e1ln\u00ed dopad na j\u00e1tra d\u00edky injek\u010dn\u00ed form\u011b, ale vyhn\u011bte se soub\u011b\u017en\u00e9mu pod\u00e1v\u00e1n\u00ed hepatotoxick\u00fdch l\u00e9k\u016f.<\/li>\n<li><b>Hormon\u00e1ln\u00ed:<\/b> Potla\u010den\u00ed p\u0159irozen\u00e9 produkce testosteronu; zva\u017ete terapii po cyklu (PCT).<\/li>\n<li>V\u017edy dodr\u017eujte d\u00e1vkov\u00e1n\u00ed a p\u0159ed pou\u017eit\u00edm se pora\u010fte s l\u00e9ka\u0159em.<\/li>\n<\/ul>\n<h2>Pro\u010d si vybrat testosteron propion\u00e1t od Pharmacomu?<\/h2>\n<ul>\n<li>Vysok\u00e1 \u010distota a konzistence od renomovan\u00e9ho v\u00fdrobce Pharmacom Labs.<\/li>\n<li>Rychle p\u016fsob\u00edc\u00ed s kr\u00e1tk\u00fdm polo\u010dasem rozpadu, ide\u00e1ln\u00ed pro kontrolovan\u00e9 cykly.<\/li>\n<li>Kompatibiln\u00ed s \u0161irokou \u0161k\u00e1lou anabolick\u00fdch l\u00e1tek.<\/li>\n<\/ul>\n<p>Zakupte si tento produkt prost\u0159ednictv\u00edm PoseidonRX a zajist\u011bte si spolehliv\u00e9 zdroje a profesion\u00e1ln\u00ed podporu.<\/p>\n","protected":false},"excerpt":{"rendered":"<p>Rychle p\u016fsob\u00edc\u00ed testosteron propion\u00e1t 100 mg\/ml poskytuje rychl\u00fd n\u00e1stup \u00fa\u010dinku a p\u0159esnou hormon\u00e1ln\u00ed kontrolu pro kr\u00e1tk\u00e9, vysoce \u00fa\u010dinn\u00e9 cykly. Ide\u00e1ln\u00ed pro nab\u00edr\u00e1n\u00ed svalov\u00e9 hmoty nebo hubnut\u00ed s r\u016fstem svalov\u00e9 hmoty, p\u0159\u00edr\u016fstky s\u00edly, podporou odbour\u00e1v\u00e1n\u00ed tuk\u016f a zv\u00fd\u0161en\u00edm energie.<\/p>\n<p><b>Kl\u00ed\u010dov\u00e9 vlastnosti<\/b><\/p>\n<ul>\n<li><b>Rychl\u00fd n\u00e1stup a kr\u00e1tk\u00fd polo\u010das<\/b><\/li>\n<li>R\u016fst svalov\u00e9 hmoty a zv\u00fd\u0161en\u00ed s\u00edly<\/li>\n<li>Podporuje odbour\u00e1v\u00e1n\u00ed tuk\u016f, libido a vitalitu<\/li>\n<li>Zvy\u0161uje energii, imunitn\u00ed funkce, n\u00e1ladu<\/li>\n<li>Zabra\u0148uje ztr\u00e1t\u011b hustoty kost\u00ed<\/li>\n<\/ul>\n","protected":false},"author":18,"featured_media":20612,"comment_status":"open","ping_status":"closed","template":"","meta":{"_gspb_post_css":""},"store":[6163],"product_brand":[],"product_cat":[1750,1613,1558,6594,1498,7431,1769,1527,5640],"product_tag":[],"ppma_author":[259],"class_list":{"0":"post-17304","1":"product","2":"type-product","3":"status-publish","4":"has-post-thumbnail","6":"store-pharmacom-cs","7":"product_cat-anabolic-steroids-cs","8":"product_cat-anabolic-androgenic-steroids-cs","9":"product_cat-bulking-cs","10":"product_cat-injectable-anabolics-cs","11":"product_cat-injectable-steroids-cs","12":"product_cat-muscle-growth-cs","13":"product_cat-testosterone-propionate-cs","14":"product_cat-testosterone-propionate-injection-cs","15":"product_cat-testosterone-cs","16":"pa_active-ingredients-testosterone-propionate-cs","17":"pa_also-known-as-lipo-prop-cs","18":"pa_also-known-as-protest-cs","19":"pa_also-known-as-testoprop-cs","20":"pa_also-known-as-testosterone-propionate-generic-cs","21":"pa_also-known-as-testprop-cs","22":"pa_also-known-as-usp-testosterone-propionate-cs","24":"first","25":"instock","26":"purchasable","27":"product-type-simple"},"_links":{"self":[{"href":"https:\/\/poseidonrx.com\/cs\/wp-json\/wp\/v2\/product\/17304","targetHints":{"allow":["GET"]}}],"collection":[{"href":"https:\/\/poseidonrx.com\/cs\/wp-json\/wp\/v2\/product"}],"about":[{"href":"https:\/\/poseidonrx.com\/cs\/wp-json\/wp\/v2\/types\/product"}],"author":[{"embeddable":true,"href":"https:\/\/poseidonrx.com\/cs\/wp-json\/wp\/v2\/users\/18"}],"replies":[{"embeddable":true,"href":"https:\/\/poseidonrx.com\/cs\/wp-json\/wp\/v2\/comments?post=17304"}],"wp:featuredmedia":[{"embeddable":true,"href":"https:\/\/poseidonrx.com\/cs\/wp-json\/wp\/v2\/media\/20612"}],"wp:attachment":[{"href":"https:\/\/poseidonrx.com\/cs\/wp-json\/wp\/v2\/media?parent=17304"}],"wp:term":[{"taxonomy":"store","embeddable":true,"href":"https:\/\/poseidonrx.com\/cs\/wp-json\/wp\/v2\/store?post=17304"},{"taxonomy":"product_brand","embeddable":true,"href":"https:\/\/poseidonrx.com\/cs\/wp-json\/wp\/v2\/product_brand?post=17304"},{"taxonomy":"product_cat","embeddable":true,"href":"https:\/\/poseidonrx.com\/cs\/wp-json\/wp\/v2\/product_cat?post=17304"},{"taxonomy":"product_tag","embeddable":true,"href":"https:\/\/poseidonrx.com\/cs\/wp-json\/wp\/v2\/product_tag?post=17304"},{"taxonomy":"author","embeddable":true,"href":"https:\/\/poseidonrx.com\/cs\/wp-json\/wp\/v2\/ppma_author?post=17304"}],"curies":[{"name":"wp","href":"https:\/\/api.w.org\/{rel}","templated":true}]}}