{"id":17196,"date":"2025-12-12T11:11:51","date_gmt":"2025-12-12T10:11:51","guid":{"rendered":"https:\/\/poseidonrx.com\/pharma-test-c-10ml-250mg-test-cypionate-pharmacom\/"},"modified":"2026-05-02T22:53:12","modified_gmt":"2026-05-02T20:53:12","slug":"pharma-test-c-10ml-250mg-test-cypionate-pharmacom","status":"publish","type":"product","link":"https:\/\/poseidonrx.com\/cs\/pharma-test-c-10ml-250mg-test-cypionate-pharmacom\/","title":{"rendered":"Pharma Test C 10ml\/250mg Test Cypionate &#8211; Pharmacom"},"content":{"rendered":"<h2>Pharma Test C 10ml\/250mg \u2013 Testosteron cypion\u00e1t od Pharmacomu<\/h2>\n<p><b>Kl\u00ed\u010dov\u00e9 body:<\/b><\/p>\n<ul>\n<li><strong>Dlouhodob\u011b p\u016fsob\u00edc\u00ed injek\u010dn\u00ed forma<\/strong> pro stabiln\u00ed hladiny hormon\u016f.<\/li>\n<li>100% \u010distota, farmaceutick\u00e1 kvalita.<\/li>\n<li>Ide\u00e1ln\u00ed z\u00e1kladn\u00ed sm\u011bs pro cykly nab\u00edr\u00e1n\u00ed hmoty.<\/li>\n<li>Kompatibiln\u00ed s \u0161irokou \u0161k\u00e1lou anabolick\u00fdch a peror\u00e1ln\u00edch l\u00e1tek.<\/li>\n<\/ul>\n<h3>P\u0159ehled produktu<\/h3>\n<p>Pharma Test C je koncentrovan\u00fd roztok <strong>testosteronu cypion\u00e1tu (250 mg\/ml)<\/strong> , esterifikovan\u00e9ho testosteronu, kter\u00fd se uvol\u0148uje s prodlou\u017een\u00fdm uvol\u0148ov\u00e1n\u00edm do krevn\u00edho ob\u011bhu. 10ml lahvi\u010dka obsahuje celkem 2 500 mg, co\u017e poskytuje dostate\u010dnou z\u00e1sobu pro n\u011bkolik injekc\u00ed b\u011bhem typick\u00e9ho cyklu.<\/p>\n<h3>V\u00fdhody a pou\u017eit\u00ed<\/h3>\n<table border=\"1\" cellpadding=\"4\">\n<tbody>\n<tr>\n<th>Prosp\u011bch<\/th>\n<th>Popis<\/th>\n<\/tr>\n<tr>\n<td>Rozvoj svalov\u00e9 hmoty<\/td>\n<td>Podporuje rychl\u00fd r\u016fst svalov\u00e9 hmoty a n\u00e1r\u016fst s\u00edly.<\/td>\n<\/tr>\n<tr>\n<td>Zv\u00fd\u0161en\u00e9 libido a sexu\u00e1ln\u00ed zdrav\u00ed<\/td>\n<td>Podporuje hormon\u00e1ln\u00ed rovnov\u00e1hu pro sexu\u00e1ln\u00ed funkce.<\/td>\n<\/tr>\n<tr>\n<td>Vy\u0161\u0161\u00ed energie a n\u00e1lada<\/td>\n<td>Sni\u017euje \u00fanavu, zlep\u0161uje soust\u0159ed\u011bn\u00ed b\u011bhem tr\u00e9ninku.<\/td>\n<\/tr>\n<tr>\n<td>Podpora imunity<\/td>\n<td>Zlep\u0161uje celkovou odolnost a regeneraci.<\/td>\n<\/tr>\n<tr>\n<td>Zrychlen\u00ed hubnut\u00ed<\/td>\n<td>Pom\u00e1h\u00e1 spalovat p\u0159ebyte\u010dn\u00fd t\u011blesn\u00fd tuk a z\u00e1rove\u0148 zachov\u00e1v\u00e1 svalovou hmotu.<\/td>\n<\/tr>\n<tr>\n<td>Zachov\u00e1n\u00ed hustoty kost\u00ed<\/td>\n<td>Pom\u00e1h\u00e1 p\u0159edch\u00e1zet osteopor\u00f3ze prost\u0159ednictv\u00edm anabolick\u00e9ho p\u016fsoben\u00ed.<\/td>\n<\/tr>\n<tr>\n<td>Potenci\u00e1ln\u00ed kardioprotektivn\u00ed \u00fa\u010dinky<\/td>\n<td>P\u0159i zodpov\u011bdn\u00e9m u\u017e\u00edv\u00e1n\u00ed m\u016f\u017ee m\u00edt p\u0159\u00edzniv\u00e9 \u00fa\u010dinky na kardiovaskul\u00e1rn\u00ed zdrav\u00ed.<\/td>\n<\/tr>\n<\/tbody>\n<\/table>\n<h3>Pokyny pro pod\u00e1v\u00e1n\u00ed<\/h3>\n<ul>\n<li>D\u00e1vkov\u00e1n\u00ed: Typick\u00e9 rozmez\u00ed je 250\u2013500 mg t\u00fddn\u011b, rozd\u011bleno do 2\u20133 injekc\u00ed.<\/li>\n<li>M\u00edsto vpichu: Deltov\u00fd nebo h\u00fd\u017e\u010fov\u00fd sval; st\u0159\u00eddejte m\u00edsta vpichu pro sn\u00ed\u017een\u00ed podr\u00e1\u017ed\u011bn\u00ed.<\/li>\n<li>Frekvence: Pro dosa\u017een\u00ed optim\u00e1ln\u00edch hladin v ust\u00e1len\u00e9m stavu ka\u017ed\u00e9 2\u20134 dny.<\/li>\n<li>P\u0159\u00edprava: Jemn\u011b prot\u0159epejte lahvi\u010dku. Pou\u017eijte steriln\u00ed injek\u010dn\u00ed st\u0159\u00edka\u010dku a jehlu (22\u201125 gauge).<\/li>\n<li>P\u00e9\u010de po injekci: M\u00edrn\u011b p\u0159itla\u010dte, m\u00edsto bezprost\u0159edn\u011b nemas\u00edrujte, abyste zabr\u00e1nili \u00faniku.<\/li>\n<\/ul>\n<h3>Ne\u017e\u00e1douc\u00ed \u00fa\u010dinky a bezpe\u010dnostn\u00ed opat\u0159en\u00ed<\/h3>\n<p><strong>\u010cast\u00e9 ne\u017e\u00e1douc\u00ed \u00fa\u010dinky:<\/strong><\/p>\n<ul>\n<li>Lok\u00e1ln\u00ed bolest nebo otok v m\u00edst\u011b injekce<\/li>\n<li>Bolest hlavy, z\u00e1vrat\u011b nebo m\u00edrn\u00e1 nevolnost<\/li>\n<li>Zv\u00fd\u0161en\u00fd r\u016fst ochlupen\u00ed v obli\u010deji u predisponovan\u00fdch jedinc\u016f<\/li>\n<li>Potenci\u00e1ln\u00ed v\u00fdkyvy n\u00e1lad nebo podr\u00e1\u017ed\u011bnost<\/li>\n<\/ul>\n<p><strong>Z\u00e1va\u017en\u00e1 rizika (vz\u00e1cn\u00e1, ale z\u00e1va\u017en\u00e1):<\/strong><\/p>\n<ul>\n<li>Akn\u00e9 nebo mastn\u00e1 ple\u0165 vyvolan\u00e9 testosteronem<\/li>\n<li>Zadr\u017eov\u00e1n\u00ed tekutin vedouc\u00ed k otok\u016fm<\/li>\n<li>Z\u00e1t\u011b\u017e jater (minim\u00e1ln\u00ed u injek\u010dn\u00ed formy)<\/li>\n<li>Kardiovaskul\u00e1rn\u00ed komplikace p\u0159i nadm\u011brn\u00e9m u\u017e\u00edv\u00e1n\u00ed<\/li>\n<\/ul>\n<p>P\u0159ed zah\u00e1jen\u00edm jak\u00e9hokoli re\u017eimu s anabolick\u00fdmi steroidy se v\u017edy pora\u010fte s l\u00e9ka\u0159em. Pravideln\u011b sledujte krevn\u00ed parametry a funkci jater.<\/p>\n<h3>Kompatibilita a mo\u017enosti stohov\u00e1n\u00ed<\/h3>\n<ul>\n<li>Dob\u0159e se kombinuje s peror\u00e1ln\u00edmi steroidy, jako je Dianabol, Winstrol nebo Anavar.<\/li>\n<li>Dopl\u0148kov\u00e9 injek\u010dn\u00ed p\u0159\u00edpravky: Deca-Durabolin, Trenbolonacet\u00e1t a Sustanon.<\/li>\n<li>P\u0159i u\u017e\u00edv\u00e1n\u00ed v doporu\u010den\u00fdch d\u00e1vk\u00e1ch podporuje p\u0159irozenou produkci testosteronu.<\/li>\n<\/ul>\n<p>Tento produkt je k dispozici prost\u0159ednictv\u00edm PoseidonRX, d\u016fv\u011bryhodn\u00e9 online l\u00e9k\u00e1rny, kter\u00e1 bezpe\u010dn\u011b a diskr\u00e9tn\u011b dod\u00e1v\u00e1 vysoce kvalitn\u00ed farmaceutick\u00e9 produkty.<\/p>\n","protected":false},"excerpt":{"rendered":"<p><b>Pharma Test C 10ml\/250mg \u2013 Testosterone Cypionate (Brand: Pharmacom)<\/b><\/p>\n<ul>\n<li><b>Volume &amp; Strength:<\/b> 10\u202fmL vial, 250\u202fmg pure testosterone cypionate<\/li>\n<li><b>Long\u2011acting profile:<\/b> Sustained release up to 4\u20136 weeks per dose<\/li>\n<li><b>Versatile stackability:<\/b> Compatible with oral and injectable anabolic agents<\/li>\n<li><b>Reputable source:<\/b> Manufactured by Pharmacom, a trusted name in pharmaceutical formulations<\/li>\n<\/ul>\n","protected":false},"author":18,"featured_media":20622,"comment_status":"open","ping_status":"closed","template":"","meta":{"_gspb_post_css":""},"store":[6163],"product_brand":[],"product_cat":[1750,1613,1558,6594,1498,7431,1771,1540,5640,6501],"product_tag":[],"ppma_author":[259],"class_list":{"0":"post-17196","1":"product","2":"type-product","3":"status-publish","4":"has-post-thumbnail","6":"store-pharmacom-cs","7":"product_cat-anabolic-steroids-cs","8":"product_cat-anabolic-androgenic-steroids-cs","9":"product_cat-bulking-cs","10":"product_cat-injectable-anabolics-cs","11":"product_cat-injectable-steroids-cs","12":"product_cat-muscle-growth-cs","13":"product_cat-testosterone-cypionate-cs","14":"product_cat-testosterone-cypionate-injection-cs","15":"product_cat-testosterone-cs","16":"product_cat-testosterone-injection-cs","17":"pa_active-ingredients-testosterone-cypionate-cs","18":"pa_also-known-as-cypesteran-cs","19":"pa_also-known-as-cypranol-cs","20":"pa_also-known-as-t-cyp-cs","21":"pa_also-known-as-testocyl-cs","22":"pa_also-known-as-testocyp-cs","23":"pa_also-known-as-testoflex-cs","24":"pa_also-known-as-testoflow-cs","25":"pa_also-known-as-testolipid-cs","26":"pa_also-known-as-testopel-cs","27":"pa_also-known-as-testosterone-cypionate-usp-cs","29":"first","30":"instock","31":"purchasable","32":"product-type-simple"},"_links":{"self":[{"href":"https:\/\/poseidonrx.com\/cs\/wp-json\/wp\/v2\/product\/17196","targetHints":{"allow":["GET"]}}],"collection":[{"href":"https:\/\/poseidonrx.com\/cs\/wp-json\/wp\/v2\/product"}],"about":[{"href":"https:\/\/poseidonrx.com\/cs\/wp-json\/wp\/v2\/types\/product"}],"author":[{"embeddable":true,"href":"https:\/\/poseidonrx.com\/cs\/wp-json\/wp\/v2\/users\/18"}],"replies":[{"embeddable":true,"href":"https:\/\/poseidonrx.com\/cs\/wp-json\/wp\/v2\/comments?post=17196"}],"wp:featuredmedia":[{"embeddable":true,"href":"https:\/\/poseidonrx.com\/cs\/wp-json\/wp\/v2\/media\/20622"}],"wp:attachment":[{"href":"https:\/\/poseidonrx.com\/cs\/wp-json\/wp\/v2\/media?parent=17196"}],"wp:term":[{"taxonomy":"store","embeddable":true,"href":"https:\/\/poseidonrx.com\/cs\/wp-json\/wp\/v2\/store?post=17196"},{"taxonomy":"product_brand","embeddable":true,"href":"https:\/\/poseidonrx.com\/cs\/wp-json\/wp\/v2\/product_brand?post=17196"},{"taxonomy":"product_cat","embeddable":true,"href":"https:\/\/poseidonrx.com\/cs\/wp-json\/wp\/v2\/product_cat?post=17196"},{"taxonomy":"product_tag","embeddable":true,"href":"https:\/\/poseidonrx.com\/cs\/wp-json\/wp\/v2\/product_tag?post=17196"},{"taxonomy":"author","embeddable":true,"href":"https:\/\/poseidonrx.com\/cs\/wp-json\/wp\/v2\/ppma_author?post=17196"}],"curies":[{"name":"wp","href":"https:\/\/api.w.org\/{rel}","templated":true}]}}