{"id":17031,"date":"2025-12-12T11:11:51","date_gmt":"2025-12-12T10:11:51","guid":{"rendered":"https:\/\/poseidonrx.com\/pharma-3-tren-10ml-200ml-trenbolone-acetate-enanthate-hexahydroben-pharmacom\/"},"modified":"2026-05-02T22:42:11","modified_gmt":"2026-05-02T20:42:11","slug":"pharma-3-tren-10ml-200ml-trenbolone-acetate-enanthate-hexahydroben-pharmacom","status":"publish","type":"product","link":"https:\/\/poseidonrx.com\/cs\/pharma-3-tren-10ml-200ml-trenbolone-acetate-enanthate-hexahydroben-pharmacom\/","title":{"rendered":"Pharma 3 Tren 10ml\/200ml Trenbolone Acetate\/Enanthate\/Hexahydroben &#8211; Pharmacom"},"content":{"rendered":"<h2>Pharma 3 Tren 10ml\/200ml \u2013 Trenbolonacet\u00e1t \/ Enanth\u00e1t \/ Hexahydroben<\/h2>\n<p><b>Zna\u010dka:<\/b> Pharmacom <br \/><b>Dostupn\u00e9 v PoseidonRX<\/b><\/p>\n<h3>Co d\u011bl\u00e1 tuto sm\u011bs tak silnou?<\/h3>\n<ul>\n<li>Triesterov\u00e1 formulace: <b>Trenbolon-acet\u00e1t (rychl\u00fd), Trenbolon-enant\u00e1t (st\u0159edn\u00ed) a Trenbolon-hexahydrobenzylkarbon\u00e1t (dlouhodob\u011b p\u016fsob\u00edc\u00ed)<\/b> .<\/li>\n<li>Rychl\u00fd n\u00e1stup \u00fa\u010dinku v kombinaci s prodlou\u017een\u00fdm uvol\u0148ov\u00e1n\u00edm \u2013 eliminuje \u010dast\u00e9 injekce.<\/li>\n<li>Maxim\u00e1ln\u00ed svalov\u00e1 hustota, definice a s\u00edla v jednom cyklu.<\/li>\n<\/ul>\n<h3>Kl\u00ed\u010dov\u00e9 v\u00fdhody pro sportovce<\/h3>\n<table border=\"1\" cellpadding=\"5\">\n<tbody>\n<tr>\n<th>Prosp\u011bch<\/th>\n<th>Popis<\/th>\n<\/tr>\n<tr>\n<td>Rychl\u00e9 a prodlou\u017een\u00e9 uvol\u0148ov\u00e1n\u00ed<\/td>\n<td>Konzistentn\u00ed hladiny trenbolonu v krvi po celou dobu cyklu.<\/td>\n<\/tr>\n<tr>\n<td>Such\u00e9, \u0161t\u00edhl\u00e9 zisky<\/td>\n<td>\u017d\u00e1dn\u00e9 zadr\u017eov\u00e1n\u00ed vody \u2013 ostr\u00e1 definice sval\u016f.<\/td>\n<\/tr>\n<tr>\n<td>Tvrdost a c\u00e9vn\u00ed z\u00e1soba sval\u016f<\/td>\n<td>Zlep\u0161en\u00e1 celkov\u00e1 kvalita postavy.<\/td>\n<\/tr>\n<tr>\n<td>Zv\u00fd\u0161en\u00ed s\u00edly a v\u00fdkonu<\/td>\n<td>V\u00fdznamn\u00e9 zlep\u0161en\u00ed v\u00fdkonu.<\/td>\n<\/tr>\n<tr>\n<td>V\u0161estrann\u00e9 vyu\u017eit\u00ed cyklu<\/td>\n<td>Ide\u00e1ln\u00ed pro \u0159ez\u00e1n\u00ed, nab\u00edr\u00e1n\u00ed svalov\u00e9 hmoty, rekompozici, p\u0159\u00edpravu p\u0159ed sout\u011b\u017eemi a zdokonalov\u00e1n\u00ed mimo sez\u00f3nu.<\/td>\n<\/tr>\n<\/tbody>\n<\/table>\n<h3>Doporu\u010den\u00ed partne\u0159i pro stohov\u00e1n\u00ed<\/h3>\n<ul>\n<li>Sm\u011bsi testosteronu \u2013 nap\u0159. PHARMA SUST 300<\/li>\n<li>Methenolon (PHARMA PRIM 100) pro such\u00fd vzhled<\/li>\n<li>Peror\u00e1ln\u00ed l\u00e9ky jako Oxandrolon nebo Stanozolol pro zv\u00fd\u0161en\u00ed \u00fa\u010dink\u016f \u0159ez\u00e1n\u00ed<\/li>\n<\/ul>\n<h3>Pokyny pro administraci<\/h3>\n<p><b>D\u00e1vkov\u00e1n\u00ed:<\/b> Typick\u00e9 d\u00e1vkovac\u00ed re\u017eimy se pohybuj\u00ed v rozmez\u00ed 200\u2013400 mg t\u00fddn\u011b, rozd\u011blen\u00fdch do 2\u20134 injekc\u00ed. Injek\u010dn\u00ed lahvi\u010dka o objemu 10 ml\/200 ml poskytuje koncentraci 200 mg\/ml.<\/p>\n<p><b>Harmonogram vst\u0159ikov\u00e1n\u00ed:<\/b><\/p>\n<ul>\n<li>1. t\u00fdden: 100 mg dvakr\u00e1t (pond\u011bl\u00ed a \u010dtvrtek)<\/li>\n<li>T\u00fddny 2\u20136: 200 mg na injekci, jednou t\u00fddn\u011b<\/li>\n<li>Upravte na z\u00e1klad\u011b tolerance a po\u017eadovan\u00e9 d\u00e9lky cyklu.<\/li>\n<\/ul>\n<p><b>Zp\u016fsob pod\u00e1n\u00ed:<\/b> Intramuskul\u00e1rn\u00ed (i.m.) injekce do stehenn\u00edch nebo h\u00fd\u017e\u010fov\u00fdch sval\u016f. St\u0159\u00eddejte m\u00edsta pod\u00e1n\u00ed pro sn\u00ed\u017een\u00ed nepohodl\u00ed.<\/p>\n<h3>Profil vedlej\u0161\u00edch \u00fa\u010dink\u016f<\/h3>\n<ul>\n<li><b>Hormon\u00e1ln\u00ed suprese:<\/b> V\u00fdznamn\u00e9 potla\u010den\u00ed p\u0159irozen\u00e9ho testosteronu; vy\u017eaduje pocyklovou terapii (PCT).<\/li>\n<li><b>Dopad na kardiovaskul\u00e1rn\u00ed syst\u00e9m:<\/b> Mo\u017en\u00e9 zv\u00fd\u0161en\u00ed LDL cholesterolu a krevn\u00edho tlaku; pravideln\u011b monitorujte.<\/li>\n<li><b>Du\u0161evn\u00ed a emocion\u00e1ln\u00ed zm\u011bny:<\/b> V d\u016fsledku androgenn\u00ed aktivity se mohou objevit v\u00fdkyvy n\u00e1lad, agrese nebo \u00fazkost.<\/li>\n<li><b>Akn\u00e9 a ko\u017en\u00ed probl\u00e9my:<\/b> Zv\u00fd\u0161en\u00e1 produkce ko\u017en\u00edho mazu m\u016f\u017ee v\u00e9st k akn\u00e9.<\/li>\n<li><b>C\u00e9vn\u00ed a hematologick\u00e9 \u00fa\u010dinky:<\/b> Potenci\u00e1ln\u00ed zv\u00fd\u0161en\u00ed viskozity krve; zva\u017ete pravideln\u00e9 kontroly hematokritu.<\/li>\n<li><b>Jin\u00e9:<\/b> No\u010dn\u00ed pocen\u00ed, nespavost a potenci\u00e1ln\u00ed z\u00e1t\u011b\u017e jater (i kdy\u017e men\u0161\u00ed ne\u017e u peror\u00e1ln\u00edch steroid\u016f).<\/li>\n<\/ul>\n<h3>Pocyklov\u00e1 terapie (PCT)<\/h3>\n<p>Vzhledem k siln\u00e9mu potla\u010den\u00ed p\u0159irozen\u00e9 produkce hormon\u016f trenbolonem je nezbytn\u00e1 strukturovan\u00e1 PCT. Typick\u00e9 protokoly zahrnuj\u00ed SERMy, jako je Clomid nebo Nolvadex, po dobu 4\u20136 t\u00fddn\u016f po cyklu, spolu se spr\u00e1vnou v\u00fd\u017eivou a odpo\u010dinkem.<\/p>\n<h3>Bezpe\u010dnostn\u00ed a pr\u00e1vn\u00ed aspekty<\/h3>\n<ul>\n<li>Trenbolon je v mnoha jurisdikc\u00edch klasifikov\u00e1n jako kontrolovan\u00e1 l\u00e1tka, p\u0159ed n\u00e1kupem se ujist\u011bte, \u017ee spl\u0148ujete m\u00edstn\u00ed p\u0159edpisy.<\/li>\n<li>Nakupujte pouze od renomovan\u00fdch dodavatel\u016f, abyste zaru\u010dili \u010distotu a bezpe\u010dnost produkt\u016f.<\/li>\n<\/ul>\n","protected":false},"excerpt":{"rendered":"<p>Pharma 3 Tren obsahuje vysoce \u00fa\u010dinnou sm\u011bs triester\u016f (acet\u00e1t, enanth\u00e1t, hexahydrobenzylkarbon\u00e1t) pro rychl\u00fd n\u00e1stup a prodlou\u017een\u00e9 uvol\u0148ov\u00e1n\u00ed, bez zadr\u017eov\u00e1n\u00ed vody a se zv\u00fd\u0161enou tvrdost\u00ed a prokrven\u00edm sval\u016f. Ide\u00e1ln\u00ed pro \u0159ez\u00e1n\u00ed, nab\u00edr\u00e1n\u00ed svalov\u00e9 hmoty nebo rekompozi\u010dn\u00ed cykly se sn\u00ed\u017eenou frekvenc\u00ed injekc\u00ed.<\/p>\n<ul>\n<li><b>Rychl\u00e9 a prodlou\u017een\u00e9 uvol\u0148ov\u00e1n\u00ed<\/b><\/li>\n<li><b>Bez zadr\u017eov\u00e1n\u00ed vody<\/b><\/li>\n<li><b>Zv\u00fd\u0161en\u00e1 tvrdost a prokrven\u00ed<\/b><\/li>\n<li><b>V\u0161estrann\u00e1 podpora cyklu<\/b><\/li>\n<li><b>Sn\u00ed\u017een\u00e1 frekvence vst\u0159ikov\u00e1n\u00ed<\/b><\/li>\n<\/ul>\n","protected":false},"author":18,"featured_media":20637,"comment_status":"open","ping_status":"closed","template":"","meta":{"_gspb_post_css":""},"store":[6163],"product_brand":[],"product_cat":[1558,6594,1498,7431,3497,1519],"product_tag":[],"ppma_author":[259],"class_list":{"0":"post-17031","1":"product","2":"type-product","3":"status-publish","4":"has-post-thumbnail","6":"store-pharmacom-cs","7":"product_cat-bulking-cs","8":"product_cat-injectable-anabolics-cs","9":"product_cat-injectable-steroids-cs","10":"product_cat-muscle-growth-cs","11":"product_cat-trenbolone-tren-steroids-cs","12":"product_cat-tri-trenbolone-injection-cs","13":"pa_active-ingredients-trenbolone-acetate-cs","14":"pa_active-ingredients-trenbolone-enanthate-cs","15":"pa_active-ingredients-trenbolone-hexahydrobenzylcarbonate-cs","16":"pa_also-known-as-bio-pharma-tritren-cs","17":"pa_also-known-as-maxtren-200-triester-cs","18":"pa_also-known-as-nitrostim-blendtren-cs","19":"pa_also-known-as-tri-est-treno-cs","20":"pa_also-known-as-v2v-3tren-cs","22":"first","23":"instock","24":"purchasable","25":"product-type-simple"},"_links":{"self":[{"href":"https:\/\/poseidonrx.com\/cs\/wp-json\/wp\/v2\/product\/17031","targetHints":{"allow":["GET"]}}],"collection":[{"href":"https:\/\/poseidonrx.com\/cs\/wp-json\/wp\/v2\/product"}],"about":[{"href":"https:\/\/poseidonrx.com\/cs\/wp-json\/wp\/v2\/types\/product"}],"author":[{"embeddable":true,"href":"https:\/\/poseidonrx.com\/cs\/wp-json\/wp\/v2\/users\/18"}],"replies":[{"embeddable":true,"href":"https:\/\/poseidonrx.com\/cs\/wp-json\/wp\/v2\/comments?post=17031"}],"wp:featuredmedia":[{"embeddable":true,"href":"https:\/\/poseidonrx.com\/cs\/wp-json\/wp\/v2\/media\/20637"}],"wp:attachment":[{"href":"https:\/\/poseidonrx.com\/cs\/wp-json\/wp\/v2\/media?parent=17031"}],"wp:term":[{"taxonomy":"store","embeddable":true,"href":"https:\/\/poseidonrx.com\/cs\/wp-json\/wp\/v2\/store?post=17031"},{"taxonomy":"product_brand","embeddable":true,"href":"https:\/\/poseidonrx.com\/cs\/wp-json\/wp\/v2\/product_brand?post=17031"},{"taxonomy":"product_cat","embeddable":true,"href":"https:\/\/poseidonrx.com\/cs\/wp-json\/wp\/v2\/product_cat?post=17031"},{"taxonomy":"product_tag","embeddable":true,"href":"https:\/\/poseidonrx.com\/cs\/wp-json\/wp\/v2\/product_tag?post=17031"},{"taxonomy":"author","embeddable":true,"href":"https:\/\/poseidonrx.com\/cs\/wp-json\/wp\/v2\/ppma_author?post=17031"}],"curies":[{"name":"wp","href":"https:\/\/api.w.org\/{rel}","templated":true}]}}