{"id":16628,"date":"2025-12-12T11:11:51","date_gmt":"2025-12-12T10:11:51","guid":{"rendered":"https:\/\/poseidonrx.com\/anapolon-50tab-50mg-oxymetholone-prime\/"},"modified":"2026-04-29T22:30:15","modified_gmt":"2026-04-29T20:30:15","slug":"anapolon-50tab-50mg-oxymetholone-prime","status":"publish","type":"product","link":"https:\/\/poseidonrx.com\/cs\/anapolon-50tab-50mg-oxymetholone-prime\/","title":{"rendered":"Anapolon 50tab \/50mg Oxymetholone &#8211; Prime"},"content":{"rendered":"<p><b>Anapolon 50tab \/50mg Oxymetholon \u2013 Prime<\/b><\/p>\n<h2>Co je Anapolon?<\/h2>\n<p>Anapolon je peror\u00e1ln\u00ed anabolick\u00fd steroid, kter\u00fd obsahuje \u00fa\u010dinnou l\u00e1tku <b>oxymetholon<\/b> , siln\u00fd deriv\u00e1t dihydrotestosteronu. S anabolick\u00fdm v\u00fdkonem 320 % a m\u00edrnou androgenn\u00ed aktivitou (~45 %) je \u0161iroce pou\u017e\u00edv\u00e1n sportovci, kte\u0159\u00ed usiluj\u00ed o rychl\u00fd n\u00e1r\u016fst s\u00edly a v\u00fdznamn\u00e9 zv\u00fd\u0161en\u00ed svalov\u00e9 hmoty.<\/p>\n<h3>Kl\u00ed\u010dov\u00e9 v\u00fdhody<\/h3>\n<ul>\n<li><b>Masivn\u00ed r\u016fst sval\u016f<\/b> : A\u017e 10\u201315 kg libov\u00e9 hmoty v typick\u00e9m cyklu.<\/li>\n<li><b>Zv\u00fd\u0161en\u00ed s\u00edly<\/b> : Zv\u00fd\u0161en\u00ed maxim\u00e1ln\u00edho v\u00fdkonu o 20\u201330 %.<\/li>\n<li>Zlep\u0161en\u00ed zdrav\u00ed kloub\u016f a vaz\u016f, sn\u00ed\u017een\u00ed rizika zran\u011bn\u00ed b\u011bhem intenzivn\u00edho tr\u00e9ninku.<\/li>\n<li>Vy\u0161\u0161\u00ed hladiny voln\u00e9ho testosteronu v d\u016fsledku sn\u00ed\u017een\u00e9 aktivity transportn\u00edch protein\u016f.<\/li>\n<li>Zv\u00fd\u0161en\u00e1 stimulace chuti k j\u00eddlu pro lep\u0161\u00ed p\u0159\u00edjem kalori\u00ed.<\/li>\n<li>Pumpovac\u00ed efekt ze zv\u00fd\u0161en\u00e9 produkce \u010derven\u00fdch krvinek a objemu plazmy.<\/li>\n<\/ul>\n<h2>Pokyny pro administraci<\/h2>\n<table border=\"1\" cellpadding=\"5\">\n<tbody>\n<tr>\n<th>F\u00e1ze<\/th>\n<th>D\u00e1vkov\u00e1n\u00ed (mg\/den)<\/th>\n<th>Trv\u00e1n\u00ed<\/th>\n<\/tr>\n<tr>\n<td>F\u00e1ze na\u010d\u00edt\u00e1n\u00ed<\/td>\n<td>20 mg, 3\u20134kr\u00e1t denn\u011b (celkem 60\u201380 mg\/den)<\/td>\n<td>Pouze prvn\u00ed t\u00fdden<\/td>\n<\/tr>\n<tr>\n<td>F\u00e1ze \u00fadr\u017eby<\/td>\n<td>10\u201315 mg dvakr\u00e1t denn\u011b (celkem 20\u201330 mg\/den)<\/td>\n<td>2.\u20136. t\u00fdden<\/td>\n<\/tr>\n<tr>\n<td>Kone\u010dn\u00e9 z\u00fa\u017een\u00ed<\/td>\n<td>Sni\u017eujte d\u00e1vku o 5 mg ka\u017ed\u00e9 3 dny<\/td>\n<td>Minul\u00fd t\u00fdden<\/td>\n<\/tr>\n<\/tbody>\n<\/table>\n<ul>\n<li>U\u017e\u00edvejte s j\u00eddlem pro sn\u00ed\u017een\u00ed podr\u00e1\u017ed\u011bn\u00ed gastrointestin\u00e1ln\u00edho traktu.<\/li>\n<li>Dodr\u017eujte pravideln\u00fd re\u017eim u\u017e\u00edv\u00e1n\u00ed; vyh\u00fdbejte se vynech\u00e1v\u00e1n\u00ed d\u00e1vek, abyste udr\u017eeli stabiln\u00ed hladiny v krvi.<\/li>\n<li>Pro za\u010d\u00e1te\u010dn\u00edky za\u010dn\u011bte na spodn\u00ed hranici udr\u017eovac\u00ed d\u00e1vky.<\/li>\n<\/ul>\n<h2>Ne\u017e\u00e1douc\u00ed \u00fa\u010dinky a rizika<\/h2>\n<ul>\n<li><b>Jatern\u00ed toxicita<\/b> : Peror\u00e1ln\u00ed forma m\u016f\u017ee zat\u011b\u017eovat funkci jater, proto je t\u0159eba pravideln\u011b sledovat jatern\u00ed enzymy (ALT\/AST).<\/li>\n<li>Zv\u00fd\u0161en\u00e1 estrogenn\u00ed aktivita m\u016f\u017ee zp\u016fsobit <b>gynekomastii<\/b> ; v p\u0159\u00edpad\u011b pot\u0159eby zva\u017ete antiestrogenn\u00ed terapii.<\/li>\n<li>Potenci\u00e1l k <b>zadr\u017eov\u00e1n\u00ed vody<\/b> , co\u017e vede k nad\u00fdm\u00e1n\u00ed a otok\u016fm.<\/li>\n<li>Mo\u017en\u00e9 v\u00fdkyvy n\u00e1lad, podr\u00e1\u017ed\u011bnost nebo \u00fazkost v d\u016fsledku hormon\u00e1ln\u00edch zm\u011bn.<\/li>\n<li>Riziko <b>hypogonadismu<\/b> po cyklu; doporu\u010duje se spr\u00e1vn\u00e1 pocyklov\u00e1 terapie (PCT).<\/li>\n<li>Kardiovaskul\u00e1rn\u00ed z\u00e1t\u011b\u017e: monitorujte krevn\u00ed tlak a lipidov\u00fd profil.<\/li>\n<\/ul>\n<h3>Opat\u0159en\u00ed<\/h3>\n<ul>\n<li>Nen\u00ed vhodn\u00e9 pro osoby s ji\u017e existuj\u00edc\u00edm onemocn\u011bn\u00edm jater nebo kardiovaskul\u00e1rn\u00edmi probl\u00e9my.<\/li>\n<li>T\u011bhotn\u00e9 nebo koj\u00edc\u00ed \u017eeny by se m\u011bly vyh\u00fdbat kv\u016fli mo\u017en\u00e9mu po\u0161kozen\u00ed plodu.<\/li>\n<li>V\u017edy nakupujte od renomovan\u00e9ho zdroje; zna\u010dka Prime zaru\u010duje konzistentn\u00ed \u00fa\u010dinnost a \u010distotu.<\/li>\n<\/ul>\n<h2>Pro\u010d si vybrat Prime Anapolon?<\/h2>\n<p>Slo\u017een\u00ed Prime zaru\u010duje <b>100% biologickou dostupnost<\/b> , p\u0159esn\u00e9 d\u00e1vkov\u00e1n\u00ed v 50mg tablet\u00e1ch a \u010dist\u00fd v\u00fdrobn\u00ed proces. D\u00edky tomu je spolehlivou volbou pro sportovce, kte\u0159\u00ed po\u017eaduj\u00ed maxim\u00e1ln\u00ed v\u00fdsledky s minim\u00e1ln\u00edmi kompromisy.<\/p>\n<p>Tento produkt, dostupn\u00fd exkluzivn\u011b u PoseidonRX, nab\u00edz\u00ed bezpe\u010dn\u00e9 doru\u010den\u00ed a diskr\u00e9tn\u00ed balen\u00ed pro ochranu va\u0161eho soukrom\u00ed.<\/p>\n","protected":false},"excerpt":{"rendered":"<p>Prime Anapolon 50 tablet \/ 50 mg Oxymetholone p\u0159in\u00e1\u0161\u00ed rychlou svalovou hypertrofii a n\u00e1r\u016fst s\u00edly.<\/p>\n<ul>\n<li><b>Anabolick\u00e1 aktivita:<\/b> 320 % testosteronu<\/li>\n<li><b>Androgenn\u00ed aktivita:<\/b> ~45 % (st\u0159edn\u00ed)<\/li>\n<li>Podporuje zdrav\u00ed kloub\u016f, vaz\u016f a pojivov\u00e9 tk\u00e1n\u011b b\u011bhem n\u00e1ro\u010dn\u00e9ho tr\u00e9ninku<\/li>\n<li>Zvy\u0161uje chu\u0165 k j\u00eddlu a hladinu energie<\/li>\n<li>Stimuluje erytropo\u00e9zu pro lep\u0161\u00ed p\u0159\u00edsun kysl\u00edku<\/li>\n<\/ul>\n","protected":false},"author":18,"featured_media":20667,"comment_status":"open","ping_status":"closed","template":"","meta":{"_gspb_post_css":""},"store":[6108],"product_brand":[],"product_cat":[1750,1613,1465,7431,5949,5950,5951,1464,7163,6343],"product_tag":[],"ppma_author":[259],"class_list":{"0":"post-16628","1":"product","2":"type-product","3":"status-publish","4":"has-post-thumbnail","6":"store-prime-cs","7":"product_cat-anabolic-steroids-cs","8":"product_cat-anabolic-androgenic-steroids-cs","9":"product_cat-anadrol-pills-cs","10":"product_cat-muscle-growth-cs","11":"product_cat-oral-aas-cs","12":"product_cat-oral-anabolic-steroid-pills-cs","13":"product_cat-oral-steroids-excluding-dianabol-cs","14":"product_cat-oral-steroids-cs","15":"product_cat-oxymetholone-cs","16":"product_cat-oxymetholone-pills-cs","17":"pa_active-ingredients-oxymetholone-cs","18":"pa_also-known-as-adanrol-cs","19":"pa_also-known-as-anapolon-cs","20":"pa_also-known-as-oxymetholone-generic-cs","22":"first","23":"instock","24":"purchasable","25":"product-type-simple"},"_links":{"self":[{"href":"https:\/\/poseidonrx.com\/cs\/wp-json\/wp\/v2\/product\/16628","targetHints":{"allow":["GET"]}}],"collection":[{"href":"https:\/\/poseidonrx.com\/cs\/wp-json\/wp\/v2\/product"}],"about":[{"href":"https:\/\/poseidonrx.com\/cs\/wp-json\/wp\/v2\/types\/product"}],"author":[{"embeddable":true,"href":"https:\/\/poseidonrx.com\/cs\/wp-json\/wp\/v2\/users\/18"}],"replies":[{"embeddable":true,"href":"https:\/\/poseidonrx.com\/cs\/wp-json\/wp\/v2\/comments?post=16628"}],"wp:featuredmedia":[{"embeddable":true,"href":"https:\/\/poseidonrx.com\/cs\/wp-json\/wp\/v2\/media\/20667"}],"wp:attachment":[{"href":"https:\/\/poseidonrx.com\/cs\/wp-json\/wp\/v2\/media?parent=16628"}],"wp:term":[{"taxonomy":"store","embeddable":true,"href":"https:\/\/poseidonrx.com\/cs\/wp-json\/wp\/v2\/store?post=16628"},{"taxonomy":"product_brand","embeddable":true,"href":"https:\/\/poseidonrx.com\/cs\/wp-json\/wp\/v2\/product_brand?post=16628"},{"taxonomy":"product_cat","embeddable":true,"href":"https:\/\/poseidonrx.com\/cs\/wp-json\/wp\/v2\/product_cat?post=16628"},{"taxonomy":"product_tag","embeddable":true,"href":"https:\/\/poseidonrx.com\/cs\/wp-json\/wp\/v2\/product_tag?post=16628"},{"taxonomy":"author","embeddable":true,"href":"https:\/\/poseidonrx.com\/cs\/wp-json\/wp\/v2\/ppma_author?post=16628"}],"curies":[{"name":"wp","href":"https:\/\/api.w.org\/{rel}","templated":true}]}}