{"id":16395,"date":"2025-12-12T11:11:51","date_gmt":"2025-12-12T10:11:51","guid":{"rendered":"https:\/\/poseidonrx.com\/clomos-100tab-50mg-clomiphene-pharmacom\/"},"modified":"2026-05-02T22:40:22","modified_gmt":"2026-05-02T20:40:22","slug":"clomos-100tab-50mg-clomiphene-pharmacom","status":"publish","type":"product","link":"https:\/\/poseidonrx.com\/cs\/clomos-100tab-50mg-clomiphene-pharmacom\/","title":{"rendered":"Clomos 100tab\/50mg Clomiphene &#8211; Pharmacom"},"content":{"rendered":"<h2>Clomos 100 tablet\/50 mg klomifenu \u2013 Pharmacom<\/h2>\n<p><b>Kl\u00ed\u010dov\u00e9 body:<\/b><\/p>\n<ul>\n<li>Siln\u00fd antiestrogen (selektivn\u00ed blok\u00e1tor estrogenov\u00fdch receptor\u016f) pro potcyklovou terapii (PCT)<\/li>\n<li>Stimuluje hypof\u00fdzu, zvy\u0161uje hladinu luteiniza\u010dn\u00edho hormonu (LH) a folikuly stimuluj\u00edc\u00edho hormonu (FSH)<\/li>\n<li>Zvy\u0161uje endogenn\u00ed testosteron bez sn\u00ed\u017een\u00ed hladiny estrogenu<\/li>\n<li>Nesteroidn\u00ed slo\u017een\u00ed \u2013 bez inhibice aromat\u00e1zy<\/li>\n<\/ul>\n<h3>Jak to funguje<\/h3>\n<p>Klomifen citr\u00e1t blokuje estrogenov\u00e9 receptory v hypotalamu, \u010d\u00edm\u017e odstra\u0148uje negativn\u00ed zp\u011btnou vazbu na hypof\u00fdzu. To vede ke zv\u00fd\u0161en\u00e9 sekreci LH a FSH, kter\u00e9 n\u00e1sledn\u011b stimuluj\u00ed produkci testosteronu ve varlatech a spermatogenezi.<\/p>\n<h3>Pokyny pro administraci<\/h3>\n<table border=\"1\" cellpadding=\"5\">\n<tbody>\n<tr>\n<th>Z\u00e1va\u017enost cyklu<\/th>\n<th>Po\u010d\u00e1te\u010dn\u00ed d\u00e1vka (mg)<\/th>\n<th>N\u00e1sledn\u00e9 d\u00e1vky (mg\/den)<\/th>\n<th>D\u00e9lka l\u00e9\u010dby<\/th>\n<\/tr>\n<tr>\n<td>Lehk\u00fd cyklus AAS<\/td>\n<td>50<\/td>\n<td>50<\/td>\n<td>2\u20133 t\u00fddny<\/td>\n<\/tr>\n<tr>\n<td>M\u00edrn\u00fd cyklus AAS<\/td>\n<td>100 (prvn\u00ed t\u00fdden)<\/td>\n<td>50 (p\u0159\u00ed\u0161t\u00edch 15 dn\u00ed)<\/td>\n<td>3\u20135 t\u00fddn\u016f<\/td>\n<\/tr>\n<tr>\n<td>T\u011b\u017ek\u00fd\/prodlou\u017een\u00fd cyklus<\/td>\n<td>150 (po\u010d\u00e1te\u010dn\u00ed)<\/td>\n<td>75\u2013100 (z\u00fa\u017een\u00e9)<\/td>\n<td>4\u20136 t\u00fddn\u016f<\/td>\n<\/tr>\n<\/tbody>\n<\/table>\n<p>U\u017e\u00edvejte jednu tabletu denn\u011b, nejl\u00e9pe ka\u017ed\u00fd den ve stejnou dobu. Pokud se u V\u00e1s vyskytnou jak\u00e9koli ne\u017e\u00e1douc\u00ed \u00fa\u010dinky nebo m\u00e1te ot\u00e1zky ohledn\u011b d\u00e1vkov\u00e1n\u00ed, pora\u010fte se s l\u00e9ka\u0159em.<\/p>\n<h3>Ne\u017e\u00e1douc\u00ed \u00fa\u010dinky a bezpe\u010dnostn\u00ed opat\u0159en\u00ed<\/h3>\n<ul>\n<li><b>\u010cast\u00e9:<\/b> n\u00e1valy horka, zm\u011bny n\u00e1lad, bolesti hlavy, poruchy zraku (z\u00e1blesky nebo rozmazan\u00e9 vid\u011bn\u00ed)<\/li>\n<li><b>Vz\u00e1cn\u00e9:<\/b> cysty na vaje\u010dn\u00edc\u00edch, nevolnost, b\u0159i\u0161n\u00ed diskomfort, m\u00edrn\u00e9 zv\u00fd\u0161en\u00ed jatern\u00edch enzym\u016f<\/li>\n<li><b>Kontraindikace:<\/b> t\u011bhotenstv\u00ed, kojen\u00ed, nel\u00e9\u010den\u00e9 onemocn\u011bn\u00ed \u0161t\u00edtn\u00e9 \u017el\u00e1zy, z\u00e1va\u017en\u00e9 po\u0161kozen\u00ed jater<\/li>\n<li><b>L\u00e9kov\u00e9 interakce:<\/b> vyhn\u011bte se sou\u010dasn\u00e9mu u\u017e\u00edv\u00e1n\u00ed jin\u00fdch blok\u00e1tor\u016f estrogenu bez l\u00e9ka\u0159sk\u00e9ho dohledu.<\/li>\n<\/ul>\n<p>Sledov\u00e1n\u00ed hladin hormon\u016f b\u011bhem l\u00e9\u010dby m\u016f\u017ee pomoci upravit d\u00e1vkov\u00e1n\u00ed a minimalizovat ne\u017e\u00e1douc\u00ed \u00fa\u010dinky.<\/p>\n<h3>Pro\u010d si vybrat Clomos 100 tablet\/50 mg od Pharmacomu?<\/h3>\n<ul>\n<li>Konzistentn\u00ed, vysoce kvalitn\u00ed tablety od renomovan\u00e9ho v\u00fdrobce<\/li>\n<li>Jasn\u00e9 d\u00e1vkovac\u00ed sch\u00e9ma pro lehk\u00e9 i st\u0159edn\u011b t\u011b\u017ek\u00e9 cykly<\/li>\n<li>Bez inhibice aromat\u00e1zy \u2013 zachov\u00e1v\u00e1 p\u0159irozenou rovnov\u00e1hu estrogenu a z\u00e1rove\u0148 zvy\u0161uje produkci testosteronu<\/li>\n<li>Ide\u00e1ln\u00ed pro sportovce a kulturisty, kte\u0159\u00ed cht\u011bj\u00ed obnovit hormon\u00e1ln\u00ed rovnov\u00e1hu po anabolick\u00e9m cyklu<\/li>\n<\/ul>\n<p>Objednejte si od PoseidonRX je\u0161t\u011b dnes a vyzkou\u0161ejte spolehliv\u00e9 \u0159e\u0161en\u00ed pro regeneraci po cyklu.<\/p>\n","protected":false},"excerpt":{"rendered":"<p><b>Clomos 100 tablet\/50 mg klomifenu \u2013 Pharmacom Labs<\/b><\/p>\n<ul>\n<li><b>Selektivn\u00ed blok\u00e1tor estrogenov\u00fdch receptor\u016f<\/b> \u2013 bez ztr\u00e1ty estrogenu<\/li>\n<li>Stimuluje LH a FSH pro p\u0159irozen\u00fd n\u00e1r\u016fst testosteronu<\/li>\n<li>Ide\u00e1ln\u00ed terapie po cyklu po u\u017e\u00edv\u00e1n\u00ed anabolick\u00fdch l\u00e1tek<\/li>\n<li>Nesteroidn\u00ed, bezpe\u010dn\u00fd profil s \u010distotou certifikovanou podle GMP<\/li>\n<li>Jasn\u00e9 d\u00e1vkovac\u00ed pokyny pro lehk\u00e9, st\u0159edn\u011b t\u011b\u017ek\u00e9 a t\u011b\u017ek\u00e9 cykly<\/li>\n<\/ul>\n","protected":false},"author":18,"featured_media":20687,"comment_status":"open","ping_status":"closed","template":"","meta":{"_gspb_post_css":""},"store":[6163],"product_brand":[],"product_cat":[1582,5783,1745,6268,6269,1469],"product_tag":[],"ppma_author":[259],"class_list":{"0":"post-16395","1":"product","2":"type-product","3":"status-publish","4":"has-post-thumbnail","6":"store-pharmacom-cs","7":"product_cat-anti-estrogens-cs","8":"product_cat-clomid-cs","9":"product_cat-clomid-pills-cs","10":"product_cat-clomiphene-citrate-cs","11":"product_cat-clomiphene-pills-cs","12":"product_cat-post-cycle-therapy-cs","13":"pa_active-ingredients-clomiphene-citrate-cs","14":"pa_also-known-as-claudin-cs","15":"pa_also-known-as-clomid-cs","16":"pa_also-known-as-serophene-cs","18":"first","19":"instock","20":"purchasable","21":"product-type-simple"},"_links":{"self":[{"href":"https:\/\/poseidonrx.com\/cs\/wp-json\/wp\/v2\/product\/16395","targetHints":{"allow":["GET"]}}],"collection":[{"href":"https:\/\/poseidonrx.com\/cs\/wp-json\/wp\/v2\/product"}],"about":[{"href":"https:\/\/poseidonrx.com\/cs\/wp-json\/wp\/v2\/types\/product"}],"author":[{"embeddable":true,"href":"https:\/\/poseidonrx.com\/cs\/wp-json\/wp\/v2\/users\/18"}],"replies":[{"embeddable":true,"href":"https:\/\/poseidonrx.com\/cs\/wp-json\/wp\/v2\/comments?post=16395"}],"wp:featuredmedia":[{"embeddable":true,"href":"https:\/\/poseidonrx.com\/cs\/wp-json\/wp\/v2\/media\/20687"}],"wp:attachment":[{"href":"https:\/\/poseidonrx.com\/cs\/wp-json\/wp\/v2\/media?parent=16395"}],"wp:term":[{"taxonomy":"store","embeddable":true,"href":"https:\/\/poseidonrx.com\/cs\/wp-json\/wp\/v2\/store?post=16395"},{"taxonomy":"product_brand","embeddable":true,"href":"https:\/\/poseidonrx.com\/cs\/wp-json\/wp\/v2\/product_brand?post=16395"},{"taxonomy":"product_cat","embeddable":true,"href":"https:\/\/poseidonrx.com\/cs\/wp-json\/wp\/v2\/product_cat?post=16395"},{"taxonomy":"product_tag","embeddable":true,"href":"https:\/\/poseidonrx.com\/cs\/wp-json\/wp\/v2\/product_tag?post=16395"},{"taxonomy":"author","embeddable":true,"href":"https:\/\/poseidonrx.com\/cs\/wp-json\/wp\/v2\/ppma_author?post=16395"}],"curies":[{"name":"wp","href":"https:\/\/api.w.org\/{rel}","templated":true}]}}