{"id":16167,"date":"2025-12-12T11:12:36","date_gmt":"2025-12-12T10:12:36","guid":{"rendered":"https:\/\/poseidonrx.com\/turinabol-100tab-10mg-4-chlorodehydromethyl-testosterone-prime\/"},"modified":"2026-05-02T22:30:47","modified_gmt":"2026-05-02T20:30:47","slug":"turinabol-100tab-10mg-4-chlorodehydromethyl-testosterone-prime","status":"publish","type":"product","link":"https:\/\/poseidonrx.com\/cs\/turinabol-100tab-10mg-4-chlorodehydromethyl-testosterone-prime\/","title":{"rendered":"Turinabol 100tab\/10mg 4-Chlorodehydromethyl Testosterone &#8211; Prime"},"content":{"rendered":"<h2>Prime Turinabol 100 tablet\/10 mg \u2013 4-chlordehydromethyltestosteron<\/h2>\n<p><b>Kl\u00ed\u010dov\u00e9 body:<\/b><\/p>\n<ul>\n<li>\u010cist\u00fd peror\u00e1ln\u00ed anabolick\u00fd steroid \u2013 nejsou pot\u0159eba \u017e\u00e1dn\u00e9 injekce.<\/li>\n<li>Stabiln\u00ed, vysoce kvalitn\u00ed svalov\u00e9 p\u0159\u00edr\u016fstky s minim\u00e1ln\u00edm zadr\u017eov\u00e1n\u00edm vody.<\/li>\n<li>Ide\u00e1ln\u00ed jak pro \u0159ezac\u00ed, tak pro cykly nab\u00edr\u00e1n\u00ed svalov\u00e9 hmoty.<\/li>\n<\/ul>\n<h3>Co je Turinabol?<\/h3>\n<p>Turinabol (4-chlorodehydromethyltestosteron) je dob\u0159e prozkouman\u00e1 anabolick\u00e1 l\u00e1tka p\u016fvodn\u011b ur\u010den\u00e1 pro sportovce, kte\u0159\u00ed usiluj\u00ed o zv\u00fd\u0161en\u00ed s\u00edly, vytrvalosti a regenerace. Poskytuje <b>\u010dist\u00fd anabolick\u00fd \u00fa\u010dinek<\/b> a z\u00e1rove\u0148 minimalizuje androgenn\u00ed vedlej\u0161\u00ed \u00fa\u010dinky.<\/p>\n<h3>V\u00fdhody a dopad na v\u00fdkon<\/h3>\n<table border=\"1\" cellpadding=\"5\">\n<tbody>\n<tr>\n<th>Prosp\u011bch<\/th>\n<th>Popis<\/th>\n<\/tr>\n<tr>\n<td>R\u016fst svalov\u00e9 hmoty<\/td>\n<td>Podporuje rozvoj vysoce kvalitn\u00ed a hust\u00e9 svalov\u00e9 tk\u00e1n\u011b.<\/td>\n<\/tr>\n<tr>\n<td>S\u00edla a moc<\/td>\n<td>Zvy\u0161uje maxim\u00e1ln\u00ed s\u00edlu a explozivn\u00ed v\u00fdkon.<\/td>\n<\/tr>\n<tr>\n<td>Zv\u00fd\u0161en\u00ed vytrvalosti<\/td>\n<td>Udr\u017euje hladinu energie b\u011bhem del\u0161\u00edch tr\u00e9nink\u016f.<\/td>\n<\/tr>\n<tr>\n<td>Sn\u00ed\u017een\u00e9 zadr\u017eov\u00e1n\u00ed vody<\/td>\n<td>Zabra\u0148uje nad\u00fdm\u00e1n\u00ed, udr\u017euje postavu sv\u011b\u017e\u00ed a definovanou.<\/td>\n<\/tr>\n<tr>\n<td>Rychlej\u0161\u00ed zotaven\u00ed<\/td>\n<td>Urychluje regeneraci sval\u016f a sni\u017euje bolest po tr\u00e9ninku.<\/td>\n<\/tr>\n<\/tbody>\n<\/table>\n<h3>Pokyny pro pod\u00e1v\u00e1n\u00ed a d\u00e1vkov\u00e1n\u00ed<\/h3>\n<p>Tablety se u\u017e\u00edvaj\u00ed peror\u00e1ln\u011b. Pro optim\u00e1ln\u00ed v\u00fdsledky dodr\u017eujte cyklus, kter\u00fd odpov\u00edd\u00e1 va\u0161im tr\u00e9ninkov\u00fdm c\u00edl\u016fm:<\/p>\n<ul>\n<li><b>F\u00e1ze \u0159ez\u00e1n\u00ed<\/b> : 10 mg\/den po dobu 4\u20136 t\u00fddn\u016f.<\/li>\n<li><b>F\u00e1ze n\u00e1r\u016fstu hmotnosti<\/b> : 20 mg\/den (d\u011blen\u00e1 d\u00e1vka) po dobu 8\u201312 t\u00fddn\u016f.<\/li>\n<li>P\u0159ed zah\u00e1jen\u00edm jak\u00e9hokoli steroidn\u00edho re\u017eimu se v\u017edy pora\u010fte s l\u00e9ka\u0159em.<\/li>\n<\/ul>\n<h3>Ne\u017e\u00e1douc\u00ed \u00fa\u010dinky a bezpe\u010dnostn\u00ed aspekty<\/h3>\n<p>P\u0159esto\u017ee je Turinabol zn\u00e1m\u00fd sv\u00fdm m\u00edrn\u00fdm androgenn\u00edm profilem, u\u017eivatel\u00e9 mohou st\u00e1le poci\u0165ovat:<\/p>\n<ul>\n<li>M\u00edrn\u00e1 hormon\u00e1ln\u00ed suprese (sledujte hladiny testosteronu).<\/li>\n<li>Potenci\u00e1ln\u00ed z\u00e1t\u011b\u017e jater \u2013 u\u017e\u00edvejte s podp\u016frnou hepatoprotektivn\u00ed kombinac\u00ed.<\/li>\n<li>Zv\u00fd\u0161en\u00fd LDL cholesterol a sn\u00ed\u017een\u00fd HDL cholesterol \u2013 zva\u017ete u\u017e\u00edv\u00e1n\u00ed dopl\u0148k\u016f stravy na podporu lipid\u016f.<\/li>\n<li>Vz\u00e1cn\u00e9 p\u0159\u00edpady zm\u011bn n\u00e1lad nebo m\u00edrn\u00e9ho akn\u00e9.<\/li>\n<\/ul>\n<h3>Profesion\u00e1ln\u00ed pou\u017eit\u00ed a pr\u00e1vn\u00ed status<\/h3>\n<p>Prime Turinabol je ur\u010den pro <b>profesion\u00e1ln\u00ed pou\u017eit\u00ed pod dohledem<\/b> . D\u00e1vkov\u00e1n\u00ed a d\u00e9lka cyklu by m\u011bly b\u00fdt individu\u00e1ln\u00ed na z\u00e1klad\u011b \u00farovn\u011b zku\u0161enost\u00ed, c\u00edl\u016f a zdravotn\u00edho stavu. V\u017edy si ov\u011b\u0159te m\u00edstn\u00ed p\u0159edpisy t\u00fdkaj\u00edc\u00ed se dr\u017een\u00ed a u\u017e\u00edv\u00e1n\u00ed anabolick\u00fdch steroid\u016f.<\/p>\n<p>Kupte si Prime Turinabol 100tab\/10mg u PoseidonRX \u2013 va\u0161eho d\u016fv\u011bryhodn\u00e9ho zdroje vysoce kvalitn\u00edch dopl\u0148k\u016f stravy pro zv\u00fd\u0161en\u00ed v\u00fdkonu.<\/p>\n","protected":false},"excerpt":{"rendered":"<p>Magnus Turinabol 100 tablet \u2013 \u010dist\u00fd peror\u00e1ln\u00ed anabolick\u00fd steroid bez aromatizace, s ni\u017e\u0161\u00ed androgenn\u00ed aktivitou, vy\u0161\u0161\u00edm pom\u011brem anabolick\u00fdch a androgenn\u00edch l\u00e1tek, stabiln\u00edm n\u00e1r\u016fstem svalov\u00e9 hmoty a minim\u00e1ln\u00ed retenc\u00ed vody.<\/p>\n<ul>\n<li><b>\u017d\u00e1dn\u00e9 estrogenn\u00ed vedlej\u0161\u00ed \u00fa\u010dinky<\/b><\/li>\n<li>Ni\u017e\u0161\u00ed riziko akn\u00e9 a vypad\u00e1v\u00e1n\u00ed vlas\u016f<\/li>\n<li>Vy\u0161\u0161\u00ed anabolick\u00e1 \u00fa\u010dinnost ne\u017e Dianabol<\/li>\n<li>Vyrobeno v souladu s GMP a testov\u00e1no t\u0159et\u00ed stranou<\/li>\n<li>10mg tablety umo\u017e\u0148uj\u00ed p\u0159esnou titraci<\/li>\n<\/ul>\n","protected":false},"author":18,"featured_media":20712,"comment_status":"open","ping_status":"closed","template":"","meta":{"_gspb_post_css":""},"store":[6108],"product_brand":[],"product_cat":[1621,1750,1613,1558,7431,5949,5950,5951,6183,1464,1473],"product_tag":[],"ppma_author":[259],"class_list":{"0":"post-16167","1":"product","2":"type-product","3":"status-publish","4":"has-post-thumbnail","6":"store-prime-cs","7":"product_cat-anabolic-agents-cs","8":"product_cat-anabolic-steroids-cs","9":"product_cat-anabolic-androgenic-steroids-cs","10":"product_cat-bulking-cs","11":"product_cat-muscle-growth-cs","12":"product_cat-oral-aas-cs","13":"product_cat-oral-anabolic-steroid-pills-cs","14":"product_cat-oral-steroids-excluding-dianabol-cs","15":"product_cat-oral-turinabol-pills-cs","16":"product_cat-oral-steroids-cs","17":"product_cat-turinabol-pills-cs","18":"pa_active-ingredients-4chlorodehydromethyl-testosterone-cs","19":"pa_active-ingredients-chlorodehydromethyltestosterone-cs","20":"pa_active-ingredients-turinabol-cs","21":"pa_also-known-as-clostebol-cs","22":"pa_also-known-as-dianabol-cs","23":"pa_also-known-as-methandrostenolone-cs","25":"first","26":"instock","27":"purchasable","28":"product-type-simple"},"_links":{"self":[{"href":"https:\/\/poseidonrx.com\/cs\/wp-json\/wp\/v2\/product\/16167","targetHints":{"allow":["GET"]}}],"collection":[{"href":"https:\/\/poseidonrx.com\/cs\/wp-json\/wp\/v2\/product"}],"about":[{"href":"https:\/\/poseidonrx.com\/cs\/wp-json\/wp\/v2\/types\/product"}],"author":[{"embeddable":true,"href":"https:\/\/poseidonrx.com\/cs\/wp-json\/wp\/v2\/users\/18"}],"replies":[{"embeddable":true,"href":"https:\/\/poseidonrx.com\/cs\/wp-json\/wp\/v2\/comments?post=16167"}],"wp:featuredmedia":[{"embeddable":true,"href":"https:\/\/poseidonrx.com\/cs\/wp-json\/wp\/v2\/media\/20712"}],"wp:attachment":[{"href":"https:\/\/poseidonrx.com\/cs\/wp-json\/wp\/v2\/media?parent=16167"}],"wp:term":[{"taxonomy":"store","embeddable":true,"href":"https:\/\/poseidonrx.com\/cs\/wp-json\/wp\/v2\/store?post=16167"},{"taxonomy":"product_brand","embeddable":true,"href":"https:\/\/poseidonrx.com\/cs\/wp-json\/wp\/v2\/product_brand?post=16167"},{"taxonomy":"product_cat","embeddable":true,"href":"https:\/\/poseidonrx.com\/cs\/wp-json\/wp\/v2\/product_cat?post=16167"},{"taxonomy":"product_tag","embeddable":true,"href":"https:\/\/poseidonrx.com\/cs\/wp-json\/wp\/v2\/product_tag?post=16167"},{"taxonomy":"author","embeddable":true,"href":"https:\/\/poseidonrx.com\/cs\/wp-json\/wp\/v2\/ppma_author?post=16167"}],"curies":[{"name":"wp","href":"https:\/\/api.w.org\/{rel}","templated":true}]}}