{"id":16035,"date":"2025-12-12T11:12:36","date_gmt":"2025-12-12T10:12:36","guid":{"rendered":"https:\/\/poseidonrx.com\/thyroid-liothyronine-t-3-50tab-25mcg-cytomel-magnus\/"},"modified":"2026-05-05T22:40:36","modified_gmt":"2026-05-05T20:40:36","slug":"thyroid-liothyronine-t-3-50tab-25mcg-cytomel-magnus","status":"publish","type":"product","link":"https:\/\/poseidonrx.com\/cs\/thyroid-liothyronine-t-3-50tab-25mcg-cytomel-magnus\/","title":{"rendered":"Thyroid Liothyronine (T-3) 50tab\/25mcg Cytomel &#8211; Magnus"},"content":{"rendered":"<h2>Magnus Cytomel \u2013 Tablety liothyroninu (T\u20113) 25 mcg<\/h2>\n<p><b>Zna\u010dka:<\/b> Magnus <br \/><b>L\u00e9\u010div\u00e1 l\u00e1tka:<\/b> Liothyronin (trijodthyronin, T\u20113) \u2013 25 \u00b5g na tabletu <br \/><b>Velikost balen\u00ed:<\/b> 50 tablet (blistry po 5 \u00d7 10 tablet\u00e1ch)<\/p>\n<h3>Co je liothyronin?<\/h3>\n<p>Liothyronin je biologicky aktivn\u00ed forma hormonu \u0161t\u00edtn\u00e9 \u017el\u00e1zy. Zat\u00edmco \u0161t\u00edtn\u00e1 \u017el\u00e1za vylu\u010duje v\u011bt\u0161inu hormon\u016f jako tyroxin (T4), mal\u00e1 \u010d\u00e1st se uvol\u0148uje p\u0159\u00edmo jako T3, co\u017e m\u00e1 okam\u017eit\u00fd metabolick\u00fd \u00fa\u010dinek. V perifern\u00edch tk\u00e1n\u00edch je T4 p\u0159em\u011b\u0148ov\u00e1n na T3 selen-dependentn\u00edmi enzymy zvan\u00fdmi monodejodin\u00e1zy.<\/p>\n<h3>Klinick\u00e9 vyu\u017eit\u00ed<\/h3>\n<ul>\n<li>L\u00e9\u010dba hypotyre\u00f3zy, pokud samotn\u00fd levothyroxin nen\u00ed dostate\u010dn\u00fd.<\/li>\n<li>Dopl\u0148kov\u00e1 terapie v protokolech substituce hormon\u016f \u0161t\u00edtn\u00e9 \u017el\u00e1zy.<\/li>\n<li>Kr\u00e1tkodob\u00e1 l\u00e9\u010dba tyreotoxick\u00e9 krize nebo t\u011b\u017ek\u00e9 hypertyre\u00f3zy.<\/li>\n<\/ul>\n<h3>Spr\u00e1va<\/h3>\n<table border=\"1\" cellpadding=\"5\">\n<tbody>\n<tr>\n<th>L\u00e9kov\u00e1 forma<\/th>\n<th>Typick\u00e1 d\u00e1vka<\/th>\n<\/tr>\n<tr>\n<td>Peror\u00e1ln\u00ed tableta (25 \u00b5g)<\/td>\n<td>0,25\u20132 mg\/den, rozd\u011blen\u011b na 1\u20134 tablety denn\u011b<\/td>\n<\/tr>\n<tr>\n<td>Na\u010dasov\u00e1n\u00ed<\/td>\n<td>U\u017e\u00edvejte na la\u010dn\u00fd \u017ealudek 30\u201360 minut p\u0159ed sn\u00eddan\u00ed nebo p\u0159ed span\u00edm.<\/td>\n<\/tr>\n<tr>\n<td>Titrace<\/td>\n<td>Za\u010dn\u011bte s n\u00edzkou d\u00e1vkou; zvy\u0161ujte o 0,25 mg ka\u017ed\u00e9 1\u20132 t\u00fddny na z\u00e1klad\u011b hladin TSH\/FT4 a klinick\u00e9 odpov\u011bdi.<\/td>\n<\/tr>\n<\/tbody>\n<\/table>\n<h3>Ne\u017e\u00e1douc\u00ed \u00fa\u010dinky<\/h3>\n<ul>\n<li><b>Kardiovaskul\u00e1rn\u00ed:<\/b> palpitace, tachykardie, arytmie (zejm\u00e9na u pacient\u016f se z\u00e1kladn\u00edm srde\u010dn\u00edm onemocn\u011bn\u00edm).<\/li>\n<li><b>Metabolick\u00e9:<\/b> \u00fabytek hmotnosti, zv\u00fd\u0161en\u00e1 chu\u0165 k j\u00eddlu, intolerance tepla.<\/li>\n<li><b>Neurologick\u00e9:<\/b> \u00fazkost, tremor, nespavost.<\/li>\n<li><b>Gastrointestin\u00e1ln\u00ed:<\/b> nevolnost, pr\u016fjem (vz\u00e1cn\u00e9).<\/li>\n<li><b>Jin\u00e9:<\/b> \u0159\u00eddnut\u00ed vlas\u016f, menstrua\u010dn\u00ed nepravidelnosti u \u017een.<\/li>\n<\/ul>\n<p>Pacienti by m\u011bli b\u00fdt pe\u010dliv\u011b sledov\u00e1ni z hlediska ne\u017e\u00e1douc\u00edch \u00fa\u010dink\u016f. Pokud se objev\u00ed z\u00e1va\u017en\u00e9 p\u0159\u00edznaky, p\u0159eru\u0161te l\u00e9\u010dbu a pora\u010fte se se zdravotnick\u00fdm pracovn\u00edkem.<\/p>\n<h3>Skladov\u00e1n\u00ed a manipulace<\/h3>\n<ul>\n<li>Skladujte p\u0159i pokojov\u00e9 teplot\u011b (20\u201325 \u00b0C), mimo dosah vlhkosti, tepla a p\u0159\u00edm\u00e9ho slune\u010dn\u00edho z\u00e1\u0159en\u00ed.<\/li>\n<li>Zabra\u0148te mrazen\u00ed; uchov\u00e1vejte lahvi\u010dku pevn\u011b uzav\u0159enou, pokud ji nepou\u017e\u00edv\u00e1te.<\/li>\n<li>Uchov\u00e1vejte mimo dosah d\u011bt\u00ed a dom\u00e1c\u00edch zv\u00ed\u0159at.<\/li>\n<\/ul>\n<h3>D\u016fle\u017eit\u00e9 bezpe\u010dnostn\u00ed informace<\/h3>\n<ul>\n<li>Nedoporu\u010duje se pacient\u016fm s nel\u00e9\u010denou hypertyre\u00f3zou nebo srde\u010dn\u00edm onemocn\u011bn\u00edm bez l\u00e9ka\u0159sk\u00e9ho dohledu.<\/li>\n<li>Kontraindikov\u00e1no b\u011bhem t\u011bhotenstv\u00ed, pokud to l\u00e9ka\u0159 jasn\u011b neur\u010d\u00ed.<\/li>\n<li>M\u016f\u017ee interagovat s v\u00e1pn\u00edkem, dopl\u0148ky \u017eeleza a antacidy \u2013 u\u017e\u00edvejte je s odstupem alespo\u0148 4 hodiny.<\/li>\n<\/ul>\n<p>Pro bezpe\u010dn\u00fd n\u00e1kup Magnus Cytomel (Liothyronine 25 mcg) si m\u016f\u017eete objednat od PoseidonRX, online l\u00e9k\u00e1rny, kter\u00e1 zaru\u010duje kvalitu a soukrom\u00ed p\u0159i ka\u017ed\u00e9 transakci.<\/p>\n","protected":false},"excerpt":{"rendered":"<p>Magnus Cytomel dod\u00e1v\u00e1 \u010dist\u00fd T-3 v d\u00e1vce 25 \u00b5g na tabletu pro p\u0159esnou metabolickou podporu p\u0159i hypotyre\u00f3ze nebo n\u00edzk\u00fdch hladin\u00e1ch T-3. Ka\u017ed\u00e1 lahvi\u010dka obsahuje 50 tablet, ide\u00e1ln\u00ed pro m\u011bs\u00ed\u010dn\u00ed z\u00e1sobu.<\/p>\n<ul>\n<li><b>\u010cist\u00e1 formulace T\u20113<\/b><\/li>\n<li>C\u00edlen\u00e1 metabolick\u00e1 podpora pro <b>pacienty s hypotyre\u00f3zou a po tyreoidektomii<\/b><\/li>\n<li>Praktick\u00e1 lahvi\u010dka s 50 tabletami pro konzistentn\u00ed denn\u00ed d\u00e1vkov\u00e1n\u00ed<\/li>\n<\/ul>\n","protected":false},"author":18,"featured_media":20722,"comment_status":"open","ping_status":"closed","template":"","meta":{"_gspb_post_css":""},"store":[5573],"product_brand":[],"product_cat":[1478,1709],"product_tag":[],"ppma_author":[259],"class_list":{"0":"post-16035","1":"product","2":"type-product","3":"status-publish","4":"has-post-thumbnail","6":"store-magnus-cs","7":"product_cat-weight-loss-cs","8":"product_cat-t3-pills-cs","9":"pa_active-ingredients-liothyronine-cs","10":"pa_also-known-as-lt3-cs","11":"pa_also-known-as-liothyronine-sodium-cs","12":"pa_also-known-as-t3-cs","14":"first","15":"instock","16":"purchasable","17":"product-type-simple"},"_links":{"self":[{"href":"https:\/\/poseidonrx.com\/cs\/wp-json\/wp\/v2\/product\/16035","targetHints":{"allow":["GET"]}}],"collection":[{"href":"https:\/\/poseidonrx.com\/cs\/wp-json\/wp\/v2\/product"}],"about":[{"href":"https:\/\/poseidonrx.com\/cs\/wp-json\/wp\/v2\/types\/product"}],"author":[{"embeddable":true,"href":"https:\/\/poseidonrx.com\/cs\/wp-json\/wp\/v2\/users\/18"}],"replies":[{"embeddable":true,"href":"https:\/\/poseidonrx.com\/cs\/wp-json\/wp\/v2\/comments?post=16035"}],"wp:featuredmedia":[{"embeddable":true,"href":"https:\/\/poseidonrx.com\/cs\/wp-json\/wp\/v2\/media\/20722"}],"wp:attachment":[{"href":"https:\/\/poseidonrx.com\/cs\/wp-json\/wp\/v2\/media?parent=16035"}],"wp:term":[{"taxonomy":"store","embeddable":true,"href":"https:\/\/poseidonrx.com\/cs\/wp-json\/wp\/v2\/store?post=16035"},{"taxonomy":"product_brand","embeddable":true,"href":"https:\/\/poseidonrx.com\/cs\/wp-json\/wp\/v2\/product_brand?post=16035"},{"taxonomy":"product_cat","embeddable":true,"href":"https:\/\/poseidonrx.com\/cs\/wp-json\/wp\/v2\/product_cat?post=16035"},{"taxonomy":"product_tag","embeddable":true,"href":"https:\/\/poseidonrx.com\/cs\/wp-json\/wp\/v2\/product_tag?post=16035"},{"taxonomy":"author","embeddable":true,"href":"https:\/\/poseidonrx.com\/cs\/wp-json\/wp\/v2\/ppma_author?post=16035"}],"curies":[{"name":"wp","href":"https:\/\/api.w.org\/{rel}","templated":true}]}}