{"id":15976,"date":"2025-12-12T11:12:36","date_gmt":"2025-12-12T10:12:36","guid":{"rendered":"https:\/\/poseidonrx.com\/proviron-25tab-50mg-mesterolone-prime\/"},"modified":"2026-05-05T22:40:35","modified_gmt":"2026-05-05T20:40:35","slug":"proviron-25tab-50mg-mesterolone-prime","status":"publish","type":"product","link":"https:\/\/poseidonrx.com\/cs\/proviron-25tab-50mg-mesterolone-prime\/","title":{"rendered":"Proviron 25tab\/50mg Mesterolone &#8211; Prime"},"content":{"rendered":"<p><b>Prime Proviron 25 tablet\/50 mg (mesterolon)<\/b><\/p>\n<h2>P\u0159ehled<\/h2>\n<p>Prime je zn\u00e1m\u00e1 zna\u010dka Provironu, inhibitoru aromat\u00e1zy, kter\u00fd prost\u0159ednictv\u00edm sv\u00e9 aktivn\u00ed slo\u017eky Mesterolonu poskytuje vysokou androgenn\u00ed a st\u0159edn\u00ed anabolickou aktivitu. Je \u0161iroce obl\u00edben\u00fd sportovci, kte\u0159\u00ed pot\u0159ebuj\u00ed regulovat hladinu estrogenu a z\u00e1rove\u0148 si udr\u017eet svalovou hmotu a libido.<\/p>\n<h3>Kl\u00ed\u010dov\u00e9 vlastnosti<\/h3>\n<ul>\n<li><b>Mesterolone Core:<\/b> Steroidn\u00ed deriv\u00e1t dihydrotestosteronu se siln\u00fdmi androgenn\u00edmi vlastnostmi.<\/li>\n<li><b>Inhibice aromat\u00e1zy:<\/b> \u00da\u010dinn\u011b zpomaluje p\u0159em\u011bnu testosteronu na estrogen.<\/li>\n<li><b>Zv\u00fd\u0161en\u00fd voln\u00fd testosteron:<\/b> Blokuje transportn\u00ed proteiny a zvy\u0161uje biologicky dostupn\u00fd testosteron.<\/li>\n<li><b>Tvrdost sval\u016f a zv\u00fd\u0161en\u00ed libida:<\/b> \u010casto uv\u00e1d\u011bn\u00e9 v\u00fdhody p\u0159i sportovn\u00edm u\u017e\u00edv\u00e1n\u00ed.<\/li>\n<\/ul>\n<h2>Pokyny pro administraci<\/h2>\n<table border=\"1\" cellpadding=\"5\">\n<tbody>\n<tr>\n<th>P\u0159\u00edpad pou\u017eit\u00ed<\/th>\n<th>Typick\u00e9 d\u00e1vkov\u00e1n\u00ed<\/th>\n<th>Trv\u00e1n\u00ed<\/th>\n<\/tr>\n<tr>\n<td>Amat\u00e9rsk\u00e1 kulturistika (inhibice aromat\u00e1zy)<\/td>\n<td>50 mg denn\u011b (v p\u0159\u00edpad\u011b pot\u0159eby a\u017e 100 mg)<\/td>\n<td>Z\u00e1le\u017e\u00ed na d\u00e9lce cyklu, obvykle do 4\u20138 t\u00fddn\u016f<\/td>\n<\/tr>\n<tr>\n<td>Profesion\u00e1ln\u00ed z\u00fa\u017een\u00ed \/ Z\u00e1v\u011bre\u010dn\u00e1 p\u0159\u00edprava<\/td>\n<td>150 mg denn\u011b<\/td>\n<td>Maxim\u00e1ln\u011b 3 m\u011bs\u00edce, aby se zabr\u00e1nilo nadm\u011brn\u00fdm androgenn\u00edm \u00fa\u010dink\u016fm<\/td>\n<\/tr>\n<tr>\n<td>Sportovci u\u017e\u00edvaj\u00edc\u00ed AAS produkuj\u00edc\u00ed estrogen (nap\u0159. testosteron, metandienon)<\/td>\n<td>50\u2013100 mg denn\u011b spolu s aromatiza\u010dn\u00edmi l\u00e1tkami<\/td>\n<td>V souladu s celkov\u00fdm steroidn\u00edm cyklem<\/td>\n<\/tr>\n<\/tbody>\n<\/table>\n<p><b>Ponau\u010den\u00ed:<\/b> Za\u010dn\u011bte s nejni\u017e\u0161\u00ed \u00fa\u010dinnou d\u00e1vkou, abyste minimalizovali vedlej\u0161\u00ed \u00fa\u010dinky, a d\u00e1vku upravujte pouze pod dohledem odborn\u00edka.<\/p>\n<h2>Ne\u017e\u00e1douc\u00ed \u00fa\u010dinky a bezpe\u010dnostn\u00ed opat\u0159en\u00ed<\/h2>\n<ul>\n<li><b>Androgenn\u00ed p\u0159\u00edznaky:<\/b> Akn\u00e9, mastn\u00e1 ple\u0165, vypad\u00e1v\u00e1n\u00ed vlas\u016f u predisponovan\u00fdch jedinc\u016f.<\/li>\n<li><b>Dopad na j\u00e1tra:<\/b> Vz\u00e1cn\u00e9 zm\u011bny jatern\u00edch enzym\u016f; monitorovat pomoc\u00ed pravideln\u00fdch krevn\u00edch test\u016f.<\/li>\n<li><b>Kardiovaskul\u00e1rn\u00ed stres:<\/b> Potenci\u00e1ln\u00ed zv\u00fd\u0161en\u00ed LDL cholesterolu a krevn\u00edho tlaku.<\/li>\n<li><b>Riziko gynekomastie:<\/b> N\u00edzk\u00e9, ale pokud je naru\u0161ena rovnov\u00e1ha estrogenu, dejte si pozor na otok prsn\u00ed tk\u00e1n\u011b.<\/li>\n<li><b>Kontraindikace:<\/b> Nedoporu\u010duje se \u017een\u00e1m ani osob\u00e1m s hormon\u00e1ln\u011b citliv\u00fdmi n\u00e1dory.<\/li>\n<\/ul>\n<p>P\u0159ed zah\u00e1jen\u00edm u\u017e\u00edv\u00e1n\u00ed Provironu se v\u017edy pora\u010fte se zdravotnick\u00fdm pracovn\u00edkem. Pou\u017e\u00edvejte zodpov\u011bdn\u011b a v souladu se z\u00e1konn\u00fdm r\u00e1mcem va\u0161\u00ed jurisdikce.<\/p>\n<h2>Kde koupit<\/h2>\n<p>Prime Proviron je k dost\u00e1n\u00ed v PoseidonRX, online l\u00e9k\u00e1rn\u011b specializuj\u00edc\u00ed se na kvalitn\u00ed dopl\u0148ky stravy pro zv\u00fd\u0161en\u00ed v\u00fdkonu. Produkt se dod\u00e1v\u00e1 v balen\u00edch po 25 tablet\u00e1ch po 50 mg, co\u017e zaji\u0161\u0165uje pohodln\u00e9 d\u00e1vkov\u00e1n\u00ed pro sportovce i kulturisty.<\/p>\n","protected":false},"excerpt":{"rendered":"<ol>\n<li><b>25 tablet (ka\u017ed\u00e1 po 50 mg)<\/b> \u2013 pohodln\u00e9 d\u00e1vkov\u00e1n\u00ed pro podporu androgen\u016f.<\/li>\n<li><b>Bez aromatizace<\/b> \u2013 eliminuje estrogenn\u00ed vedlej\u0161\u00ed \u00fa\u010dinky, jako je gynekomastie.<\/li>\n<li><b>J\u00e1trov\u00e1 sn\u00e1\u0161enlivost<\/b> \u2013 minim\u00e1ln\u00ed hepatotoxicita ve srovn\u00e1n\u00ed s jin\u00fdmi peror\u00e1ln\u00edmi anabolick\u00fdmi l\u00e1tkami.<\/li>\n<li><b>Vhodn\u00e9 pro plodnost<\/b> \u2013 v terapeutick\u00fdch d\u00e1vk\u00e1ch nenaru\u0161uje spermatogenezi.<\/li>\n<li><b>Zv\u00fd\u0161en\u00ed svalov\u00e9ho tonusu a libida<\/b> \u2013 zvy\u0161uje svalovou pevnost a sexu\u00e1ln\u00ed touhu.<\/li>\n<\/ol>\n","protected":false},"author":18,"featured_media":20717,"comment_status":"open","ping_status":"closed","template":"","meta":{"_gspb_post_css":""},"store":[6108],"product_brand":[],"product_cat":[1750,1613,1558,7431,5949,5950,5951,1464,1470],"product_tag":[],"ppma_author":[259],"class_list":{"0":"post-15976","1":"product","2":"type-product","3":"status-publish","4":"has-post-thumbnail","6":"store-prime-cs","7":"product_cat-anabolic-steroids-cs","8":"product_cat-anabolic-androgenic-steroids-cs","9":"product_cat-bulking-cs","10":"product_cat-muscle-growth-cs","11":"product_cat-oral-aas-cs","12":"product_cat-oral-anabolic-steroid-pills-cs","13":"product_cat-oral-steroids-excluding-dianabol-cs","14":"product_cat-oral-steroids-cs","15":"product_cat-proviron-pills-cs","16":"pa_active-ingredients-mesterolone-cs","17":"pa_also-known-as-25mg-proviron-cs","18":"pa_also-known-as-50mg-mesterolone-cs","19":"pa_also-known-as-androstan-cs","20":"pa_also-known-as-mesterol-cs","21":"pa_also-known-as-mesterolone-cs","22":"pa_also-known-as-mesteron-cs","23":"pa_also-known-as-mestren-cs","24":"pa_also-known-as-steroidm-cs","26":"first","27":"instock","28":"purchasable","29":"product-type-simple"},"_links":{"self":[{"href":"https:\/\/poseidonrx.com\/cs\/wp-json\/wp\/v2\/product\/15976","targetHints":{"allow":["GET"]}}],"collection":[{"href":"https:\/\/poseidonrx.com\/cs\/wp-json\/wp\/v2\/product"}],"about":[{"href":"https:\/\/poseidonrx.com\/cs\/wp-json\/wp\/v2\/types\/product"}],"author":[{"embeddable":true,"href":"https:\/\/poseidonrx.com\/cs\/wp-json\/wp\/v2\/users\/18"}],"replies":[{"embeddable":true,"href":"https:\/\/poseidonrx.com\/cs\/wp-json\/wp\/v2\/comments?post=15976"}],"wp:featuredmedia":[{"embeddable":true,"href":"https:\/\/poseidonrx.com\/cs\/wp-json\/wp\/v2\/media\/20717"}],"wp:attachment":[{"href":"https:\/\/poseidonrx.com\/cs\/wp-json\/wp\/v2\/media?parent=15976"}],"wp:term":[{"taxonomy":"store","embeddable":true,"href":"https:\/\/poseidonrx.com\/cs\/wp-json\/wp\/v2\/store?post=15976"},{"taxonomy":"product_brand","embeddable":true,"href":"https:\/\/poseidonrx.com\/cs\/wp-json\/wp\/v2\/product_brand?post=15976"},{"taxonomy":"product_cat","embeddable":true,"href":"https:\/\/poseidonrx.com\/cs\/wp-json\/wp\/v2\/product_cat?post=15976"},{"taxonomy":"product_tag","embeddable":true,"href":"https:\/\/poseidonrx.com\/cs\/wp-json\/wp\/v2\/product_tag?post=15976"},{"taxonomy":"author","embeddable":true,"href":"https:\/\/poseidonrx.com\/cs\/wp-json\/wp\/v2\/ppma_author?post=15976"}],"curies":[{"name":"wp","href":"https:\/\/api.w.org\/{rel}","templated":true}]}}