{"id":15716,"date":"2025-12-12T11:12:36","date_gmt":"2025-12-12T10:12:36","guid":{"rendered":"https:\/\/poseidonrx.com\/endurabol-60tab-10mg-gw-501516-magnus\/"},"modified":"2026-05-02T22:20:07","modified_gmt":"2026-05-02T20:20:07","slug":"endurabol-60tab-10mg-gw-501516-magnus","status":"publish","type":"product","link":"https:\/\/poseidonrx.com\/cs\/endurabol-60tab-10mg-gw-501516-magnus\/","title":{"rendered":"Endurabol 60tab\/10mg GW 501516 &#8211; Magnus"},"content":{"rendered":"<h2>Magnus Endurabol 60 tablet\/10 mg GW 501516 \u2013 Kl\u00ed\u010dov\u00e9 vlastnosti<\/h2>\n<ul>\n<li><b>Zna\u010dka:<\/b> Magnus<\/li>\n<li><b>D\u00e1vkov\u00e1n\u00ed:<\/b> 10 mg na tabletu, 60 tablet v lahvi\u010dce<\/li>\n<li><b>Prim\u00e1rn\u00ed pou\u017eit\u00ed:<\/b> Spalova\u010d tuk\u016f a posilova\u010d vytrvalosti<\/li>\n<li><b>C\u00edlov\u00e1 skupina:<\/b> Sportovci, kulturist\u00e9, fitness nad\u0161enci, kte\u0159\u00ed cht\u011bj\u00ed zhubnout a z\u00e1rove\u0148 si zachovat svalovou hmotu<\/li>\n<\/ul>\n<h3>Jak to funguje \u2013 Mechanismus \u00fa\u010dinku<\/h3>\n<p>Endurabol (GW 501516) aktivuje receptor aktivovan\u00fd peroxisomov\u00fdmi prolifer\u00e1tory delta (PPAR\u03b4). To spou\u0161t\u00ed kask\u00e1du, kter\u00e1:<\/p>\n<ul>\n<li>Zvy\u0161uje oxidaci mastn\u00fdch kyselin ve svalov\u00fdch bu\u0148k\u00e1ch<\/li>\n<li>Podporuje p\u0159ednostn\u00ed vyu\u017eit\u00ed podko\u017en\u00edho tuku jako zdroje energie<\/li>\n<li>Sni\u017euje katabolismus svalov\u00e9 hmoty b\u011bhem kalorick\u00e9ho deficitu<\/li>\n<li>Zvy\u0161uje vytrvalost a v\u00fddr\u017e zlep\u0161en\u00edm vyu\u017eit\u00ed kysl\u00edku<\/li>\n<\/ul>\n<h3>V\u00fdhody pro v\u00e1\u0161 tr\u00e9ninkov\u00fd re\u017eim<\/h3>\n<table border=\"1\" cellpadding=\"4\">\n<tbody>\n<tr>\n<th>Prosp\u011bch<\/th>\n<th>Popis<\/th>\n<\/tr>\n<tr>\n<td>Rychl\u00e9 hubnut\u00ed tuku<\/td>\n<td>Zrychlen\u00e1 lipol\u00fdza p\u0159em\u011b\u0148uje tuk na volnou energii.<\/td>\n<\/tr>\n<tr>\n<td>Zv\u00fd\u0161en\u00ed energie<\/td>\n<td>Vy\u0161\u0161\u00ed dostupnost paliva b\u011bhem tr\u00e9ninku.<\/td>\n<\/tr>\n<tr>\n<td>Zlep\u0161en\u00ed vytrvalosti<\/td>\n<td>Prodlou\u017een\u00e1 tr\u00e9ninkov\u00e1 kapacita bez \u00fanavy.<\/td>\n<\/tr>\n<tr>\n<td>Zachov\u00e1n\u00ed sval\u016f<\/td>\n<td>\u017d\u00e1dn\u00e9 odbour\u00e1v\u00e1n\u00ed sval\u016f ani p\u0159i kalorick\u00e9m deficitu.<\/td>\n<\/tr>\n<tr>\n<td>Metabolick\u00e1 stabilita<\/td>\n<td>Nezp\u016fsobuje hypoglyk\u00e9mii ani zpomalen\u00ed metabolismu.<\/td>\n<\/tr>\n<\/tbody>\n<\/table>\n<h3>Pokyny pro administraci<\/h3>\n<ul>\n<li>U\u017e\u00edvejte jednu tabletu (10 mg) denn\u011b, nejl\u00e9pe s j\u00eddlem pro usnadn\u011bn\u00ed vst\u0159eb\u00e1v\u00e1n\u00ed.<\/li>\n<li>Pro dosa\u017een\u00ed nejlep\u0161\u00edch v\u00fdsledk\u016f kombinujte s vyv\u00e1\u017eenou stravou a pravideln\u00fdm tr\u00e9ninkov\u00fdm programem.<\/li>\n<li>Maxim\u00e1ln\u00ed doporu\u010den\u00e1 d\u00e1vka: 1 tableta denn\u011b. Nep\u0159ekra\u010dujte tento limit.<\/li>\n<\/ul>\n<h3>Ne\u017e\u00e1douc\u00ed \u00fa\u010dinky a bezpe\u010dnostn\u00ed opat\u0159en\u00ed<\/h3>\n<ul>\n<li><b>\u010cast\u00e9 m\u00edrn\u00e9 reakce:<\/b> Bolest hlavy, z\u00e1vrat\u011b, m\u00edrn\u00e9 gastrointestin\u00e1ln\u00ed pot\u00ed\u017ee.<\/li>\n<li><b>Vz\u00e1cn\u00e9, ale z\u00e1va\u017en\u00e9:<\/b> Zv\u00fd\u0161en\u00ed jatern\u00edch enzym\u016f (monitorovat pomoc\u00ed pravideln\u00fdch krevn\u00edch test\u016f), potenci\u00e1ln\u00ed kardiovaskul\u00e1rn\u00ed z\u00e1t\u011b\u017e u citliv\u00fdch jedinc\u016f.<\/li>\n<li><b>Kontraindikace:<\/b> T\u011bhotn\u00e9 nebo koj\u00edc\u00ed \u017eeny; osoby s onemocn\u011bn\u00edm jater nebo nekontrolovanou hypertenz\u00ed by se m\u011bly u\u017e\u00edv\u00e1n\u00ed vyvarovat.<\/li>\n<li><b>L\u00e9kov\u00e9 interakce:<\/b> Vyhn\u011bte se sou\u010dasn\u00e9mu u\u017e\u00edv\u00e1n\u00ed s jin\u00fdmi agonisty nebo stimulanty PPAR bez l\u00e9ka\u0159sk\u00e9ho dohledu.<\/li>\n<\/ul>\n<h3>Zakoupen\u00ed a dostupnost u PoseidonRX<\/h3>\n<p>Magnus Endurabol 60tab\/10mg GW 501516 je k dispozici k objedn\u00e1n\u00ed v online l\u00e9k\u00e1rn\u011b PoseidonRX, kde je zaru\u010dena z\u00e1ruka kvality a bezpe\u010dn\u00e9 doru\u010den\u00ed.<\/p>\n","protected":false},"excerpt":{"rendered":"<p><b>Magnus Endurabol 60tab\/10mg GW 501516<\/b> \u2013 tableta s \u00fa\u010dinn\u00fdm spalov\u00e1n\u00edm tuk\u016f, kter\u00e1 zachov\u00e1v\u00e1 svalovou hmotu a zvy\u0161uje vytrvalost.<\/p>\n<ul>\n<li><b>Urychluje odbour\u00e1v\u00e1n\u00ed tuk\u016f<\/b><\/li>\n<li><b>Udr\u017euje svalovou hmotu i b\u011bhem kalorick\u00e9ho omezen\u00ed<\/b><\/li>\n<li><b>Podporuje trval\u00fd vytrvalostn\u00ed v\u00fdkon<\/b><\/li>\n<li><b>Podporuje oxidaci mastn\u00fdch kyselin ve svalech<\/b><\/li>\n<\/ul>\n","protected":false},"author":18,"featured_media":20354,"comment_status":"open","ping_status":"closed","template":"","meta":{"_gspb_post_css":""},"store":[5573],"product_brand":[],"product_cat":[1478,1464,1477],"product_tag":[],"ppma_author":[259],"class_list":{"0":"post-15716","1":"product","2":"type-product","3":"status-publish","4":"has-post-thumbnail","6":"store-magnus-cs","7":"product_cat-weight-loss-cs","8":"product_cat-oral-steroids-cs","9":"product_cat-fat-burners-cs","10":"pa_active-ingredients-cardarine-cs","11":"pa_active-ingredients-gw501516-cs","12":"pa_also-known-as-endurabol-cs","13":"pa_also-known-as-endurabol-elite-cs","14":"pa_also-known-as-endurabol-plus-cs","15":"pa_also-known-as-endurabol-pro-cs","16":"pa_also-known-as-endurobol-cs","18":"first","19":"instock","20":"purchasable","21":"product-type-simple"},"_links":{"self":[{"href":"https:\/\/poseidonrx.com\/cs\/wp-json\/wp\/v2\/product\/15716","targetHints":{"allow":["GET"]}}],"collection":[{"href":"https:\/\/poseidonrx.com\/cs\/wp-json\/wp\/v2\/product"}],"about":[{"href":"https:\/\/poseidonrx.com\/cs\/wp-json\/wp\/v2\/types\/product"}],"author":[{"embeddable":true,"href":"https:\/\/poseidonrx.com\/cs\/wp-json\/wp\/v2\/users\/18"}],"replies":[{"embeddable":true,"href":"https:\/\/poseidonrx.com\/cs\/wp-json\/wp\/v2\/comments?post=15716"}],"wp:featuredmedia":[{"embeddable":true,"href":"https:\/\/poseidonrx.com\/cs\/wp-json\/wp\/v2\/media\/20354"}],"wp:attachment":[{"href":"https:\/\/poseidonrx.com\/cs\/wp-json\/wp\/v2\/media?parent=15716"}],"wp:term":[{"taxonomy":"store","embeddable":true,"href":"https:\/\/poseidonrx.com\/cs\/wp-json\/wp\/v2\/store?post=15716"},{"taxonomy":"product_brand","embeddable":true,"href":"https:\/\/poseidonrx.com\/cs\/wp-json\/wp\/v2\/product_brand?post=15716"},{"taxonomy":"product_cat","embeddable":true,"href":"https:\/\/poseidonrx.com\/cs\/wp-json\/wp\/v2\/product_cat?post=15716"},{"taxonomy":"product_tag","embeddable":true,"href":"https:\/\/poseidonrx.com\/cs\/wp-json\/wp\/v2\/product_tag?post=15716"},{"taxonomy":"author","embeddable":true,"href":"https:\/\/poseidonrx.com\/cs\/wp-json\/wp\/v2\/ppma_author?post=15716"}],"curies":[{"name":"wp","href":"https:\/\/api.w.org\/{rel}","templated":true}]}}