{"id":15411,"date":"2025-12-12T11:12:36","date_gmt":"2025-12-12T10:12:36","guid":{"rendered":"https:\/\/poseidonrx.com\/tamoxifen-100tab-10mg-tamoxifen-magnus\/"},"modified":"2026-05-05T22:00:18","modified_gmt":"2026-05-05T20:00:18","slug":"tamoxifen-100tab-10mg-tamoxifen-magnus","status":"publish","type":"product","link":"https:\/\/poseidonrx.com\/cs\/tamoxifen-100tab-10mg-tamoxifen-magnus\/","title":{"rendered":"Tamoxifen 100tab \/10mg Tamoxifen &#8211; Magnus"},"content":{"rendered":"<h2>Magnus 10 mg Tamoxifen \u2013 balen\u00ed 100 tablet<\/h2>\n<p><b>P\u0159ehled produktu<\/b><\/p>\n<ul>\n<li><strong>Zna\u010dka:<\/strong> Magnus<\/li>\n<li><strong>L\u00e9kov\u00e1 forma:<\/strong> Peror\u00e1ln\u00ed tablety<\/li>\n<li><strong>S\u00edla:<\/strong> 10 mg na tabletu<\/li>\n<li><strong>Velikost balen\u00ed:<\/strong> 100 tablet (p\u0159ibli\u017en\u011b 3 m\u011bs\u00edce l\u00e9\u010dby)<\/li>\n<li><strong>T\u0159\u00edda:<\/strong> Selektivn\u00ed modul\u00e1tor estrogenov\u00fdch receptor\u016f (SERM) \u2013 antiestrogen<\/li>\n<\/ul>\n<h2>L\u00e9ka\u0159sk\u00e9 indikace<\/h2>\n<p>Tamoxifen je prim\u00e1rn\u011b indikov\u00e1n k l\u00e9\u010db\u011b a prevenci rakoviny prsu s pozitivn\u00edmi estrogenov\u00fdmi receptory. M\u016f\u017ee b\u00fdt u\u017e\u00edv\u00e1n u \u017een po menopauze a p\u0159ed menopauzou, stejn\u011b jako u mu\u017e\u016f s ur\u010dit\u00fdmi typy rakoviny prsu.<\/p>\n<h3>Kl\u00ed\u010dov\u00e1 pou\u017eit\u00ed<\/h3>\n<ul>\n<li>Adjuvantn\u00ed terapie po operaci ke sn\u00ed\u017een\u00ed rizika recidivy<\/li>\n<li>Neoadjuvantn\u00ed terapie p\u0159ed operac\u00ed nebo oza\u0159ov\u00e1n\u00edm<\/li>\n<li>Profylaktick\u00e1 l\u00e9\u010dba u \u017een s vysok\u00fdm rizikem (nap\u0159. nositelky mutace BRCA)<\/li>\n<li>L\u00e9\u010dba metastatick\u00e9ho karcinomu prsu u pacient\u016f reaguj\u00edc\u00edch na hormon\u00e1ln\u00ed l\u00e9\u010dbu<\/li>\n<\/ul>\n<h2>Pokyny pro administraci<\/h2>\n<p><b>Typick\u00fd d\u00e1vkovac\u00ed re\u017eim:<\/b><\/p>\n<table border=\"1\" cellpadding=\"4\">\n<tbody>\n<tr>\n<th>F\u00e1ze<\/th>\n<th>D\u00e1vka (mg\/den)<\/th>\n<th>Trv\u00e1n\u00ed<\/th>\n<\/tr>\n<tr>\n<td>Adjuvantn\u00ed terapie<\/td>\n<td>20 mg jednou denn\u011b<\/td>\n<td>5 let (nebo dle p\u0159edpisu)<\/td>\n<\/tr>\n<tr>\n<td>Neoadjuvantn\u00ed\/metastatick\u00e1<\/td>\n<td>10\u201320 mg jednou denn\u011b<\/td>\n<td>Variabiln\u00ed, dle doporu\u010den\u00ed l\u00e9ka\u0159e<\/td>\n<\/tr>\n<\/tbody>\n<\/table>\n<p>Tabletu zapijte plnou sklenic\u00ed vody. Lze ji u\u017e\u00edvat s j\u00eddlem i bez j\u00eddla, ale pro optim\u00e1ln\u00ed vst\u0159eb\u00e1v\u00e1n\u00ed je kl\u00ed\u010dov\u00e1 konzistence.<\/p>\n<h3>D\u016fle\u017eit\u00e9 \u00favahy<\/h3>\n<ul>\n<li>Nep\u0159ekra\u010dujte p\u0159edepsanou d\u00e1vku; vy\u0161\u0161\u00ed d\u00e1vky nezvy\u0161uj\u00ed \u00fa\u010dinnost a mohou zv\u00fd\u0161it toxicitu.<\/li>\n<li>Pokud vynech\u00e1te d\u00e1vku, u\u017eijte ji, jakmile si na ni vzpomenete, pokud se ji\u017e nebl\u00ed\u017e\u00ed \u010das na dal\u0161\u00ed d\u00e1vku \u2013 v takov\u00e9m p\u0159\u00edpad\u011b vynechanou d\u00e1vku vynechejte.<\/li>\n<li>Dodr\u017eujte pravideln\u00e9 n\u00e1sledn\u00e9 kontroly ke sledov\u00e1n\u00ed hladin hormon\u016f, funkce jater a mo\u017en\u00fdch vedlej\u0161\u00edch \u00fa\u010dink\u016f.<\/li>\n<\/ul>\n<h2>Profil vedlej\u0161\u00edch \u00fa\u010dink\u016f<\/h2>\n<p>Tamoxifen je obecn\u011b dob\u0159e sn\u00e1\u0161en, ale ur\u010dit\u00e9 ne\u017e\u00e1douc\u00ed \u00fa\u010dinky se vyskytuj\u00ed \u010dasto. Ne v\u0161ichni pacienti je poci\u0165uj\u00ed; jejich z\u00e1va\u017enost se u jednotliv\u00fdch pacient\u016f li\u0161\u00ed.<\/p>\n<ul>\n<li><strong>N\u00e1valy horka a no\u010dn\u00ed pocen\u00ed:<\/strong> M\u00edrn\u00e9 a\u017e st\u0159edn\u011b z\u00e1va\u017en\u00e9 vazomotorick\u00e9 p\u0159\u00edznaky.<\/li>\n<li><strong>Menstrua\u010dn\u00ed zm\u011bny:<\/strong> Nepravideln\u00e9 krv\u00e1cen\u00ed nebo \u0161pin\u011bn\u00ed u premenopauz\u00e1ln\u00edch \u017een.<\/li>\n<li><strong>Gastrointestin\u00e1ln\u00ed pot\u00ed\u017ee:<\/strong> Nevolnost, nad\u00fdm\u00e1n\u00ed nebo b\u0159i\u0161n\u00ed k\u0159e\u010de.<\/li>\n<li><strong>Tromboembolick\u00e9 riziko:<\/strong> Zv\u00fd\u0161en\u00e9 riziko hlubok\u00e9 \u017eiln\u00ed tromb\u00f3zy (DVT) a plicn\u00ed embolie; sledujte otoky nohou, bolest a tlak na hrudi.<\/li>\n<li><strong>Zv\u00fd\u0161en\u00ed jatern\u00edch enzym\u016f:<\/strong> Vz\u00e1cn\u00e9; pravideln\u011b kontrolujte jatern\u00ed testy.<\/li>\n<li><strong>Osteopor\u00f3za:<\/strong> Dlouhodob\u00e9 u\u017e\u00edv\u00e1n\u00ed m\u016f\u017ee sni\u017eovat hustotu kost\u00ed; zva\u017ete suplementaci v\u00e1pn\u00edku\/vitaminu D.<\/li>\n<\/ul>\n<h3>Vz\u00e1cn\u00e9, ale z\u00e1va\u017en\u00e9 reakce<\/h3>\n<ul>\n<li>Alergick\u00e1 dermatitida nebo vyr\u00e1\u017eka.<\/li>\n<li>Poruchy vid\u011bn\u00ed (nap\u0159. rozmazan\u00e9 vid\u011bn\u00ed, bolest o\u010d\u00ed).<\/li>\n<li>Siln\u00e9 krv\u00e1civ\u00e9 epizody \u2013 pokud k nim dojde, vyhledejte okam\u017eit\u011b l\u00e9ka\u0159skou pomoc.<\/li>\n<\/ul>\n<p>Pacienti by m\u011bli neprodlen\u011b hl\u00e1sit jak\u00e9koli nov\u00e9 nebo zhor\u0161uj\u00edc\u00ed se p\u0159\u00edznaky sv\u00e9mu l\u00e9ka\u0159i. <b>Nikdy nep\u0159eru\u0161ujte ani nem\u011b\u0148te d\u00e1vkov\u00e1n\u00ed bez konzultace s l\u00e9ka\u0159em.<\/b><\/p>\n<h2>Dostupnost v PoseidonRX<\/h2>\n<p>Toto balen\u00ed p\u0159\u00edpravku Magnus 10 mg Tamoxifen je skladem spole\u010dnosti PoseidonRX, co\u017e zaji\u0161\u0165uje spolehliv\u00e9 doru\u010den\u00ed a bezpe\u010dn\u00e9 balen\u00ed pro va\u0161e pohodl\u00ed.<\/p>\n","protected":false},"excerpt":{"rendered":"<p>Magnus Tamoxifen 100 tablet\/10 mg \u2013 osv\u011bd\u010den\u00fd SERM pro l\u00e9\u010dbu a prevenci rakoviny prsu.<\/p>\n<ul>\n<li><b>Zna\u010dka:<\/b> Magnus<\/li>\n<li><b>D\u00e1vkov\u00e1n\u00ed:<\/b> 10 mg jednou denn\u011b, 5let\u00e1 k\u00fara<\/li>\n<li><b>Indikace:<\/b> ER+ rakovina prsu po operaci nebo prevence s vysok\u00fdm rizikem<\/li>\n<li><b>Bezpe\u010dnostn\u00ed profil:<\/b> dob\u0159e zaveden\u00e9, zvl\u00e1dnuteln\u00e9 ne\u017e\u00e1douc\u00ed \u00fa\u010dinky<\/li>\n<li><b>Balen\u00ed:<\/b> Lahvi\u010dka se 100 tabletami pro kompletn\u00ed l\u00e9\u010dbu bez nutnosti dopl\u0148ov\u00e1n\u00ed<\/li>\n<\/ul>\n","protected":false},"author":18,"featured_media":20757,"comment_status":"open","ping_status":"closed","template":"","meta":{"_gspb_post_css":""},"store":[5573],"product_brand":[],"product_cat":[1582,1469,5853],"product_tag":[],"ppma_author":[259],"class_list":{"0":"post-15411","1":"product","2":"type-product","3":"status-publish","4":"has-post-thumbnail","6":"store-magnus-cs","7":"product_cat-anti-estrogens-cs","8":"product_cat-post-cycle-therapy-cs","9":"product_cat-tamoxifen-cs","10":"pa_active-ingredients-tamoxifen-cs","11":"pa_also-known-as-femara-cs","12":"pa_also-known-as-letro-cs","13":"pa_also-known-as-nolvadex-cs","14":"pa_also-known-as-tamos-cs","15":"pa_also-known-as-tamoxifene-cs","17":"first","18":"instock","19":"purchasable","20":"product-type-simple"},"_links":{"self":[{"href":"https:\/\/poseidonrx.com\/cs\/wp-json\/wp\/v2\/product\/15411","targetHints":{"allow":["GET"]}}],"collection":[{"href":"https:\/\/poseidonrx.com\/cs\/wp-json\/wp\/v2\/product"}],"about":[{"href":"https:\/\/poseidonrx.com\/cs\/wp-json\/wp\/v2\/types\/product"}],"author":[{"embeddable":true,"href":"https:\/\/poseidonrx.com\/cs\/wp-json\/wp\/v2\/users\/18"}],"replies":[{"embeddable":true,"href":"https:\/\/poseidonrx.com\/cs\/wp-json\/wp\/v2\/comments?post=15411"}],"wp:featuredmedia":[{"embeddable":true,"href":"https:\/\/poseidonrx.com\/cs\/wp-json\/wp\/v2\/media\/20757"}],"wp:attachment":[{"href":"https:\/\/poseidonrx.com\/cs\/wp-json\/wp\/v2\/media?parent=15411"}],"wp:term":[{"taxonomy":"store","embeddable":true,"href":"https:\/\/poseidonrx.com\/cs\/wp-json\/wp\/v2\/store?post=15411"},{"taxonomy":"product_brand","embeddable":true,"href":"https:\/\/poseidonrx.com\/cs\/wp-json\/wp\/v2\/product_brand?post=15411"},{"taxonomy":"product_cat","embeddable":true,"href":"https:\/\/poseidonrx.com\/cs\/wp-json\/wp\/v2\/product_cat?post=15411"},{"taxonomy":"product_tag","embeddable":true,"href":"https:\/\/poseidonrx.com\/cs\/wp-json\/wp\/v2\/product_tag?post=15411"},{"taxonomy":"author","embeddable":true,"href":"https:\/\/poseidonrx.com\/cs\/wp-json\/wp\/v2\/ppma_author?post=15411"}],"curies":[{"name":"wp","href":"https:\/\/api.w.org\/{rel}","templated":true}]}}