{"id":15283,"date":"2025-12-12T11:12:36","date_gmt":"2025-12-12T10:12:36","guid":{"rendered":"https:\/\/poseidonrx.com\/clomid-25tab-50mg-clomiphene-magnus\/"},"modified":"2026-05-02T22:00:28","modified_gmt":"2026-05-02T20:00:28","slug":"clomid-25tab-50mg-clomiphene-magnus","status":"publish","type":"product","link":"https:\/\/poseidonrx.com\/cs\/clomid-25tab-50mg-clomiphene-magnus\/","title":{"rendered":"Clomid 25tab\/50mg Clomiphene &#8211; Magnus"},"content":{"rendered":"<h2>Magnus Clomid 25 tablet\/50 mg \u2013 Clomifen citr\u00e1t<\/h2>\n<p><b>Magnus Clomid 25tab\/50mg<\/b> je nesteroidn\u00ed l\u00e9k na plodnost, kter\u00fd obsahuje <b>50 mg klomifen-citr\u00e1tu v jedn\u00e9 tablet\u011b<\/b> . Pat\u0159\u00ed do t\u0159\u00eddy selektivn\u00edch modul\u00e1tor\u016f estrogenov\u00fdch receptor\u016f (SERM) a funguje jako antiestrogen, stimuluje ovulaci ovliv\u0148ov\u00e1n\u00edm produkce hormon\u016f hypof\u00fdzy.<\/p>\n<h3>Jak funguje Clomid<\/h3>\n<ul>\n<li>Klomifen blokuje estrogenov\u00e9 receptory v hypotalamu.<\/li>\n<li>Tato blok\u00e1da sni\u017euje negativn\u00ed zp\u011btnou vazbu na hypof\u00fdzu.<\/li>\n<li>Hypof\u00fdza uvol\u0148uje v\u00edce folikulostimula\u010dn\u00edho hormonu (FSH) a luteiniza\u010dn\u00edho hormonu (LH).<\/li>\n<li>Zv\u00fd\u0161en\u00e9 hladiny FSH\/LH podporuj\u00ed v\u00fdvoj ovari\u00e1ln\u00edch folikul\u016f a spou\u0161t\u011bj\u00ed ovulaci.<\/li>\n<\/ul>\n<h3>B\u011b\u017en\u00e9 klinick\u00e9 pou\u017eit\u00ed<\/h3>\n<ul>\n<li><b>Indukovan\u00e1 ovulace:<\/b> Pro \u017eeny, kter\u00e9 pravideln\u011b neovuluj\u00ed, zejm\u00e9na pro \u017eeny s polycystick\u00fdm ovari\u00e1ln\u00edm syndromem (PCOS).<\/li>\n<li><b>Asistovan\u00e1 reprodukce:<\/b> \u010casto se pou\u017e\u00edv\u00e1 p\u0159ed IVF nebo intrauterinn\u00ed inseminac\u00ed.<\/li>\n<\/ul>\n<h3>Dal\u0161\u00ed vyu\u017eit\u00ed ve sportovn\u00ed medic\u00edn\u011b<\/h3>\n<ul>\n<li>Pocyklov\u00e1 terapie (PCT) pro sportovce a kulturisty k obnoven\u00ed p\u0159irozen\u00e9 produkce testosteronu po u\u017e\u00edv\u00e1n\u00ed anabolick\u00fdch steroid\u016f.<\/li>\n<li>Pom\u00e1h\u00e1 sni\u017eovat atrofii varlat a hormon\u00e1ln\u00ed nerovnov\u00e1hu zp\u016fsobenou steroidy.<\/li>\n<\/ul>\n<h2>Pokyny pro administraci<\/h2>\n<table border=\"1\" cellpadding=\"5\">\n<tbody>\n<tr>\n<th>F\u00e1ze<\/th>\n<th>D\u00e1vkovac\u00ed sch\u00e9ma<\/th>\n<\/tr>\n<tr>\n<td>1.\u20135. den menstrua\u010dn\u00edho cyklu<\/td>\n<td>U\u017e\u00edvejte jednu 50mg tabletu denn\u011b.<\/td>\n<\/tr>\n<tr>\n<td>N\u00e1sledn\u00e1 opat\u0159en\u00ed (v p\u0159\u00edpad\u011b pot\u0159eby)<\/td>\n<td>Cyklus opakujte s nov\u00fdm p\u0159edpisem; nep\u0159ekra\u010dujte 10 tablet na cyklus.<\/td>\n<\/tr>\n<tr>\n<td>Kulturist\u00e9 \/ Sportovci (PCT)<\/td>\n<td>Za\u010dn\u011bte 1\u20132 dny po vysazen\u00ed steroid\u016f a u\u017e\u00edvejte jednu tabletu denn\u011b po dobu a\u017e 14 dn\u016f.<\/td>\n<\/tr>\n<\/tbody>\n<\/table>\n<p>Clomid se u\u017e\u00edv\u00e1 peror\u00e1ln\u011b s j\u00eddlem nebo bez j\u00eddla. Tabletu polykejte celou; nedr\u0165te ji ani ne\u017ev\u00fdkejte. Ve\u010fte si z\u00e1znamy o datech cyklu a v\u0161ech ne\u017e\u00e1douc\u00edch \u00fa\u010dinc\u00edch, kter\u00e9 jste za\u017eili.<\/p>\n<h2>Ne\u017e\u00e1douc\u00ed \u00fa\u010dinky a bezpe\u010dnostn\u00ed opat\u0159en\u00ed<\/h2>\n<ul>\n<li><b>\u010cast\u00e9:<\/b> N\u00e1valy horka, nad\u00fdm\u00e1n\u00ed, nevolnost, b\u0159i\u0161n\u00ed diskomfort, bolesti hlavy.<\/li>\n<li><b>O\u010dn\u00ed:<\/b> Poruchy vid\u011bn\u00ed (rozmazan\u00e9 vid\u011bn\u00ed, skvrny); pokud se objev\u00ed, okam\u017eit\u011b oznamte to.<\/li>\n<li><b>Hormon\u00e1ln\u00ed:<\/b> V\u00fdkyvy n\u00e1lad, podr\u00e1\u017ed\u011bnost nebo deprese; pe\u010dliv\u011b sledujte zm\u011bny n\u00e1lad.<\/li>\n<li><b>Vz\u00e1cn\u00e9:<\/b> Ovari\u00e1ln\u00ed hyperstimula\u010dn\u00ed syndrom (OHSS) \u2013 charakterizovan\u00fd bolestmi b\u0159icha a rychl\u00fdm p\u0159ib\u00fdv\u00e1n\u00edm na v\u00e1ze.<\/li>\n<\/ul>\n<p>P\u0159ed zah\u00e1jen\u00edm u\u017e\u00edv\u00e1n\u00ed p\u0159\u00edpravku Clomid se pora\u010fte s l\u00e9ka\u0159em, pokud m\u00e1te n\u011bkter\u00fd z n\u00e1sleduj\u00edc\u00edch stav\u016f:<\/p>\n<ul>\n<li>Anamn\u00e9za onemocn\u011bn\u00ed jater nebo abnorm\u00e1ln\u00ed jatern\u00ed testy.<\/li>\n<li>Zn\u00e1m\u00e1 rakovina prsu nebo jin\u00e9 estrogen-senzitivn\u00ed n\u00e1dory.<\/li>\n<li>T\u011b\u017ek\u00e1 an\u00e9mie nebo nekontrolovan\u00e9 poruchy \u0161t\u00edtn\u00e9 \u017el\u00e1zy.<\/li>\n<\/ul>\n<h2>Kl\u00ed\u010dov\u00e9 body<\/h2>\n<ul>\n<li><b>\u00da\u010dinnost:<\/b> 50 mg klomifen-citr\u00e1tu na tabletu.<\/li>\n<li>K dispozici v praktick\u00e9m balen\u00ed 25 tablet pro kompletn\u00ed cyklus.<\/li>\n<li>D\u016fv\u011bryhodn\u00e1 zna\u010dka s trvalou z\u00e1rukou kvality.<\/li>\n<\/ul>\n<p>Tento produkt lze zakoupit prost\u0159ednictv\u00edm PoseidonRX, online l\u00e9k\u00e1rny, kter\u00e1 nab\u00edz\u00ed spolehliv\u00e9 doru\u010den\u00ed a diskr\u00e9tn\u00ed slu\u017eby.<\/p>\n","protected":false},"excerpt":{"rendered":"<p>Magnus Clomid 25 tablet\/50 mg poskytuje spolehlivou d\u00e1vku klomifen-citr\u00e1tu pro indukci ovulace a l\u00e9\u010dbu PCOS. Ka\u017ed\u00e9 balen\u00ed obsahuje 25 tablet, co\u017e zaji\u0161\u0165uje konzistentn\u00ed l\u00e9\u010debn\u00fd cyklus.<\/p>\n<ul>\n<li><b>Stimuluje uvol\u0148ov\u00e1n\u00ed FSH a LH hypof\u00fdzou<\/b><\/li>\n<li><b>Podporuje zr\u00e1n\u00ed folikul\u016f a uvol\u0148ov\u00e1n\u00ed vaj\u00ed\u010dek<\/b><\/li>\n<li><b>Sni\u017euje negativn\u00ed zp\u011btnou vazbu estrogenu pro vy\u0161\u0161\u00ed produkci hormon\u016f<\/b><\/li>\n<li><b>Podporuje plodnost, normalizuje cykly, napom\u00e1h\u00e1 hormon\u00e1ln\u00ed obnov\u011b u sportovc\u016f<\/b><\/li>\n<\/ul>\n","protected":false},"author":18,"featured_media":20402,"comment_status":"open","ping_status":"closed","template":"","meta":{"_gspb_post_css":""},"store":[5573],"product_brand":[],"product_cat":[1582,5783,1745,1469],"product_tag":[],"ppma_author":[259],"class_list":{"0":"post-15283","1":"product","2":"type-product","3":"status-publish","4":"has-post-thumbnail","6":"store-magnus-cs","7":"product_cat-anti-estrogens-cs","8":"product_cat-clomid-cs","9":"product_cat-clomid-pills-cs","10":"product_cat-post-cycle-therapy-cs","11":"pa_active-ingredients-clomiphene-citrate-cs","12":"pa_also-known-as-clomid-cs","13":"pa_also-known-as-clomifene-cs","14":"pa_also-known-as-clomiphene-citrate-cs","15":"pa_also-known-as-femostin-cs","17":"first","18":"instock","19":"purchasable","20":"product-type-simple"},"_links":{"self":[{"href":"https:\/\/poseidonrx.com\/cs\/wp-json\/wp\/v2\/product\/15283","targetHints":{"allow":["GET"]}}],"collection":[{"href":"https:\/\/poseidonrx.com\/cs\/wp-json\/wp\/v2\/product"}],"about":[{"href":"https:\/\/poseidonrx.com\/cs\/wp-json\/wp\/v2\/types\/product"}],"author":[{"embeddable":true,"href":"https:\/\/poseidonrx.com\/cs\/wp-json\/wp\/v2\/users\/18"}],"replies":[{"embeddable":true,"href":"https:\/\/poseidonrx.com\/cs\/wp-json\/wp\/v2\/comments?post=15283"}],"wp:featuredmedia":[{"embeddable":true,"href":"https:\/\/poseidonrx.com\/cs\/wp-json\/wp\/v2\/media\/20402"}],"wp:attachment":[{"href":"https:\/\/poseidonrx.com\/cs\/wp-json\/wp\/v2\/media?parent=15283"}],"wp:term":[{"taxonomy":"store","embeddable":true,"href":"https:\/\/poseidonrx.com\/cs\/wp-json\/wp\/v2\/store?post=15283"},{"taxonomy":"product_brand","embeddable":true,"href":"https:\/\/poseidonrx.com\/cs\/wp-json\/wp\/v2\/product_brand?post=15283"},{"taxonomy":"product_cat","embeddable":true,"href":"https:\/\/poseidonrx.com\/cs\/wp-json\/wp\/v2\/product_cat?post=15283"},{"taxonomy":"product_tag","embeddable":true,"href":"https:\/\/poseidonrx.com\/cs\/wp-json\/wp\/v2\/product_tag?post=15283"},{"taxonomy":"author","embeddable":true,"href":"https:\/\/poseidonrx.com\/cs\/wp-json\/wp\/v2\/ppma_author?post=15283"}],"curies":[{"name":"wp","href":"https:\/\/api.w.org\/{rel}","templated":true}]}}