{"id":15223,"date":"2025-12-12T11:12:36","date_gmt":"2025-12-12T10:12:36","guid":{"rendered":"https:\/\/poseidonrx.com\/cabergoline-20tab-50mcg-cabergoline-magnus\/"},"modified":"2026-05-05T22:10:14","modified_gmt":"2026-05-05T20:10:14","slug":"cabergoline-20tab-50mcg-cabergoline-magnus","status":"publish","type":"product","link":"https:\/\/poseidonrx.com\/cs\/cabergoline-20tab-50mcg-cabergoline-magnus\/","title":{"rendered":"Cabergoline 20tab\/50mcg Cabergoline &#8211; Magnus"},"content":{"rendered":"<h2>Magnus Cabergolin 20 tablet \/ 50 mcg \u2013 Kl\u00ed\u010dov\u00e9 vlastnosti<\/h2>\n<ul>\n<li><b>Zna\u010dka:<\/b> Magnus<\/li>\n<li><b>D\u00e1vka na tabletu:<\/b> 50 mikrogram\u016f (mcg)<\/li>\n<li><b>Velikost balen\u00ed:<\/b> 20 tablet<\/li>\n<li><b>Hlavn\u00ed terapeutick\u00e9 pou\u017eit\u00ed:<\/b> Potcyklov\u00e1 terapie pro sportovce a kulturisty ke sn\u00ed\u017een\u00ed hladiny prolaktinu.<\/li>\n<li><b>Dal\u0161\u00ed v\u00fdhody:<\/b> Potenci\u00e1ln\u00ed zlep\u0161en\u00ed n\u00e1lady, sebev\u011bdom\u00ed a emo\u010dn\u00ed stability.<\/li>\n<\/ul>\n<h3>Jak kabergolin funguje<\/h3>\n<p>Kabergolin je agonista dopaminu, kter\u00fd stimuluje dopaminov\u00e9 receptory v hypof\u00fdze. Tento \u00fa\u010dinek potla\u010duje sekreci prolaktinu, \u010d\u00edm\u017e normalizuje hormon\u00e1ln\u00ed rovnov\u00e1hu po u\u017e\u00edv\u00e1n\u00ed anabolick\u00fdch steroid\u016f. Ni\u017e\u0161\u00ed hladiny prolaktinu pom\u00e1haj\u00ed p\u0159edch\u00e1zet:<\/p>\n<ul>\n<li>Sn\u00ed\u017een\u00e9 libido<\/li>\n<li>Erektiln\u00ed dysfunkce<\/li>\n<li>Zhor\u0161en\u00e1 sexu\u00e1ln\u00ed v\u00fdkonnost<\/li>\n<\/ul>\n<h3>Pokyny pro administraci<\/h3>\n<table border=\"1\" cellpadding=\"5\">\n<tbody>\n<tr>\n<th>F\u00e1ze<\/th>\n<th>D\u00e1vkovac\u00ed sch\u00e9ma<\/th>\n<th>Trv\u00e1n\u00ed<\/th>\n<\/tr>\n<tr>\n<td>Po\u010d\u00e1te\u010dn\u00ed f\u00e1ze (1.\u20137. den)<\/td>\n<td>50 mcg jednou denn\u011b<\/td>\n<td>7 dn\u00ed<\/td>\n<\/tr>\n<tr>\n<td>Udr\u017eovac\u00ed f\u00e1ze (8.\u201314. den)<\/td>\n<td>50 mcg dvakr\u00e1t denn\u011b (r\u00e1no a ve\u010der)<\/td>\n<td>7 dn\u00ed<\/td>\n<\/tr>\n<tr>\n<td>Celkov\u00fd kurz<\/td>\n<td>1 tableta denn\u011b \u2192 2 tablety denn\u011b ve druh\u00e9m t\u00fddnu<\/td>\n<td>Celkem 14 dn\u00ed<\/td>\n<\/tr>\n<\/tbody>\n<\/table>\n<p><b>U\u017e\u00edvejte s j\u00eddlem nebo zapijte plnou sklenic\u00ed vody, abyste sn\u00ed\u017eili podr\u00e1\u017ed\u011bn\u00ed \u017ealudku.<\/b><\/p>\n<h3>\u010cast\u00e9 ne\u017e\u00e1douc\u00ed \u00fa\u010dinky<\/h3>\n<ul>\n<li>Gastrointestin\u00e1ln\u00ed pot\u00ed\u017ee: nevolnost, zvracen\u00ed, pr\u016fjem, bolest b\u0159icha.<\/li>\n<li>P\u0159\u00edznaky centr\u00e1ln\u00edho nervov\u00e9ho syst\u00e9mu: z\u00e1vrat\u011b, bolesti hlavy, \u00fanava, vertigo.<\/li>\n<li>Kardiovaskul\u00e1rn\u00ed \u00fa\u010dinky: n\u00edzk\u00fd krevn\u00ed tlak (hypotenze), nepravideln\u00fd srde\u010dn\u00ed rytmus.<\/li>\n<li>Poruchy sp\u00e1nku: nespavost nebo \u017eiv\u00e9 sny.<\/li>\n<\/ul>\n<p>V\u011bt\u0161ina ne\u017e\u00e1douc\u00edch \u00fa\u010dink\u016f je m\u00edrn\u00e1 a p\u0159echodn\u00e1. Pokud se objev\u00ed z\u00e1va\u017en\u00e9 p\u0159\u00edznaky, jako je bolest na hrudi, du\u0161nost nebo v\u00fdrazn\u00e9 z\u00e1vrat\u011b, okam\u017eit\u011b p\u0159eru\u0161te u\u017e\u00edv\u00e1n\u00ed a vyhledejte l\u00e9ka\u0159skou pomoc.<\/p>\n<h3>Bezpe\u010dnostn\u00ed opat\u0159en\u00ed a kontraindikace<\/h3>\n<ul>\n<li>Nedoporu\u010duje se pro osoby s anamn\u00e9zou onemocn\u011bn\u00ed srde\u010dn\u00edch chlopn\u00ed.<\/li>\n<li>Vyhn\u011bte se u\u017e\u00edv\u00e1n\u00ed v t\u011bhotenstv\u00ed, pokud to nep\u0159edep\u00ed\u0161e l\u00e9ka\u0159.<\/li>\n<li>Zkontrolujte interakce s jin\u00fdmi l\u00e9ky, jako jsou antihypertenziva, antipsychotika a inhibitory MAO.<\/li>\n<\/ul>\n<h3>Pro\u010d si vybrat Magnus Cabergoline?<\/h3>\n<ul>\n<li>Konzistentn\u00ed \u00fa\u010dinnost: 50 mcg na tabletu zaji\u0161\u0165uje p\u0159esn\u00e9 d\u00e1vkov\u00e1n\u00ed.<\/li>\n<li>Renomovan\u00e1 zna\u010dka: Magnus m\u00e1 bohat\u00e9 zku\u0161enosti ve sportovn\u00ed farmakologii.<\/li>\n<li>Pohodln\u00e9 balen\u00ed: 20 tablet vysta\u010d\u00ed na celou dvout\u00fddenn\u00ed k\u00faru.<\/li>\n<\/ul>\n<p>Pro spolehliv\u00e9 z\u00edsk\u00e1v\u00e1n\u00ed je tento produkt k dispozici prost\u0159ednictv\u00edm PoseidonRX, online l\u00e9k\u00e1rny, kter\u00e1 nab\u00edz\u00ed bezpe\u010dn\u00e9 doru\u010den\u00ed a diskr\u00e9tn\u00ed balen\u00ed.<\/p>\n","protected":false},"excerpt":{"rendered":"<p>Magnus Cabergoline 20 tablet \u2013 50 \u00b5g ka\u017ed\u00e1. <b>Kl\u00ed\u010dov\u00e9 v\u00fdhody:<\/b><\/p>\n<ul>\n<li><b>Vysoce \u010dist\u00fd agonista dopaminu<\/b><\/li>\n<li>Rychl\u00e9 sn\u00ed\u017een\u00ed prolaktinu pro regeneraci po cyklu<\/li>\n<li>Podporuje hormon\u00e1ln\u00ed rovnov\u00e1hu, libido a n\u00e1ladu<\/li>\n<li>Konzistentn\u00ed d\u00e1vkov\u00e1n\u00ed; bezpe\u010dn\u00e9 s v\u011bt\u0161inou anabolick\u00fdch protokol\u016f<\/li>\n<\/ul>\n","protected":false},"author":18,"featured_media":20762,"comment_status":"open","ping_status":"closed","template":"","meta":{"_gspb_post_css":""},"store":[5573],"product_brand":[],"product_cat":[1582,1559,1469],"product_tag":[],"ppma_author":[259],"class_list":{"0":"post-15223","1":"product","2":"type-product","3":"status-publish","4":"has-post-thumbnail","6":"store-magnus-cs","7":"product_cat-anti-estrogens-cs","8":"product_cat-cabergoline-pills-cs","9":"product_cat-post-cycle-therapy-cs","10":"pa_active-ingredients-cabergoline-cs","11":"pa_also-known-as-cabergol-cs","12":"pa_also-known-as-cabergoline-brand-name-cs","13":"pa_also-known-as-cabergoline-generic-cs","14":"pa_also-known-as-cabergoline-20mg-tablet-cs","15":"pa_also-known-as-cabergoline-50mcg-capsule-cs","16":"pa_also-known-as-cabergoline-capsules-cs","17":"pa_also-known-as-cabergoline-tablets-cs","18":"pa_also-known-as-dostinex-cs","20":"first","21":"instock","22":"purchasable","23":"product-type-simple"},"_links":{"self":[{"href":"https:\/\/poseidonrx.com\/cs\/wp-json\/wp\/v2\/product\/15223","targetHints":{"allow":["GET"]}}],"collection":[{"href":"https:\/\/poseidonrx.com\/cs\/wp-json\/wp\/v2\/product"}],"about":[{"href":"https:\/\/poseidonrx.com\/cs\/wp-json\/wp\/v2\/types\/product"}],"author":[{"embeddable":true,"href":"https:\/\/poseidonrx.com\/cs\/wp-json\/wp\/v2\/users\/18"}],"replies":[{"embeddable":true,"href":"https:\/\/poseidonrx.com\/cs\/wp-json\/wp\/v2\/comments?post=15223"}],"wp:featuredmedia":[{"embeddable":true,"href":"https:\/\/poseidonrx.com\/cs\/wp-json\/wp\/v2\/media\/20762"}],"wp:attachment":[{"href":"https:\/\/poseidonrx.com\/cs\/wp-json\/wp\/v2\/media?parent=15223"}],"wp:term":[{"taxonomy":"store","embeddable":true,"href":"https:\/\/poseidonrx.com\/cs\/wp-json\/wp\/v2\/store?post=15223"},{"taxonomy":"product_brand","embeddable":true,"href":"https:\/\/poseidonrx.com\/cs\/wp-json\/wp\/v2\/product_brand?post=15223"},{"taxonomy":"product_cat","embeddable":true,"href":"https:\/\/poseidonrx.com\/cs\/wp-json\/wp\/v2\/product_cat?post=15223"},{"taxonomy":"product_tag","embeddable":true,"href":"https:\/\/poseidonrx.com\/cs\/wp-json\/wp\/v2\/product_tag?post=15223"},{"taxonomy":"author","embeddable":true,"href":"https:\/\/poseidonrx.com\/cs\/wp-json\/wp\/v2\/ppma_author?post=15223"}],"curies":[{"name":"wp","href":"https:\/\/api.w.org\/{rel}","templated":true}]}}