{"id":15046,"date":"2025-12-12T11:13:19","date_gmt":"2025-12-12T10:13:19","guid":{"rendered":"https:\/\/poseidonrx.com\/trenbolone-acetate-10ml-100mg-tren-acetate-magnus\/"},"modified":"2026-05-02T22:00:20","modified_gmt":"2026-05-02T20:00:20","slug":"trenbolone-acetate-10ml-100mg-tren-acetate-magnus","status":"publish","type":"product","link":"https:\/\/poseidonrx.com\/cs\/trenbolone-acetate-10ml-100mg-tren-acetate-magnus\/","title":{"rendered":"Trenbolone Acetate 10ml\/100mg Tren Acetate &#8211; Magnus"},"content":{"rendered":"<h2>Trenbolonacet\u00e1t 10 ml \/ 100 mg \u2013 Magnus<\/h2>\n<p><b>Magnus Trenbolonacet\u00e1t<\/b> je vysoce \u00fa\u010dinn\u00fd injek\u010dn\u00ed anabolick\u00fd steroid ur\u010den\u00fd pro pokro\u010dil\u00e9 u\u017eivatele, kte\u0159\u00ed hledaj\u00ed maxim\u00e1ln\u00ed svalovou tvrdost, definici a n\u00e1r\u016fst s\u00edly bez zadr\u017eov\u00e1n\u00ed vody typick\u00e9ho pro mnoho jin\u00fdch slou\u010denin. Produkt se dod\u00e1v\u00e1 v 10ml lahvi\u010dce obsahuj\u00edc\u00ed 100 mg\/ml (celkem 1 g) trenbolonacet\u00e1tu.<\/p>\n<h3>Kl\u00ed\u010dov\u00e9 vlastnosti<\/h3>\n<ul>\n<li><b>\u00da\u010dinnost:<\/b> P\u0159ibli\u017en\u011b t\u0159ikr\u00e1t androgenn\u011bj\u0161\u00ed ne\u017e testosteron.<\/li>\n<li><b>Bez estrogenn\u00ed aktivity:<\/b> Nen\u00ed aromatizovateln\u00fd, co\u017e sni\u017euje riziko ne\u017e\u00e1douc\u00edch \u00fa\u010dink\u016f souvisej\u00edc\u00edch s estrogenem.<\/li>\n<li><b>Rychl\u00fd \u00fa\u010dinek:<\/b> Acet\u00e1tov\u00fd ester uvol\u0148uje trenbolon rychle, ide\u00e1ln\u00ed pro kr\u00e1tk\u00e9 cykly.<\/li>\n<\/ul>\n<h3>Chemick\u00e9 slo\u017een\u00ed<\/h3>\n<table border=\"1\" cellpadding=\"5\">\n<tbody>\n<tr>\n<th>P\u0159\u00edsada<\/th>\n<th>Koncentrace<\/th>\n<\/tr>\n<tr>\n<td>Trenbolonacet\u00e1t (17\u03b2\u2011hydroxyestra\u20114,9,11\u2011trien\u20113\u2011on)<\/td>\n<td>100 mg\/ml (celkem 1 g v 10ml lahvi\u010dce)<\/td>\n<\/tr>\n<\/tbody>\n<\/table>\n<h2>Pokyny pro administraci<\/h2>\n<p>Doporu\u010den\u00e9 d\u00e1vkov\u00e1n\u00ed pro zlep\u0161en\u00ed fyzick\u00e9 kondice nebo v\u00fdkonu se obvykle pohybuje v rozmez\u00ed <b>100\u2013300 mg t\u00fddn\u011b<\/b> , pod\u00e1van\u00e9ho po dobu 6 a\u017e 8 t\u00fddn\u016f. Vzhledem ke kr\u00e1tk\u00e9mu polo\u010dasu rozpadu acet\u00e1tov\u00e9ho esteru se d\u00e1vky obvykle rozd\u011bluj\u00ed do 2\u20133 injekc\u00ed t\u00fddn\u011b.<\/p>\n<ul>\n<li><b>D\u00e9lka cyklu:<\/b> 6\u20138 t\u00fddn\u016f<\/li>\n<li><b>Typick\u00e1 t\u00fddenn\u00ed d\u00e1vka:<\/b> celkem 100\u2013300 mg<\/li>\n<li><b>Frekvence d\u00e1vkov\u00e1n\u00ed:<\/b> 2\u20133 injekce t\u00fddn\u011b (nap\u0159. pond\u011bl\u00ed, st\u0159eda, p\u00e1tek)<\/li>\n<p>&lt;li <b>M\u00edsto injekce:<\/b> Intramuskul\u00e1rn\u011b (deltoidn\u00ed nebo h\u00fd\u017e\u010fov\u00fd sval)<\/p>\n<\/ul>\n<h2>Profil vedlej\u0161\u00edch \u00fa\u010dink\u016f<\/h2>\n<p>I kdy\u017e trenbolon-acet\u00e1t nab\u00edz\u00ed siln\u00e9 anabolick\u00e9 v\u00fdhody, u\u017eivatel\u00e9 by si m\u011bli b\u00fdt v\u011bdomi potenci\u00e1ln\u00edch vedlej\u0161\u00edch \u00fa\u010dink\u016f spojen\u00fdch s jeho silnou androgenn\u00ed aktivitou a vazbou na progesteronov\u00e9 receptory.<\/p>\n<ul>\n<li><b>Androgenn\u00ed \u00fa\u010dinky:<\/b> mastn\u00e1 ple\u0165, akn\u00e9, zv\u00fd\u0161en\u00fd r\u016fst ochlupen\u00ed na t\u011ble\/v obli\u010deji, mo\u017en\u00e9 zhor\u0161en\u00ed mu\u017esk\u00e9 ple\u0161atosti.<\/li>\n<li><b>Souvisej\u00edc\u00ed s progesteronem:<\/b> negativn\u00ed zp\u011btn\u00e1 vazba na produkci testosteronu, potenci\u00e1ln\u00ed zv\u00fd\u0161en\u00ed ukl\u00e1d\u00e1n\u00ed tuku.<\/li>\n<p>&lt;li <b>Kardiovaskul\u00e1rn\u00ed rizika:<\/b> zm\u011bn\u011bn\u00fd lipidov\u00fd profil (\u2193 HDL, \u2191 LDL), zv\u00fd\u0161en\u00fd krevn\u00ed tlak u n\u011bkter\u00fdch u\u017eivatel\u016f.<\/p>\n<p>&lt;li <b>Psychologick\u00e9 \u00fa\u010dinky:<\/b> v\u00fdkyvy n\u00e1lad, podr\u00e1\u017ed\u011bnost nebo agrese hl\u00e1\u0161en\u00e9 n\u011bkter\u00fdmi jedinci.<\/p>\n<\/ul>\n<h3>Doporu\u010den\u00ed pro monitorov\u00e1n\u00ed<\/h3>\n<ul>\n           &lt;li <b>P\u0159edcyklov\u00fd z\u00e1kladn\u00ed test:<\/b> Zkontrolujte hladiny hormon\u016f (testosteron, LH, FSH), lipidov\u00fd panel, jatern\u00ed enzymy.<\/p>\n<p>B\u011bhem <b>cyklu:<\/b> M\u011bs\u00ed\u010dn\u00ed krevn\u00ed testy pro sledov\u00e1n\u00ed kardiovaskul\u00e1rn\u00edch marker\u016f a hormon\u00e1ln\u00ed rovnov\u00e1hy.<\/p>\n<p>&lt;li <b>Rekonvalescence po cyklu:<\/b> Zva\u017ete protokol terapie po cyklu (PCT) k obnoven\u00ed p\u0159irozen\u00e9 produkce testosteronu.<\/p>\n<\/ul>\n<h2>Dostupnost v PoseidonRX<\/h2>\n<p>Lahvi\u010dka s 10 ml Magnus Trenbolon Acetate je k dispozici ke koupi v online l\u00e9k\u00e1rn\u011b <b>PoseidonRX<\/b> , kter\u00e1 poskytuje diskr\u00e9tn\u00ed dopravu a spolehlivou z\u00e1kaznickou podporu pro pokro\u010dil\u00e9 u\u017eivatele hledaj\u00edc\u00ed pr\u00e9miov\u00e9 anabolick\u00e9 slou\u010deniny.<\/p>\n","protected":false},"excerpt":{"rendered":"<p>Prime Trenbolonacet\u00e1t 10ml\/100mg \u2013 kr\u00e1tkodob\u011b p\u016fsob\u00edc\u00ed anabolick\u00fd elektr\u00e1rna pro zku\u0161en\u00e9 u\u017eivatele. <br \/><b>Kl\u00ed\u010dov\u00e9 vlastnosti:<\/b><\/p>\n<ul>\n<li><b>Vysok\u00e1 \u010distota<\/b> \u2013 100 mg \u010dist\u00e9ho trenbolonacet\u00e1tu na lahvi\u010dku.<\/li>\n<li>Rychl\u00fd n\u00e1stup p\u0159in\u00e1\u0161\u00ed rychl\u00e9 n\u00e1r\u016fsty s\u00edly a svalov\u00e9 definice.<\/li>\n<li>Ide\u00e1ln\u00ed pro st\u0159edn\u011b pokro\u010dil\u00e9 a\u017e pokro\u010dil\u00e9 sportovce.<\/li>\n<\/ul>\n","protected":false},"author":18,"featured_media":20777,"comment_status":"open","ping_status":"closed","template":"","meta":{"_gspb_post_css":""},"store":[5573],"product_brand":[],"product_cat":[1750,1613,1558,6594,1498,7431,3497,1499,7208],"product_tag":[],"ppma_author":[259],"class_list":{"0":"post-15046","1":"product","2":"type-product","3":"status-publish","4":"has-post-thumbnail","6":"store-magnus-cs","7":"product_cat-anabolic-steroids-cs","8":"product_cat-anabolic-androgenic-steroids-cs","9":"product_cat-bulking-cs","10":"product_cat-injectable-anabolics-cs","11":"product_cat-injectable-steroids-cs","12":"product_cat-muscle-growth-cs","13":"product_cat-trenbolone-tren-steroids-cs","14":"product_cat-trenbolone-acetate-injection-cs","15":"product_cat-trenbolone-acetate-cs","16":"pa_active-ingredients-trenbolone-acetate-cs","17":"pa_also-known-as-anadrol-cs","18":"pa_also-known-as-deca-durabolin-cs","19":"pa_also-known-as-dianabol-cs","20":"pa_also-known-as-halodrol-cs","21":"pa_also-known-as-masteron-cs","22":"pa_also-known-as-nandrolone-decanoate-cs","23":"pa_also-known-as-parabolan-cs","24":"pa_also-known-as-t-300-cs","25":"pa_also-known-as-t-400-cs","26":"pa_also-known-as-trenbolone-enanthate-cs","28":"first","29":"instock","30":"purchasable","31":"product-type-simple"},"_links":{"self":[{"href":"https:\/\/poseidonrx.com\/cs\/wp-json\/wp\/v2\/product\/15046","targetHints":{"allow":["GET"]}}],"collection":[{"href":"https:\/\/poseidonrx.com\/cs\/wp-json\/wp\/v2\/product"}],"about":[{"href":"https:\/\/poseidonrx.com\/cs\/wp-json\/wp\/v2\/types\/product"}],"author":[{"embeddable":true,"href":"https:\/\/poseidonrx.com\/cs\/wp-json\/wp\/v2\/users\/18"}],"replies":[{"embeddable":true,"href":"https:\/\/poseidonrx.com\/cs\/wp-json\/wp\/v2\/comments?post=15046"}],"wp:featuredmedia":[{"embeddable":true,"href":"https:\/\/poseidonrx.com\/cs\/wp-json\/wp\/v2\/media\/20777"}],"wp:attachment":[{"href":"https:\/\/poseidonrx.com\/cs\/wp-json\/wp\/v2\/media?parent=15046"}],"wp:term":[{"taxonomy":"store","embeddable":true,"href":"https:\/\/poseidonrx.com\/cs\/wp-json\/wp\/v2\/store?post=15046"},{"taxonomy":"product_brand","embeddable":true,"href":"https:\/\/poseidonrx.com\/cs\/wp-json\/wp\/v2\/product_brand?post=15046"},{"taxonomy":"product_cat","embeddable":true,"href":"https:\/\/poseidonrx.com\/cs\/wp-json\/wp\/v2\/product_cat?post=15046"},{"taxonomy":"product_tag","embeddable":true,"href":"https:\/\/poseidonrx.com\/cs\/wp-json\/wp\/v2\/product_tag?post=15046"},{"taxonomy":"author","embeddable":true,"href":"https:\/\/poseidonrx.com\/cs\/wp-json\/wp\/v2\/ppma_author?post=15046"}],"curies":[{"name":"wp","href":"https:\/\/api.w.org\/{rel}","templated":true}]}}