{"id":14920,"date":"2025-12-12T11:13:19","date_gmt":"2025-12-12T10:13:19","guid":{"rendered":"https:\/\/poseidonrx.com\/masterogen-e-10ml-200mg-drostanolone-enanthate-genetic-labs\/"},"modified":"2026-05-02T22:00:15","modified_gmt":"2026-05-02T20:00:15","slug":"masterogen-e-10ml-200mg-drostanolone-enanthate-genetic-labs","status":"publish","type":"product","link":"https:\/\/poseidonrx.com\/cs\/masterogen-e-10ml-200mg-drostanolone-enanthate-genetic-labs\/","title":{"rendered":"Masterogen E 10ml\/200mg Drostanolone Enanthate &#8211; Genetic Labs"},"content":{"rendered":"<h2>Genetic Labs Drostanolone Enanthate 10 ml \/ 200 mg<\/h2>\n<p><b>Zna\u010dka:<\/b> Genetic Labs \u2013 d\u016fv\u011bryhodn\u00e9 jm\u00e9no v oblasti zvy\u0161ov\u00e1n\u00ed v\u00fdkonu.<\/p>\n<p><b>Forma:<\/b> Injek\u010dn\u00ed roztok (10ml lahvi\u010dka, 200 mg na lahvi\u010dku)<\/p>\n<p><b>Ester:<\/b> Enanth\u00e1t \u2013 poskytuje dlouhodob\u00fd profil uvol\u0148ov\u00e1n\u00ed pro trval\u00e9 anabolick\u00e9 \u00fa\u010dinky.<\/p>\n<h3>Kl\u00ed\u010dov\u00e9 v\u00fdhody<\/h3>\n<ul>\n<li>Vysok\u00e1 anabolick\u00e1 \u00fa\u010dinnost: ~120 % anabolick\u00e9 aktivity testosteronu.<\/li>\n<li>M\u00edrn\u00fd androgenn\u00ed \u00fa\u010dinek (~50 %) \u2013 pom\u00e1h\u00e1 zachovat svalovou hmotu a z\u00e1rove\u0148 minimalizuje ne\u017e\u00e1douc\u00ed vedlej\u0161\u00ed \u00fa\u010dinky.<\/li>\n<li>Ide\u00e1ln\u00ed pro \u0159ezac\u00ed cykly, zlep\u0161en\u00ed kvality sval\u016f a udr\u017een\u00ed libov\u00e9 hmoty.<\/li>\n<li>Vhodn\u00e9 pro za\u010d\u00e1te\u010dn\u00edky d\u00edky relativn\u011b bezpe\u010dn\u00e9mu profilu.<\/li>\n<\/ul>\n<h3>Pokyny pro administraci<\/h3>\n<table border=\"1\" cellpadding=\"5\">\n<tbody>\n<tr>\n<th>D\u00e1vkov\u00e1n\u00ed (mg)<\/th>\n<th>Frekvence<\/th>\n<th>Doba trv\u00e1n\u00ed (t\u00fddny)<\/th>\n<\/tr>\n<tr>\n<td>50\u2013100 mg na injekci<\/td>\n<td>Ka\u017ed\u00e9 2\u20133 dny<\/td>\n<td>4\u20136 t\u00fddn\u016f<\/td>\n<\/tr>\n<tr>\n<td>Celkem 200 mg na lahvi\u010dku<\/td>\n<td>V p\u0159\u00edpad\u011b pot\u0159eby rozd\u011blte na dv\u011b injekce<\/td>\n<td>\u2013<\/td>\n<\/tr>\n<\/tbody>\n<\/table>\n<p>Aplikujte intramuskul\u00e1rn\u011b, nejl\u00e9pe do h\u00fd\u017e\u010fov\u00e9ho nebo deltov\u00e9ho svalu. St\u0159\u00eddejte m\u00edsta vpichu, aby se sn\u00ed\u017eilo podr\u00e1\u017ed\u011bn\u00ed. Skladujte p\u0159i teplot\u011b 2\u20138 \u00b0C a chra\u0148te p\u0159ed p\u0159\u00edm\u00fdm slune\u010dn\u00edm z\u00e1\u0159en\u00edm.<\/p>\n<h3>\u010cast\u00e9 ne\u017e\u00e1douc\u00ed \u00fa\u010dinky<\/h3>\n<ul>\n<li><b>Androgenn\u00ed p\u0159\u00edznaky:<\/b> m\u00edrn\u00e9 akn\u00e9, zv\u00fd\u0161en\u00fd r\u016fst ochlupen\u00ed na t\u011ble, mo\u017en\u00e1 vypad\u00e1v\u00e1n\u00ed vlas\u016f na poko\u017ece hlavy.<\/li>\n<li>Potenci\u00e1ln\u00ed zadr\u017eov\u00e1n\u00ed vody vedouc\u00ed k do\u010dasn\u00e9mu nafouknut\u00ed.<\/li>\n<li>Vz\u00e1cn\u011b se mohou vyskytnout zm\u011bny n\u00e1lad nebo m\u00edrn\u00e1 \u00fazkost.<\/li>\n<li>Dlouhodob\u00e9 u\u017e\u00edv\u00e1n\u00ed m\u016f\u017ee potla\u010dit p\u0159irozenou produkci testosteronu; doporu\u010duje se terapie po cyklu.<\/li>\n<\/ul>\n<h3>Bezpe\u010dnost a opat\u0159en\u00ed<\/h3>\n<ul>\n<li>Vyhn\u011bte se u\u017e\u00edv\u00e1n\u00ed u osob s anamn\u00e9zou probl\u00e9m\u016f s prostatou nebo rakovinou prsu.<\/li>\n<li>Nen\u00ed schv\u00e1leno pro l\u00e9ka\u0159sk\u00e9 pou\u017eit\u00ed ve Spojen\u00fdch st\u00e1tech; je ur\u010deno v\u00fdhradn\u011b pro zv\u00fd\u0161en\u00ed v\u00fdkonu.<\/li>\n<li>V\u017edy dodr\u017eujte doporu\u010den\u00e9 d\u00e1vkov\u00e1n\u00ed, abyste minimalizovali ne\u017e\u00e1douc\u00ed \u00fa\u010dinky.<\/li>\n<\/ul>\n<p>Tento produkt je k dost\u00e1n\u00ed v PoseidonRX, internetov\u00e9 drogerii specializuj\u00edc\u00ed se na vysoce kvalitn\u00ed dopl\u0148ky stravy pro zv\u00fd\u0161en\u00ed v\u00fdkonu.<\/p>\n","protected":false},"excerpt":{"rendered":"<p>Siln\u00fd anabolick\u00fd steroid se 120% \u00fa\u010dinkem podobn\u00fdm testosteronu a m\u00edrnou androgenn\u00ed aktivitou. Dlouhodob\u011b p\u016fsob\u00edc\u00ed enanth\u00e1tov\u00fd ester poskytuje prodlou\u017een\u00e9 uvol\u0148ov\u00e1n\u00ed pro snadn\u00e9 injek\u010dn\u00ed d\u00e1vkov\u00e1n\u00ed. Ide\u00e1ln\u00ed pro cykly \u0159ez\u00e1n\u00ed, zachov\u00e1n\u00ed libov\u00e9 hmoty a zv\u00fd\u0161en\u00ed svalov\u00e9 hmoty. Dob\u0159e sn\u00e1\u0161en; vhodn\u00fd pro za\u010d\u00e1te\u010dn\u00edky pod dohledem. K dispozici v 10ml lahvi\u010dk\u00e1ch (200 mg).<\/p>\n<ul>\n<li><b>120% anabolick\u00e1 \u00fa\u010dinnost<\/b><\/li>\n<li><b>Enanth\u00e1tov\u00fd ester s prodlou\u017een\u00fdm uvol\u0148ov\u00e1n\u00edm<\/b><\/li>\n<li><b>N\u00edzk\u00e1 retence vody, vysok\u00e1 svalov\u00e1 definice<\/b><\/li>\n<li><b>Vhodn\u00e9 pro 8\u201312t\u00fddenn\u00ed programy hubnut\u00ed<\/b><\/li>\n<li><b>Minim\u00e1ln\u00ed estrogenn\u00ed vedlej\u0161\u00ed \u00fa\u010dinky<\/b><\/li>\n<\/ul>\n","protected":false},"author":18,"featured_media":20782,"comment_status":"open","ping_status":"closed","template":"","meta":{"_gspb_post_css":""},"store":[5638],"product_brand":[],"product_cat":[1750,5639,6594,1498],"product_tag":[],"ppma_author":[259],"class_list":{"0":"post-14920","1":"product","2":"type-product","3":"status-publish","4":"has-post-thumbnail","6":"store-genetic-labs-cs","7":"product_cat-anabolic-steroids-cs","8":"product_cat-drostanolone-enanthate-cs","9":"product_cat-injectable-anabolics-cs","10":"product_cat-injectable-steroids-cs","11":"pa_active-ingredients-drostanolone-enanthate-cs","12":"pa_also-known-as-drostan-cs","13":"pa_also-known-as-mastergen-cs","14":"pa_also-known-as-mastergene-cs","16":"first","17":"instock","18":"sale","19":"purchasable","20":"product-type-simple"},"_links":{"self":[{"href":"https:\/\/poseidonrx.com\/cs\/wp-json\/wp\/v2\/product\/14920","targetHints":{"allow":["GET"]}}],"collection":[{"href":"https:\/\/poseidonrx.com\/cs\/wp-json\/wp\/v2\/product"}],"about":[{"href":"https:\/\/poseidonrx.com\/cs\/wp-json\/wp\/v2\/types\/product"}],"author":[{"embeddable":true,"href":"https:\/\/poseidonrx.com\/cs\/wp-json\/wp\/v2\/users\/18"}],"replies":[{"embeddable":true,"href":"https:\/\/poseidonrx.com\/cs\/wp-json\/wp\/v2\/comments?post=14920"}],"wp:featuredmedia":[{"embeddable":true,"href":"https:\/\/poseidonrx.com\/cs\/wp-json\/wp\/v2\/media\/20782"}],"wp:attachment":[{"href":"https:\/\/poseidonrx.com\/cs\/wp-json\/wp\/v2\/media?parent=14920"}],"wp:term":[{"taxonomy":"store","embeddable":true,"href":"https:\/\/poseidonrx.com\/cs\/wp-json\/wp\/v2\/store?post=14920"},{"taxonomy":"product_brand","embeddable":true,"href":"https:\/\/poseidonrx.com\/cs\/wp-json\/wp\/v2\/product_brand?post=14920"},{"taxonomy":"product_cat","embeddable":true,"href":"https:\/\/poseidonrx.com\/cs\/wp-json\/wp\/v2\/product_cat?post=14920"},{"taxonomy":"product_tag","embeddable":true,"href":"https:\/\/poseidonrx.com\/cs\/wp-json\/wp\/v2\/product_tag?post=14920"},{"taxonomy":"author","embeddable":true,"href":"https:\/\/poseidonrx.com\/cs\/wp-json\/wp\/v2\/ppma_author?post=14920"}],"curies":[{"name":"wp","href":"https:\/\/api.w.org\/{rel}","templated":true}]}}