{"id":8584,"date":"2024-11-07T11:49:34","date_gmt":"2024-11-07T16:49:34","guid":{"rendered":"https:\/\/poseidonrx.com\/seznam-prani\/"},"modified":"2025-01-22T09:31:37","modified_gmt":"2025-01-22T14:31:37","slug":"seznam-prani","status":"publish","type":"page","link":"https:\/\/poseidonrx.com\/cs\/seznam-prani\/","title":{"rendered":"Seznam p\u0159\u00e1n\u00ed"},"content":{"rendered":"There is nothing in your wishlist","protected":false},"excerpt":{"rendered":"","protected":false},"author":18,"featured_media":0,"parent":0,"menu_order":0,"comment_status":"closed","ping_status":"closed","template":"","meta":{"_gspb_post_css":"","footnotes":""},"class_list":["post-8584","page","type-page","status-publish","hentry"],"_links":{"self":[{"href":"https:\/\/poseidonrx.com\/cs\/wp-json\/wp\/v2\/pages\/8584","targetHints":{"allow":["GET"]}}],"collection":[{"href":"https:\/\/poseidonrx.com\/cs\/wp-json\/wp\/v2\/pages"}],"about":[{"href":"https:\/\/poseidonrx.com\/cs\/wp-json\/wp\/v2\/types\/page"}],"author":[{"embeddable":true,"href":"https:\/\/poseidonrx.com\/cs\/wp-json\/wp\/v2\/users\/18"}],"replies":[{"embeddable":true,"href":"https:\/\/poseidonrx.com\/cs\/wp-json\/wp\/v2\/comments?post=8584"}],"version-history":[{"count":0,"href":"https:\/\/poseidonrx.com\/cs\/wp-json\/wp\/v2\/pages\/8584\/revisions"}],"wp:attachment":[{"href":"https:\/\/poseidonrx.com\/cs\/wp-json\/wp\/v2\/media?parent=8584"}],"curies":[{"name":"wp","href":"https:\/\/api.w.org\/{rel}","templated":true}]}}