{"id":8573,"date":"2022-10-10T16:32:54","date_gmt":"2022-10-10T20:32:54","guid":{"rendered":"https:\/\/poseidonrx.com\/about-us\/"},"modified":"2025-01-21T07:51:26","modified_gmt":"2025-01-21T12:51:26","slug":"about-us","status":"publish","type":"page","link":"https:\/\/poseidonrx.com\/cs\/about-us\/","title":{"rendered":"O n\u00e1s"},"content":{"rendered":"<figure class=\"wp-block-image\"><img decoding=\"async\" width=\"1360\" height=\"768\" src=\"http:\/\/poseidonrx.com\/wp-content\/uploads\/2025\/01\/poseidonrx-about.jpg\" alt=\"poseidonrx o\" class=\"wp-image-10763\" srcset=\"https:\/\/poseidonrx.com\/wp-content\/uploads\/2025\/01\/poseidonrx-about.jpg 1360w, https:\/\/poseidonrx.com\/wp-content\/uploads\/2025\/01\/poseidonrx-about-300x169.jpg 300w, https:\/\/poseidonrx.com\/wp-content\/uploads\/2025\/01\/poseidonrx-about-1024x578.jpg 1024w, https:\/\/poseidonrx.com\/wp-content\/uploads\/2025\/01\/poseidonrx-about-599x338.jpg 599w\" sizes=\"(max-width: 1360px) 100vw, 1360px\" \/><\/figure><p class=\"has-text-align-center has-large-font-size\" style=\"line-height:1.4\"><span style=\"vertical-align: inherit;\"><span style=\"vertical-align: inherit;\">V\u00edtejte na PoseidonRX.com \u2013 v\u00e1\u0161 d\u016fv\u011bryhodn\u00fd zdroj vysoce kvalitn\u00edch anabolick\u00fdch steroid\u016f a wellness produkt\u016f!<\/span><\/span><\/p><p><span style=\"vertical-align: inherit;\"><span style=\"vertical-align: inherit;\">V PoseidonRX jsme odhodl\u00e1ni poskytovat na\u0161im z\u00e1kazn\u00edk\u016fm autentick\u00e9, bezpe\u010dn\u00e9 a vysoce \u00fa\u010dinn\u00e9 produkty navr\u017een\u00e9 pro podporu va\u0161ich c\u00edl\u016f v oblasti zdrav\u00ed a fitness. N\u00e1\u0161 internetov\u00fd obchod se specializuje na komplexn\u00ed \u0159adu produkt\u016f, v\u010detn\u011b injek\u010dn\u00edch steroid\u016f, peror\u00e1ln\u00edch anabolick\u00fdch steroid\u016f, produkt\u016f Post Cycle Therapy (PCT), lidsk\u00e9ho r\u016fstov\u00e9ho hormonu (HGH) a lidsk\u00e9ho choriov\u00e9ho gonadotropinu (HCG), hormon\u016f a sexu\u00e1ln\u00edch stimulant\u016f. Spolupracujeme v\u00fdhradn\u011b s renomovan\u00fdmi v\u00fdrobci, jako jsou Balkan Pharmaceuticals a SP Laboratories, co\u017e zaru\u010duje nejvy\u0161\u0161\u00ed standardy kvality a \u00fa\u010dinnosti pro ka\u017ed\u00fd produkt.<\/span><\/span><\/p><h2 class=\"wp-block-heading\" id=\"-why-choose-poseidonrx-\"><strong><span style=\"vertical-align: inherit;\"><span style=\"vertical-align: inherit;\">Pro\u010d zvolit PoseidonRX?<\/span><\/span><\/strong><\/h2><h3 class=\"wp-block-heading\" id=\"-authentic-certified-products-\"><strong><span style=\"vertical-align: inherit;\"><span style=\"vertical-align: inherit;\">Autentick\u00e9, certifikovan\u00e9 produkty<\/span><\/span><\/strong><\/h3><p><span style=\"vertical-align: inherit;\"><span style=\"vertical-align: inherit;\">Va\u0161e zdrav\u00ed a bezpe\u010dnost jsou na\u0161imi hlavn\u00edmi prioritami. V\u0161echny na\u0161e produkty spl\u0148uj\u00ed p\u0159\u00edsn\u00e9 mezin\u00e1rodn\u00ed v\u00fdrobn\u00ed standardy a spl\u0148uj\u00ed p\u0159\u00edsn\u00e9 l\u00e9ka\u0159sk\u00e9 a hygienick\u00e9 p\u0159edpisy. Ka\u017ed\u00fd p\u0159edm\u011bt, kter\u00fd vyr\u00e1b\u00ed spole\u010dnost SP Laboratories, je vyroben pomoc\u00ed pokro\u010dil\u00fdch technologi\u00ed, kter\u00e9 zaji\u0161\u0165uj\u00ed bezpe\u010dnost i \u00fa\u010dinnost. M\u016f\u017eete se spolehnout, \u017ee ka\u017ed\u00fd produkt, kter\u00fd nab\u00edz\u00edme, spl\u0148uje \u2013 a \u010dasto p\u0159ekra\u010duje \u2013 nejp\u0159\u00edsn\u011bj\u0161\u00ed bezpe\u010dnostn\u00ed standardy v oboru.<\/span><\/span><\/p><h3 class=\"wp-block-heading\" id=\"verify-product-legitimacy\"><strong><span style=\"vertical-align: inherit;\"><span style=\"vertical-align: inherit;\">Ov\u011b\u0159te legitimitu produktu<\/span><\/span><\/strong><\/h3><p><span style=\"vertical-align: inherit;\"><span style=\"vertical-align: inherit;\">V\u011b\u0159\u00edme v naprostou transparentnost a chceme, aby se na\u0161i z\u00e1kazn\u00edci c\u00edtili p\u0159i sv\u00fdch n\u00e1kupech sebejist\u011b. Jakmile obdr\u017e\u00edte sv\u00e9 produkty, m\u016f\u017eete ov\u011b\u0159it jejich pravost kontrolou jedine\u010dn\u00e9ho s\u00e9riov\u00e9ho \u010d\u00edsla na \u0161t\u00edtku. To zaji\u0161\u0165uje, \u017ee z\u00edsk\u00e1v\u00e1te origin\u00e1ln\u00ed produkt p\u0159\u00edmo od v\u00fdrobce. <\/span><\/span><br><span style=\"vertical-align: inherit;\"><span style=\"vertical-align: inherit;\"><br>Zde jsou n\u011bkte\u0159\u00ed v\u00fdrobci, kte\u0159\u00ed poskytuj\u00ed online n\u00e1stroje pro ov\u011b\u0159ov\u00e1n\u00ed pravosti:<\/span><\/span><\/p><ul class=\"wp-block-list\"><li><strong><span style=\"vertical-align: inherit;\"><span style=\"vertical-align: inherit;\">Balkan Pharmaceuticals<\/span><\/span><\/strong><span style=\"vertical-align: inherit;\"><span style=\"vertical-align: inherit;\"> :\u00a0 <a href=\"https:\/\/balkanpharmaceuticals.com\/\" rel=\"nofollow noopener\" target=\"_blank\">Ov\u011b\u0159te zde<\/a><\/span><\/span><\/li>\n\n<li><strong><span style=\"vertical-align: inherit;\"><span style=\"vertical-align: inherit;\">SP Laboratory<\/span><\/span><\/strong><span style=\"vertical-align: inherit;\"><span style=\"vertical-align: inherit;\"> :\u00a0 <a href=\"http:\/\/sp-laboratory.com\/antypiracy.html\" rel=\"nofollow noopener\" target=\"_blank\">Ov\u011b\u0159te zde<\/a><\/span><\/span><\/li>\n\n<li><strong><span style=\"vertical-align: inherit;\"><span style=\"vertical-align: inherit;\">Dragon Pharma<\/span><\/span><\/strong><span style=\"vertical-align: inherit;\"><span style=\"vertical-align: inherit;\"> :\u00a0 <a href=\"https:\/\/authenticate.dragonpharma.in\/\" rel=\"nofollow noopener\" target=\"_blank\">Ov\u011b\u0159te zde<\/a><\/span><\/span><\/li><\/ul><p><span style=\"vertical-align: inherit;\"><span style=\"vertical-align: inherit;\">Tato dal\u0161\u00ed vrstva ov\u011b\u0159ov\u00e1n\u00ed zaru\u010duje, \u017ee poka\u017ed\u00e9 kupujete autentick\u00e9, vysoce kvalitn\u00ed produkty.<\/span><\/span><\/p><h3 class=\"wp-block-heading\" id=\"-fast-shipping-reliable-delivery-\"><strong><span style=\"vertical-align: inherit;\"><span style=\"vertical-align: inherit;\">Rychl\u00e9 odesl\u00e1n\u00ed a spolehliv\u00e9 doru\u010den\u00ed<\/span><\/span><\/strong><\/h3><p><span style=\"vertical-align: inherit;\"><span style=\"vertical-align: inherit;\">PoseidonRX se zam\u011b\u0159uje na zaji\u0161t\u011bn\u00ed toho, aby se k v\u00e1m va\u0161e produkty dostaly rychle a bezpe\u010dn\u011b. S tis\u00edci bal\u00edk\u016f odeslan\u00fdch po cel\u00e9m sv\u011bt\u011b jsme hrd\u00ed na vysokou \u00fasp\u011b\u0161nost doru\u010den\u00ed. V\u0161echny objedn\u00e1vky jsou odes\u00edl\u00e1ny diskr\u00e9tn\u011b a poskytujeme sledovac\u00ed \u010d\u00edsla, abyste mohli sledovat sv\u016fj bal\u00ed\u010dek v ka\u017ed\u00e9 f\u00e1zi jeho cesty.<\/span><\/span><\/p><h3 class=\"wp-block-heading\" id=\"-competitive-pricing-\"><strong><span style=\"vertical-align: inherit;\"><span style=\"vertical-align: inherit;\">Konkuren\u010dn\u00ed ceny<\/span><\/span><\/strong><\/h3><p><span style=\"vertical-align: inherit;\"><span style=\"vertical-align: inherit;\">Na\u0161e p\u0159\u00edm\u00e1 partnerstv\u00ed s v\u00fdrobci n\u00e1m umo\u017e\u0148uj\u00ed nab\u00edzet v\u00e1m nejkvalitn\u011bj\u0161\u00ed steroidy, peptidy a HGH za bezkonkuren\u010dn\u00ed ceny. Vylou\u010den\u00edm prost\u0159edn\u00edk\u016f zaji\u0161\u0165ujeme, \u017ee na\u0161i z\u00e1kazn\u00edci obdr\u017e\u00ed origin\u00e1ln\u00ed produkty za nejlep\u0161\u00ed cenu. Abychom v\u00e1m n\u00e1kup je\u0161t\u011b vylep\u0161ili, pravideln\u011b nab\u00edz\u00edme slevy a speci\u00e1ln\u00ed akce, kter\u00e9 v\u00e1m pomohou je\u0161t\u011b v\u00edce u\u0161et\u0159it.<\/span><\/span><\/p><h3 class=\"wp-block-heading\" id=\"-expert-support-from-highly-trained-specialists-\"><strong><span style=\"vertical-align: inherit;\"><span style=\"vertical-align: inherit;\">Odborn\u00e1 podpora od vysoce vy\u0161kolen\u00fdch specialist\u016f<\/span><\/span><\/strong><\/h3><p><span style=\"vertical-align: inherit;\"><span style=\"vertical-align: inherit;\">PoseidonRX se zavazuje poskytovat z\u00e1kazn\u00edk\u016fm \u0161pi\u010dkov\u00e9 slu\u017eby. N\u00e1\u0161 t\u00fdm zku\u0161en\u00fdch odborn\u00edk\u016f na z\u00e1kaznick\u00fd servis a v\u00fd\u017eivov\u00fdch specialist\u016f je zde, aby zodpov\u011bd\u011bl v\u0161echny va\u0161e ot\u00e1zky a poskytl v\u00e1m rady, kter\u00e9 pot\u0159ebujete. Nev\u00e1hejte se na n\u00e1s kdykoli obr\u00e1tit \u2013 v\u017edy v\u00e1m r\u00e1di pom\u016f\u017eeme.<\/span><\/span><\/p><h3 class=\"wp-block-heading\" id=\"-exclusive-offers-and-loyalty-rewards-\"><strong><span style=\"vertical-align: inherit;\"><span style=\"vertical-align: inherit;\">Exkluzivn\u00ed nab\u00eddky a v\u011brnostn\u00ed odm\u011bny<\/span><\/span><\/strong><\/h3><p><span style=\"vertical-align: inherit;\"><span style=\"vertical-align: inherit;\">Na\u0161i z\u00e1kazn\u00edci pro n\u00e1s znamenaj\u00ed sv\u011bt a my to r\u00e1di vrac\u00edme! Sledujte speci\u00e1ln\u00ed akce, v\u011brnostn\u00ed bonusy a \u010dasov\u011b omezen\u00e9 slevy a\u017e 70 %. Ob\u010das nab\u00edz\u00edme dopravu zdarma a dokonce i d\u00e1rky k n\u00e1kupu, aby byl v\u00e1\u0161 z\u00e1\u017eitek s n\u00e1mi je\u0161t\u011b p\u0159\u00ednosn\u011bj\u0161\u00ed.<\/span><\/span><\/p><h3 class=\"wp-block-heading\" id=\"-secure-private-ordering-\"><strong><span style=\"vertical-align: inherit;\"><span style=\"vertical-align: inherit;\">Bezpe\u010dn\u00e9, soukrom\u00e9 objedn\u00e1v\u00e1n\u00ed<\/span><\/span><\/strong><\/h3><p><span style=\"vertical-align: inherit;\"><span style=\"vertical-align: inherit;\">Va\u0161e soukrom\u00ed a bezpe\u010dnost bereme v\u00e1\u017en\u011b. V PoseidonRX jsou v\u0161echny transakce \u0161ifrov\u00e1ny, co\u017e zaji\u0161\u0165uje, \u017ee va\u0161e citliv\u00e9 informace z\u016fstanou v bezpe\u010d\u00ed a d\u016fv\u011brn\u00e9. Respektujeme va\u0161e soukrom\u00ed a slibujeme, \u017ee nikdy neprod\u00e1me, nepronajmeme ani nesd\u00edl\u00edme va\u0161e osobn\u00ed \u00fadaje s \u017e\u00e1dnou t\u0159et\u00ed stranou. Nikdy od n\u00e1s nebudete dost\u00e1vat nevy\u017e\u00e1dan\u00e9 e-maily.<\/span><\/span><\/p>","protected":false},"excerpt":{"rendered":"<p>V\u00edtejte na PoseidonRX.com \u2013 v\u00e1\u0161 d\u016fv\u011bryhodn\u00fd zdroj vysoce kvalitn\u00edch anabolick\u00fdch steroid\u016f a wellness produkt\u016f! V PoseidonRX jsme odhodl\u00e1ni poskytovat na\u0161im z\u00e1kazn\u00edk\u016fm autentick\u00e9, bezpe\u010dn\u00e9 a vysoce \u00fa\u010dinn\u00e9 produkty navr\u017een\u00e9 pro podporu va\u0161ich c\u00edl\u016f v oblasti zdrav\u00ed a fitness. N\u00e1\u0161 internetov\u00fd obchod se specializuje na komplexn\u00ed \u0159adu produkt\u016f, v\u010detn\u011b injek\u010dn\u00edch steroid\u016f, peror\u00e1ln\u00edch anabolick\u00fdch steroid\u016f, produkt\u016f Post Cycle [&hellip;]<\/p>\n","protected":false},"author":18,"featured_media":0,"parent":0,"menu_order":0,"comment_status":"closed","ping_status":"closed","template":"","meta":{"_gspb_post_css":"","footnotes":""},"class_list":["post-8573","page","type-page","status-publish","hentry"],"_links":{"self":[{"href":"https:\/\/poseidonrx.com\/cs\/wp-json\/wp\/v2\/pages\/8573","targetHints":{"allow":["GET"]}}],"collection":[{"href":"https:\/\/poseidonrx.com\/cs\/wp-json\/wp\/v2\/pages"}],"about":[{"href":"https:\/\/poseidonrx.com\/cs\/wp-json\/wp\/v2\/types\/page"}],"author":[{"embeddable":true,"href":"https:\/\/poseidonrx.com\/cs\/wp-json\/wp\/v2\/users\/18"}],"replies":[{"embeddable":true,"href":"https:\/\/poseidonrx.com\/cs\/wp-json\/wp\/v2\/comments?post=8573"}],"version-history":[{"count":0,"href":"https:\/\/poseidonrx.com\/cs\/wp-json\/wp\/v2\/pages\/8573\/revisions"}],"wp:attachment":[{"href":"https:\/\/poseidonrx.com\/cs\/wp-json\/wp\/v2\/media?parent=8573"}],"curies":[{"name":"wp","href":"https:\/\/api.w.org\/{rel}","templated":true}]}}