{"id":8564,"date":"2024-11-07T13:30:15","date_gmt":"2024-11-07T18:30:15","guid":{"rendered":"https:\/\/poseidonrx.com\/terms-of-use\/"},"modified":"2025-01-02T10:54:56","modified_gmt":"2025-01-02T15:54:56","slug":"terms-of-use","status":"publish","type":"page","link":"https:\/\/poseidonrx.com\/cs\/terms-of-use\/","title":{"rendered":"Podm\u00ednky pou\u017eit\u00ed"},"content":{"rendered":"<h2 class=\"wp-block-heading\" id=\"acceptance-of-terms\"><font style=\"vertical-align: inherit;\"><font style=\"vertical-align: inherit;\">P\u0159ijet\u00ed podm\u00ednek<\/font><\/font><\/h2>\n<p><font style=\"vertical-align: inherit;\"><font style=\"vertical-align: inherit;\">Zakoupen\u00edm produkt\u016f od PoseidonRX berete na v\u011bdom\u00ed a p\u0159ij\u00edm\u00e1te na\u0161e obchodn\u00ed podm\u00ednky. Pokud s t\u011bmito podm\u00ednkami nesouhlas\u00edte, nepotvrzujte svou objedn\u00e1vku. Objedn\u00e1vky jsou zpracov\u00e1v\u00e1ny a expedov\u00e1ny a\u017e po potvrzen\u00ed kupuj\u00edc\u00edm na z\u00e1klad\u011b t\u011bchto obchodn\u00edch podm\u00ednek. Objedn\u00e1vka z na\u0161ich str\u00e1nek p\u0159edstavuje souhlas s dodr\u017eov\u00e1n\u00edm v\u0161ech podnikov\u00fdch p\u0159edpis\u016f.<\/font><\/font><\/p>\n<h2 class=\"wp-block-heading\" id=\"affiliate-disclaimer\"><font style=\"vertical-align: inherit;\"><font style=\"vertical-align: inherit;\">Prohl\u00e1\u0161en\u00ed o p\u0159idru\u017een\u00ed<\/font><\/font><\/h2>\n<p><font style=\"vertical-align: inherit;\"><font style=\"vertical-align: inherit;\">PoseidonRX funguje jako affiliate web a neprod\u00e1v\u00e1 ani nedistribuuje drogy p\u0159\u00edmo. Ve\u0161ker\u00e9 n\u00e1kupy proveden\u00e9 prost\u0159ednictv\u00edm ko\u0161\u00edku na t\u00e9to str\u00e1nce zpracov\u00e1vaj\u00ed prodejci t\u0159et\u00edch stran, kte\u0159\u00ed jsou v\u00fdhradn\u011b odpov\u011bdn\u00ed za prodej, p\u0159epravu a dod\u00e1n\u00ed produkt\u016f. PoseidonRX z\u00edsk\u00e1v\u00e1 provizi z kvalifikovan\u00fdch n\u00e1kup\u016f, ale nepod\u00edl\u00ed se na p\u0159\u00edm\u00e9m prodeji nebo manipulaci s \u017e\u00e1dn\u00fdmi produkty.<\/font><\/font><\/p>\n<h2 class=\"wp-block-heading\" id=\"disclaimer\"><font style=\"vertical-align: inherit;\"><font style=\"vertical-align: inherit;\">Z\u0159eknut\u00ed se odpov\u011bdnosti<\/font><\/font><\/h2>\n<p><font style=\"vertical-align: inherit;\"><font style=\"vertical-align: inherit;\">PoseidonRX nep\u0159eb\u00edr\u00e1 \u017e\u00e1dnou odpov\u011bdnost za zneu\u017eit\u00ed jak\u00fdchkoli prodan\u00fdch produkt\u016f. Informace na tomto webu a v\u0161ech odkazovan\u00fdch str\u00e1nk\u00e1ch slou\u017e\u00ed pouze k obecn\u00fdm informa\u010dn\u00edm \u00fa\u010del\u016fm a nejsou ur\u010deny k propagaci nebo podpo\u0159e pou\u017e\u00edv\u00e1n\u00ed jak\u00fdchkoli l\u00e9k\u016f nebo l\u00e1tek pro \u00fa\u010dely, kter\u00e9 nejsou schv\u00e1leny poskytovateli zdravotn\u00ed p\u00e9\u010de. Prohl\u00ed\u017een\u00edm na\u0161ich informac\u00ed nebo n\u00e1kupem produkt\u016f souhlas\u00edte s t\u00edm, \u017ee spole\u010dnost PoseidonRX, jej\u00ed vedouc\u00ed pracovn\u00edci, \u0159editel\u00e9 a nabyvatel\u00e9 budou chr\u00e1n\u011bni p\u0159ed jak\u00fdmikoli p\u0159edpokl\u00e1dan\u00fdmi nebo nep\u0159edv\u00eddateln\u00fdmi \u0161kodami.<\/font><\/font><\/p>\n<p><font style=\"vertical-align: inherit;\"><font style=\"vertical-align: inherit;\">PoseidonRX neobhajuje ani nepodporuje zneu\u017eit\u00ed jak\u00fdchkoli produkt\u016f. Poskytnut\u00e9 informace nejsou ur\u010deny k podpo\u0159e u\u017e\u00edv\u00e1n\u00ed anabolick\u00fdch steroid\u016f, jin\u00fdch l\u00e9k\u016f nebo kontrolovan\u00fdch l\u00e1tek. Nem\u016f\u017eeme n\u00e9st odpov\u011bdnost za jedn\u00e1n\u00ed na\u0161ich z\u00e1kazn\u00edk\u016f nebo jak\u00e9koli zneu\u017eit\u00ed na\u0161eho obsahu. P\u0159ed zva\u017eov\u00e1n\u00edm pou\u017eit\u00ed kontrolovan\u00fdch l\u00e1tek se v\u017edy pora\u010fte s l\u00e9ka\u0159em, proto\u017ee nespr\u00e1vn\u00e9 pou\u017eit\u00ed m\u016f\u017ee v\u00e9st k v\u00e1\u017en\u00fdm a trval\u00fdm zdravotn\u00edm probl\u00e9m\u016fm.<\/font><\/font><\/p>\n<h2 class=\"wp-block-heading\" id=\"no-direct-sale-of-controlled-substances\"><strong><font style=\"vertical-align: inherit;\"><font style=\"vertical-align: inherit;\">\u017d\u00e1dn\u00fd p\u0159\u00edm\u00fd prodej kontrolovan\u00fdch l\u00e1tek<\/font><\/font><\/strong><\/h2>\n<p><font style=\"vertical-align: inherit;\"><font style=\"vertical-align: inherit;\">Neprod\u00e1v\u00e1me regulovan\u00e9 l\u00e1tky p\u0159\u00edmo z na\u0161ich webov\u00fdch str\u00e1nek. Jak\u00e9koli odkazy na takov\u00e9 produkty maj\u00ed pouze informativn\u00ed charakter. Je v\u00fdhradn\u00ed odpov\u011bdnost\u00ed u\u017eivatele zajistit dodr\u017eov\u00e1n\u00ed v\u0161ech m\u00edstn\u00edch, n\u00e1rodn\u00edch a mezin\u00e1rodn\u00edch z\u00e1kon\u016f t\u00fdkaj\u00edc\u00edch se n\u00e1kupu a pou\u017e\u00edv\u00e1n\u00ed jak\u00fdchkoli farmaceutick\u00fdch produkt\u016f.<\/font><\/font><\/p>\n<h2 class=\"wp-block-heading\" id=\"product-guarantee\"><font style=\"vertical-align: inherit;\"><font style=\"vertical-align: inherit;\">Z\u00e1ruka na produkt<\/font><\/font><\/h2>\n<p><font style=\"vertical-align: inherit;\"><font style=\"vertical-align: inherit;\">V\u0161echny produkty jsou dod\u00e1v\u00e1ny s vyti\u0161t\u011bn\u00fdmi daty expirace. Pokud obdr\u017e\u00edte produkty s pro\u0161l\u00fdm datem pou\u017eitelnosti, okam\u017eit\u011b n\u00e1s kontaktujte a polo\u017eky nepou\u017e\u00edvejte. PoseidonRX neposkytuje \u017e\u00e1dn\u00e9 z\u00e1ruky, v\u00fdslovn\u00e9 ani p\u0159edpokl\u00e1dan\u00e9, t\u00fdkaj\u00edc\u00ed se kvality nebo vhodnosti produkt\u016f pro jak\u00fdkoli konkr\u00e9tn\u00ed \u00fa\u010del, s v\u00fdjimkou p\u0159\u00edpad\u016f vy\u017eadovan\u00fdch z\u00e1konem.<\/font><\/font><\/p>\n<h2 class=\"wp-block-heading\" id=\"terms-of-purchase\"><font style=\"vertical-align: inherit;\"><font style=\"vertical-align: inherit;\">Podm\u00ednky n\u00e1kupu<\/font><\/font><\/h2>\n<p><font style=\"vertical-align: inherit;\"><font style=\"vertical-align: inherit;\">Pro objedn\u00e1n\u00ed u PoseidonRX v\u00e1m mus\u00ed b\u00fdt alespo\u0148 21 let. Je odpov\u011bdnost\u00ed kupuj\u00edc\u00edho porozum\u011bt a dodr\u017eovat dovozn\u00ed po\u017eadavky sv\u00e9 vlastn\u00ed zem\u011b. V\u0161echny produkty jsou zas\u00edl\u00e1ny:<\/font><\/font><\/p>\n<p><font style=\"vertical-align: inherit;\"><font style=\"vertical-align: inherit;\">Na pln\u00e9 riziko kupuj\u00edc\u00edho. S v\u011bdom\u00edm, \u017ee kupuj\u00edc\u00ed bude v\u00fdhradn\u011b odpov\u011bdn\u00fd za jak\u00e9koli pr\u00e1vn\u00ed d\u016fsledky, pokud objedn\u00e1vka nebude v souladu s m\u00edstn\u00edmi dovozn\u00edmi p\u0159edpisy. Mezin\u00e1rodn\u00ed m\u011bnov\u00e9 rozd\u00edly a zm\u011bny v n\u00e1kladech na pln\u011bn\u00ed mohou ovlivnit ceny bez p\u0159edchoz\u00edho upozorn\u011bn\u00ed. Dostupnost produktu se m\u016f\u017ee kdykoli zm\u011bnit. Objedn\u00e1vky jsou kone\u010dn\u00e9 po zpracov\u00e1n\u00ed platby. Po n\u00e1kupu obdr\u017e\u00edte e-mail s potvrzen\u00edm objedn\u00e1vky s podrobnostmi a informacemi o sledov\u00e1n\u00ed.<\/font><\/font><\/p>\n<h2 class=\"wp-block-heading\" id=\"delivery-of-products\"><font style=\"vertical-align: inherit;\"><font style=\"vertical-align: inherit;\">Dod\u00e1vka produkt\u016f<\/font><\/font><\/h2>\n<p><font style=\"vertical-align: inherit;\"><font style=\"vertical-align: inherit;\">Pou\u017e\u00edv\u00e1me bezpe\u010dn\u00e9 zp\u016fsoby dopravy, abychom zajistili diskr\u00e9tn\u00ed doru\u010den\u00ed. Objedn\u00e1vky budou zasl\u00e1ny na dodac\u00ed adresu uvedenou v pokladn\u011b s odhadovan\u00fdmi dodac\u00edmi lh\u016ftami takto:<\/font><\/font><\/p>\n<p><font style=\"vertical-align: inherit;\"><font style=\"vertical-align: inherit;\">B\u011b\u017en\u00e1 leteck\u00e1 po\u0161ta: 10-13 dn\u00ed v USA, 9-12 dn\u00ed v Evrop\u011b. Expresn\u00ed z\u00e1silky: 1-3 pracovn\u00ed dny. Doru\u010den\u00ed do N\u011bmecka, Kanady a Austr\u00e1lie doporu\u010denou po\u0161tou: 12-15 pracovn\u00edch dn\u016f. Dodac\u00ed lh\u016fty se mohou li\u0161it v d\u016fsledku sv\u00e1tk\u016f nebo nep\u0159edv\u00eddan\u00fdch probl\u00e9m\u016f s po\u0161tou. Term\u00edny dod\u00e1n\u00ed jsou p\u0159ibli\u017en\u00e9 a nejsou zaru\u010den\u00e9. Jakmile bude v\u00e1\u0161 bal\u00ed\u010dek p\u0159ijat a ov\u011b\u0159en, PoseidonRX ji\u017e neru\u010d\u00ed za ztracen\u00e9 nebo po\u0161kozen\u00e9 zbo\u017e\u00ed. Udr\u017eeli jsme vysokou \u00fasp\u011b\u0161nost mezin\u00e1rodn\u00edch dod\u00e1vek; objedn\u00e1vky, kter\u00e9 nebyly p\u0159ijaty kv\u016fli nespr\u00e1vn\u00fdm informac\u00edm o p\u0159eprav\u011b nebo nedostupnosti p\u0159\u00edjemce, v\u0161ak nelze znovu odeslat. Pouze polo\u017eky zabaven\u00e9 celn\u00edmi org\u00e1ny nebo po\u0161kozen\u00e9 b\u011bhem doru\u010den\u00ed jsou zp\u016fsobil\u00e9 k op\u011btovn\u00e9mu odesl\u00e1n\u00ed.<\/font><\/font><\/p>\n<h2 class=\"wp-block-heading\" id=\"liability\"><font style=\"vertical-align: inherit;\"><font style=\"vertical-align: inherit;\">Odpov\u011bdnost<\/font><\/font><\/h2>\n<p><font style=\"vertical-align: inherit;\"><font style=\"vertical-align: inherit;\">PoseidonRX nenese odpov\u011bdnost za ztr\u00e1ty zp\u016fsoben\u00e9 nep\u0159esn\u00fdmi informacemi o p\u0159eprav\u011b nebo zme\u0161kan\u00fdmi dod\u00e1vkami. Vzhledem k pou\u017eit\u00fdm diskr\u00e9tn\u00edm zp\u016fsob\u016fm dopravy jsou z\u00e1silky nevratn\u00e9.<\/font><\/font><\/p>\n","protected":false},"excerpt":{"rendered":"<p>P\u0159ijet\u00ed podm\u00ednek Zakoupen\u00edm produkt\u016f od PoseidonRX berete na v\u011bdom\u00ed a p\u0159ij\u00edm\u00e1te na\u0161e obchodn\u00ed podm\u00ednky. Pokud s t\u011bmito podm\u00ednkami nesouhlas\u00edte, nepotvrzujte svou objedn\u00e1vku. Objedn\u00e1vky jsou zpracov\u00e1v\u00e1ny a expedov\u00e1ny a\u017e po potvrzen\u00ed kupuj\u00edc\u00edm na z\u00e1klad\u011b t\u011bchto obchodn\u00edch podm\u00ednek. Objedn\u00e1vka z na\u0161ich str\u00e1nek p\u0159edstavuje souhlas s dodr\u017eov\u00e1n\u00edm v\u0161ech podnikov\u00fdch p\u0159edpis\u016f. Prohl\u00e1\u0161en\u00ed o p\u0159idru\u017een\u00ed PoseidonRX funguje jako affiliate web [&hellip;]<\/p>\n","protected":false},"author":18,"featured_media":0,"parent":0,"menu_order":0,"comment_status":"closed","ping_status":"closed","template":"","meta":{"_gspb_post_css":"","footnotes":""},"class_list":["post-8564","page","type-page","status-publish","hentry"],"_links":{"self":[{"href":"https:\/\/poseidonrx.com\/cs\/wp-json\/wp\/v2\/pages\/8564","targetHints":{"allow":["GET"]}}],"collection":[{"href":"https:\/\/poseidonrx.com\/cs\/wp-json\/wp\/v2\/pages"}],"about":[{"href":"https:\/\/poseidonrx.com\/cs\/wp-json\/wp\/v2\/types\/page"}],"author":[{"embeddable":true,"href":"https:\/\/poseidonrx.com\/cs\/wp-json\/wp\/v2\/users\/18"}],"replies":[{"embeddable":true,"href":"https:\/\/poseidonrx.com\/cs\/wp-json\/wp\/v2\/comments?post=8564"}],"version-history":[{"count":0,"href":"https:\/\/poseidonrx.com\/cs\/wp-json\/wp\/v2\/pages\/8564\/revisions"}],"wp:attachment":[{"href":"https:\/\/poseidonrx.com\/cs\/wp-json\/wp\/v2\/media?parent=8564"}],"curies":[{"name":"wp","href":"https:\/\/api.w.org\/{rel}","templated":true}]}}