{"id":8561,"date":"2024-11-07T13:12:08","date_gmt":"2024-11-07T12:12:08","guid":{"rendered":"https:\/\/poseidonrx.com\/faq\/"},"modified":"2026-02-02T10:50:10","modified_gmt":"2026-02-02T09:50:10","slug":"faq","status":"publish","type":"page","link":"https:\/\/poseidonrx.com\/cs\/faq\/","title":{"rendered":"\u010casto kladen\u00e9 ot\u00e1zky (FAQ)"},"content":{"rendered":"<h2 class=\"wp-block-heading\" id=\"where-do-you-ship-from\"><span style=\"vertical-align: inherit;\"><span style=\"vertical-align: inherit;\">Odkud pos\u00edl\u00e1te?<\/span><\/span><\/h2><p><span style=\"vertical-align: inherit;\"><span style=\"vertical-align: inherit;\">Zaji\u0161\u0165ujeme z\u00e1silky z Evropsk\u00e9 unie a n\u00e1zev na\u0161\u00ed organizace nen\u00ed nikdy uveden na \u017e\u00e1dn\u00e9m bal\u00edku. Pro zaji\u0161t\u011bn\u00ed maxim\u00e1ln\u00ed diskr\u00e9tnosti a nejvy\u0161\u0161\u00ed pravd\u011bpodobnosti \u00fasp\u011b\u0161n\u00e9ho doru\u010den\u00ed jsou z\u00e1silky odes\u00edl\u00e1ny z r\u016fzn\u00fdch m\u00edst po cel\u00e9 EU.<\/span><\/span><\/p><h2 class=\"wp-block-heading\" id=\"shipping\"><span style=\"vertical-align: inherit;\"><span style=\"vertical-align: inherit;\">Zas\u00edl\u00e1te do zahrani\u010d\u00ed?<\/span><\/span><\/h2><p><span style=\"vertical-align: inherit;\"><span style=\"vertical-align: inherit;\">Ne, PoseidonRX zas\u00edl\u00e1 v r\u00e1mci EU a pobaltsk\u00fdch zem\u00ed.<\/span><\/span><\/p><h2 class=\"wp-block-heading\" id=\"how-long-will-it-take-to-get-my-package\"><span style=\"vertical-align: inherit;\"><span style=\"vertical-align: inherit;\">Jak dlouho bude trvat, ne\u017e dostanu m\u016fj bal\u00ed\u010dek?<\/span><\/span><\/h2><p><span style=\"vertical-align: inherit;\"><span style=\"vertical-align: inherit;\">Po zad\u00e1n\u00ed objedn\u00e1vky obdr\u017e\u00edte potvrzovac\u00ed e-mail se seznamem zakoupen\u00e9ho zbo\u017e\u00ed. Po obdr\u017een\u00ed platby zpracujeme a ode\u0161leme objedn\u00e1vky do 2-5 pracovn\u00edch dn\u016f. Dodac\u00ed lh\u016fty se li\u0161\u00ed v z\u00e1vislosti na zp\u016fsobu dopravy, efektivit\u011b po\u0161tovn\u00edch slu\u017eeb, clech a dal\u0161\u00edch faktorech, tak\u017ee m\u016f\u017eeme poskytnout pouze odhady:<\/span><\/span><\/p><ul class=\"wp-block-list\"><li><strong>Doprava v r\u00e1mci Evropy<\/strong>: p\u0159ibli\u017en\u011b 7\u201310 pracovn\u00edch dn\u016f. (Zas\u00edl\u00e1me v r\u00e1mci EU, bez dal\u0161\u00edch dan\u00ed)<\/li><\/ul><h2 class=\"wp-block-heading\" id=\"what-is-the-shipping-rate\"><span style=\"vertical-align: inherit;\"><span style=\"vertical-align: inherit;\">Jak\u00e1 je sazba za dopravu?<\/span><\/span><\/h2><p><span style=\"vertical-align: inherit;\"><span style=\"vertical-align: inherit;\">Pro v\u0161echny objedn\u00e1vky nab\u00edz\u00edme pau\u0161\u00e1ln\u00ed po\u0161tovn\u00e9 <strong>20 \u20ac<\/strong>.<\/span><\/span><\/p><h2 class=\"wp-block-heading\" id=\"how-can-i-track-my-order\"><span style=\"vertical-align: inherit;\"><span style=\"vertical-align: inherit;\">Jak mohu sledovat svou objedn\u00e1vku?<\/span><\/span><\/h2><p><span style=\"vertical-align: inherit;\"><span style=\"vertical-align: inherit;\">Jakmile bude va\u0161e objedn\u00e1vka odesl\u00e1na, obdr\u017e\u00edte e-mailem sledovac\u00ed \u010d\u00edslo. Pou\u017eijte toto sledovac\u00ed \u010d\u00edslo na p\u0159\u00edslu\u0161n\u00e9 webov\u00e9 str\u00e1nce po\u0161tovn\u00ed slu\u017eby ke sledov\u00e1n\u00ed pr\u016fb\u011bhu va\u0161eho bal\u00edku. M\u011bjte na pam\u011bti, \u017ee aktualizace informac\u00ed o sledov\u00e1n\u00ed m\u016f\u017ee trvat n\u011bkolik dn\u00ed.<\/span><\/span><\/p><h2 class=\"wp-block-heading\" id=\"are-my-orders-packaged-discreetly\"><strong><span style=\"vertical-align: inherit;\"><span style=\"vertical-align: inherit;\">Jsou m\u00e9 objedn\u00e1vky baleny diskr\u00e9tn\u011b?<\/span><\/span><\/strong><\/h2><p><span style=\"vertical-align: inherit;\"><span style=\"vertical-align: inherit;\">Ano, up\u0159ednost\u0148ujeme soukrom\u00ed a bezpe\u010dnost. Na\u0161e obaly jsou hladk\u00e9, bez firemn\u00edch ozna\u010den\u00ed nebo \u0161t\u00edtk\u016f souvisej\u00edc\u00edch s obsahem produktu. Va\u0161e objedn\u00e1vka doraz\u00ed v obecn\u00e9m balen\u00ed, aby byla zaji\u0161t\u011bna \u00fapln\u00e1 diskr\u00e9tnost.<\/span><\/span><\/p><h2 class=\"wp-block-heading\" id=\"payment\"><strong><span style=\"vertical-align: inherit;\"><span style=\"vertical-align: inherit;\">Jak\u00e9 platebn\u00ed metody p\u0159ij\u00edm\u00e1te?<\/span><\/span><\/strong><\/h2><p>Aktu\u00e1ln\u011b p\u0159ij\u00edm\u00e1me zabezpe\u010den\u00e9 platebn\u00ed metody, v\u010detn\u011b karet Visa a Mastercard. Napi\u0161te n\u00e1m, pokud chcete platit kryptom\u011bnami.<\/p><h2 class=\"wp-block-heading\" id=\"do-you-offer-refunds-or-exchanges\"><strong><span style=\"vertical-align: inherit;\"><span style=\"vertical-align: inherit;\">Nab\u00edz\u00edte vr\u00e1cen\u00ed pen\u011bz nebo v\u00fdm\u011bnu?<\/span><\/span><\/strong><\/h2><p><span style=\"vertical-align: inherit;\"><span style=\"vertical-align: inherit;\">Vzhledem k povaze na\u0161ich produkt\u016f jsou v\u0161echny prodeje kone\u010dn\u00e9. Pokud v\u0161ak naraz\u00edte na probl\u00e9m s objedn\u00e1vkou (nap\u0159. chyb\u011bj\u00edc\u00ed polo\u017eky nebo nespr\u00e1vn\u00fd produkt), kontaktujte pros\u00edm n\u00e1\u0161 t\u00fdm podpory do 48 hodin od obdr\u017een\u00ed bal\u00ed\u010dku a my se pokus\u00edme probl\u00e9m vy\u0159e\u0161it.<\/span><\/span><\/p><h2 class=\"wp-block-heading\" id=\"will-i-need-to-sign-for-my-package\"><strong><span style=\"vertical-align: inherit;\"><span style=\"vertical-align: inherit;\">Budu muset sv\u016fj bal\u00ed\u010dek podepsat?<\/span><\/span><\/strong><\/h2><p><span style=\"vertical-align: inherit;\"><span style=\"vertical-align: inherit;\">Bal\u00ed\u010dky ve v\u011bt\u0161in\u011b p\u0159\u00edpad\u016f nevy\u017eaduj\u00ed podpis p\u0159i doru\u010den\u00ed. To se v\u0161ak m\u016f\u017ee li\u0161it podle zem\u011b a m\u00edstn\u00edch po\u017eadavk\u016f na po\u0161tovn\u00ed slu\u017eby. Pro v\u011bt\u0161\u00ed bezpe\u010dnost doporu\u010dujeme b\u00fdt p\u0159\u00edtomen na m\u00edst\u011b doru\u010den\u00ed, kdy\u017e je bal\u00edk o\u010dek\u00e1v\u00e1n.<\/span><\/span><\/p><h2 class=\"wp-block-heading\" id=\"do-you-guarantee-delivery\"><span style=\"vertical-align: inherit;\"><span style=\"vertical-align: inherit;\">Garantujete doru\u010den\u00ed?<\/span><\/span><\/h2><p><span style=\"vertical-align: inherit;\"><span style=\"vertical-align: inherit;\">Sna\u017e\u00edme se zajistit \u00fasp\u011b\u0161n\u00e9 dod\u00e1vky po cel\u00e9m sv\u011bt\u011b a zabalit ka\u017edou objedn\u00e1vku, abychom se vyhnuli celn\u00edm probl\u00e9m\u016fm. I kdy\u017e nem\u016f\u017eeme kontrolovat ka\u017ed\u00fd aspekt p\u0159epravn\u00edho procesu, m\u00e1me vysokou \u00fasp\u011b\u0161nost. Pokud bal\u00ed\u010dek nedoraz\u00ed, kontaktujte n\u00e1\u0161 t\u00fdm podpory a my s v\u00e1mi probl\u00e9m vy\u0159e\u0161\u00edme.<\/span><\/span><\/p><h2 class=\"wp-block-heading\" id=\"what-is-the-likelihood-that-my-package-will-be-seized-by-customs\"><strong><span style=\"vertical-align: inherit;\"><span style=\"vertical-align: inherit;\">Jak\u00e1 je pravd\u011bpodobnost, \u017ee m\u016fj bal\u00ed\u010dek zabav\u00ed celn\u00ed org\u00e1ny?<\/span><\/span><\/strong><\/h2><p><span style=\"vertical-align: inherit;\"><span style=\"vertical-align: inherit;\">Je to velmi vz\u00e1cn\u00e9! U objedn\u00e1vek zas\u00edlan\u00fdch do EU si udr\u017eujeme 99,9% \u00fasp\u011b\u0161nost doru\u010den\u00ed produkt\u016f na\u0161im z\u00e1kazn\u00edk\u016fm. V nepravd\u011bpodobn\u00e9m p\u0159\u00edpad\u011b zabaven\u00ed v\u0161ak nab\u00edz\u00edme bezplatnou n\u00e1hradu. Va\u0161i objedn\u00e1vku bu\u010f znovu ode\u0161leme bez dal\u0161\u00edch n\u00e1klad\u016f, nebo v\u00e1m na \u00fa\u010det p\u0159ip\u00ed\u0161eme pen\u00edze na budouc\u00ed n\u00e1kup na na\u0161ich str\u00e1nk\u00e1ch. Jednodu\u0161e n\u00e1m za\u0161lete e-mailem ofici\u00e1ln\u00ed ozn\u00e1men\u00ed o zabaven\u00ed z po\u0161ty nebo celnice a my do 3 pracovn\u00edch dn\u016f za\u0159\u00edd\u00edme v\u00fdm\u011bnu.<\/span><\/span><\/p><h2 class=\"wp-block-heading\" id=\"how-do-i-contact-poseidonrx-customer-support\"><span style=\"vertical-align: inherit;\"><span style=\"vertical-align: inherit;\">Jak mohu kontaktovat z\u00e1kaznickou podporu PoseidonRX?<\/span><\/span><\/h2><p><span style=\"vertical-align: inherit;\"><span style=\"vertical-align: inherit;\">M\u00e1te-li jak\u00e9koli dal\u0161\u00ed ot\u00e1zky nebo obavy, nev\u00e1hejte se obr\u00e1tit na n\u00e1\u0161 t\u00fdm podpory prost\u0159ednictv\u00edm na\u0161\u00ed&nbsp; str\u00e1nky <\/span><\/span><a href=\"https:\/\/poseidonrx.com\/cs\/contact-us\/\"><span style=\"vertical-align: inherit;\"><span style=\"vertical-align: inherit;\">Kontaktujte n\u00e1s<\/span><\/span><\/a><span style=\"vertical-align: inherit;\"><span style=\"vertical-align: inherit;\"> nebo prost\u0159ednictv\u00edm \u017eiv\u00e9ho chatu! Jsme tu, abychom v\u00e1m pomohli s jak\u00fdmikoli dotazy, kter\u00e9 m\u016f\u017eete m\u00edt ohledn\u011b va\u0161\u00ed objedn\u00e1vky nebo na\u0161ich produkt\u016f.<\/span><\/span><\/p>","protected":false},"excerpt":{"rendered":"<p>Odkud pos\u00edl\u00e1te? Zaji\u0161\u0165ujeme z\u00e1silky z Evropsk\u00e9 unie a n\u00e1zev na\u0161\u00ed organizace nen\u00ed nikdy uveden na \u017e\u00e1dn\u00e9m bal\u00edku. Pro zaji\u0161t\u011bn\u00ed maxim\u00e1ln\u00ed diskr\u00e9tnosti a nejvy\u0161\u0161\u00ed pravd\u011bpodobnosti \u00fasp\u011b\u0161n\u00e9ho doru\u010den\u00ed jsou z\u00e1silky odes\u00edl\u00e1ny z r\u016fzn\u00fdch m\u00edst po cel\u00e9 EU. Zas\u00edl\u00e1te do zahrani\u010d\u00ed? Ne, PoseidonRX zas\u00edl\u00e1 v r\u00e1mci EU a pobaltsk\u00fdch zem\u00ed. Jak dlouho bude trvat, ne\u017e dostanu m\u016fj bal\u00ed\u010dek? [&hellip;]<\/p>\n","protected":false},"author":18,"featured_media":0,"parent":0,"menu_order":0,"comment_status":"closed","ping_status":"closed","template":"","meta":{"_gspb_post_css":"","footnotes":""},"class_list":["post-8561","page","type-page","status-publish","hentry"],"_links":{"self":[{"href":"https:\/\/poseidonrx.com\/cs\/wp-json\/wp\/v2\/pages\/8561","targetHints":{"allow":["GET"]}}],"collection":[{"href":"https:\/\/poseidonrx.com\/cs\/wp-json\/wp\/v2\/pages"}],"about":[{"href":"https:\/\/poseidonrx.com\/cs\/wp-json\/wp\/v2\/types\/page"}],"author":[{"embeddable":true,"href":"https:\/\/poseidonrx.com\/cs\/wp-json\/wp\/v2\/users\/18"}],"replies":[{"embeddable":true,"href":"https:\/\/poseidonrx.com\/cs\/wp-json\/wp\/v2\/comments?post=8561"}],"version-history":[{"count":0,"href":"https:\/\/poseidonrx.com\/cs\/wp-json\/wp\/v2\/pages\/8561\/revisions"}],"wp:attachment":[{"href":"https:\/\/poseidonrx.com\/cs\/wp-json\/wp\/v2\/media?parent=8561"}],"curies":[{"name":"wp","href":"https:\/\/api.w.org\/{rel}","templated":true}]}}