{"id":8556,"date":"2022-10-10T14:50:17","date_gmt":"2022-10-10T18:50:17","guid":{"rendered":"https:\/\/poseidonrx.com\/contact-us\/"},"modified":"2025-01-02T09:41:04","modified_gmt":"2025-01-02T14:41:04","slug":"contact-us","status":"publish","type":"page","link":"https:\/\/poseidonrx.com\/cs\/contact-us\/","title":{"rendered":"Kontaktujte n\u00e1s"},"content":{"rendered":"<p style=\"text-align: center;\"><strong><span style=\"vertical-align: inherit;\"><span style=\"vertical-align: inherit;\">N\u00c1\u0160 T\u00ddM Z\u00c1KAZNICK\u00c9 PODPORY JE TU, ABY V\u00c1M POMOHL A HNED ODPOV\u00cdD\u00c1 NA VA\u0160E DOTAZY.<\/span><\/span><\/strong><\/p>\n<p style=\"text-align: center;\"><span style=\"vertical-align: inherit;\"><span style=\"vertical-align: inherit;\">Informace o mo\u017enostech dopravy a zp\u016fsobech platby naleznete na na\u0161\u00ed str\u00e1nce <\/span><\/span><br \/>\nDoprava a platba<span style=\"vertical-align: inherit;\"><span style=\"vertical-align: inherit;\"> , kde odpov\u00edd\u00e1me na \u010dasto kladen\u00e9 ot\u00e1zky.<\/span><\/span><\/p>\n<p style=\"text-align: center;\"><span style=\"vertical-align: inherit;\"><span style=\"vertical-align: inherit;\">M\u00e1te-li dotazy t\u00fdkaj\u00edc\u00ed se va\u0161\u00ed aktu\u00e1ln\u00ed objedn\u00e1vky, stavu platby nebo pr\u016fb\u011bhu doru\u010den\u00ed, naleznete u\u017eite\u010dn\u00e9 zdroje n\u00ed\u017ee:<\/span><\/span><\/p>\n<h2><strong><span style=\"vertical-align: inherit;\"><span style=\"vertical-align: inherit;\">JAK NAJ\u00cdT SV\u016eJ SLEDOVAC\u00cd K\u00d3D<\/span><\/span><\/strong><\/h2>\n<p><span style=\"vertical-align: inherit;\"><span style=\"vertical-align: inherit;\">Jakmile bude platba potvrzena a va\u0161e objedn\u00e1vka bude odesl\u00e1na z na\u0161eho skladu, v\u00e1\u0161 sledovac\u00ed k\u00f3d bude k dispozici do 2\u20135 pracovn\u00edch dn\u016f.<\/span><\/span><\/p>\n<p><span style=\"vertical-align: inherit;\"><span style=\"vertical-align: inherit;\">Zp\u016fsoby, jak naj\u00edt sv\u016fj m\u011b\u0159ic\u00ed k\u00f3d:<\/span><\/span><\/p>\n<ul>\n<li><strong><span style=\"vertical-align: inherit;\"><span style=\"vertical-align: inherit;\">E-mailov\u00e9 upozorn\u011bn\u00ed:<\/span><\/span><\/strong><span style=\"vertical-align: inherit;\"><span style=\"vertical-align: inherit;\"> V\u00e1\u0161 sledovac\u00ed k\u00f3d bude automaticky odesl\u00e1n na e-mailovou adresu spojenou s va\u0161\u00edm \u00fa\u010dtem.<\/span><\/span><\/li>\n<li><strong><span style=\"vertical-align: inherit;\"><span style=\"vertical-align: inherit;\">Web:<\/span><\/span><\/strong><span style=\"vertical-align: inherit;\"><span style=\"vertical-align: inherit;\"> P\u0159ihlaste se ke sv\u00e9mu \u00fa\u010dtu a p\u0159ejd\u011bte na M\u016fj \u00fa\u010det &gt; Historie objedn\u00e1vek, kde najdete podrobnosti o sledov\u00e1n\u00ed.<\/span><\/span><\/li>\n<\/ul>\n<p style=\"text-align: center;\"><a href=\"https:\/\/poseidonrx.com\/cs\/contact-us\/\" target=\"_self\" rel=\"noopener\"><span style=\"vertical-align: inherit;\"><span style=\"vertical-align: inherit;\">Nav\u0161tivte M\u016eJ \u00da\u010cET<\/span><\/span><\/a><\/p>\n<h2><strong><span style=\"vertical-align: inherit;\"><span style=\"vertical-align: inherit;\">SLEDUJTE SVOU OBJEDN\u00c1VKU ONLINE<\/span><\/span><\/strong><\/h2>\n<p style=\"text-align: center;\"><a href=\"https:\/\/www.usps.com\/\" target=\"_blank\" rel=\"noopener nofollow\">\u00a0<\/a><\/p>\n<p><a href=\"https:\/\/www.usps.com\/\" target=\"_blank\" rel=\"nofollow noopener\"><img decoding=\"async\" class=\"alignnone wp-image-6832 size-medium entered litespeed-loaded\" title=\"usps\" src=\"http:\/\/poseidonrx.com\/wp-content\/uploads\/2024\/11\/usps-300x60.png\" sizes=\"(max-width: 300px) 100vw, 300px\" srcset=\"http:\/\/poseidonrx.com\/wp-content\/uploads\/2024\/11\/usps-300x60.png 300w, http:\/\/poseidonrx.com\/wp-content\/uploads\/2024\/11\/usps-1024x204.png 1024w, http:\/\/poseidonrx.com\/wp-content\/uploads\/2024\/11\/usps-597x119.png 597w, http:\/\/poseidonrx.com\/wp-content\/uploads\/2024\/11\/usps.png 341w\" alt=\"usps\" width=\"300\" height=\"60\" data-lazyloaded=\"1\" data-src=\"http:\/\/poseidonrx.com\/wp-content\/uploads\/2024\/11\/usps-300x60.png\" data-srcset=\"http:\/\/poseidonrx.com\/wp-content\/uploads\/2024\/11\/usps-300x60.png 300w, http:\/\/poseidonrx.com\/wp-content\/uploads\/2024\/11\/usps-1024x204.png 1024w, http:\/\/poseidonrx.com\/wp-content\/uploads\/2024\/11\/usps-597x119.png 597w, http:\/\/poseidonrx.com\/wp-content\/uploads\/2024\/11\/usps.png 341w\" data-sizes=\"(max-width: 300px) 100vw, 300px\" data-ll-status=\"loaded\" \/><\/a><\/p>\n<p style=\"text-align: center;\"><span style=\"vertical-align: inherit;\"><span style=\"vertical-align: inherit;\">U dod\u00e1vek do USA nebo dovezen\u00fdch z\u00e1silek, kter\u00e9 byly procleny, sledujte svou objedn\u00e1vku na USPS.COM.<\/span><\/span><\/p>\n<h2><strong><span style=\"vertical-align: inherit;\"><span style=\"vertical-align: inherit;\">ZKONTROLUJTE SI STAV PLATBY A OBJEDN\u00c1VKY<\/span><\/span><\/strong><\/h2>\n<ul>\n<li><strong><span style=\"vertical-align: inherit;\"><span style=\"vertical-align: inherit;\">Stav platby:<\/span><\/span><\/strong><span style=\"vertical-align: inherit;\"><span style=\"vertical-align: inherit;\"> Pod\u00edvejte se, zda je va\u0161e platba schv\u00e1lena, \u010dek\u00e1 na vy\u0159\u00edzen\u00ed nebo zam\u00edtnuta.<\/span><\/span><\/li>\n<li><strong><span style=\"vertical-align: inherit;\"><span style=\"vertical-align: inherit;\">Stav objedn\u00e1vky:<\/span><\/span><\/strong><span style=\"vertical-align: inherit;\"><span style=\"vertical-align: inherit;\"> Zkontrolujte, zda se va\u0161e objedn\u00e1vka zpracov\u00e1v\u00e1, odes\u00edl\u00e1 nebo znovu odes\u00edl\u00e1 v p\u0159\u00edpad\u011b celn\u00edho zadr\u017een\u00ed.<\/span><\/span><\/li>\n<\/ul>\n<h3 style=\"text-align: center;\"><strong><span style=\"vertical-align: inherit;\"><span style=\"vertical-align: inherit;\">NA VA\u0160\u00cd SPOKOJENOSTI N\u00c1M NA POSEIDONRX.COM Z\u00c1LE\u017d\u00cd!<\/span><\/span><\/strong><\/h3>\n<p style=\"text-align: center;\"><span style=\"vertical-align: inherit;\"><span style=\"vertical-align: inherit;\">M\u00e1te-li jak\u00e9koli dotazy, zp\u011btnou vazbu nebo pomoc s v\u00fdb\u011brem nejlep\u0161\u00edch produkt\u016f, kontaktujte n\u00e1s.<\/span><\/span><\/p>\n<p style=\"text-align: center;\"><span style=\"vertical-align: inherit;\"><span style=\"vertical-align: inherit;\">support@poseidonrx.com<\/span><\/span><\/p>\n<p style=\"text-align: center;\"><em><span style=\"vertical-align: inherit;\"><span style=\"vertical-align: inherit;\">*N\u00e1\u0161 t\u00fdm podpory odpov\u00ed do 24 pracovn\u00edch hodin. \u017d\u00e1dosti podan\u00e9 v p\u00e1tek mohou b\u00fdt vy\u0159\u00edzeny n\u00e1sleduj\u00edc\u00ed pond\u011bl\u00ed. D\u011bkujeme za pochopen\u00ed a trp\u011blivost.<\/span><\/span><\/em><\/p>\n","protected":false},"excerpt":{"rendered":"<p>N\u00c1\u0160 T\u00ddM Z\u00c1KAZNICK\u00c9 PODPORY JE TU, ABY V\u00c1M POMOHL A HNED ODPOV\u00cdD\u00c1 NA VA\u0160E DOTAZY. Informace o mo\u017enostech dopravy a zp\u016fsobech platby naleznete na na\u0161\u00ed str\u00e1nce Doprava a platba , kde odpov\u00edd\u00e1me na \u010dasto kladen\u00e9 ot\u00e1zky. M\u00e1te-li dotazy t\u00fdkaj\u00edc\u00ed se va\u0161\u00ed aktu\u00e1ln\u00ed objedn\u00e1vky, stavu platby nebo pr\u016fb\u011bhu doru\u010den\u00ed, naleznete u\u017eite\u010dn\u00e9 zdroje n\u00ed\u017ee: JAK NAJ\u00cdT SV\u016eJ [&hellip;]<\/p>\n","protected":false},"author":18,"featured_media":0,"parent":0,"menu_order":0,"comment_status":"closed","ping_status":"closed","template":"","meta":{"_gspb_post_css":"","footnotes":""},"class_list":["post-8556","page","type-page","status-publish","hentry"],"_links":{"self":[{"href":"https:\/\/poseidonrx.com\/cs\/wp-json\/wp\/v2\/pages\/8556","targetHints":{"allow":["GET"]}}],"collection":[{"href":"https:\/\/poseidonrx.com\/cs\/wp-json\/wp\/v2\/pages"}],"about":[{"href":"https:\/\/poseidonrx.com\/cs\/wp-json\/wp\/v2\/types\/page"}],"author":[{"embeddable":true,"href":"https:\/\/poseidonrx.com\/cs\/wp-json\/wp\/v2\/users\/18"}],"replies":[{"embeddable":true,"href":"https:\/\/poseidonrx.com\/cs\/wp-json\/wp\/v2\/comments?post=8556"}],"version-history":[{"count":0,"href":"https:\/\/poseidonrx.com\/cs\/wp-json\/wp\/v2\/pages\/8556\/revisions"}],"wp:attachment":[{"href":"https:\/\/poseidonrx.com\/cs\/wp-json\/wp\/v2\/media?parent=8556"}],"curies":[{"name":"wp","href":"https:\/\/api.w.org\/{rel}","templated":true}]}}